{"id":1985,"date":"2025-02-27T14:27:05","date_gmt":"2025-02-27T14:27:05","guid":{"rendered":"https:\/\/packdesites.com\/produto\/edubin-tema-de-cursos-online-e-educacao\/"},"modified":"2025-10-08T15:40:22","modified_gmt":"2025-10-08T18:40:22","slug":"cursos-en-linea-de-edubin-y-temas-educativos","status":"publish","type":"product","link":"https:\/\/packdesites.com\/es\/product\/cursos-en-linea-de-edubin-y-temas-educativos\/","title":{"rendered":"Edubin v9.4.10 \u2013 Tema de cursos y educaci\u00f3n en l\u00ednea"},"content":{"rendered":"<p><strong><a href=\"https:\/\/thepixelcurve.com\/edubin\/\" target=\"_blank\" rel=\"noopener\">Tema de WordPress para educaci\u00f3n<\/a>&nbsp;\u2013 Edubin<\/strong>&nbsp;es la soluci\u00f3n perfecta para&nbsp;<a href=\"https:\/\/thepixelcurve.com\/edubin\/lp\/\" target=\"_blank\" rel=\"noopener\">Sitio web educativo<\/a>,&nbsp;<a href=\"https:\/\/thepixelcurve.com\/edubin\/lp\/home-learning-platform-learnpress\/\" target=\"_blank\" rel=\"noopener\">Plataforma de aprendizaje<\/a>,&nbsp;<a href=\"https:\/\/thepixelcurve.com\/edubin\/lp\/home-skill-development-learnpress\/\" target=\"_blank\" rel=\"noopener\">Desarrollo de habilidades<\/a>,&nbsp;<a href=\"https:\/\/thepixelcurve.com\/edubin\/lp\/home-career-coaching-learnpress\/\" target=\"_blank\" rel=\"noopener\">Coaching de carrera<\/a>,&nbsp;<a href=\"https:\/\/thepixelcurve.com\/edubin\/lp\/home-business-coach-learnpress\/\" target=\"_blank\" rel=\"noopener\">Coach de negocios<\/a>,&nbsp;<a href=\"https:\/\/thepixelcurve.com\/edubin\/lp\/home-coaching-center-learnpress\/\" target=\"_blank\" rel=\"noopener\">Centro de entrenamiento<\/a>,&nbsp;<a href=\"https:\/\/thepixelcurve.com\/edubin\/lp\/home-digital-marketing-learnpress\/\" target=\"_blank\" rel=\"noopener\">Marketing digital<\/a>,&nbsp;<a href=\"https:\/\/thepixelcurve.com\/edubin\/lp\/home-language-school-learnpress\/\" target=\"_blank\" rel=\"noopener\">Escuela de idiomas<\/a>,&nbsp;<a href=\"https:\/\/thepixelcurve.com\/edubin\/lp\/home-university-learnpress\/\" target=\"_blank\" rel=\"noopener\">Universidad<\/a>&nbsp;etc.<\/p>\n\n\n\n<ul class=\"wp-block-list\">\n<li><strong><a href=\"https:\/\/thepixelcurve.com\/edubin\/lp\/courses\/ux-design-thinking-for-beginners\/\" target=\"_blank\" rel=\"noopener\">Vista previa de demostraci\u00f3n<\/a>\u00a0<\/strong>de LearnPress LMS<\/li>\n\n\n\n<li><strong><a href=\"https:\/\/thepixelcurve.com\/edubin\/tut\/courses\/teaching-children-english-online-course\/\" target=\"_blank\" rel=\"noopener\">Vista previa de demostraci\u00f3n<\/a><\/strong>\u00a0de Tutor LMS<\/li>\n\n\n\n<li><strong><a href=\"https:\/\/thepixelcurve.com\/edubin\/ld\/courses\/learn-javascript-full-course-for-beginners\/\" target=\"_blank\" rel=\"noopener\">Vista previa de demostraci\u00f3n<\/a><\/strong>\u00a0de LearnDash LMS<\/li>\n\n\n\n<li><strong><a href=\"https:\/\/thepixelcurve.com\/edubin\/sen\/course\/teaching-children-english-online-course\/\" target=\"_blank\" rel=\"noopener\">Vista previa de demostraci\u00f3n<\/a><\/strong>\u00a0de Sensei LMS<\/li>\n\n\n\n<li>Estudio de maestr\u00eda\u00a0<strong><a href=\"https:\/\/thepixelcurve.com\/edubin\/mst\/courses\/ux-design-thinking-for-beginners\/\" target=\"_blank\" rel=\"noopener\">Demostraci\u00f3n de vista previa de LMS<\/a><\/strong><\/li>\n\n\n\n<li><strong><a href=\"https:\/\/thepixelcurve.com\/edubin\/lif\/course\/business-intelligence-analyst-course\/\" target=\"_blank\" rel=\"noopener\">Vista previa de demostraci\u00f3n<\/a><\/strong>\u00a0de LifterLMS<\/li>\n\n\n\n<li><strong><a href=\"https:\/\/thepixelcurve.com\/edubin\/rtl\" target=\"_blank\" rel=\"noopener\">Vista previa de demostraci\u00f3n<\/a><\/strong>\u00a0RTL<\/li>\n<\/ul>\n\n\n\n<figure class=\"wp-block-image\"><a href=\"https:\/\/thepixelcurve.com\/edubin\/\" target=\"_blank\" rel=\"noopener\"><img decoding=\"async\" src=\"https:\/\/packdesites.com\/wp-content\/uploads\/2025\/04\/68747470733a2f2f746865706978656c63757276652e636f6d2f656e7661746f2f696d616765732f65647562696e2f38382e6a7067.jpeg\" alt=\"pel\u00edculas de sensei\" title=\"\"><\/a><\/figure>\n\n\n\n<figure class=\"wp-block-image\"><img decoding=\"async\" src=\"https:\/\/packdesites.com\/wp-content\/uploads\/2025\/04\/68747470733a2f2f746865706978656c63757276652e636f6d2f656e7661746f2f696d616765732f65647562696e2f7475746f722d342e676966.gif\" alt=\"Tutor LMS Pro\" title=\"\"><\/figure>\n\n\n\n<figure class=\"wp-block-image\"><a href=\"https:\/\/www.youtube.com\/watch?v=LPyrRBf6NlQ\" target=\"_blank\" rel=\"noopener\"><img decoding=\"async\" src=\"https:\/\/packdesites.com\/wp-content\/uploads\/2025\/04\/68747470733a2f2f746865706978656c63757276652e636f6d2f656e7661746f2f696d616765732f65647562696e2f6f6e652e6a7067.jpeg\" alt=\"Tema de WordPress para educaci\u00f3n | Edubin\" title=\"\"><\/a><\/figure>\n\n\n\n<figure class=\"wp-block-image\"><a href=\"https:\/\/thepixelcurve.com\/support\/\" target=\"_blank\" rel=\"noopener\"><img decoding=\"async\" src=\"https:\/\/packdesites.com\/wp-content\/uploads\/2025\/04\/68747470733a2f2f746865706978656c63757276652e636f6d2f656e7661746f2f696d616765732f302d737570706f72742e706e67.png\" alt=\"Soporte de Edubin\" title=\"\"><\/a><\/figure>\n\n\n\n<figure class=\"wp-block-image\"><a href=\"https:\/\/thepixelcurve.com\/support\/docs\/edubin\" target=\"_blank\" rel=\"noopener\"><img decoding=\"async\" src=\"https:\/\/packdesites.com\/wp-content\/uploads\/2025\/04\/68747470733a2f2f746865706978656c63757276652e636f6d2f656e7661746f2f696d616765732f302d646f632e706e67.png\" alt=\"Documentaci\u00f3n de Edubin\" title=\"\"><\/a><\/figure>\n\n\n\n<figure class=\"wp-block-image\"><img decoding=\"async\" src=\"https:\/\/packdesites.com\/wp-content\/uploads\/2025\/04\/68747470733a2f2f746865706978656c63757276652e636f6d2f656e7661746f2f696d616765732f65647562696e2f355f7072652e6a7067.jpeg\" alt=\"Introducci\u00f3n al tema educativo de WordPress | Edubin\" title=\"\"><\/figure>\n\n\n\n<figure class=\"wp-block-image\"><img decoding=\"async\" src=\"https:\/\/packdesites.com\/wp-content\/uploads\/2025\/04\/68747470733a2f2f746865706978656c63757276652e636f6d2f656e7661746f2f696d616765732f65647562696e2f686f6d652d64656d6f7330302e6a7067-scaled.jpeg\" alt=\"P\u00e1ginas de inicio del tema educativo de WordPress | Edubin\" title=\"\"><\/figure>\n\n\n\n<figure class=\"wp-block-image\"><img decoding=\"async\" src=\"https:\/\/packdesites.com\/wp-content\/uploads\/2025\/04\/68747470733a2f2f746865706978656c63757276652e636f6d2f656e7661746f2f696d616765732f65647562696e2f64657461696c7331332e6a7067-scaled.jpeg\" alt=\"Tema de WordPress para educaci\u00f3n | Edubin\" title=\"\"><\/figure>\n\n\n\n<figure class=\"wp-block-image\"><img decoding=\"async\" src=\"https:\/\/packdesites.com\/wp-content\/uploads\/2025\/04\/68747470733a2f2f746865706978656c63757276652e636f6d2f656e7661746f2f696d616765732f65647562696e2f706c7567696e7330312e6a7067.jpeg\" alt=\"Soporte de complementos | Edubin\" title=\"\"><\/figure>\n\n\n\n<figure class=\"wp-block-image\"><img decoding=\"async\" src=\"https:\/\/packdesites.com\/wp-content\/uploads\/2025\/04\/68747470733a2f2f746865706978656c63757276652e636f6d2f656e7661746f2f696d616765732f65647562696e2f66696c7465722e6a706567.jpeg\" alt=\"Filtro de cursos, b\u00fasqueda de filtros de educaci\u00f3n\" title=\"\"><\/figure>\n\n\n\n<figure class=\"wp-block-image\"><a href=\"https:\/\/thepixelcurve.com\/edubin\/rtl\" target=\"_blank\" rel=\"noopener\"><img decoding=\"async\" src=\"https:\/\/packdesites.com\/wp-content\/uploads\/2025\/04\/68747470733a2f2f746865706978656c63757276652e636f6d2f656e7661746f2f696d616765732f65647562696e2f72746c5f642e6a706567.jpeg\" alt=\"Tema educativo RTL, RTL, tema RTL, WordPress RTL\" title=\"\"><\/a><\/figure>\n\n\n\n<p><strong>Integrar Zoom con Edubin<\/strong><\/p>\n\n\n\n<figure class=\"wp-block-image\"><img decoding=\"async\" src=\"https:\/\/packdesites.com\/wp-content\/uploads\/2025\/04\/68747470733a2f2f746865706978656c63757276652e636f6d2f656e7661746f2f696d616765732f7a6f6f6d2d766964656f2d636f6e666572656e63652e6a7067.jpeg\" alt=\"videoconferencia zoom\" title=\"\"><\/figure>\n\n\n\n<figure class=\"wp-block-image\"><img decoding=\"async\" src=\"https:\/\/packdesites.com\/wp-content\/uploads\/2025\/04\/68747470733a2f2f746865706978656c63757276652e636f6d2f656e7661746f2f696d616765732f65647562696e2f7468656d652d7570646174652e6a7067.jpeg\" alt=\"Actualizaci\u00f3n de tema con un solo clic - Envato Market\" title=\"\"><\/figure>\n\n\n\n<figure class=\"wp-block-image\"><img decoding=\"async\" src=\"https:\/\/packdesites.com\/wp-content\/uploads\/2025\/04\/68747470733a2f2f746865706978656c63757276652e636f6d2f656e7661746f2f696d616765732f65647562696e2f636f6c6f7273312e6a7067.jpeg\" alt=\"Colores ilimitados\" title=\"\"><\/figure>\n\n\n\n<figure class=\"wp-block-image\"><img decoding=\"async\" src=\"https:\/\/packdesites.com\/wp-content\/uploads\/2025\/04\/68747470733a2f2f746865706978656c63757276652e636f6d2f656e7661746f2f696d616765732f65647562696e2f7472616e736c617465312e6a7067.jpeg\" alt=\"Listo para traducir\" title=\"\"><\/figure>\n\n\n\n<figure class=\"wp-block-image\"><img decoding=\"async\" src=\"https:\/\/packdesites.com\/wp-content\/uploads\/2025\/04\/68747470733a2f2f746865706978656c63757276652e636f6d2f656e7661746f2f696d616765732f65647562696e2f62627072657373322e6a7067.jpeg\" alt=\"bbPress\" title=\"\"><\/figure>\n\n\n\n<figure class=\"wp-block-image\"><img decoding=\"async\" src=\"https:\/\/packdesites.com\/wp-content\/uploads\/2025\/04\/68747470733a2f2f746865706978656c63757276652e636f6d2f656e7661746f2f696d616765732f65647562696e2f636f6e74616374322e6a7067.jpeg\" alt=\"Contacto 7 vs. wpfroms\" title=\"\"><\/figure>\n\n\n\n<figure class=\"wp-block-image\"><img decoding=\"async\" src=\"https:\/\/packdesites.com\/wp-content\/uploads\/2025\/04\/68747470733a2f2f746865706978656c63757276652e636f6d2f656e7661746f2f696d616765732f65647562696e2f7061796d656e742d776f6f2e6a7067.jpeg\" alt=\"Escape de pago de WooCommerce\" title=\"\"><\/figure>\n\n\n\n<p>El tema Edubin Education para WordPress es perfecto para vender cursos en l\u00ednea, universidades, colegios, escuelas, centros de capacitaci\u00f3n, aprendizaje electr\u00f3nico, tutoriales de cursos, centros educativos y otros institutos. Edubin es una soluci\u00f3n educativa completa con todas las caracter\u00edsticas y funcionalidades. Est\u00e1 construido con Elementor Page Builder de arrastrar y soltar. Al utilizar este tema puedes crear un sitio web para cualquier tipo de instituci\u00f3n educativa. Este tema educativo es compatible con los complementos LMS populares Tutor, LearnDash, LernPress, Masterstudy, Sensei y LifterLMS 6. Adem\u00e1s, este tema tiene calendario de eventos, registro de eventos, tienda WooCommerce y m\u00e1s funciones.<\/p>\n\n\n\n<p>El tema educativo Edubin para WordPress est\u00e1 desarrollado como un sistema de gesti\u00f3n de aprendizaje para plataformas de listado de cursos como Udemy, Coursera, Edx, Training Center, Course Hub, escuelas de idiomas, eLearning Business, cursos de aprendizaje, escuelas de educaci\u00f3n musical, academias de baile y escuelas de manejo, universidades, academias o escuelas.<\/p>\n\n\n\n<h3 class=\"wp-block-heading\" id=\"item-description__features-overview\">Descripci\u00f3n general de las funciones<\/h3>\n\n\n\n<ul class=\"wp-block-list\">\n<li>Tema educativo<\/li>\n\n\n\n<li>Dise\u00f1o basado en la educaci\u00f3n<\/li>\n\n\n\n<li>Creado con Elementor Page Builder<\/li>\n\n\n\n<li>Sistema de gesti\u00f3n del aprendizaje (LMS)<\/li>\n\n\n\n<li>Cursos LMS con dise\u00f1o b\u00e1sico para escuelas, colegios y universidades<\/li>\n\n\n\n<li>Tutor m\u00e1s popular, compatible con LearnPress, LearnDash, MasterStudy Sensei y LifterLMS<\/li>\n\n\n\n<li>Funcionalidad de cursos, lecciones, cuestionarios y temas del LMS<\/li>\n\n\n\n<li>Estilo de varios cursos: Cuadr\u00edcula\/Lista<\/li>\n\n\n\n<li>Filtrar la b\u00fasqueda de cursos por Elementor Page Builder<\/li>\n\n\n\n<li>Importador de demostraci\u00f3n con un solo clic<\/li>\n\n\n\n<li>Compatible con el complemento Calendario de eventos<\/li>\n\n\n\n<li>Compatible con los complementos WPFroms y Contact From 7<\/li>\n\n\n\n<li>Fuentes de Google incluidas<\/li>\n\n\n\n<li>Optimizado para SEO<\/li>\n\n\n\n<li>Compatible con WPML<\/li>\n\n\n\n<li>Tema del LMS<\/li>\n\n\n\n<li>Tema de WordPress para educaci\u00f3n<\/li>\n\n\n\n<li><\/li>\n<\/ul>\n\n\n\n<p>Si aparece un mensaje solicitando un c\u00f3digo de compra para el registro\/activaci\u00f3n,&nbsp;<strong>Simplemente ign\u00f3ralo.<\/strong><\/p>\n\n\n\n<ol class=\"wp-block-list\">\n<li>Contacte con nuestro\u00a0<a href=\"https:\/\/thepixelcurve.com\/support\" target=\"_blank\" rel=\"noopener\">centro de soporte<\/a>\u00a0o espera nuestra pr\u00f3xima actualizaci\u00f3n de tema<\/li>\n\n\n\n<li>Compre su propia licencia para recibir actualizaciones m\u00e1s r\u00e1pidas de los autores del complemento.<\/li>\n<\/ol>\n\n\n\n<h3 class=\"wp-block-heading\" id=\"item-description__documentation\">Documentaci\u00f3n<\/h3>\n\n\n\n<p>Ver documentaci\u00f3n en l\u00ednea&nbsp;<a href=\"https:\/\/thepixelcurve.com\/support\/docs\/edubin\/\" target=\"_blank\" rel=\"noopener\">haciendo clic aqu\u00ed.<\/a><\/p>","protected":false},"excerpt":{"rendered":"<p>Tema WordPress de Educa\u00e7\u00e3o&nbsp;\u2013 Edubin&nbsp;\u00e9 a solu\u00e7\u00e3o perfeita para&nbsp;Site Educacional,&nbsp;Plataforma de Aprendizagem,&nbsp;Desenvolvimento de Habilidades,&nbsp;Coaching de Carreira,&nbsp;Coach de Neg\u00f3cios,&nbsp;Centro de Coaching,&nbsp;Marketing Digital,&nbsp;Escola de Idiomas,&nbsp;Universidade&nbsp;etc. Integre o Zoom com o Edubin O tema WordPress de Educa\u00e7\u00e3o Edubin \u00e9 perfeito para vender cursos on-line, universidades, faculdades, escolas, centros de treinamento, e-learning, tutoriais de cursos, centros de educa\u00e7\u00e3o e [&hellip;]<\/p>","protected":false},"featured_media":2004,"comment_status":"open","ping_status":"open","template":"","meta":{"_jf_limit_responses":"","iawp_total_views":115},"product_brand":[],"product_cat":[22],"product_tag":[19],"class_list":{"0":"post-1985","1":"product","2":"type-product","3":"status-publish","4":"has-post-thumbnail","6":"product_cat-temas-wordpress","7":"product_tag-vitalicio","9":"first","10":"instock","11":"downloadable","12":"virtual","13":"purchasable","14":"product-type-simple"},"_links":{"self":[{"href":"https:\/\/packdesites.com\/es\/wp-json\/wp\/v2\/product\/1985","targetHints":{"allow":["GET"]}}],"collection":[{"href":"https:\/\/packdesites.com\/es\/wp-json\/wp\/v2\/product"}],"about":[{"href":"https:\/\/packdesites.com\/es\/wp-json\/wp\/v2\/types\/product"}],"replies":[{"embeddable":true,"href":"https:\/\/packdesites.com\/es\/wp-json\/wp\/v2\/comments?post=1985"}],"version-history":[{"count":1,"href":"https:\/\/packdesites.com\/es\/wp-json\/wp\/v2\/product\/1985\/revisions"}],"predecessor-version":[{"id":23962,"href":"https:\/\/packdesites.com\/es\/wp-json\/wp\/v2\/product\/1985\/revisions\/23962"}],"wp:featuredmedia":[{"embeddable":true,"href":"https:\/\/packdesites.com\/es\/wp-json\/wp\/v2\/media\/2004"}],"wp:attachment":[{"href":"https:\/\/packdesites.com\/es\/wp-json\/wp\/v2\/media?parent=1985"}],"wp:term":[{"taxonomy":"product_brand","embeddable":true,"href":"https:\/\/packdesites.com\/es\/wp-json\/wp\/v2\/product_brand?post=1985"},{"taxonomy":"product_cat","embeddable":true,"href":"https:\/\/packdesites.com\/es\/wp-json\/wp\/v2\/product_cat?post=1985"},{"taxonomy":"product_tag","embeddable":true,"href":"https:\/\/packdesites.com\/es\/wp-json\/wp\/v2\/product_tag?post=1985"}],"curies":[{"name":"wp","href":"https:\/\/api.w.org\/{rel}","templated":true}]}}