{"id":1981,"date":"2025-02-10T13:49:34","date_gmt":"2025-02-10T13:49:34","guid":{"rendered":"https:\/\/packdesites.com\/produto\/consultry-kit-de-templates-elementor-de-consultoria-de-negocios\/"},"modified":"2025-12-12T19:50:09","modified_gmt":"2025-12-12T22:50:09","slug":"kit-de-plantillas-elementor-para-consultoria-de-negocios","status":"publish","type":"product","link":"https:\/\/packdesites.com\/es\/product\/kit-de-plantillas-elementor-para-consultoria-de-negocios\/","title":{"rendered":"Kit de plantillas de consultor\u00eda: Kit de plantillas de consultor\u00eda empresarial de Elementor"},"content":{"rendered":"<p>Kit de plantillas de Consultry: Kit de plantillas de consultor\u00eda empresarial de Elementor. Este kit de plantillas es totalmente responsivo, limpio y personalizable. Es ideal para empresas como: agentes comerciales, consultor\u00eda empresarial, finanzas corporativas, soluciones empresariales, negocios corporativos, entre otras.<\/p>\n\n\n\n<p>Este no es un tema de WordPress. El Kit Elementor contiene contenido de p\u00e1gina para el generador de p\u00e1ginas Elementor. Este kit est\u00e1 optimizado para su uso con el tema gratuito Hello Elementor, pero se puede utilizar con la mayor\u00eda de los temas compatibles con Elementor.<\/p>\n\n\n\n<p><strong>Caracter\u00edsticas del kit:<\/strong><\/p>\n\n\n\n<ul class=\"wp-block-list\">\n<li>Uso de complementos gratuitos (no se requiere Elementor Pro)<\/li>\n\n\n\n<li>Dise\u00f1o moderno y limpio<\/li>\n\n\n\n<li>Dise\u00f1o adaptable<\/li>\n\n\n\n<li>Personalizable<\/li>\n\n\n\n<li>No requiere codificaci\u00f3n<\/li>\n<\/ul>\n\n\n\n<p><strong>Plantillas de indicaciones:<\/strong><\/p>\n\n\n\n<ul class=\"wp-block-list\">\n<li>encabezamiento<\/li>\n\n\n\n<li>Z\u00f3calo<\/li>\n\n\n\n<li>Formulario de contacto<\/li>\n\n\n\n<li>Formulario de bolet\u00edn informativo<\/li>\n\n\n\n<li>Comenzar<\/li>\n\n\n\n<li>Sobre<\/li>\n\n\n\n<li>Servicios<\/li>\n\n\n\n<li>Equipo<\/li>\n\n\n\n<li>Precios<\/li>\n\n\n\n<li>Ponte en contacto con nosotros<\/li>\n\n\n\n<li>P\u00e1gina 404<\/li>\n\n\n\n<li>Estudios de caso<\/li>\n\n\n\n<li>Estudio de caso \u00fanico<\/li>\n<\/ul>\n\n\n\n<p><strong>Complementos necesarios:<\/strong><\/p>\n\n\n\n<ul class=\"wp-block-list\">\n<li>Elementor<\/li>\n\n\n\n<li>ElementsKit Lite<\/li>\n\n\n\n<li>MetForm<\/li>\n\n\n\n<li>Efectos de encabezado fijo para Elementor<\/li>\n<\/ul>\n\n\n\n<p><strong>C\u00f3mo utilizar el Kit:<\/strong><\/p>\n\n\n\n<ol class=\"wp-block-list\">\n<li>Instale y active el complemento \u201cEnvato Elements\u201d en Complementos &gt; Agregar nuevo en WordPress.<\/li>\n\n\n\n<li>No descomprimir.<\/li>\n\n\n\n<li>Vaya a Elementos &gt; Kits instalados y haga clic en el bot\u00f3n Cargar kit de plantilla.<\/li>\n\n\n\n<li>Antes de importar una plantilla, aseg\u00farese de hacer clic en el bot\u00f3n Requisitos de instalaci\u00f3n para activar los complementos necesarios.<\/li>\n\n\n\n<li>Para obtener mejores resultados, no importe m\u00e1s de un modelo a la vez.<\/li>\n<\/ol>\n\n\n\n<p><strong>C\u00f3mo utilizar Metform:<\/strong><\/p>\n\n\n\n<ol class=\"wp-block-list\">\n<li>Importar la plantilla metform.<\/li>\n\n\n\n<li>Importa la plantilla en la que aparece el formulario y ed\u00edtala en Elementor.<\/li>\n\n\n\n<li>Haga clic en el widget Metform en la columna donde deber\u00eda estar el formulario y haga clic en Editar formulario.<\/li>\n\n\n\n<li>Seleccione Nuevo, deje el espacio en blanco seleccionado y haga clic en el bot\u00f3n Editar formulario.<\/li>\n\n\n\n<li>Haga clic en el bot\u00f3n de carpeta gris \u201cAgregar plantilla\u201d.<\/li>\n\n\n\n<li>Haga clic en la pesta\u00f1a \u201cMis plantillas\u201d.<\/li>\n\n\n\n<li>Seleccione la plantilla Metform importada y haga clic en \u201cInsertar\u201d.<\/li>\n\n\n\n<li>Una vez cargada la plantilla, haga clic en \u201cActualizar\u201d.<\/li>\n<\/ol>\n\n\n\n<p>Para obtener m\u00e1s ayuda, vaya a Elementor &gt; Obtener ayuda en el men\u00fa de WordPress.<\/p>","protected":false},"excerpt":{"rendered":"<p>Consultry Template Kit &#8211; Kit de Templates Elementor de consultoria de neg\u00f3cios. Este kit de templates \u00e9 totalmente responsivo, limpo e personaliz\u00e1vel. Este modelo \u00e9 adequado para uso em empresas, como: Agente de Neg\u00f3cios, Consultoria de Neg\u00f3cios, Finan\u00e7as Empresariais, Solu\u00e7\u00e3o de Neg\u00f3cios, Neg\u00f3cios Corporativos e outros. Este n\u00e3o \u00e9 um tema WordPress. O Elementor Kit [&hellip;]<\/p>","protected":false},"featured_media":1982,"comment_status":"open","ping_status":"open","template":"","meta":{"_jf_limit_responses":"","iawp_total_views":279},"product_brand":[],"product_cat":[23,37,36,27,24],"product_tag":[19],"class_list":{"0":"post-1981","1":"product","2":"type-product","3":"status-publish","4":"has-post-thumbnail","6":"product_cat-templates-elementor-e-envato","7":"product_cat-advogado","8":"product_cat-consultoria-de-negocios","9":"product_cat-prestadores-de-servicos","10":"product_cat-templates-envato","11":"product_tag-vitalicio","13":"first","14":"instock","15":"downloadable","16":"virtual","17":"purchasable","18":"product-type-simple"},"_links":{"self":[{"href":"https:\/\/packdesites.com\/es\/wp-json\/wp\/v2\/product\/1981","targetHints":{"allow":["GET"]}}],"collection":[{"href":"https:\/\/packdesites.com\/es\/wp-json\/wp\/v2\/product"}],"about":[{"href":"https:\/\/packdesites.com\/es\/wp-json\/wp\/v2\/types\/product"}],"replies":[{"embeddable":true,"href":"https:\/\/packdesites.com\/es\/wp-json\/wp\/v2\/comments?post=1981"}],"version-history":[{"count":1,"href":"https:\/\/packdesites.com\/es\/wp-json\/wp\/v2\/product\/1981\/revisions"}],"predecessor-version":[{"id":24348,"href":"https:\/\/packdesites.com\/es\/wp-json\/wp\/v2\/product\/1981\/revisions\/24348"}],"wp:featuredmedia":[{"embeddable":true,"href":"https:\/\/packdesites.com\/es\/wp-json\/wp\/v2\/media\/1982"}],"wp:attachment":[{"href":"https:\/\/packdesites.com\/es\/wp-json\/wp\/v2\/media?parent=1981"}],"wp:term":[{"taxonomy":"product_brand","embeddable":true,"href":"https:\/\/packdesites.com\/es\/wp-json\/wp\/v2\/product_brand?post=1981"},{"taxonomy":"product_cat","embeddable":true,"href":"https:\/\/packdesites.com\/es\/wp-json\/wp\/v2\/product_cat?post=1981"},{"taxonomy":"product_tag","embeddable":true,"href":"https:\/\/packdesites.com\/es\/wp-json\/wp\/v2\/product_tag?post=1981"}],"curies":[{"name":"wp","href":"https:\/\/api.w.org\/{rel}","templated":true}]}}