{"id":1979,"date":"2025-02-10T13:47:09","date_gmt":"2025-02-10T13:47:09","guid":{"rendered":"https:\/\/packdesites.com\/produto\/loveit-template-kit-elementor-de-restaurante-de-comida-vegana-e-saudavel\/"},"modified":"2025-04-03T01:48:43","modified_gmt":"2025-04-03T01:48:43","slug":"plantilla-loveit-kit-elementor-para-restaurante-de-comida-vegana-y-saludable","status":"publish","type":"product","link":"https:\/\/packdesites.com\/es\/product\/plantilla-loveit-kit-elementor-para-restaurante-de-comida-vegana-y-saludable\/","title":{"rendered":"Loveit \u2013 Kit de plantillas Elementor para restaurantes de comida vegana saludable"},"content":{"rendered":"<p>Bienvenido a Loveit \u2013 Loveit \u2013 Kit de Plantillas Elementor para Restaurantes de Comida Vegana y Saludable. Loveit es un tema totalmente responsivo, limpio, elegante y personalizable. Loveit se puede usar para dise\u00f1os veganos, de comida, de cafeter\u00edas, de entrega a domicilio, de men\u00fas, de comida saludable y de origen vegetal, as\u00ed como para empresas, agencias, tiendas y cualquier otro servicio de restauraci\u00f3n.<\/p>\n\n\n\n<p>Este no es un tema de WordPress. El Kit de Elementor contiene contenido para el constructor de p\u00e1ginas Elementor. Este kit est\u00e1 optimizado para usarse con el tema gratuito Hello Elementor, pero es compatible con la mayor\u00eda de los temas compatibles con Elementor.<\/p>\n\n\n\n<p><strong>Caracter\u00edsticas:<\/strong><\/p>\n\n\n\n<ul class=\"wp-block-list\">\n<li>Personalizaci\u00f3n real sin c\u00f3digo con un generador visual de arrastrar y soltar<\/li>\n\n\n\n<li>Personalice fuentes y colores en un solo lugar o ajuste elementos individuales<\/li>\n\n\n\n<li>Dise\u00f1o moderno y profesional.<\/li>\n\n\n\n<li>Funciona con la mayor\u00eda de los temas de Elementor.<\/li>\n<\/ul>\n\n\n\n<p><strong>Modelos:<\/strong><\/p>\n\n\n\n<ul class=\"wp-block-list\">\n<li>P\u00e1gina de inicio<\/li>\n\n\n\n<li>Quienes somos<\/li>\n\n\n\n<li>Men\u00fa 1<\/li>\n\n\n\n<li>Men\u00fa 2<\/li>\n\n\n\n<li>Servicio<\/li>\n\n\n\n<li>Nuestro chef<\/li>\n\n\n\n<li>Galer\u00eda<\/li>\n\n\n\n<li>Reserva<\/li>\n\n\n\n<li>Preguntas frecuentes<\/li>\n\n\n\n<li>Testimonio<\/li>\n\n\n\n<li>Nuestro blog<\/li>\n\n\n\n<li>Blog \u00fanico<\/li>\n\n\n\n<li>Cont\u00e1ctanos<\/li>\n<\/ul>\n\n\n\n<p><strong>Modelos de recursos:<\/strong><\/p>\n\n\n\n<ul class=\"wp-block-list\">\n<li>Generador de encabezados y pies de p\u00e1gina<\/li>\n<\/ul>\n\n\n\n<p><strong>Complementos necesarios:<\/strong><\/p>\n\n\n\n<ul class=\"wp-block-list\">\n<li>Elementor<\/li>\n\n\n\n<li>ElementsKit Lite<\/li>\n\n\n\n<li>Paquete de energ\u00eda Lite<\/li>\n\n\n\n<li>Metform<\/li>\n<\/ul>\n\n\n\n<p><strong>C\u00f3mo utilizar los kits de modelos:<\/strong><\/p>\n\n\n\n<ol class=\"wp-block-list\">\n<li>Instale y active el complemento \u201cEnvato Elements\u201d desde Complementos &gt; Agregar nuevas funciones en WordPress<\/li>\n\n\n\n<li>Descargue el archivo del kit y no lo descomprima<\/li>\n\n\n\n<li>Vaya a Elementos &gt; Kits instalados y haga clic en el bot\u00f3n Cargar kit de plantillas. Tambi\u00e9n puede importar autom\u00e1ticamente haciendo clic en Conectar cuenta para vincular su suscripci\u00f3n a Elementos y luego importando en Elementos &gt; Kits de plantillas.<\/li>\n\n\n\n<li>Verifique el banner naranja en la parte superior y haga clic en Requisitos de instalaci\u00f3n para cargar todos los complementos que utiliza el kit<\/li>\n\n\n\n<li>Primero haga clic en importar estilos de kit globales<\/li>\n\n\n\n<li>Haz clic en Importar una plantilla a la vez. Se almacenan en Elementor, en Plantillas &gt; Plantillas guardadas.<\/li>\n\n\n\n<li>Vaya a P\u00e1ginas, cree una nueva p\u00e1gina y haga clic en Editar con Elementor<\/li>\n\n\n\n<li>Haga clic en el \u00edcono de engranaje en la esquina inferior izquierda del generador para ver la configuraci\u00f3n de la p\u00e1gina y elija Elementor Ancho completo y oculte el t\u00edtulo de la p\u00e1gina.<\/li>\n\n\n\n<li>Haga clic en el icono de la carpeta gris para acceder a la pesta\u00f1a Mis plantillas, luego importe la p\u00e1gina que desea personalizar.<\/li>\n<\/ol>\n\n\n\n<p>Si tienes Elementor Pro, los encabezados y pies de p\u00e1gina se pueden personalizar en el Generador de temas.<\/p>\n\n\n\n<p>Gu\u00eda detallada: <a href=\"https:\/\/help.market.envato.com\/hc\/en-us\/articles\/900000842846-How-to-use-the-Envato-Elements-WordPress-Plugin-v2-0\" target=\"_blank\" rel=\"noopener\">https:\/\/help.market.envato.com\/hc\/en-us\/articles\/900000842846-How-to-use-the-Envato-Elements-WordPress-Plugin-v2-0<\/a><\/p>","protected":false},"excerpt":{"rendered":"<p>Bienvenido a Loveit \u2013 Loveit \u2013 Kit de plantillas Elementor para restaurantes de comida vegana y saludable. Loveit es un tema totalmente adaptable, limpio, elegante y personalizable. Loveit se puede usar para veganos, comida, caf\u00e9, entrega a domicilio, men\u00fas, comida saludable, basada en plantas, as\u00ed como dise\u00f1os para negocios, agencias, tiendas y todos los dem\u00e1s servicios de restaurantes. Este no es un tema [\u2026]<\/p>","protected":false},"featured_media":1980,"comment_status":"open","ping_status":"open","template":"","meta":{"_jf_limit_responses":"","iawp_total_views":162},"product_brand":[],"product_cat":[26,29,23,24],"product_tag":[19],"class_list":{"0":"post-1979","1":"product","2":"type-product","3":"status-publish","4":"has-post-thumbnail","6":"product_cat-lojas-virtuais","7":"product_cat-saude-e-bem-estar","8":"product_cat-templates-elementor-e-envato","9":"product_cat-templates-envato","10":"product_tag-vitalicio","12":"first","13":"instock","14":"downloadable","15":"virtual","16":"purchasable","17":"product-type-simple"},"_links":{"self":[{"href":"https:\/\/packdesites.com\/es\/wp-json\/wp\/v2\/product\/1979","targetHints":{"allow":["GET"]}}],"collection":[{"href":"https:\/\/packdesites.com\/es\/wp-json\/wp\/v2\/product"}],"about":[{"href":"https:\/\/packdesites.com\/es\/wp-json\/wp\/v2\/types\/product"}],"replies":[{"embeddable":true,"href":"https:\/\/packdesites.com\/es\/wp-json\/wp\/v2\/comments?post=1979"}],"version-history":[{"count":0,"href":"https:\/\/packdesites.com\/es\/wp-json\/wp\/v2\/product\/1979\/revisions"}],"wp:featuredmedia":[{"embeddable":true,"href":"https:\/\/packdesites.com\/es\/wp-json\/wp\/v2\/media\/1980"}],"wp:attachment":[{"href":"https:\/\/packdesites.com\/es\/wp-json\/wp\/v2\/media?parent=1979"}],"wp:term":[{"taxonomy":"product_brand","embeddable":true,"href":"https:\/\/packdesites.com\/es\/wp-json\/wp\/v2\/product_brand?post=1979"},{"taxonomy":"product_cat","embeddable":true,"href":"https:\/\/packdesites.com\/es\/wp-json\/wp\/v2\/product_cat?post=1979"},{"taxonomy":"product_tag","embeddable":true,"href":"https:\/\/packdesites.com\/es\/wp-json\/wp\/v2\/product_tag?post=1979"}],"curies":[{"name":"wp","href":"https:\/\/api.w.org\/{rel}","templated":true}]}}