{"id":1977,"date":"2025-02-10T13:44:31","date_gmt":"2025-02-10T13:44:31","guid":{"rendered":"https:\/\/packdesites.com\/produto\/propeble-kit-de-templates-elementor-para-apartamentos-e-propriedades\/"},"modified":"2025-04-28T16:09:41","modified_gmt":"2025-04-28T19:09:41","slug":"kit-de-plantillas-de-elementos-propebles-para-apartamentos-y-propiedades","status":"publish","type":"product","link":"https:\/\/packdesites.com\/es\/product\/kit-de-plantillas-de-elementos-propebles-para-apartamentos-y-propiedades\/","title":{"rendered":"Propeble \u2013 Kit de plantillas de Elementor para apartamentos y propiedades"},"content":{"rendered":"<p>Propeble es un sofisticado kit de plantillas Elementor dise\u00f1ado para crear exquisitos sitios web inmobiliarios en WordPress. Con una meticulosa atenci\u00f3n a los detalles, Propeble ofrece una colecci\u00f3n de impresionantes modelos dise\u00f1ados para impresionar. Desde la exhibici\u00f3n de apartamentos hasta el realce de propiedades individuales y listados complejos, cada plantilla cautiva con su dise\u00f1o profesional y disposici\u00f3n adaptable.<\/p>\n\n\n\n<p>Te espera una personalizaci\u00f3n sin esfuerzo con la integraci\u00f3n perfecta de Propeble con Elementor, el creador de p\u00e1ginas l\u00edder en la industria. Ya sea un agente inmobiliario, un desarrollador o una agencia, Propeble le proporciona las herramientas que necesita para exhibir sus listados de manera hermosa y atraer sin esfuerzo a compradores potenciales. Mejore su negocio inmobiliario con Propeble y deje una impresi\u00f3n duradera en el mundo digital.<\/p>\n\n\n\n<p><strong>Caracter\u00edsticas:<\/strong><\/p>\n\n\n\n<ul class=\"wp-block-list\">\n<li>Ideal para apartamento y propiedad.<\/li>\n\n\n\n<li>Completamente con la versi\u00f3n gratuita de Elementor (no se requiere Elementor Pro)<\/li>\n\n\n\n<li>Dise\u00f1o simple, moderno y limpio.<\/li>\n\n\n\n<li>No se requieren conocimientos de codificaci\u00f3n<\/li>\n\n\n\n<li>M\u00e1s de 17 plantillas listas para usar<\/li>\n\n\n\n<li>Responsivo y listo para retina<\/li>\n\n\n\n<li>F\u00e1cil y totalmente personalizable.<\/li>\n<\/ul>\n\n\n\n<p><strong>Los modelos incluyen:<\/strong><\/p>\n\n\n\n<ol class=\"wp-block-list\">\n<li>Estilos de kit globales<\/li>\n\n\n\n<li>P\u00e1gina de inicio<\/li>\n\n\n\n<li>En<\/li>\n\n\n\n<li>Lista de propiedades<\/li>\n\n\n\n<li>Detalles de la propiedad<\/li>\n\n\n\n<li>PREGUNTAS FRECUENTES<\/li>\n\n\n\n<li>Agentes<\/li>\n\n\n\n<li>Servicios<\/li>\n\n\n\n<li>Blog<\/li>\n\n\n\n<li>Publicaci\u00f3n \u00fanica<\/li>\n\n\n\n<li>Ponte en contacto con nosotros<\/li>\n\n\n\n<li>Contacte con Metform<\/li>\n\n\n\n<li>Dentro de poco<\/li>\n\n\n\n<li>encabezamiento<\/li>\n\n\n\n<li>Z\u00f3calo<\/li>\n\n\n\n<li>P\u00e1gina 404<\/li>\n\n\n\n<li>Consulta de Metform<\/li>\n<\/ol>\n\n\n\n<p><strong>Complemento requerido:<\/strong><\/p>\n\n\n\n<ul class=\"wp-block-list\">\n<li>Elementor (gratis)<\/li>\n\n\n\n<li>Kit de elementos Elementor<\/li>\n\n\n\n<li>MetForm<\/li>\n<\/ul>\n\n\n\n<p><strong>C\u00f3mo instalar<\/strong>&nbsp;:<\/p>\n\n\n\n<ol class=\"wp-block-list\">\n<li>Instalar y activar el complemento \u201cEnvato Elements\u201d en Complementos &gt; Agregar nuevo en WordPress<\/li>\n\n\n\n<li>No descomprimir<\/li>\n\n\n\n<li>Vaya a Elementos &gt; Kits instalados y haga clic en el bot\u00f3n Cargar kit de plantilla.<\/li>\n\n\n\n<li>Antes de importar una plantilla, aseg\u00farese de hacer clic en el bot\u00f3n Instalar requisitos para activar los complementos necesarios.<\/li>\n\n\n\n<li>Para obtener mejores resultados, no importe m\u00e1s de un modelo a la vez.<\/li>\n<\/ol>\n\n\n\n<p>[Gu\u00eda detallada](<a href=\"https:\/\/help.market.envato.com\/hc\/en-us\/articles\/900000842846-How-to-use-the-Envato-Elements-WordPress-Plugin-v2-0\" target=\"_blank\" rel=\"noopener\">https:\/\/help.market.envato.com\/hc\/en-us\/articles\/900000842846-How-to-use-the-Envato-Elements-WordPress-Plugin-v2-0<\/a>)<\/p>\n\n\n\n<p><\/p>","protected":false},"excerpt":{"rendered":"<p>Propeble es un sofisticado kit de plantillas de Elementor dise\u00f1ado para crear exquisitos sitios web inmobiliarios en WordPress. Con una meticulosa atenci\u00f3n al detalle, Propeble ofrece una colecci\u00f3n de impresionantes plantillas dise\u00f1adas para impresionar. Desde la presentaci\u00f3n de apartamentos hasta la presentaci\u00f3n de propiedades individuales y listados complejos, cada plantilla cautiva con su dise\u00f1o profesional y [\u2026]<\/p>","protected":false},"featured_media":1978,"comment_status":"open","ping_status":"closed","template":"","meta":{"_jf_limit_responses":"","iawp_total_views":191},"product_brand":[],"product_cat":[30,27,23,24],"product_tag":[19],"class_list":{"0":"post-1977","1":"product","2":"type-product","3":"status-publish","4":"has-post-thumbnail","6":"product_cat-imobiliario-arquitetura-e-construcao-de-imoveis","7":"product_cat-prestadores-de-servicos","8":"product_cat-templates-elementor-e-envato","9":"product_cat-templates-envato","10":"product_tag-vitalicio","12":"first","13":"instock","14":"downloadable","15":"virtual","16":"purchasable","17":"product-type-simple"},"_links":{"self":[{"href":"https:\/\/packdesites.com\/es\/wp-json\/wp\/v2\/product\/1977","targetHints":{"allow":["GET"]}}],"collection":[{"href":"https:\/\/packdesites.com\/es\/wp-json\/wp\/v2\/product"}],"about":[{"href":"https:\/\/packdesites.com\/es\/wp-json\/wp\/v2\/types\/product"}],"replies":[{"embeddable":true,"href":"https:\/\/packdesites.com\/es\/wp-json\/wp\/v2\/comments?post=1977"}],"version-history":[{"count":0,"href":"https:\/\/packdesites.com\/es\/wp-json\/wp\/v2\/product\/1977\/revisions"}],"wp:featuredmedia":[{"embeddable":true,"href":"https:\/\/packdesites.com\/es\/wp-json\/wp\/v2\/media\/1978"}],"wp:attachment":[{"href":"https:\/\/packdesites.com\/es\/wp-json\/wp\/v2\/media?parent=1977"}],"wp:term":[{"taxonomy":"product_brand","embeddable":true,"href":"https:\/\/packdesites.com\/es\/wp-json\/wp\/v2\/product_brand?post=1977"},{"taxonomy":"product_cat","embeddable":true,"href":"https:\/\/packdesites.com\/es\/wp-json\/wp\/v2\/product_cat?post=1977"},{"taxonomy":"product_tag","embeddable":true,"href":"https:\/\/packdesites.com\/es\/wp-json\/wp\/v2\/product_tag?post=1977"}],"curies":[{"name":"wp","href":"https:\/\/api.w.org\/{rel}","templated":true}]}}