{"id":1975,"date":"2025-02-07T13:16:42","date_gmt":"2025-02-07T13:16:42","guid":{"rendered":"https:\/\/packdesites.com\/produto\/elementor-pro\/"},"modified":"2026-04-07T15:53:24","modified_gmt":"2026-04-07T18:53:24","slug":"elementor-pro","status":"publish","type":"product","link":"https:\/\/packdesites.com\/es\/product\/elementor-pro\/","title":{"rendered":"Elementor Pro actualizado v4.0.1"},"content":{"rendered":"<p class=\"has-vivid-red-color has-text-color\">**Ao realizar o download voc\u00ea baixar\u00e1 um arquivo ZIP. \u00c9 s\u00f3 ir no painel administrativo do seu site em Plugins &gt; Adicionar novo e clicar no bot\u00e3o de Enviar e fazer upload do zip e ativar. Voc\u00ea deve instalar a vers\u00e3o FREE no pr\u00f3prio WordPress.<\/p>\n\n\n\n<p>Elementor Pro actualizado. Desc\u00e1rgalo y empieza a usarlo ahora mismo. Crea p\u00e1ginas de destino impresionantes, crea un blog, personaliza tu tienda en l\u00ednea: \u00a1todo est\u00e1 a tu alcance!<\/p>\n\n\n\n<p>Sigue las actualizaciones y noticias en el sitio web oficial de Elementor. <a href=\"https:\/\/elementor.com\/pro\/changelog\/\" data-type=\"URL\" data-id=\"https:\/\/elementor.com\/pro\/changelog\/\" target=\"_blank\" rel=\"noreferrer noopener\">haciendo clic aqu\u00ed<\/a>.<\/p>\n\n\n\n<p><\/p>","protected":false},"excerpt":{"rendered":"<p>**Ao realizar o download voc\u00ea baixar\u00e1 um arquivo ZIP. \u00c9 s\u00f3 ir no painel administrativo do seu site em Plugins &gt; Adicionar novo e clicar no bot\u00e3o de Enviar e fazer upload do zip e ativar. Voc\u00ea deve instalar a vers\u00e3o FREE no pr\u00f3prio WordPress. Elementor Pro Atualizado. Fa\u00e7a o download e comece a usar [&hellip;]<\/p>","protected":false},"featured_media":1976,"comment_status":"open","ping_status":"open","template":"","meta":{"_jf_limit_responses":"","iawp_total_views":7216},"product_brand":[],"product_cat":[41],"product_tag":[19],"class_list":{"0":"post-1975","1":"product","2":"type-product","3":"status-publish","4":"has-post-thumbnail","6":"product_cat-plugins","7":"product_tag-vitalicio","9":"first","10":"instock","11":"downloadable","12":"virtual","13":"purchasable","14":"product-type-simple"},"_links":{"self":[{"href":"https:\/\/packdesites.com\/es\/wp-json\/wp\/v2\/product\/1975","targetHints":{"allow":["GET"]}}],"collection":[{"href":"https:\/\/packdesites.com\/es\/wp-json\/wp\/v2\/product"}],"about":[{"href":"https:\/\/packdesites.com\/es\/wp-json\/wp\/v2\/types\/product"}],"replies":[{"embeddable":true,"href":"https:\/\/packdesites.com\/es\/wp-json\/wp\/v2\/comments?post=1975"}],"version-history":[{"count":22,"href":"https:\/\/packdesites.com\/es\/wp-json\/wp\/v2\/product\/1975\/revisions"}],"predecessor-version":[{"id":24826,"href":"https:\/\/packdesites.com\/es\/wp-json\/wp\/v2\/product\/1975\/revisions\/24826"}],"wp:featuredmedia":[{"embeddable":true,"href":"https:\/\/packdesites.com\/es\/wp-json\/wp\/v2\/media\/1976"}],"wp:attachment":[{"href":"https:\/\/packdesites.com\/es\/wp-json\/wp\/v2\/media?parent=1975"}],"wp:term":[{"taxonomy":"product_brand","embeddable":true,"href":"https:\/\/packdesites.com\/es\/wp-json\/wp\/v2\/product_brand?post=1975"},{"taxonomy":"product_cat","embeddable":true,"href":"https:\/\/packdesites.com\/es\/wp-json\/wp\/v2\/product_cat?post=1975"},{"taxonomy":"product_tag","embeddable":true,"href":"https:\/\/packdesites.com\/es\/wp-json\/wp\/v2\/product_tag?post=1975"}],"curies":[{"name":"wp","href":"https:\/\/api.w.org\/{rel}","templated":true}]}}