{"id":1971,"date":"2025-01-27T21:05:57","date_gmt":"2025-01-27T21:05:57","guid":{"rendered":"https:\/\/packdesites.com\/produto\/rentcys-kit-de-modelos-elementor-para-aluguel-de-carros\/"},"modified":"2025-04-03T01:48:29","modified_gmt":"2025-04-03T01:48:29","slug":"kit-de-plantillas-de-rentcys-elementor-para-alquiler-de-coches","status":"publish","type":"product","link":"https:\/\/packdesites.com\/es\/product\/kit-de-plantillas-de-rentcys-elementor-para-alquiler-de-coches\/","title":{"rendered":"Rentcys \u2013 Kit de plantillas Elementor para alquiler de coches"},"content":{"rendered":"<p>Rentcys \u2013 Kit de plantillas Elementor para alquiler de coches. Este kit de plantillas es totalmente responsivo, limpio y personalizable. Esta plantilla es adecuada para su uso en negocios como: servicios de alquiler de autom\u00f3viles, servicio de chofer, servicio de transporte, servicio de taxi y otros.<\/p>\n\n\n\n<p>Este no es un tema de WordPress. El Kit Elementor contiene contenido de p\u00e1gina para el generador de p\u00e1ginas Elementor. Este kit est\u00e1 optimizado para su uso con el tema gratuito Hello Elementor, pero se puede utilizar con la mayor\u00eda de los temas compatibles con Elementor.<\/p>\n\n\n\n<p><strong>Caracter\u00edsticas del kit:<\/strong><\/p>\n\n\n\n<ul class=\"wp-block-list\">\n<li>Uso de complementos gratuitos (no se requiere Elementor Pro)<\/li>\n\n\n\n<li>Dise\u00f1o moderno y limpio<\/li>\n\n\n\n<li>Dise\u00f1o adaptable<\/li>\n\n\n\n<li>Personalizable<\/li>\n\n\n\n<li>No requiere codificaci\u00f3n<\/li>\n<\/ul>\n\n\n\n<p><strong>Modelos listos:<\/strong><\/p>\n\n\n\n<ul class=\"wp-block-list\">\n<li>encabezamiento<\/li>\n\n\n\n<li>Z\u00f3calo<\/li>\n\n\n\n<li>Formulario de bolet\u00edn informativo<\/li>\n\n\n\n<li>Formulario de contacto<\/li>\n\n\n\n<li>Formulario de reserva<\/li>\n\n\n\n<li>Formulario de solicitud de disponibilidad<\/li>\n\n\n\n<li>Comenzar<\/li>\n\n\n\n<li>En<\/li>\n\n\n\n<li>Servicios<\/li>\n\n\n\n<li>Equipo<\/li>\n\n\n\n<li>Preguntas frecuentes<\/li>\n\n\n\n<li>Lista de coches<\/li>\n\n\n\n<li>Detalles del alquiler<\/li>\n\n\n\n<li>Blog<\/li>\n\n\n\n<li>Blog \u00fanico<\/li>\n\n\n\n<li>Ponte en contacto con nosotros<\/li>\n<\/ul>\n\n\n\n<p><strong>Complementos necesarios:<\/strong><\/p>\n\n\n\n<ul class=\"wp-block-list\">\n<li>Elementor<\/li>\n\n\n\n<li>Los complementos Plus para Elementor<\/li>\n\n\n\n<li>Complementos Ultimate para Elementor \u2013 Lite<\/li>\n\n\n\n<li>MetForm<\/li>\n\n\n\n<li>Elemento de icono<\/li>\n<\/ul>\n\n\n\n<p><strong>C\u00f3mo utilizar el Kit:<\/strong><\/p>\n\n\n\n<ol class=\"wp-block-list\">\n<li>Instale y active el complemento \u201cEnvato Elements\u201d en Complementos &gt; Agregar nuevo en WordPress.<\/li>\n\n\n\n<li>No descomprimir.<\/li>\n\n\n\n<li>Vaya a Elementos &gt; Kits instalados y haga clic en el bot\u00f3n Cargar kit de plantilla.<\/li>\n\n\n\n<li>Antes de importar una plantilla, aseg\u00farese de hacer clic en el bot\u00f3n Requisitos de instalaci\u00f3n para activar los complementos necesarios.<\/li>\n\n\n\n<li>Para obtener mejores resultados, no importe m\u00e1s de un modelo a la vez.<\/li>\n<\/ol>\n\n\n\n<p><strong>C\u00f3mo utilizar Metform:<\/strong><\/p>\n\n\n\n<ol class=\"wp-block-list\">\n<li>Importar la plantilla metform.<\/li>\n\n\n\n<li>Importa la plantilla en la que aparece el formulario y ed\u00edtala en Elementor.<\/li>\n\n\n\n<li>Haga clic en el widget Metform en la columna donde deber\u00eda estar el formulario y haga clic en Editar formulario.<\/li>\n\n\n\n<li>Seleccione Nuevo, deje el espacio en blanco seleccionado y haga clic en el bot\u00f3n Editar formulario.<\/li>\n\n\n\n<li>Haga clic en el bot\u00f3n de carpeta gris \u201cAgregar plantilla\u201d.<\/li>\n\n\n\n<li>Haga clic en la pesta\u00f1a \u201cMis plantillas\u201d.<\/li>\n\n\n\n<li>Seleccione la plantilla Metform importada y haga clic en \u201cInsertar\u201d.<\/li>\n\n\n\n<li>Una vez cargada la plantilla, haga clic en \u201cActualizar\u201d.<\/li>\n<\/ol>\n\n\n\n<p>Para obtener m\u00e1s ayuda, vaya a Elementor &gt; Obtener ayuda en el men\u00fa de WordPress.<\/p>","protected":false},"excerpt":{"rendered":"<p>Rentcys &#8211; Kit de modelos Elementor para aluguel de carros. Este kit de templates \u00e9 totalmente responsivo, limpo e personaliz\u00e1vel. Este modelo \u00e9 adequado para uso em empresas, como: Servi\u00e7os de aluguel de carros, servi\u00e7o de motorista, servi\u00e7o de transporte, servi\u00e7o de t\u00e1xi e outros. Este n\u00e3o \u00e9 um tema WordPress. O Elementor Kit cont\u00e9m [&hellip;]<\/p>","protected":false},"featured_media":1972,"comment_status":"open","ping_status":"open","template":"","meta":{"_jf_limit_responses":"","iawp_total_views":104},"product_brand":[],"product_cat":[27,23,24,31],"product_tag":[19],"class_list":{"0":"post-1971","1":"product","2":"type-product","3":"status-publish","4":"has-post-thumbnail","6":"product_cat-prestadores-de-servicos","7":"product_cat-templates-elementor-e-envato","8":"product_cat-templates-envato","9":"product_cat-veiculos","10":"product_tag-vitalicio","12":"first","13":"instock","14":"downloadable","15":"virtual","16":"purchasable","17":"product-type-simple"},"_links":{"self":[{"href":"https:\/\/packdesites.com\/es\/wp-json\/wp\/v2\/product\/1971","targetHints":{"allow":["GET"]}}],"collection":[{"href":"https:\/\/packdesites.com\/es\/wp-json\/wp\/v2\/product"}],"about":[{"href":"https:\/\/packdesites.com\/es\/wp-json\/wp\/v2\/types\/product"}],"replies":[{"embeddable":true,"href":"https:\/\/packdesites.com\/es\/wp-json\/wp\/v2\/comments?post=1971"}],"version-history":[{"count":0,"href":"https:\/\/packdesites.com\/es\/wp-json\/wp\/v2\/product\/1971\/revisions"}],"wp:featuredmedia":[{"embeddable":true,"href":"https:\/\/packdesites.com\/es\/wp-json\/wp\/v2\/media\/1972"}],"wp:attachment":[{"href":"https:\/\/packdesites.com\/es\/wp-json\/wp\/v2\/media?parent=1971"}],"wp:term":[{"taxonomy":"product_brand","embeddable":true,"href":"https:\/\/packdesites.com\/es\/wp-json\/wp\/v2\/product_brand?post=1971"},{"taxonomy":"product_cat","embeddable":true,"href":"https:\/\/packdesites.com\/es\/wp-json\/wp\/v2\/product_cat?post=1971"},{"taxonomy":"product_tag","embeddable":true,"href":"https:\/\/packdesites.com\/es\/wp-json\/wp\/v2\/product_tag?post=1971"}],"curies":[{"name":"wp","href":"https:\/\/api.w.org\/{rel}","templated":true}]}}