{"id":197,"date":"2024-05-30T20:56:24","date_gmt":"2024-05-30T20:56:24","guid":{"rendered":"https:\/\/packdesites.com\/produto\/extreme-roupas-esportivas-loja-de-equipamentos\/"},"modified":"2025-04-03T00:19:22","modified_gmt":"2025-04-03T00:19:22","slug":"tienda-de-equipos-para-deportes-extremos","status":"publish","type":"product","link":"https:\/\/packdesites.com\/es\/product\/tienda-de-equipos-para-deportes-extremos\/","title":{"rendered":"Extremo | Tienda de ropa deportiva y equipamiento"},"content":{"rendered":"<h2 class=\"wp-block-heading\" id=\"item-description__sports-clothing-store-wordpress-plugins\">Plugins de WordPress para tiendas de ropa deportiva<\/h2>\n\n\n\n<p>Por compatibilidad&nbsp;<strong>WooCommerce<\/strong>, puedes crear una tienda de calzado deportivo vers\u00e1til y completamente personalizable, negocio de zapater\u00eda, hermosa tienda de yoga, negocio&nbsp;<strong>de la tienda de deportes online<\/strong>.<\/p>\n\n\n\n<p>Tambi\u00e9n es genial para bloguear.&nbsp;<strong>deporte, blog<\/strong>&nbsp;Nutrici\u00f3n deportiva y blogs relacionados con: atleta corredor, ejercicios, fitness y entrenamiento.<\/p>\n\n\n\n<p>Es compatible con&nbsp;<strong>WPBakery<\/strong>&nbsp;(tambi\u00e9n conocido como&nbsp;<strong>Compositor visual<\/strong>, que creemos que es mejor que Elementor).<\/p>\n\n\n\n<h2 class=\"wp-block-heading\" id=\"item-description__equipment-store-wordpress-features\">Caracter\u00edsticas de WordPress para tiendas de equipos<\/h2>\n\n\n\n<p>El tema est\u00e1 repleto de muchas&nbsp;<strong>p\u00e1ginas predise\u00f1adas<\/strong>&nbsp;Para mostrar sus principales servicios, la gama de su tienda, su&nbsp;<strong>galer\u00eda<\/strong>&nbsp;y su&nbsp;<strong>noticias<\/strong>, etc. El tema es&nbsp;<strong>100% Responsivo<\/strong>&nbsp;y&nbsp;<strong>Retina<\/strong>&nbsp;Listo, lo cual es muy importante para un negocio en l\u00ednea.<br><br>Hicimos que el tema fuera compatible con complementos premium como&nbsp;<strong>Cuadr\u00edcula esencial<\/strong>,&nbsp;<strong>Control deslizante Revolution<\/strong>&nbsp;etc.<\/p>\n\n\n\n<figure class=\"wp-block-image\"><img decoding=\"async\" src=\"https:\/\/packdesites.com\/wp-content\/uploads\/2025\/04\/687474703a2f2f7468656d657265782e6e65742f77702d636f6e74656e742f75706c6f6164732f6564642f323031362f30382f65787472656d652d64657363722e6a7067-scaled.jpeg\" alt=\"Descripci\u00f3n del tema de WordPress para tienda de ropa y equipamiento deportivo\" title=\"\"><\/figure>\n\n\n\n<figure class=\"wp-block-image\"><a href=\"https:\/\/themeforest.net\/item\/extreme-sports-clothing-equipment-store\/17110275\/support\" target=\"_blank\" rel=\"noopener\"><img decoding=\"async\" src=\"https:\/\/packdesites.com\/wp-content\/uploads\/2025\/04\/687474703a2f2f7468656d657265782e6e65742f77702d636f6e74656e742f75706c6f6164732f6564642f323031362f30382f65787472656d652d322e6a7067.jpeg\" alt=\"Apoyo\" title=\"\"><\/a><\/figure>\n\n\n\n<figure class=\"wp-block-image\"><img decoding=\"async\" src=\"https:\/\/packdesites.com\/wp-content\/uploads\/2025\/04\/687474703a2f2f7468656d657265782e6e65742f77702d636f6e74656e742f75706c6f6164732f6564642f323031362f30382f65787472656d652d332e6a7067.jpeg\" alt=\"Descripci\u00f3n\" title=\"\"><\/figure>\n\n\n\n<h2 class=\"wp-block-heading\" id=\"item-description__our-customer-s-reviews\">Comentarios de nuestros clientes<\/h2>\n\n\n\n<figure class=\"wp-block-image\"><img decoding=\"async\" src=\"https:\/\/packdesites.com\/wp-content\/uploads\/2025\/04\/687474703a2f2f7468656d657265782e6e65742f696d616765732f726576696577732f7265782f65787472656d652f7265766965772d312e706e67.png\" alt=\"Rese\u00f1as\" title=\"\"><\/figure>\n\n\n\n<figure class=\"wp-block-image\"><img decoding=\"async\" src=\"https:\/\/packdesites.com\/wp-content\/uploads\/2025\/04\/687474703a2f2f7468656d657265782e6e65742f696d616765732f726576696577732f7265782f65787472656d652f7265766965772d322e706e67.png\" alt=\"Rese\u00f1as\" title=\"\"><\/figure>\n\n\n\n<h3 class=\"wp-block-heading\" id=\"item-description__extreme-sports-key-features\">Caracter\u00edsticas principales de los deportes extremos<\/h3>\n\n\n\n<ul class=\"wp-block-list\">\n<li>Compatible con Gutenberg<\/li>\n\n\n\n<li>Plugin WP GDPR Framework incluido<\/li>\n\n\n\n<li>Dise\u00f1o moderno y elegante<\/li>\n\n\n\n<li>\u00a1F\u00e1cil de instalar, ejecutar y actualizar!<\/li>\n\n\n\n<li>\u00a1Moderno, flexible y personalizable!<\/li>\n\n\n\n<li>WordPress 4.0+ \u00a1Probado y aprobado!<\/li>\n\n\n\n<li>Construido con c\u00f3digo HTML5 y CSS3 v\u00e1lido<\/li>\n\n\n\n<li>Compatibilidad del navegador: FireFox, Safari, Chrome, IE11+<\/li>\n\n\n\n<li>Instalaci\u00f3n de demostraci\u00f3n con un solo clic<\/li>\n\n\n\n<li><strong>Caracter\u00edsticas del dise\u00f1o<\/strong>:\n<ul class=\"wp-block-list\">\n<li>Dise\u00f1os de p\u00e1gina en caja y anchos<\/li>\n\n\n\n<li>Compatibilidad con WPBakery Page Builder: crea variantes ilimitadas de dise\u00f1os de p\u00e1gina de inicio<\/li>\n\n\n\n<li>Diferentes estilos de encabezado<\/li>\n\n\n\n<li>Habilitar\/deshabilitar el panel de usuario multifunci\u00f3n<\/li>\n\n\n\n<li>Muchos efectos de desplazamiento sorprendentes<\/li>\n\n\n\n<li>Dise\u00f1o totalmente adaptable<\/li>\n\n\n\n<li>Habilitar\/deshabilitar la opci\u00f3n Retina<\/li>\n<\/ul>\n<\/li>\n\n\n\n<li><strong>Opciones del control deslizante<\/strong>:\n<ul class=\"wp-block-list\">\n<li>Incluye Swiper Slider para publicaciones y galer\u00edas.<\/li>\n\n\n\n<li>Incluye Revolution Slider como control deslizante de inicio<\/li>\n<\/ul>\n<\/li>\n\n\n\n<li><strong>Opciones de navegaci\u00f3n<\/strong>:\n<ul class=\"wp-block-list\">\n<li>Soporte para men\u00fa de usuario y men\u00fa principal<\/li>\n\n\n\n<li>Control deslizante del men\u00fa principal<\/li>\n\n\n\n<li>Impresionantes efectos de animaci\u00f3n CSS3\/jQuery<\/li>\n<\/ul>\n<\/li>\n\n\n\n<li><strong>Estructura poderosa<\/strong>:\n<ul class=\"wp-block-list\">\n<li>Definici\u00f3n del sistema de herencia y sustituci\u00f3n<\/li>\n\n\n\n<li>Constructor de c\u00f3digos cortos<\/li>\n\n\n\n<li>Creador de p\u00e1ginas WPBakery<\/li>\n\n\n\n<li>Panel de opciones de tema personalizado<\/li>\n\n\n\n<li>Gerente de contenido multimedia<\/li>\n\n\n\n<li>Listo para WooCommerce<\/li>\n\n\n\n<li>Optimizado para un mejor rendimiento<\/li>\n\n\n\n<li>\u2026y mucho m\u00e1s!<\/li>\n<\/ul>\n<\/li>\n\n\n\n<li><strong>Compatibilidad de complementos<\/strong>:\n<ul class=\"wp-block-list\">\n<li>Gutenberg<\/li>\n\n\n\n<li>Marco de trabajo GDPR WP<\/li>\n\n\n\n<li>Controles deslizantes: control deslizante Swiper, control deslizante Revolution<\/li>\n\n\n\n<li>Creador de p\u00e1ginas WPBakery<\/li>\n\n\n\n<li>Grado esencial<\/li>\n\n\n\n<li>WooCommerce<\/li>\n<\/ul>\n<\/li>\n\n\n\n<li><strong>Conjunto de widgets personalizados<\/strong>:\n<ul class=\"wp-block-list\">\n<li>Flickr<\/li>\n\n\n\n<li>Piar<\/li>\n\n\n\n<li>Linkedin<\/li>\n\n\n\n<li>Publicaciones populares<\/li>\n\n\n\n<li>Entradas recientes<\/li>\n\n\n\n<li>Rese\u00f1as recientes<\/li>\n\n\n\n<li>Los 10 mejores<\/li>\n\n\n\n<li>Anuncio<\/li>\n\n\n\n<li>Logo<\/li>\n\n\n\n<li>Iconos sociales<\/li>\n\n\n\n<li>Paquete de c\u00f3digos cortos King Size<\/li>\n\n\n\n<li>Bloguero<\/li>\n\n\n\n<li>Control deslizante de contenido<\/li>\n\n\n\n<li>Habilidades<\/li>\n<\/ul>\n<\/li>\n\n\n\n<li><strong>C\u00f3digos cortos personalizados<\/strong>:\n<ul class=\"wp-block-list\">\n<li>Bloguero<\/li>\n\n\n\n<li>Lente<\/li>\n\n\n\n<li>Control deslizante de contenido<\/li>\n\n\n\n<li>Lista de v\u00eddeos<\/li>\n\n\n\n<li>Habilidades<\/li>\n\n\n\n<li>correo electr\u00f3nico<\/li>\n\n\n\n<li>Cronolog\u00eda<\/li>\n\n\n\n<li>Desplazamiento<\/li>\n<\/ul>\n<\/li>\n\n\n\n<li>Mucho\u00a0<strong>C\u00f3digos cortos<\/strong>\u00a0incluido:\n<ul class=\"wp-block-list\">\n<li>Acorde\u00f3n<\/li>\n\n\n\n<li>Bot\u00f3n<\/li>\n\n\n\n<li>Columnas<\/li>\n\n\n\n<li>Mapa de Google<\/li>\n\n\n\n<li>Para ocultar<\/li>\n\n\n\n<li>Destacar<\/li>\n\n\n\n<li>Secci\u00f3n<\/li>\n\n\n\n<li>Mesa<\/li>\n\n\n\n<li>Gu\u00edas<\/li>\n\n\n\n<li>Equipo<\/li>\n\n\n\n<li>Testimonios<\/li>\n\n\n\n<li>T\u00edtulo<\/li>\n\n\n\n<li>Informaci\u00f3n sobre herramientas<\/li>\n\n\n\n<li>Palanca<\/li>\n\n\n\n<li>y mucho m\u00e1s\u2026<\/li>\n<\/ul>\n<\/li>\n\n\n\n<li>Motor de b\u00fasqueda interactivo Ajax<\/li>\n\n\n\n<li>Dos variantes de visualizaci\u00f3n de iconos: conjunto de iconos Fontella e iconos de im\u00e1genes<\/li>\n\n\n\n<li>Fuentes web de Google<\/li>\n\n\n\n<li>Optimizaci\u00f3n del rendimiento<\/li>\n\n\n\n<li>Gran soporte profesional<\/li>\n\n\n\n<li>Documentaci\u00f3n incluida<\/li>\n\n\n\n<li>Actualizaciones peri\u00f3dicas<\/li>\n\n\n\n<li>Y muchos m\u00e1s que quiz\u00e1 hayamos olvidado mencionar\u2026<\/li>\n<\/ul>","protected":false},"excerpt":{"rendered":"<p>Loja de Roupas Esportivas WordPress plugins Devido \u00e0 compatibilidade&nbsp;WooCommerce, voc\u00ea pode criar uma loja de sapatos esportivos vers\u00e1til e completamente personaliz\u00e1vel, empresa de loja de cal\u00e7ados, bela loja de yoga, empresa&nbsp;de loja de esportes on-line. Tamb\u00e9m \u00e9 \u00f3timo para blog de&nbsp;esporte, blog&nbsp;de nutri\u00e7\u00e3o esportiva e blogs relacionados a: atleta de corrida, exerc\u00edcios, fitness e treino. [&hellip;]<\/p>","protected":false},"featured_media":211,"comment_status":"closed","ping_status":"open","template":"","meta":{"_jf_limit_responses":"","iawp_total_views":49},"product_brand":[],"product_cat":[22],"product_tag":[19],"class_list":{"0":"post-197","1":"product","2":"type-product","3":"status-publish","4":"has-post-thumbnail","6":"product_cat-temas-wordpress","7":"product_tag-vitalicio","9":"first","10":"instock","11":"downloadable","12":"virtual","13":"purchasable","14":"product-type-simple"},"_links":{"self":[{"href":"https:\/\/packdesites.com\/es\/wp-json\/wp\/v2\/product\/197","targetHints":{"allow":["GET"]}}],"collection":[{"href":"https:\/\/packdesites.com\/es\/wp-json\/wp\/v2\/product"}],"about":[{"href":"https:\/\/packdesites.com\/es\/wp-json\/wp\/v2\/types\/product"}],"replies":[{"embeddable":true,"href":"https:\/\/packdesites.com\/es\/wp-json\/wp\/v2\/comments?post=197"}],"version-history":[{"count":0,"href":"https:\/\/packdesites.com\/es\/wp-json\/wp\/v2\/product\/197\/revisions"}],"wp:featuredmedia":[{"embeddable":true,"href":"https:\/\/packdesites.com\/es\/wp-json\/wp\/v2\/media\/211"}],"wp:attachment":[{"href":"https:\/\/packdesites.com\/es\/wp-json\/wp\/v2\/media?parent=197"}],"wp:term":[{"taxonomy":"product_brand","embeddable":true,"href":"https:\/\/packdesites.com\/es\/wp-json\/wp\/v2\/product_brand?post=197"},{"taxonomy":"product_cat","embeddable":true,"href":"https:\/\/packdesites.com\/es\/wp-json\/wp\/v2\/product_cat?post=197"},{"taxonomy":"product_tag","embeddable":true,"href":"https:\/\/packdesites.com\/es\/wp-json\/wp\/v2\/product_tag?post=197"}],"curies":[{"name":"wp","href":"https:\/\/api.w.org\/{rel}","templated":true}]}}