{"id":1966,"date":"2025-01-18T00:46:32","date_gmt":"2025-01-18T00:46:32","guid":{"rendered":"https:\/\/packdesites.com\/produto\/realesta-template-kit-imobiliaria-real-estate-elementor\/"},"modified":"2025-04-03T01:48:23","modified_gmt":"2025-04-03T01:48:23","slug":"realta-template-kit-elementor-inmobiliario","status":"publish","type":"product","link":"https:\/\/packdesites.com\/es\/product\/realta-template-kit-elementor-inmobiliario\/","title":{"rendered":"Realesta \u2013 Kit de plantillas de Elementor inmobiliario"},"content":{"rendered":"<p>Realesta es un kit de plantillas Elementor para listados de bienes ra\u00edces y propiedades. Este kit de plantillas es perfecto para agencias inmobiliarias, agentes inmobiliarios, dise\u00f1adores de interiores, listados de propiedades, agencias de apartamentos, sitios web de arquitectura e incluso muebles. Tiene m\u00e1s de 12 plantillas predise\u00f1adas con un dise\u00f1o atractivo y un estilo moderno. Puede crear f\u00e1cilmente un hermoso sitio web con este kit de plantillas Elementor.<\/p>\n\n\n\n<p><strong>Caracter\u00edsticas del dise\u00f1o:<\/strong><\/p>\n\n\n\n<ul class=\"wp-block-list\">\n<li>Dise\u00f1o moderno, limpio y profesional.<\/li>\n\n\n\n<li>Creado con Elementor Pro<\/li>\n\n\n\n<li>100% Responsivo y compatible con dispositivos m\u00f3viles<\/li>\n\n\n\n<li>M\u00e1s de 12 plantillas predise\u00f1adas<\/li>\n\n\n\n<li>F\u00e1cil de personalizar<\/li>\n\n\n\n<li>Kit de plantillas creado con Elementor Hello Theme<\/li>\n<\/ul>\n\n\n\n<p><strong>Se requiere la actualizaci\u00f3n de Elementor Pro para algunas plantillas y funciones (no incluidas)<\/strong><\/p>\n\n\n\n<p><strong>Qu\u00e9 incluye la cremallera:<\/strong><\/p>\n\n\n\n<ul class=\"wp-block-list\">\n<li>P\u00e1gina de inicio<\/li>\n\n\n\n<li>Quienes somos<\/li>\n\n\n\n<li>Carreras<\/li>\n\n\n\n<li>Cont\u00e1ctanos<\/li>\n\n\n\n<li>Preguntas frecuentes<\/li>\n\n\n\n<li>agente inmobiliario<\/li>\n\n\n\n<li>Detalles de la propiedad<\/li>\n\n\n\n<li>Lista de propiedades<\/li>\n\n\n\n<li>Archivo del blog<\/li>\n\n\n\n<li>Error 404<\/li>\n\n\n\n<li>Publicaci\u00f3n \u00fanica<\/li>\n\n\n\n<li>Servicios<\/li>\n\n\n\n<li>Encabezamiento<\/li>\n\n\n\n<li>Z\u00f3calo<\/li>\n\n\n\n<li>Estilo global<\/li>\n<\/ul>\n\n\n\n<p><strong>C\u00f3mo utilizar los kits de modelos:<\/strong><\/p>\n\n\n\n<ol class=\"wp-block-list\">\n<li>Instale y active el complemento \u201cEnvato Elements\u201d desde Complementos &gt; Agregar nuevas funciones en WordPress<\/li>\n\n\n\n<li>Descargue el archivo del kit y no lo descomprima<\/li>\n\n\n\n<li>Vaya a Elementos &gt; Kits instalados y haga clic en el bot\u00f3n Cargar kit de plantillas. Tambi\u00e9n puede importar autom\u00e1ticamente haciendo clic en Conectar cuenta para vincular su suscripci\u00f3n a Elementos y luego importando en Elementos &gt; Kits de plantillas.<\/li>\n\n\n\n<li>Verifique el banner naranja en la parte superior y haga clic en Requisitos de instalaci\u00f3n para cargar todos los complementos que utiliza el kit<\/li>\n\n\n\n<li>Primero haga clic en importar estilos de kit globales<\/li>\n\n\n\n<li>Haz clic en Importar una plantilla a la vez. Se almacenan en Elementor, en Plantillas &gt; Plantillas guardadas.<\/li>\n\n\n\n<li>Vaya a P\u00e1ginas, cree una nueva p\u00e1gina y haga clic en Editar con Elementor<\/li>\n\n\n\n<li>Haga clic en el \u00edcono de engranaje en la esquina inferior izquierda del generador para ver la configuraci\u00f3n de la p\u00e1gina y elija Elementor Ancho completo y oculte el t\u00edtulo de la p\u00e1gina.<\/li>\n\n\n\n<li>Haga clic en el icono de la carpeta gris para acceder a la pesta\u00f1a Mis plantillas, luego importe la p\u00e1gina que desea personalizar.<\/li>\n<\/ol>\n\n\n\n<p>Si tienes Elementor Pro, los encabezados y pies de p\u00e1gina se pueden personalizar en el Generador de temas.<\/p>\n\n\n\n<p>Gu\u00eda detallada: <a href=\"https:\/\/help.market.envato.com\/hc\/en-us\/articles\/900000842846-How-to-use-the-Envato-Elements-WordPress-Plugin-v2-0\" target=\"_blank\" rel=\"noopener\">https:\/\/help.market.envato.com\/hc\/en-us\/articles\/900000842846-How-to-use-the-Envato-Elements-WordPress-Plugin-v2-0<\/a><\/p>\n\n\n\n<p><\/p>","protected":false},"excerpt":{"rendered":"<p>Realesta es un kit de plantillas de Elementor para publicar anuncios inmobiliarios y propiedades. Este kit es perfecto para agentes inmobiliarios, dise\u00f1adores de interiores, agencias de alquiler de viviendas, estudios de arquitectura e incluso sitios web de muebles. Incluye m\u00e1s de 12 plantillas predise\u00f1adas con dise\u00f1os modernos y atractivos. Puedes crear f\u00e1cilmente un sitio web atractivo con este [\u2026]<\/p>","protected":false},"featured_media":1967,"comment_status":"open","ping_status":"open","template":"","meta":{"_jf_limit_responses":"","iawp_total_views":276},"product_brand":[],"product_cat":[30,27,23,24,38],"product_tag":[19],"class_list":{"0":"post-1966","1":"product","2":"type-product","3":"status-publish","4":"has-post-thumbnail","6":"product_cat-imobiliario-arquitetura-e-construcao-de-imoveis","7":"product_cat-prestadores-de-servicos","8":"product_cat-templates-elementor-e-envato","9":"product_cat-templates-envato","10":"product_cat-turismo-e-viagens","11":"product_tag-vitalicio","13":"first","14":"instock","15":"downloadable","16":"virtual","17":"purchasable","18":"product-type-simple"},"_links":{"self":[{"href":"https:\/\/packdesites.com\/es\/wp-json\/wp\/v2\/product\/1966","targetHints":{"allow":["GET"]}}],"collection":[{"href":"https:\/\/packdesites.com\/es\/wp-json\/wp\/v2\/product"}],"about":[{"href":"https:\/\/packdesites.com\/es\/wp-json\/wp\/v2\/types\/product"}],"replies":[{"embeddable":true,"href":"https:\/\/packdesites.com\/es\/wp-json\/wp\/v2\/comments?post=1966"}],"version-history":[{"count":0,"href":"https:\/\/packdesites.com\/es\/wp-json\/wp\/v2\/product\/1966\/revisions"}],"wp:featuredmedia":[{"embeddable":true,"href":"https:\/\/packdesites.com\/es\/wp-json\/wp\/v2\/media\/1967"}],"wp:attachment":[{"href":"https:\/\/packdesites.com\/es\/wp-json\/wp\/v2\/media?parent=1966"}],"wp:term":[{"taxonomy":"product_brand","embeddable":true,"href":"https:\/\/packdesites.com\/es\/wp-json\/wp\/v2\/product_brand?post=1966"},{"taxonomy":"product_cat","embeddable":true,"href":"https:\/\/packdesites.com\/es\/wp-json\/wp\/v2\/product_cat?post=1966"},{"taxonomy":"product_tag","embeddable":true,"href":"https:\/\/packdesites.com\/es\/wp-json\/wp\/v2\/product_tag?post=1966"}],"curies":[{"name":"wp","href":"https:\/\/api.w.org\/{rel}","templated":true}]}}