{"id":1964,"date":"2025-01-05T03:17:30","date_gmt":"2025-01-05T03:17:30","guid":{"rendered":"https:\/\/packdesites.com\/produto\/profily-portfolios-pessoais-e-kit-de-modelos-de-curriculo-elementor\/"},"modified":"2025-04-03T01:48:07","modified_gmt":"2025-04-03T01:48:07","slug":"kit-de-plantillas-de-curriculum-para-portafolios-personales-y-elementos-de-diseno","status":"publish","type":"product","link":"https:\/\/packdesites.com\/es\/product\/kit-de-plantillas-de-curriculum-para-portafolios-personales-y-elementos-de-diseno\/","title":{"rendered":"Perfil \u2013 Kit de plantillas de portafolios personales y curr\u00edculum vitae Elementor"},"content":{"rendered":"<p>Profily es un elegante y moderno kit de plantillas de Elementor, dise\u00f1ado para crear perfiles personales impactantes sin esfuerzo. Ya seas freelance, creativo o busques empleo, Profily te ayuda a mostrar tus habilidades, portafolio y logros de forma sofisticada y atractiva. Con su dise\u00f1o limpio, animaciones fluidas y f\u00e1cil personalizaci\u00f3n, crear una presencia online \u00fanica nunca ha sido tan f\u00e1cil. Perfecto para portafolios, curr\u00edculums o marcas personales, Profily garantiza tu...<\/p>\n\n\n\n<p>La historia se destaca. ####&nbsp;<strong>Caracter\u00edstica<\/strong><\/p>\n\n\n\n<ul class=\"wp-block-list\">\n<li>Se pueden ajustar elementos individuales o cambiar fuentes y colores en un solo lugar.<\/li>\n\n\n\n<li>Constructor visual de arrastrar y soltar para una verdadera personalizaci\u00f3n sin c\u00f3digo.<\/li>\n\n\n\n<li>Dise\u00f1o contempor\u00e1neo y profesional.<\/li>\n\n\n\n<li>Carga r\u00e1pida.<\/li>\n\n\n\n<li>La mayor\u00eda de los temas de Elementor son compatibles con este kit de plantillas.<\/li>\n<\/ul>\n\n\n\n<p>####&nbsp;<strong>Los modelos incluyen:<\/strong><\/p>\n\n\n\n<ul class=\"wp-block-list\">\n<li>Comenzar<\/li>\n\n\n\n<li>En<\/li>\n\n\n\n<li>Cartera<\/li>\n\n\n\n<li>Portafolio \u00fanico<\/li>\n\n\n\n<li>servicios<\/li>\n\n\n\n<li>Ponte en contacto con nosotros<\/li>\n\n\n\n<li>Blogs<\/li>\n\n\n\n<li>Detalles del blog<\/li>\n\n\n\n<li>testimonios<\/li>\n\n\n\n<li>Dentro de poco<\/li>\n\n\n\n<li>404<\/li>\n<\/ul>\n\n\n\n<p>####&nbsp;<strong>Secciones y bloques:<\/strong><\/p>\n\n\n\n<ul class=\"wp-block-list\">\n<li>encabezamiento<\/li>\n\n\n\n<li>Z\u00f3calo<\/li>\n\n\n\n<li>Formulario de contacto<\/li>\n<\/ul>\n\n\n\n<p>####&nbsp;<strong>Complementos necesarios preinstalados con el kit<\/strong><\/p>\n\n\n\n<ul class=\"wp-block-list\">\n<li>Elementor<\/li>\n\n\n\n<li>Kit de elementos Elementor<\/li>\n\n\n\n<li>MetForm<\/li>\n<\/ul>\n\n\n\n<p>####&nbsp;<strong>C\u00f3mo utilizar los kits de plantillas:<\/strong><\/p>\n\n\n\n<p>Este no es un tema de WordPress. Los kits de plantillas contienen solo los datos de dise\u00f1o de Elementor y se instalan mediante el complemento envato Elements para WordPress o directamente a trav\u00e9s de Elementor.<\/p>","protected":false},"excerpt":{"rendered":"<p>Profily \u00e9 um kit de templates Elementor elegante e moderno, projetado para criar sites de perfis pessoais impressionantes sem esfor\u00e7o. Seja voc\u00ea um freelancer, profissional criativo ou candidato a emprego, a Profily ajuda voc\u00ea a mostrar suas habilidades, portf\u00f3lio e conquistas de uma forma sofisticada e envolvente. Com seu layout limpo, anima\u00e7\u00f5es suaves e f\u00e1cil [&hellip;]<\/p>","protected":false},"featured_media":1965,"comment_status":"open","ping_status":"open","template":"","meta":{"_jf_limit_responses":"","iawp_total_views":307},"product_brand":[],"product_cat":[32,27,23,24],"product_tag":[19],"class_list":{"0":"post-1964","1":"product","2":"type-product","3":"status-publish","4":"has-post-thumbnail","6":"product_cat-agencia-de-marketing","7":"product_cat-prestadores-de-servicos","8":"product_cat-templates-elementor-e-envato","9":"product_cat-templates-envato","10":"product_tag-vitalicio","12":"first","13":"instock","14":"downloadable","15":"virtual","16":"purchasable","17":"product-type-simple"},"_links":{"self":[{"href":"https:\/\/packdesites.com\/es\/wp-json\/wp\/v2\/product\/1964","targetHints":{"allow":["GET"]}}],"collection":[{"href":"https:\/\/packdesites.com\/es\/wp-json\/wp\/v2\/product"}],"about":[{"href":"https:\/\/packdesites.com\/es\/wp-json\/wp\/v2\/types\/product"}],"replies":[{"embeddable":true,"href":"https:\/\/packdesites.com\/es\/wp-json\/wp\/v2\/comments?post=1964"}],"version-history":[{"count":0,"href":"https:\/\/packdesites.com\/es\/wp-json\/wp\/v2\/product\/1964\/revisions"}],"wp:featuredmedia":[{"embeddable":true,"href":"https:\/\/packdesites.com\/es\/wp-json\/wp\/v2\/media\/1965"}],"wp:attachment":[{"href":"https:\/\/packdesites.com\/es\/wp-json\/wp\/v2\/media?parent=1964"}],"wp:term":[{"taxonomy":"product_brand","embeddable":true,"href":"https:\/\/packdesites.com\/es\/wp-json\/wp\/v2\/product_brand?post=1964"},{"taxonomy":"product_cat","embeddable":true,"href":"https:\/\/packdesites.com\/es\/wp-json\/wp\/v2\/product_cat?post=1964"},{"taxonomy":"product_tag","embeddable":true,"href":"https:\/\/packdesites.com\/es\/wp-json\/wp\/v2\/product_tag?post=1964"}],"curies":[{"name":"wp","href":"https:\/\/api.w.org\/{rel}","templated":true}]}}