{"id":1962,"date":"2024-12-11T00:53:14","date_gmt":"2024-12-11T00:53:14","guid":{"rendered":"https:\/\/packdesites.com\/produto\/luxedent-kit-de-modelos-elementor-pro-para-dentistas-e-cuidados-dentarios\/"},"modified":"2025-04-03T01:48:04","modified_gmt":"2025-04-03T01:48:04","slug":"kit-de-modelos-luxedent-elementor-pro-para-dentistas-y-cuidado-dental","status":"publish","type":"product","link":"https:\/\/packdesites.com\/es\/product\/kit-de-modelos-luxedent-elementor-pro-para-dentistas-y-cuidado-dental\/","title":{"rendered":"LuxeDent \u2013 Kit de plantillas Elementor Pro para dentistas y profesionales del cuidado dental"},"content":{"rendered":"<p>LuxeDent es un kit de plantillas Elementor Pro para sitios web de dentistas y servicios de atenci\u00f3n dental. Incluye m\u00e1s de 12 plantillas predise\u00f1adas con un dise\u00f1o moderno y profesional. Puedes usar f\u00e1cilmente este kit de plantillas creativas para cualquier tipo de servicio m\u00e9dico y de atenci\u00f3n dental, como cl\u00ednicas dentales, consultorios dentales, sitios web de salud, sitios web m\u00e9dicos, etc.<\/p>\n\n\n\n<p>Ahorra tiempo creando un sitio web para dentistas y cuidado dental con este kit de plantillas de Elementor. Con el Creador de P\u00e1ginas de Elementor, puedes editarlo o personalizarlo f\u00e1cilmente, sin necesidad de programar, simplemente arrastrando y soltando. Los Kits de Plantillas Pro de Elementor incluyen contenido de p\u00e1gina para el creador de p\u00e1ginas de Elementor. Este kit est\u00e1 optimizado para usarse con el tema gratuito Hello Elementor, pero es compatible con la mayor\u00eda de los temas compatibles con Elementor.<\/p>\n\n\n\n<p><strong>Caracter\u00edsticas del dise\u00f1o:<\/strong><\/p>\n\n\n\n<ul class=\"wp-block-list\">\n<li>Dise\u00f1o moderno y profesional.<\/li>\n\n\n\n<li>Creado con Elementor Pro<\/li>\n\n\n\n<li>100% Responsivo y compatible con dispositivos m\u00f3viles<\/li>\n\n\n\n<li>M\u00e1s de 12 plantillas predise\u00f1adas<\/li>\n\n\n\n<li>F\u00e1cil de personalizar<\/li>\n\n\n\n<li>Kit de plantillas creado con el tema Hello Elementor<\/li>\n<\/ul>\n\n\n\n<p><strong>Qu\u00e9 incluye el Zip:<\/strong><\/p>\n\n\n\n<ul class=\"wp-block-list\">\n<li>P\u00e1gina de inicio<\/li>\n\n\n\n<li>P\u00e1gina de inicio 2<\/li>\n\n\n\n<li>Sobre nosotros<\/li>\n\n\n\n<li>Cita<\/li>\n\n\n\n<li>Archivo del blog<\/li>\n\n\n\n<li>Cont\u00e1ctanos<\/li>\n\n\n\n<li>Doctores<\/li>\n\n\n\n<li>Error 404<\/li>\n\n\n\n<li>PREGUNTAS FRECUENTES<\/li>\n\n\n\n<li>Plan de precios<\/li>\n\n\n\n<li>Servicios<\/li>\n\n\n\n<li>Publicaci\u00f3n \u00fanica<\/li>\n\n\n\n<li>Estilo global<\/li>\n\n\n\n<li>encabezamiento<\/li>\n\n\n\n<li>Z\u00f3calo<\/li>\n<\/ul>\n\n\n\n<p><strong>Complementos instalados con el kit<\/strong><\/p>\n\n\n\n<ul class=\"wp-block-list\">\n<li>ElementsKit Lite<\/li>\n\n\n\n<li>Iconos de Skyboot<\/li>\n<\/ul>\n\n\n\n<p>###&nbsp;<strong>C\u00f3mo utilizar los kits de plantillas:<\/strong><\/p>\n\n\n\n<p>Este no es un tema de WordPress. Los kits de plantillas contienen \u00fanicamente datos de dise\u00f1o de Elementor y se instalan mediante el plugin de WordPress de Envato Elements o directamente a trav\u00e9s de Elementor.<\/p>\n\n\n\n<p>Los kits de plantillas de Elementor utilizan el complemento Envato Elements para su instalaci\u00f3n.<\/p>\n\n\n\n<p><strong>Gu\u00eda detallada:<\/strong><\/p>\n\n\n\n<ul class=\"wp-block-list\">\n<li><a href=\"https:\/\/help.elements.envato.com\/hc\/en-us\/articles\/36032349441945-How-to-Install-Elementor-Template-Kits-With-the-Envato-Elements-Plugin-in-WordPress-for-Envato-Elements-Subscribers\" target=\"_blank\" rel=\"noopener\">https:\/\/help.elements.envato.com\/hc\/en-us\/articles\/36032349441945-How-to-Install-Elementor-Template-Kits-With-the-Envato-Elements-Plugin-in-WordPress-for-Envato-Elements-Subscribers<\/a><\/li>\n<\/ul>\n\n\n\n<p><strong>Habilitar todas las bibliotecas en Skyboot &gt; Configuraci\u00f3n si los \u00edconos no se muestran en las plantillas<\/strong><\/p>","protected":false},"excerpt":{"rendered":"<p>LuxeDent \u00e9 um Template Kit Elementor Pro para site de servi\u00e7os de dentista e atendimento odontol\u00f3gico. Possui mais de 12 modelos pr\u00e9-constru\u00eddos com design moderno e estilo de layout profissional. Voc\u00ea pode usar facilmente este kit de template criativo para qualquer tipo de atendimento odontol\u00f3gico e servi\u00e7o m\u00e9dico, como dentista e cl\u00ednica odontol\u00f3gica, m\u00e9dico odontol\u00f3gico, [&hellip;]<\/p>","protected":false},"featured_media":1963,"comment_status":"open","ping_status":"open","template":"","meta":{"_jf_limit_responses":"","iawp_total_views":350},"product_brand":[],"product_cat":[29,23,24],"product_tag":[19],"class_list":{"0":"post-1962","1":"product","2":"type-product","3":"status-publish","4":"has-post-thumbnail","6":"product_cat-saude-e-bem-estar","7":"product_cat-templates-elementor-e-envato","8":"product_cat-templates-envato","9":"product_tag-vitalicio","11":"first","12":"instock","13":"downloadable","14":"virtual","15":"purchasable","16":"product-type-simple"},"_links":{"self":[{"href":"https:\/\/packdesites.com\/es\/wp-json\/wp\/v2\/product\/1962","targetHints":{"allow":["GET"]}}],"collection":[{"href":"https:\/\/packdesites.com\/es\/wp-json\/wp\/v2\/product"}],"about":[{"href":"https:\/\/packdesites.com\/es\/wp-json\/wp\/v2\/types\/product"}],"replies":[{"embeddable":true,"href":"https:\/\/packdesites.com\/es\/wp-json\/wp\/v2\/comments?post=1962"}],"version-history":[{"count":0,"href":"https:\/\/packdesites.com\/es\/wp-json\/wp\/v2\/product\/1962\/revisions"}],"wp:featuredmedia":[{"embeddable":true,"href":"https:\/\/packdesites.com\/es\/wp-json\/wp\/v2\/media\/1963"}],"wp:attachment":[{"href":"https:\/\/packdesites.com\/es\/wp-json\/wp\/v2\/media?parent=1962"}],"wp:term":[{"taxonomy":"product_brand","embeddable":true,"href":"https:\/\/packdesites.com\/es\/wp-json\/wp\/v2\/product_brand?post=1962"},{"taxonomy":"product_cat","embeddable":true,"href":"https:\/\/packdesites.com\/es\/wp-json\/wp\/v2\/product_cat?post=1962"},{"taxonomy":"product_tag","embeddable":true,"href":"https:\/\/packdesites.com\/es\/wp-json\/wp\/v2\/product_tag?post=1962"}],"curies":[{"name":"wp","href":"https:\/\/api.w.org\/{rel}","templated":true}]}}