{"id":1942,"date":"2024-12-06T17:59:16","date_gmt":"2024-12-06T17:59:16","guid":{"rendered":"https:\/\/packdesites.com\/produto\/dashify-pro-v1-4-0-woocommerce-com-design-de-shopify\/"},"modified":"2025-09-05T10:24:17","modified_gmt":"2025-09-05T13:24:17","slug":"dashify-pro-v1-4-0-woocommerce-con-diseno-de-shopify","status":"publish","type":"product","link":"https:\/\/packdesites.com\/es\/product\/dashify-pro-v1-4-0-woocommerce-con-diseno-de-shopify\/","title":{"rendered":"Dashify Pro v1.5.1: WooCommerce con dise\u00f1o de Shopify"},"content":{"rendered":"<figure class=\"wp-block-image size-large\"><img decoding=\"async\" src=\"https:\/\/packdesites.com\/wp-content\/uploads\/2025\/04\/image-1024x577-1.png\" alt=\"\" class=\"wp-image-8208\" title=\"\"><\/figure>\n\n\n\n<figure class=\"wp-block-image\"><img decoding=\"async\" src=\"https:\/\/packdesites.com\/wp-content\/uploads\/2025\/04\/order-view.webp\" alt=\"Captura de pantalla de c\u00f3mo Dashify cambia la vista de pedidos de administraci\u00f3n de WooCommerce para que se parezca m\u00e1s a Shopify en t\u00e9rminos de dise\u00f1o y estilo.\" title=\"\"><\/figure>\n\n\n\n<h3 class=\"wp-block-heading\">Vista de pedidos similar a la de Shopify<\/h3>\n\n\n\n<p>\u00bfCambi\u00f3 de Shopify a WooCommerce pero perdi\u00f3 el dise\u00f1o? Dashify hace que la visualizaci\u00f3n de pedidos sea igualmente f\u00e1cil de usar.<\/p>\n\n\n\n<figure class=\"wp-block-image\"><img decoding=\"async\" src=\"https:\/\/packdesites.com\/wp-content\/uploads\/2025\/04\/navigation.png\" alt=\"Captura de pantalla de la navegaci\u00f3n de administraci\u00f3n de WordPress cuando Dashify est\u00e1 habilitado, mostrando los elementos de WooCommerce en la parte superior de la barra lateral con un nuevo dise\u00f1o. Adem\u00e1s, elementos como Pedidos que antes estaban en un submen\u00fa ahora est\u00e1n a solo un clic de distancia.\" title=\"\"><\/figure>\n\n\n\n<h3 class=\"wp-block-heading\">Navegaci\u00f3n de WooCommerce primero<\/h3>\n\n\n\n<p>Acceso r\u00e1pido a todo WooCommerce sin buscar en submen\u00fas. Los elementos del men\u00fa de WordPress se mueven hacia abajo y fuera del camino.<\/p>\n\n\n\n<figure class=\"wp-block-image\"><img decoding=\"async\" src=\"https:\/\/packdesites.com\/wp-content\/uploads\/2025\/04\/previous-next-order-buttons.webp\" alt=\"Captura de pantalla de los botones de pedido anterior y siguiente que Dashify agrega a la parte superior de la p\u00e1gina de vista de pedidos de WooCommerce.\" title=\"\"><\/figure>\n\n\n\n<h3 class=\"wp-block-heading\">Botones de pedido anterior y siguiente<\/h3>\n\n\n\n<p>Salte al pedido anterior o siguiente con un bot\u00f3n o atajo de teclado. Tambi\u00e9n puedes pasar al siguiente pedido con el mismo estado.<\/p>\n\n\n\n<p><a href=\"https:\/\/getdashify.com\/features\/order-navigation\/\" target=\"_blank\" rel=\"noopener\">Vea esto en acci\u00f3n \u2192<\/a><\/p>\n\n\n\n<figure class=\"wp-block-image\"><img decoding=\"async\" src=\"https:\/\/packdesites.com\/wp-content\/uploads\/2025\/04\/trend-graphs.webp\" alt=\"Captura de pantalla de los gr\u00e1ficos de tendencias de pedidos que Dashify agrega a una tienda WooCommerce.\" title=\"\"><\/figure>\n\n\n\n<h3 class=\"wp-block-heading\">Gr\u00e1ficos de tendencias de pedidos<\/h3>\n\n\n\n<p>Conozca de un vistazo el rendimiento reciente de su tienda. Vea la tendencia de pedidos reembolsados y completados durante diferentes per\u00edodos de tiempo.<\/p>\n\n\n\n<figure class=\"wp-block-image\"><img decoding=\"async\" src=\"https:\/\/packdesites.com\/wp-content\/uploads\/2025\/04\/order-date-time.webp\" alt=\"Captura de pantalla del estado del pedido, la fecha y las acciones que Dashify mueve a la parte superior de la p\u00e1gina de vista del pedido.\" title=\"\"><\/figure>\n\n\n\n<h3 class=\"wp-block-heading\">Fecha y hora localizadas<\/h3>\n\n\n\n<p>Vea la fecha y hora del pedido en el formato local de su regi\u00f3n.<\/p>\n\n\n\n<figure class=\"wp-block-image\"><img decoding=\"async\" src=\"https:\/\/packdesites.com\/wp-content\/uploads\/2025\/04\/order-status-filters.webp\" alt=\"Captura de pantalla de c\u00f3mo Dashify hace que la selecci\u00f3n del estado del pedido para la tabla de pedidos de WooCommerce sea m\u00e1s obvia.\" title=\"\"><\/figure>\n\n\n\n<h3 class=\"wp-block-heading\">Filtros de estado del pedido<\/h3>\n\n\n\n<p>Sin Dashify, los filtros de estado de pedidos son peque\u00f1os y f\u00e1ciles de pasar por alto. Dashify lo hace parte de la tabla para que sea m\u00e1s grande y m\u00e1s f\u00e1cil hacer clic.<\/p>\n\n\n\n<figure class=\"wp-block-image\"><img decoding=\"async\" src=\"https:\/\/packdesites.com\/wp-content\/uploads\/2025\/04\/bulk-actions.webp\" alt=\"Captura de pantalla de acciones masivas flotantes en la lista de pedidos de WooCommerce agregada por Dashify.\" title=\"\"><\/figure>\n\n\n\n<h3 class=\"wp-block-heading\">Acciones de masas flotantes<\/h3>\n\n\n\n<p>Si est\u00e1 en medio de una lista larga de pedidos, las acciones masivas aparecer\u00e1n como una barra flotante, lo que le permitir\u00e1 realizar acciones sin tener que desplazarse hacia arriba.<\/p>\n\n\n\n<figure class=\"wp-block-image\"><img decoding=\"async\" src=\"https:\/\/packdesites.com\/wp-content\/uploads\/2025\/04\/search.gif\" alt=\"Captura de pantalla de c\u00f3mo Dashify cambia la apariencia de la b\u00fasqueda y el filtro de pedidos en WooCommerce.\" title=\"\"><\/figure>\n\n\n\n<h3 class=\"wp-block-heading\">Buscar y filtrar<\/h3>\n\n\n\n<p>En WooCommerce normal, todos los filtros y b\u00fasquedas son visibles, lo que hace que la p\u00e1gina se vea desordenada. Con Dashify, los filtros y la b\u00fasqueda se agrupan y se ocultan cuando no se utilizan.<\/p>\n\n\n\n<figure class=\"wp-block-image\"><img decoding=\"async\" src=\"https:\/\/packdesites.com\/wp-content\/uploads\/2025\/04\/timeline.webp\" alt=\"Captura de pantalla de las notas de pedido redise\u00f1adas, que Dashify muestra como una l\u00ednea de tiempo.\" title=\"\"><\/figure>\n\n\n\n<h3 class=\"wp-block-heading\">Cronolog\u00eda<\/h3>\n\n\n\n<p>Las notas de pedidos se convierten en una l\u00ednea de tiempo, lo que le brinda m\u00e1s espacio para agregar notas largas y ver el historial de pedidos.<\/p>\n\n\n\n<figure class=\"wp-block-image\"><img decoding=\"async\" src=\"https:\/\/packdesites.com\/wp-content\/uploads\/2025\/04\/auto-expanding-order-note-field.gif\" alt=\"El video que muestra la l\u00ednea de tiempo agrega un nuevo campo de anotaci\u00f3n que se expande autom\u00e1ticamente a medida que el usuario escribe m\u00e1s l\u00edneas.\" title=\"\"><\/figure>\n\n\n\n<h3 class=\"wp-block-heading\">Notas de pedido de expansi\u00f3n autom\u00e1tica<\/h3>\n\n\n\n<p>Ingrese notas de pedidos largas con los campos de expansi\u00f3n autom\u00e1tica de Dashify.<\/p>\n\n\n\n<figure class=\"wp-block-image\"><img decoding=\"async\" src=\"https:\/\/packdesites.com\/wp-content\/uploads\/2025\/04\/back-button.webp\" alt=\"Captura de pantalla que muestra el bot\u00f3n Atr\u00e1s que Dashify agrega a la p\u00e1gina de vista de pedidos.\" title=\"\"><\/figure>\n\n\n\n<h3 class=\"wp-block-heading\">Bot\u00f3n de retroceso<\/h3>\n\n\n\n<p>Regrese r\u00e1pidamente a la lista de pedidos desde cualquier pedido.<\/p>\n\n\n\n<figure class=\"wp-block-image\"><img decoding=\"async\" src=\"https:\/\/packdesites.com\/wp-content\/uploads\/2025\/04\/mobile-table.gif\" alt=\"Captura de pantalla de la tabla de pedidos de WooCommerce que se ve bien en el m\u00f3vil con Dashify.\" title=\"\"><\/figure>\n\n\n\n<h3 class=\"wp-block-heading\">Tabla de pedidos optimizada para dispositivos m\u00f3viles<\/h3>\n\n\n\n<p>\u00a1Consulta tus pedidos telef\u00f3nicos! Dashify hace que la tabla responda y sea totalmente utilizable en dispositivos m\u00f3viles.<\/p>\n\n\n\n<figure class=\"wp-block-image\"><img decoding=\"async\" src=\"https:\/\/packdesites.com\/wp-content\/uploads\/2025\/04\/product-list-table-only.webp\" alt=\"Captura de pantalla de la lista de productos de WooCommerce con Dashify habilitado. La tabla que muestra todos los productos tiene un dise\u00f1o moderno y los elementos de la p\u00e1gina est\u00e1n agrupados de forma intuitiva. Por ejemplo, todas las b\u00fasquedas y filtrados se realizan en la parte superior de la tabla, despu\u00e9s de hacer clic en el icono de b\u00fasqueda y filtrado.\" title=\"\"><\/figure>\n\n\n\n<h3 class=\"wp-block-heading\">Lista de productos redise\u00f1ada<\/h3>\n\n\n\n<p>La lista de productos tiene el mismo dise\u00f1o limpio y moderno que la lista de pedidos.<\/p>\n\n\n\n<figure class=\"wp-block-image\"><img decoding=\"async\" src=\"https:\/\/packdesites.com\/wp-content\/uploads\/2025\/04\/global-search.webp\" alt=\"Captura de pantalla del panel de administraci\u00f3n de WordPress, con una b\u00fasqueda emergente que aparece en el tablero y que muestra el resultado de una consulta buscada, junto con algunos pedidos recientes. Se muestran el ID del pedido, el estado, el nombre y la fecha.\" title=\"\"><\/figure>\n\n\n\n<h3 class=\"wp-block-heading\">B\u00fasqueda de pedidos r\u00e1pida y global<\/h3>\n\n\n\n<p>Utilice la b\u00fasqueda global de Dashify para saltar a un pedido desde cualquier p\u00e1gina del administrador. Busque por ID de pedido, nombre, correo electr\u00f3nico, tel\u00e9fono o SKU del producto.<\/p>\n\n\n\n<p><a href=\"https:\/\/getdashify.com\/features\/search\/\" target=\"_blank\" rel=\"noopener\">Obtenga m\u00e1s informaci\u00f3n sobre Dashify Search \u2192<\/a><\/p>\n\n\n\n<figure class=\"wp-block-image\"><img decoding=\"async\" src=\"https:\/\/packdesites.com\/wp-content\/uploads\/2025\/04\/hide-custom-fields.webp\" alt=\"Captura de pantalla de la ventana de configuraci\u00f3n de Dashify para campos personalizados. Enumera los campos personalizados en el orden en que se abri\u00f3 la ventana y hay un bot\u00f3n para marcar un campo personalizado como oculto, lo que lo ocultar\u00e1 globalmente en todas las solicitudes.\" title=\"\"><\/figure>\n\n\n\n<h3 class=\"wp-block-heading\">Ocultar campos personalizados<\/h3>\n\n\n\n<p>\u00bfNo quieres ver campos personalizados espec\u00edficos? Elija qu\u00e9 campos personalizados se muestran en la vista de pedidos.<\/p>\n\n\n\n<p><a href=\"https:\/\/getdashify.com\/features\/hide-custom-fields\/\" target=\"_blank\" rel=\"noopener\">Obtenga m\u00e1s informaci\u00f3n sobre c\u00f3mo ocultar campos personalizados \u2192<\/a><\/p>\n\n\n\n<figure class=\"wp-block-image\"><img decoding=\"async\" src=\"https:\/\/packdesites.com\/wp-content\/uploads\/2025\/04\/sku.webp\" alt=\"Captura de pantalla de los productos de un pedido en el administrador de pedidos de WooCommerce, que muestra el SKU como una columna separada que se puede ordenar.\" title=\"\"><\/figure>\n\n\n\n<h3 class=\"wp-block-heading\">Ordenar art\u00edculos por SKU<\/h3>\n\n\n\n<p>Al empacar pedidos con muchos art\u00edculos, solo haga un recorrido por los estantes de su almac\u00e9n o centro de distribuci\u00f3n.<\/p>\n\n\n\n<p><a href=\"https:\/\/getdashify.com\/features\/sort-by-sku\/\" target=\"_blank\" rel=\"noopener\">Obtenga m\u00e1s informaci\u00f3n sobre la clasificaci\u00f3n de SKU \u2192<\/a><\/p>\n\n\n\n<figure class=\"wp-block-image\"><img decoding=\"async\" src=\"https:\/\/packdesites.com\/wp-content\/uploads\/2025\/04\/menu-order.webp\" alt=\"Captura de pantalla de la columna &quot;Pedido de men\u00fa&quot; que Dashify agrega a los art\u00edculos de l\u00ednea en la vista de edici\u00f3n de pedidos de administrador en WooCommerce. Esta columna tiene un n\u00famero que representa la posici\u00f3n del producto en la p\u00e1gina de la tienda de la tienda.\" title=\"\"><\/figure>\n\n\n\n<h3 class=\"wp-block-heading\">Ordenar los elementos por \u201corden del men\u00fa\u201d<\/h3>\n\n\n\n<p>\u00bfOrganiza su inventario por \u201corden de men\u00fa\u201d de productos? Ahorre tiempo al empacar pedidos viendo los art\u00edculos en un orden personalizado con la misma clasificaci\u00f3n que en la p\u00e1gina de la Tienda.<\/p>","protected":false},"excerpt":{"rendered":"<p>Visualiza\u00e7\u00e3o de pedidos semelhante \u00e0 do Shopify Mudou de Shopify para WooCommerce, mas perdeu o design? O Dashify torna a visualiza\u00e7\u00e3o do pedido igualmente amig\u00e1vel. Navega\u00e7\u00e3o WooCommerce em primeiro lugar Acesso r\u00e1pido a todo o WooCommerce sem pesquisar nos submenus. Os itens de menu do WordPress s\u00e3o movidos para baixo e para fora do caminho. [&hellip;]<\/p>","protected":false},"featured_media":1961,"comment_status":"open","ping_status":"open","template":"","meta":{"_jf_limit_responses":"","iawp_total_views":54},"product_brand":[],"product_cat":[41],"product_tag":[19],"class_list":{"0":"post-1942","1":"product","2":"type-product","3":"status-publish","4":"has-post-thumbnail","6":"product_cat-plugins","7":"product_tag-vitalicio","9":"first","10":"instock","11":"downloadable","12":"virtual","13":"purchasable","14":"product-type-simple"},"_links":{"self":[{"href":"https:\/\/packdesites.com\/es\/wp-json\/wp\/v2\/product\/1942","targetHints":{"allow":["GET"]}}],"collection":[{"href":"https:\/\/packdesites.com\/es\/wp-json\/wp\/v2\/product"}],"about":[{"href":"https:\/\/packdesites.com\/es\/wp-json\/wp\/v2\/types\/product"}],"replies":[{"embeddable":true,"href":"https:\/\/packdesites.com\/es\/wp-json\/wp\/v2\/comments?post=1942"}],"version-history":[{"count":1,"href":"https:\/\/packdesites.com\/es\/wp-json\/wp\/v2\/product\/1942\/revisions"}],"predecessor-version":[{"id":23641,"href":"https:\/\/packdesites.com\/es\/wp-json\/wp\/v2\/product\/1942\/revisions\/23641"}],"wp:featuredmedia":[{"embeddable":true,"href":"https:\/\/packdesites.com\/es\/wp-json\/wp\/v2\/media\/1961"}],"wp:attachment":[{"href":"https:\/\/packdesites.com\/es\/wp-json\/wp\/v2\/media?parent=1942"}],"wp:term":[{"taxonomy":"product_brand","embeddable":true,"href":"https:\/\/packdesites.com\/es\/wp-json\/wp\/v2\/product_brand?post=1942"},{"taxonomy":"product_cat","embeddable":true,"href":"https:\/\/packdesites.com\/es\/wp-json\/wp\/v2\/product_cat?post=1942"},{"taxonomy":"product_tag","embeddable":true,"href":"https:\/\/packdesites.com\/es\/wp-json\/wp\/v2\/product_tag?post=1942"}],"curies":[{"name":"wp","href":"https:\/\/api.w.org\/{rel}","templated":true}]}}