{"id":1940,"date":"2024-11-30T01:08:37","date_gmt":"2024-11-30T01:08:37","guid":{"rendered":"https:\/\/packdesites.com\/produto\/airepair-kit-de-template-kit-elementor-para-servicos-de-reparo-de-ar-condicionado\/"},"modified":"2025-04-03T01:47:27","modified_gmt":"2025-04-03T01:47:27","slug":"kit-de-plantillas-de-elementos-de-aire-para-servicios-de-reparacion-de-aire-acondicionado","status":"publish","type":"product","link":"https:\/\/packdesites.com\/es\/product\/kit-de-plantillas-de-elementos-de-aire-para-servicios-de-reparacion-de-aire-acondicionado\/","title":{"rendered":"Airepair \u2013 Kit de plantillas Elementor para servicios de reparaci\u00f3n de aire acondicionado"},"content":{"rendered":"<p>Airepair es un kit de plantillas Elementor para crear un sitio web para aires acondicionados, servicios de reparaci\u00f3n y mantenimiento de HVAC, reparaciones, personal de mantenimiento, aire acondicionado o cualquier otro servicio de asistencia. Airepair utiliza elementos gratuitos, as\u00ed que no te preocupes por probar este. Airepair ofrece varias p\u00e1ginas, incluidas Inicio, Acerca de nosotros, T\u00e9cnico, Servicios, Servicios individuales, Precios, Preguntas frecuentes, Blog, Blog \u00fanico, 404, Cont\u00e1ctenos.<\/p>\n\n\n\n<p><strong>Modelos<\/strong><\/p>\n\n\n\n<ol class=\"wp-block-list\">\n<li>Hogar<\/li>\n\n\n\n<li>Sobre nosotros<\/li>\n\n\n\n<li>T\u00e9cnico<\/li>\n\n\n\n<li>Servicios<\/li>\n\n\n\n<li>Servicios individuales<\/li>\n\n\n\n<li>Precios<\/li>\n\n\n\n<li>Preguntas frecuentes<\/li>\n\n\n\n<li>Blog<\/li>\n\n\n\n<li>Blog \u00fanico<\/li>\n\n\n\n<li>404<\/li>\n\n\n\n<li>Cont\u00e1ctanos<\/li>\n<\/ol>\n\n\n\n<p><strong>Fuente utilizada<\/strong><\/p>\n\n\n\n<ul class=\"wp-block-list\">\n<li>Lato<\/li>\n\n\n\n<li>Roboto<\/li>\n<\/ul>\n\n\n\n<p><strong>Dependencias del complemento:<\/strong><\/p>\n\n\n\n<ul class=\"wp-block-list\">\n<li>Elementor<\/li>\n\n\n\n<li>Kit Elements Lite<\/li>\n\n\n\n<li>Kit de elementos Elementor<\/li>\n\n\n\n<li>Metform<\/li>\n\n\n\n<li>Plantilla de encabezado, pie de p\u00e1gina y bloque<\/li>\n<\/ul>\n\n\n\n<p><strong>C\u00f3mo utilizar los kits de plantillas:<\/strong><\/p>\n\n\n\n<ol class=\"wp-block-list\">\n<li>Descargue el archivo del kit de Envato y <strong>no lo descomprimas<\/strong>Si usas el navegador Safari, es posible que tengas que asegurarte de que la opci\u00f3n \u00abAbrir archivos seguros despu\u00e9s de la descarga\u00bb est\u00e9 desactivada en las preferencias del navegador. 2. Ve a Configuraci\u00f3n &gt; Enlaces permanentes y comprueba si est\u00e1 seleccionado el nombre de la publicaci\u00f3n.<\/li>\n\n\n\n<li>Ve a Apariencia &gt; Temas &gt; A\u00f1adir nuevo y comprueba si Hello Elementor est\u00e1 instalado y activado. Esto te pedir\u00e1 que instales Elementor si a\u00fan no lo has hecho. 4. Ve a Plugins y comprueba si Elementor y Envato Elements est\u00e1n instalados y actualizados. Si tu kit requiere Elementor Pro, deber\u00eda estar instalado y conectado a tu cuenta. 5. Ve a Elementos &gt; Kits instalados y haz clic en Subir archivo ZIP del kit de plantilla (o haz clic en tu kit para verlo).<\/li>\n\n\n\n<li>Verifique el banner naranja en la parte superior y haga clic en Requisitos de instalaci\u00f3n para cargar los complementos que utiliza el kit. https:\/\/envato.d.pr\/ughD8Q<\/li>\n\n\n\n<li>Primer clic en Importar en Estilos del Kit Global. Esto configurar\u00e1 los ajustes del sitio.<\/li>\n\n\n\n<li>Haz clic en Importar en una plantilla a la vez, en el orden que se muestra. Se guardan en Elementor en Plantillas &gt; Plantillas guardadas y se pueden reutilizar desde all\u00ed.\u00a0<strong>Creaci\u00f3n de p\u00e1ginas<\/strong><\/li>\n\n\n\n<li>Vaya a P\u00e1ginas, cree una nueva p\u00e1gina y haga clic en Editar con Elementor<\/li>\n\n\n\n<li>Haga clic en el \u00edcono de engranaje en la esquina inferior izquierda del generador para ver la configuraci\u00f3n de la p\u00e1gina y elija Elementor Ancho completo y oculte el t\u00edtulo de la p\u00e1gina.<\/li>\n\n\n\n<li>Haga clic en el icono de la carpeta gris para acceder a la pesta\u00f1a Mis plantillas, luego importe la p\u00e1gina que desea personalizar.<\/li>\n\n\n\n<li>La p\u00e1gina de inicio se configura en Ajustes &gt; Lectura, seleccionando P\u00e1gina de inicio est\u00e1tica.<\/li>\n<\/ol>\n\n\n\n<p>Si tiene Elementor Pro, los encabezados y pies de p\u00e1gina se personalizan en Plantillas &gt; Generador de temas.<\/p>\n\n\n\n<p>Gu\u00eda detallada: <a href=\"https:\/\/help.market.envato.com\/hc\/en-us\/articles\/900000842846-How-to-use-the-Envato-Elements-WordPress-Plugin-v2-0\" target=\"_blank\" rel=\"noopener\">https:\/\/help.market.envato.com\/hc\/en-us\/articles\/900000842846-How-to-use-the-Envato-Elements-WordPress-Plugin-v2-0<\/a><\/p>","protected":false},"excerpt":{"rendered":"<p>Airepair \u00e9 um template kit Elementor para criar um site para aparelhos de ar condicionado, servi\u00e7os de reparo e manuten\u00e7\u00e3o de HVAC, reparos, faz-tudo, ar condicionado ou quaisquer outros servi\u00e7os de assist\u00eancia. O Airepair usa elementos gratuitos, ent\u00e3o n\u00e3o se preocupe em experimentar este. A Airepair fornece v\u00e1rias p\u00e1ginas, incluindo In\u00edcio, Sobre n\u00f3s, T\u00e9cnico, Servi\u00e7os, [&hellip;]<\/p>","protected":false},"featured_media":1941,"comment_status":"open","ping_status":"open","template":"","meta":{"_jf_limit_responses":"","iawp_total_views":153},"product_brand":[],"product_cat":[27,23,24],"product_tag":[19],"class_list":{"0":"post-1940","1":"product","2":"type-product","3":"status-publish","4":"has-post-thumbnail","6":"product_cat-prestadores-de-servicos","7":"product_cat-templates-elementor-e-envato","8":"product_cat-templates-envato","9":"product_tag-vitalicio","11":"first","12":"instock","13":"downloadable","14":"virtual","15":"purchasable","16":"product-type-simple"},"_links":{"self":[{"href":"https:\/\/packdesites.com\/es\/wp-json\/wp\/v2\/product\/1940","targetHints":{"allow":["GET"]}}],"collection":[{"href":"https:\/\/packdesites.com\/es\/wp-json\/wp\/v2\/product"}],"about":[{"href":"https:\/\/packdesites.com\/es\/wp-json\/wp\/v2\/types\/product"}],"replies":[{"embeddable":true,"href":"https:\/\/packdesites.com\/es\/wp-json\/wp\/v2\/comments?post=1940"}],"version-history":[{"count":0,"href":"https:\/\/packdesites.com\/es\/wp-json\/wp\/v2\/product\/1940\/revisions"}],"wp:featuredmedia":[{"embeddable":true,"href":"https:\/\/packdesites.com\/es\/wp-json\/wp\/v2\/media\/1941"}],"wp:attachment":[{"href":"https:\/\/packdesites.com\/es\/wp-json\/wp\/v2\/media?parent=1940"}],"wp:term":[{"taxonomy":"product_brand","embeddable":true,"href":"https:\/\/packdesites.com\/es\/wp-json\/wp\/v2\/product_brand?post=1940"},{"taxonomy":"product_cat","embeddable":true,"href":"https:\/\/packdesites.com\/es\/wp-json\/wp\/v2\/product_cat?post=1940"},{"taxonomy":"product_tag","embeddable":true,"href":"https:\/\/packdesites.com\/es\/wp-json\/wp\/v2\/product_tag?post=1940"}],"curies":[{"name":"wp","href":"https:\/\/api.w.org\/{rel}","templated":true}]}}