{"id":1933,"date":"2024-11-26T17:48:43","date_gmt":"2024-11-26T17:48:43","guid":{"rendered":"https:\/\/packdesites.com\/produto\/most-tema-de-agencia-criativa-e-portfolio\/"},"modified":"2025-04-03T01:47:17","modified_gmt":"2025-04-03T01:47:17","slug":"el-tema-y-portafolio-de-agencia-mas-creativos","status":"publish","type":"product","link":"https:\/\/packdesites.com\/es\/product\/el-tema-y-portafolio-de-agencia-mas-creativos\/","title":{"rendered":"Most v1.3.1 \u2014 Tema para agencias creativas y portafolios"},"content":{"rendered":"<figure class=\"wp-block-image\"><img decoding=\"async\" src=\"https:\/\/packdesites.com\/wp-content\/uploads\/2025\/04\/68747470733a2f2f7468656d652e6d616473706172726f772e6d652f6d6f73742f646573632f6d6f73745f646573635f322e706e67.png\" alt=\"tema de WordPress\" title=\"\"><\/figure>\n\n\n\n<p><strong>Tema de portafolio y agencia m\u00e1s creativo<\/strong>&nbsp;\u2013 El tema est\u00e1 dise\u00f1ado para aprovechar todas las capacidades de edici\u00f3n del sitio introducidas en WordPress y el complemento Elementor, lo que significa que los colores, la tipograf\u00eda y el dise\u00f1o de cada p\u00e1gina de su sitio se pueden personalizar para adaptarse a su visi\u00f3n. Ya sea que desee crear un sitio web complejo o uno incre\u00edblemente simple, puede hacerlo de manera r\u00e1pida e intuitiva a trav\u00e9s de estilos agrupados o sumergirse en la creaci\u00f3n y personalizaci\u00f3n completa.<\/p>\n\n\n\n<h3 class=\"wp-block-heading\" id=\"item-description__theme-features\"><strong>Caracter\u00edsticas del tema:<\/strong><\/h3>\n\n\n\n<ul class=\"wp-block-list\">\n<li>Totalmente personalizable<\/li>\n\n\n\n<li>Fuentes de Google<\/li>\n\n\n\n<li>Compatibilidad con WordPress 6.0+<\/li>\n\n\n\n<li>No requiere codificaci\u00f3n<\/li>\n\n\n\n<li>Compatible con m\u00f3viles y retina<\/li>\n\n\n\n<li>Personalizador de temas en vivo<\/li>\n\n\n\n<li>Constructor visual de p\u00e1ginas (Elementor)<\/li>\n\n\n\n<li>Listo para WooCommerce<\/li>\n\n\n\n<li>Panel avanzado<\/li>\n\n\n\n<li>Optimizado para SEO<\/li>\n\n\n\n<li>Traducci\u00f3n lista<\/li>\n\n\n\n<li>Ocho dise\u00f1os de navegaci\u00f3n<\/li>\n\n\n\n<li>Encabezado fijo<\/li>\n\n\n\n<li>Encabezado predeterminado<\/li>\n\n\n\n<li>Encabezado fijo inteligente<\/li>\n\n\n\n<li>Dise\u00f1os de pie de p\u00e1gina ilimitados<\/li>\n\n\n\n<li>Mega Men\u00fa listo<\/li>\n\n\n\n<li>Filtros AJAX y paginaci\u00f3n<\/li>\n\n\n\n<li>Listo para las redes sociales<\/li>\n\n\n\n<li>Interfaz de administraci\u00f3n potente y f\u00e1cil de usar<\/li>\n\n\n\n<li>Importaci\u00f3n de sitios de demostraci\u00f3n con un solo clic<\/li>\n\n\n\n<li>P\u00e1ginas internas pr\u00e1cticas<\/li>\n\n\n\n<li>Compatible con el complemento Elementor Page Builder<\/li>\n\n\n\n<li>Compatible con el complemento WooCommerce para comercio electr\u00f3nico<\/li>\n\n\n\n<li>Dise\u00f1os de blog personalizables<\/li>\n\n\n\n<li>Formatos de publicaci\u00f3n personalizados: audio, video, est\u00e1ndar, galer\u00eda, enlace, cita<\/li>\n\n\n\n<li>Funcionalidad para compartir en redes sociales<\/li>\n\n\n\n<li>Encabezado centrado<\/li>\n\n\n\n<li>Encabezado m\u00ednimo<\/li>\n\n\n\n<li>Soporte profesional (respuesta las 24 horas)<\/li>\n\n\n\n<li>Encabezado predeterminado<\/li>\n\n\n\n<li>Diversos comportamientos del encabezado<\/li>\n\n\n\n<li>Investigaci\u00f3n integrada<\/li>\n\n\n\n<li>Opci\u00f3n independiente para encabezado m\u00f3vil<\/li>\n\n\n\n<li>Logotipo separado opcional para versiones de encabezado claro y oscuro<\/li>\n\n\n\n<li>Actualizaciones de por vida<\/li>\n\n\n\n<li>Tama\u00f1o de cuadr\u00edcula variable<\/li>\n\n\n\n<li>Volver al inicio Funcionalidad del bot\u00f3n<\/li>\n\n\n\n<li>Control total de la tipograf\u00eda<\/li>\n\n\n\n<li>Compatible con el Formulario de contacto 7<\/li>\n\n\n\n<li>Widgets listos para usar<\/li>\n\n\n\n<li>Tema infantil incluido<\/li>\n\n\n\n<li>C\u00f3digo incre\u00edblemente extensible<\/li>\n\n\n\n<li>Animaciones CSS3 fluidas<\/li>\n\n\n\n<li>Soporte de Mailchimp<\/li>\n\n\n\n<li>Control deslizante de paralaje<\/li>\n\n\n\n<li>Ticker de texto<\/li>\n\n\n\n<li>Lista de precios<\/li>\n\n\n\n<li>Mapa de Google<\/li>\n\n\n\n<li>Testimonio<\/li>\n\n\n\n<li>Secci\u00f3n de H\u00e9roes<\/li>\n\n\n\n<li>Galer\u00eda de im\u00e1genes<\/li>\n\n\n\n<li>Miembro del equipo<\/li>\n\n\n\n<li>Testimonio<\/li>\n\n\n\n<li>Amplia documentaci\u00f3n<\/li>\n\n\n\n<li>Compatibilidad moderna con varios navegadores<\/li>\n\n\n\n<li>Archivos JS y CSS minimizados<\/li>\n\n\n\n<li>Complementos premium gratuitos<\/li>\n\n\n\n<li><strong>y muchas m\u00e1s funciones\u2026<\/strong><\/li>\n<\/ul>\n\n\n\n<p class=\"has-white-color has-vivid-cyan-blue-background-color has-text-color has-background has-link-color wp-elements-0192000ef55e37153588cc238a73b370\"><strong>Descomprimir\/Extraer al descargar<\/strong><\/p>\n\n\n\n<p><\/p>","protected":false},"excerpt":{"rendered":"<p>El tema m\u00e1s creativo para agencias y portafolios: este tema se desarroll\u00f3 para aprovechar al m\u00e1ximo las funciones de edici\u00f3n web de WordPress y el plugin Elementor. Esto significa que los colores, la tipograf\u00eda y el dise\u00f1o de cada p\u00e1gina de tu sitio web se pueden personalizar para adaptarlos a tu visi\u00f3n. Si quieres crear [\u2026]<\/p>","protected":false},"featured_media":1935,"comment_status":"open","ping_status":"open","template":"","meta":{"_jf_limit_responses":"","iawp_total_views":190},"product_brand":[],"product_cat":[22],"product_tag":[19],"class_list":{"0":"post-1933","1":"product","2":"type-product","3":"status-publish","4":"has-post-thumbnail","6":"product_cat-temas-wordpress","7":"product_tag-vitalicio","9":"first","10":"instock","11":"downloadable","12":"virtual","13":"purchasable","14":"product-type-simple"},"_links":{"self":[{"href":"https:\/\/packdesites.com\/es\/wp-json\/wp\/v2\/product\/1933","targetHints":{"allow":["GET"]}}],"collection":[{"href":"https:\/\/packdesites.com\/es\/wp-json\/wp\/v2\/product"}],"about":[{"href":"https:\/\/packdesites.com\/es\/wp-json\/wp\/v2\/types\/product"}],"replies":[{"embeddable":true,"href":"https:\/\/packdesites.com\/es\/wp-json\/wp\/v2\/comments?post=1933"}],"version-history":[{"count":1,"href":"https:\/\/packdesites.com\/es\/wp-json\/wp\/v2\/product\/1933\/revisions"}],"predecessor-version":[{"id":22718,"href":"https:\/\/packdesites.com\/es\/wp-json\/wp\/v2\/product\/1933\/revisions\/22718"}],"wp:featuredmedia":[{"embeddable":true,"href":"https:\/\/packdesites.com\/es\/wp-json\/wp\/v2\/media\/1935"}],"wp:attachment":[{"href":"https:\/\/packdesites.com\/es\/wp-json\/wp\/v2\/media?parent=1933"}],"wp:term":[{"taxonomy":"product_brand","embeddable":true,"href":"https:\/\/packdesites.com\/es\/wp-json\/wp\/v2\/product_brand?post=1933"},{"taxonomy":"product_cat","embeddable":true,"href":"https:\/\/packdesites.com\/es\/wp-json\/wp\/v2\/product_cat?post=1933"},{"taxonomy":"product_tag","embeddable":true,"href":"https:\/\/packdesites.com\/es\/wp-json\/wp\/v2\/product_tag?post=1933"}],"curies":[{"name":"wp","href":"https:\/\/api.w.org\/{rel}","templated":true}]}}