{"id":193,"date":"2024-05-30T20:56:24","date_gmt":"2024-05-30T20:56:24","guid":{"rendered":"https:\/\/packdesites.com\/produto\/rezilla-software-saas-tecnologia-wordpress-v1-0-0\/"},"modified":"2025-04-03T00:18:46","modified_gmt":"2025-04-03T00:18:46","slug":"software-rezilla-tecnologia-saas-wordpress-v1-0-0","status":"publish","type":"product","link":"https:\/\/packdesites.com\/es\/product\/software-rezilla-tecnologia-saas-wordpress-v1-0-0\/","title":{"rendered":"Rezilla \u2013 Software y tecnolog\u00eda SaaS WordPress v1.0.0"},"content":{"rendered":"<p>Rezilla: Si planeas dirigir una empresa tecnol\u00f3gica o una compa\u00f1\u00eda de software SaaS, deber\u00edas elegir Rezilla, un tema profesional de WordPress para empresas tecnol\u00f3gicas y de software SaaS. Este tema tambi\u00e9n es ideal para startups y peque\u00f1as agencias digitales.<\/p>\n\n\n\n<p>El tema Rezilla SaaS para WordPress es un tema de alta calidad y totalmente responsivo con compatibilidad con RTL, Mega Men\u00fa responsivo y WPML. Dise\u00f1ado para soluciones, SaaS, startups de SaaS, empresas de software, soluciones empresariales, empresas de TI, tecnolog\u00eda, marketing digital, negocios, consultor\u00eda, agencias de TI, agencias web, empresas de servicios y cualquier tipo de negocio para mostrar la historia de su empresa.<\/p>\n\n\n\n<p>Este tema se basa en el marco CSS responsivo m\u00e1s popular del mundo, Bootstrap 5, Elementor, HTML5, CSS3 y jQuery, y es totalmente compatible con WooCommerce y muchas tecnolog\u00edas modernas.<\/p>\n\n\n\n<h3 class=\"wp-block-heading\" id=\"item-description__top-15-featured\">Los 15 aspectos m\u00e1s destacados<\/h3>\n\n\n\n<ul class=\"wp-block-list\">\n<li><strong>4 dise\u00f1os de encabezado:<\/strong>&nbsp;Puedes elegir el encabezado perfecto entre nuestras compilaciones y personalizarlo seg\u00fan tus necesidades. Incluye opciones de encabezado avanzadas.<\/li>\n\n\n\n<li><strong>04 Dise\u00f1os de pie de p\u00e1gina: Tema de WordPress para empresas de servicios de TI de Rezilla<\/strong>&nbsp;Puedes elegir el pie de p\u00e1gina perfecto entre nuestras compilaciones y personalizarlo seg\u00fan tus necesidades. Usa los cuatro dise\u00f1os de pie de p\u00e1gina predeterminados incluidos.<\/li>\n\n\n\n<li><strong>Constructor de p\u00e1ginas Elementor:<\/strong>&nbsp;Estamos utilizando el&nbsp;<strong>El complemento m\u00e1s popular para crear p\u00e1ginas de arrastrar y soltar con Elementor<\/strong>&nbsp;\u2013 un incre\u00edble constructor visual de p\u00e1ginas para WordPress que te permite configurar y organizar f\u00e1cilmente el dise\u00f1o y el contenido de tu p\u00e1gina.<\/li>\n\n\n\n<li><strong>WooCommerce integrado:&nbsp;<\/strong>Una tienda online es fundamental en la web moderna. Por supuesto, el tema incluye integraci\u00f3n completa con WooCommerce y un dise\u00f1o de tienda personalizado. Crea tu tienda r\u00e1pida y f\u00e1cilmente y empieza a generar ingresos online con Rezilla.<\/li>\n\n\n\n<li><strong>Tema infantil integrado:&nbsp;<\/strong>Rezilla te permite sobrescribir f\u00e1cilmente plantillas de tema o archivos de p\u00e1gina usando un tema hijo. \u00a1Tambi\u00e9n te permite actualizar tu tema de forma segura!<\/li>\n\n\n\n<li><strong>Mega Men\u00fa: Rezilla \u2013 Software y tecnolog\u00eda SaaS: Tema de WordPress&nbsp;<\/strong>apoya&nbsp;<strong>opciones de mega men\u00fa<\/strong>Si tienes muchas p\u00e1ginas y enlaces para mostrar en tu sistema de men\u00fas, puedes usar el megamen\u00fa de Rezilla Theme. Solo necesitas activar la tecla de navegaci\u00f3n.<\/li>\n\n\n\n<li>Compatibilidad con RTL<strong>Rezilla \u2013 Tema de WordPress para software y tecnolog\u00eda SaaS&nbsp;<\/strong><strong>admite RTL<\/strong>.&nbsp;<strong>RTL<\/strong>&nbsp;medio&nbsp;<strong>de derecha a izquierda.<\/strong>&nbsp;S\u00f3lo unos pocos idiomas en el mundo utilizan la direcci\u00f3n de texto.&nbsp;<strong>RTL<\/strong>, pero estos idiomas abarcan a m\u00e1s de mil millones de personas. A\u00f1adiendo soporte&nbsp;<strong>RTL<\/strong>&nbsp;Para ti si eres escritor&nbsp;<strong>Lenguaje RTL<\/strong>.<\/li>\n\n\n\n<li>Compatibilidad con WPML<strong>Rezilla \u2013 Tema de WordPress para software y tecnolog\u00eda SaaS&nbsp;<\/strong>apoya&nbsp;<strong>WPML.<\/strong>&nbsp;Es el complemento que crea m\u00e1s de un mill\u00f3n de sitios de WordPress.&nbsp;<strong>pluriling\u00fce.<\/strong>&nbsp;Es lo suficientemente potente para sitios web corporativos, pero lo suficientemente simple para blogs.<\/li>\n\n\n\n<li><strong>Instalaci\u00f3n y configuraci\u00f3n s\u00faper sencillas: Rezilla \u2013 Tema de WordPress para software y tecnolog\u00eda SaaS&nbsp;<\/strong>Instale r\u00e1pidamente el tema a trav\u00e9s de la carga de WordPress o FTP, luego use nuestro incre\u00edble Importador de demostraci\u00f3n de 1 clic para configurar p\u00e1ginas de demostraci\u00f3n, publicaciones, controles deslizantes, widgets, opciones de tema, etc. \u00a1Configuraci\u00f3n f\u00e1cil de 2 minutos!<\/li>\n\n\n\n<li><strong>Formulario de contacto 7:<\/strong>&nbsp;Usamos el plugin Contact Form 7 para formularios de contacto. Ya lo hemos configurado; \u00a1Contact Form 7 es genial y f\u00e1cil de usar! Adem\u00e1s, puedes crear el tuyo propio.<\/li>\n\n\n\n<li><strong>Importador de demostraci\u00f3n con un solo clic: Rezilla \u2013 Tema de WordPress para software y tecnolog\u00eda SaaS<\/strong>&nbsp;Una funci\u00f3n muy \u00fatil a\u00f1adida al tema es la posibilidad de importar vistas previas en vivo con un solo clic. Disfrutar\u00e1s a\u00f1adiendo tu propio contenido y experimentando con el dise\u00f1o, en lugar de crearlo todo desde cero.<\/li>\n\n\n\n<li><strong>Dise\u00f1o adaptable: Rezilla \u2013 Tema de WordPress para software y tecnolog\u00eda SaaS<\/strong>&nbsp;Tiene un dise\u00f1o adaptable que responder\u00e1 al ancho de su pantalla y har\u00e1 que su contenido se vea perfecto en todos los dispositivos, desde pantallas de escritorio grandes hasta tel\u00e9fonos m\u00f3viles y tabletas.<\/li>\n\n\n\n<li><strong>Potentes opciones de tema: Rezilla \u2013 Tema de WordPress para software y tecnolog\u00eda SaaS<\/strong>&nbsp;es un ejemplo perfecto de opciones de temas flexibles que pueden ajustarse y adaptarse f\u00e1cilmente a diversas necesidades de dise\u00f1o y desarrollo web.<\/li>\n\n\n\n<li><strong>Marco Bootstrap 5.x:<\/strong>&nbsp;Bootstrap es el marco HTML, CSS y JS m\u00e1s popular para desarrollar proyectos web responsivos y adaptados a dispositivos m\u00f3viles.<\/li>\n<\/ul>","protected":false},"excerpt":{"rendered":"<p>Rezilla \u2013 Se voc\u00ea planeja administrar um neg\u00f3cio de Tecnologia ou Empresa de Software Baseado em SaaS, ent\u00e3o voc\u00ea deve escolher Rezilla, que \u00e9 um tema WordPress profissional para empresas de Tecnologia ou Software Baseado em SaaS. O tema tamb\u00e9m \u00e9 bem indicado para startups e pequenas ag\u00eancias do setor digital. Rezilla SaaS Software &amp; [&hellip;]<\/p>","protected":false},"featured_media":195,"comment_status":"closed","ping_status":"open","template":"","meta":{"_jf_limit_responses":"","iawp_total_views":92},"product_brand":[],"product_cat":[22],"product_tag":[19],"class_list":{"0":"post-193","1":"product","2":"type-product","3":"status-publish","4":"has-post-thumbnail","6":"product_cat-temas-wordpress","7":"product_tag-vitalicio","9":"first","10":"instock","11":"downloadable","12":"virtual","13":"purchasable","14":"product-type-simple"},"_links":{"self":[{"href":"https:\/\/packdesites.com\/es\/wp-json\/wp\/v2\/product\/193","targetHints":{"allow":["GET"]}}],"collection":[{"href":"https:\/\/packdesites.com\/es\/wp-json\/wp\/v2\/product"}],"about":[{"href":"https:\/\/packdesites.com\/es\/wp-json\/wp\/v2\/types\/product"}],"replies":[{"embeddable":true,"href":"https:\/\/packdesites.com\/es\/wp-json\/wp\/v2\/comments?post=193"}],"version-history":[{"count":0,"href":"https:\/\/packdesites.com\/es\/wp-json\/wp\/v2\/product\/193\/revisions"}],"wp:featuredmedia":[{"embeddable":true,"href":"https:\/\/packdesites.com\/es\/wp-json\/wp\/v2\/media\/195"}],"wp:attachment":[{"href":"https:\/\/packdesites.com\/es\/wp-json\/wp\/v2\/media?parent=193"}],"wp:term":[{"taxonomy":"product_brand","embeddable":true,"href":"https:\/\/packdesites.com\/es\/wp-json\/wp\/v2\/product_brand?post=193"},{"taxonomy":"product_cat","embeddable":true,"href":"https:\/\/packdesites.com\/es\/wp-json\/wp\/v2\/product_cat?post=193"},{"taxonomy":"product_tag","embeddable":true,"href":"https:\/\/packdesites.com\/es\/wp-json\/wp\/v2\/product_tag?post=193"}],"curies":[{"name":"wp","href":"https:\/\/api.w.org\/{rel}","templated":true}]}}