{"id":1897,"date":"2024-11-14T16:42:03","date_gmt":"2024-11-14T16:42:03","guid":{"rendered":"https:\/\/packdesites.com\/produto\/bookly-pro-atualizado-addons-sistema-de-agendamento-reservas-e-consultas\/"},"modified":"2026-02-09T17:14:52","modified_gmt":"2026-02-09T20:14:52","slug":"sistema-de-reservas-y-citas-con-complementos-actualizados-de-bookly-pro","status":"publish","type":"product","link":"https:\/\/packdesites.com\/es\/product\/sistema-de-reservas-y-citas-con-complementos-actualizados-de-bookly-pro\/","title":{"rendered":"Bookly Pro v9.6 \u2013 Sistema de programaci\u00f3n, reservas y consulta"},"content":{"rendered":"<figure class=\"wp-block-image\"><img decoding=\"async\" src=\"https:\/\/packdesites.com\/wp-content\/uploads\/2025\/04\/bookly-customizable-look-feel-of-the-booking-form.png\" alt=\"Apariencia personalizable del formulario de reserva de Bookly\" class=\"wp-image-80\" title=\"Aspecto personalizable del formulario de reserva de Bookly\"\/><\/figure>\n\n\n\n<h4 class=\"wp-block-heading\">Apariencia personalizable del formulario de reserva<\/h4>\n\n\n\n<p>Personalice la apariencia de su formulario de reserva seg\u00fan sus preferencias personales personalizando cada paso.<\/p>\n\n\n\n<figure class=\"wp-block-image\"><img decoding=\"async\" src=\"https:\/\/packdesites.com\/wp-content\/uploads\/2025\/04\/bookly-full-mobile-integration.png\" alt=\"Formulario de reserva optimizado para dispositivos m\u00f3viles\" class=\"wp-image-81\" title=\"Formulario de reserva optimizado para dispositivos m\u00f3viles\"\/><\/figure>\n\n\n\n<h4 class=\"wp-block-heading\">Formulario de reserva optimizado para dispositivos m\u00f3viles<\/h4>\n\n\n\n<p>El formulario de reserva responde perfectamente y funciona muy bien en cualquier dispositivo.<\/p>\n\n\n\n<figure class=\"wp-block-image\"><img decoding=\"async\" src=\"https:\/\/packdesites.com\/wp-content\/uploads\/2025\/04\/bookly-sleek-intuitive-design.png\" alt=\"Dise\u00f1o elegante e intuitivo\" class=\"wp-image-219\" title=\"Dise\u00f1o elegante e intuitivo\"\/><\/figure>\n\n\n\n<h4 class=\"wp-block-heading\">Dise\u00f1o elegante e intuitivo<\/h4>\n\n\n\n<p>Una interfaz de formulario de reserva f\u00e1cil de usar hace que el proceso de reserva sea claro, r\u00e1pido y sencillo.<\/p>\n\n\n\n<figure class=\"wp-block-image\"><img decoding=\"async\" src=\"https:\/\/packdesites.com\/wp-content\/uploads\/2025\/04\/bookly-user-friendly-admin-panel.png\" alt=\"Panel de administraci\u00f3n f\u00e1cil de usar en Bookly\" class=\"wp-image-222\" title=\"Panel de administraci\u00f3n f\u00e1cil de usar en Bookly\"\/><\/figure>\n\n\n\n<h4 class=\"wp-block-heading\">Panel de administraci\u00f3n f\u00e1cil de usar<\/h4>\n\n\n\n<p>\u00c1rea de administraci\u00f3n integral para gestionar citas y recursos de la forma m\u00e1s sencilla y r\u00e1pida posible.<\/p>\n\n\n\n<figure class=\"wp-block-image\"><img decoding=\"async\" src=\"https:\/\/packdesites.com\/wp-content\/uploads\/2025\/04\/bookly-unlimited-number-of-booking-forms.png\" alt=\"Formularios de reserva de Bookly ilimitados en su sitio web\" class=\"wp-image-11588\" title=\"N\u00famero ilimitado de formularios de reserva de Bookly en su sitio\"\/><\/figure>\n\n\n\n<h4 class=\"wp-block-heading\">N\u00famero ilimitado de formularios de reserva en su sitio web<\/h4>\n\n\n\n<p>Crea y publica tantos formularios de reserva de Bookly como quieras en tu sitio web.<\/p>\n\n\n\n<figure class=\"wp-block-image\"><img decoding=\"async\" src=\"https:\/\/packdesites.com\/wp-content\/uploads\/2025\/04\/bookly-receive-secure-and-flexible-payments.png\" alt=\"Obtenga pagos seguros y flexibles en Bookly\" class=\"wp-image-229\" title=\"Reciba pagos seguros y flexibles en Bookly\"\/><\/figure>\n\n\n\n<h4 class=\"wp-block-heading\">Reciba pagos seguros y flexibles<\/h4>\n\n\n\n<p>Procese f\u00e1cilmente pagos con tarjeta de cr\u00e9dito en su sitio web y realice un seguimiento sin esfuerzo de las estad\u00edsticas de pago.<\/p>\n\n\n\n<figure class=\"wp-block-image\"><img decoding=\"async\" src=\"https:\/\/packdesites.com\/wp-content\/uploads\/2025\/04\/bookly-let-customers-view-edit-bookings-online.png\" alt=\"Permitir a los clientes ver y editar reservas en l\u00ednea en Bookly\" class=\"wp-image-230\" title=\"Permita que los clientes vean y editen reservas en l\u00ednea en Bookly\"\/><\/figure>\n\n\n\n<h4 class=\"wp-block-heading\">Permitir que los clientes vean y editen reservas en l\u00ednea<\/h4>\n\n\n\n<p>Los clientes pueden acceder f\u00e1cilmente a la informaci\u00f3n de sus reservas y realizar cancelaciones directamente en su sitio web.<\/p>\n\n\n\n<figure class=\"wp-block-image\"><img decoding=\"async\" src=\"https:\/\/packdesites.com\/wp-content\/uploads\/2025\/04\/bookly-view-calendar-in-daily-weekly-monthly-modes.png\" alt=\"Ver el calendario en modo diario\/semanal\/mensual en Bookly\" class=\"wp-image-232\" title=\"Ver el calendario en modo diario\/semanal\/mensual en Bookly\"\/><\/figure>\n\n\n\n<h4 class=\"wp-block-heading\">Ver el calendario en modo diario\/semanal\/mensual<\/h4>\n\n\n\n<p>Elija entre m\u00faltiples formatos de visualizaci\u00f3n de calendario para obtener una descripci\u00f3n general de la carga de trabajo de su empresa.<\/p>\n\n\n\n<figure class=\"wp-block-image\"><img decoding=\"async\" src=\"https:\/\/packdesites.com\/wp-content\/uploads\/2025\/04\/bookly-automatic-or-manual-booking-approval.png\" alt=\"Aprobaci\u00f3n autom\u00e1tica o manual de reservas en Bookly\" class=\"wp-image-234\" title=\"Aprobaci\u00f3n autom\u00e1tica o manual de reservas en Bookly\"\/><\/figure>\n\n\n\n<h4 class=\"wp-block-heading\">Aprobaci\u00f3n autom\u00e1tica o manual de reservas<\/h4>\n\n\n\n<p>Establezca un estado predeterminado para las nuevas reservas: pendiente o aprobada.<\/p>\n\n\n\n<figure class=\"wp-block-image\"><img decoding=\"async\" src=\"https:\/\/packdesites.com\/wp-content\/uploads\/2025\/04\/bookly-filterable-sortable-searchable-booking-list.png\" alt=\"Lista de reservas filtrable, ordenable y con capacidad de b\u00fasqueda en Bookly\" class=\"wp-image-235\" title=\"Lista de reservas filtrable, ordenable y con capacidad de b\u00fasqueda en Bookly\"\/><\/figure>\n\n\n\n<h4 class=\"wp-block-heading\">Lista de reservas filtrable, ordenable y con capacidad de b\u00fasqueda<\/h4>\n\n\n\n<p>Rastrea y gestiona todas las reservas sin esfuerzo. Configurar la copia impresa del registro de citas programadas y exportarlo a CSV.<\/p>\n\n\n\n<figure class=\"wp-block-image\"><img decoding=\"async\" src=\"https:\/\/packdesites.com\/wp-content\/uploads\/2025\/04\/bookly-set-minimum-notice-periods-for-bookings-cancellations.png\" alt=\"Establezca per\u00edodos m\u00ednimos de aviso para reservas y cancelaciones en Bookly\" class=\"wp-image-237\" title=\"Establezca per\u00edodos m\u00ednimos de aviso para reservas y cancelaciones en Bookly\"\/><\/figure>\n\n\n\n<h4 class=\"wp-block-heading\">Establecer periodos m\u00ednimos de aviso para reservas y cancelaciones<\/h4>\n\n\n\n<p>Defina con cu\u00e1nta anticipaci\u00f3n los clientes pueden programar y cancelar citas.<\/p>\n\n\n\n<figure class=\"wp-block-image\"><img decoding=\"async\" src=\"https:\/\/packdesites.com\/wp-content\/uploads\/2025\/04\/bookly-cancel-booking-by-admin-staff-customer.png\" alt=\"Cancelar reserva por parte del administrador, personal o cliente en Bookly\" class=\"wp-image-239\" title=\"Cancelar reserva por parte del administrador, personal o cliente en Bookly\"\/><\/figure>\n\n\n\n<h4 class=\"wp-block-heading\">Cancelar reserva por parte del administrador, personal o cliente<\/h4>\n\n\n\n<p>Un proceso de cancelaci\u00f3n con un solo clic tanto para el cliente como para el personal\/administrador.<\/p>\n\n\n\n<figure class=\"wp-block-image\"><img decoding=\"async\" src=\"https:\/\/packdesites.com\/wp-content\/uploads\/2025\/04\/bookly-create-appointments-with-custom-service.png\" alt=\"Crea citas de servicio personalizadas en Bookly\" class=\"wp-image-241\" title=\"Crea citas con servicio personalizado en Bookly\"\/><\/figure>\n\n\n\n<h4 class=\"wp-block-heading\">Crea citas con servicio personalizado<\/h4>\n\n\n\n<p>A\u00f1ade citas personalizadas a tu agenda diaria para eventos que no figuran en tus servicios.<\/p>\n\n\n\n<figure class=\"wp-block-image\"><img decoding=\"async\" src=\"https:\/\/packdesites.com\/wp-content\/uploads\/2025\/04\/bookly-zoom-google-meet-integration.png\" alt=\"Integraci\u00f3n de Zoom y Google Meet en Bookly\" class=\"wp-image-242\" title=\"Integraci\u00f3n de Zoom y Google Meet en Bookly\"\/><\/figure>\n\n\n\n<h4 class=\"wp-block-heading\">Integraci\u00f3n con Zoom y Google Meet<\/h4>\n\n\n\n<p>Videoconferencia para reuniones interactivas en cualquier dispositivo.<\/p>\n\n\n\n<figure class=\"wp-block-image\"><img decoding=\"async\" src=\"https:\/\/packdesites.com\/wp-content\/uploads\/2025\/04\/bookly-define-number-of-days-available-for-booking.png\" alt=\"Establezca el n\u00famero de d\u00edas disponibles para reservar en Bookly\" class=\"wp-image-244\" title=\"Define el n\u00famero de d\u00edas disponibles para reservar en Bookly\"\/><\/figure>\n\n\n\n<h4 class=\"wp-block-heading\">Establezca el n\u00famero de d\u00edas disponibles para la reserva<\/h4>\n\n\n\n<p>Establezca l\u00edmites de programaci\u00f3n para especificar con cu\u00e1nta anticipaci\u00f3n en el futuro los clientes pueden programar citas.<\/p>\n\n\n\n<figure class=\"wp-block-image\"><img decoding=\"async\" src=\"https:\/\/packdesites.com\/wp-content\/uploads\/2025\/04\/bookly-unlimited-number-of-service-providers.png\" alt=\"N\u00famero ilimitado de proveedores de servicios en Bookly\" class=\"wp-image-245\" title=\"N\u00famero ilimitado de proveedores de servicios en Bookly\"\/><\/figure>\n\n\n\n<h4 class=\"wp-block-heading\">N\u00famero ilimitado de proveedores de servicios<\/h4>\n\n\n\n<p>Agregue varios miembros del equipo, cada uno con sus propios precios, horas de trabajo y configuraciones de visibilidad.<\/p>\n\n\n\n<figure class=\"wp-block-image\"><img decoding=\"async\" src=\"https:\/\/packdesites.com\/wp-content\/uploads\/2025\/04\/bookly-allow-staff-members-manage-their-profiles-and-calendars.png\" alt=\"Permitir que los miembros del equipo administren sus perfiles y calendarios en Bookly\" class=\"wp-image-246\" title=\"Permitir que los miembros del personal administren sus perfiles y calendarios en Bookly\"\/><\/figure>\n\n\n\n<h4 class=\"wp-block-heading\">Permitir que los miembros del equipo administren sus perfiles y calendarios<\/h4>\n\n\n\n<p>Permita que su equipo acceda y administre sus horarios semanales y actualice su informaci\u00f3n personal directamente desde el panel de administraci\u00f3n de Bookly.<\/p>\n\n\n\n<figure class=\"wp-block-image\"><img decoding=\"async\" src=\"https:\/\/packdesites.com\/wp-content\/uploads\/2025\/04\/bookly-individual-settings-for-each-service-provider.png\" alt=\"Configuraciones individuales para cada proveedor de servicios en Bookly\" class=\"wp-image-247\" title=\"Configuraciones individuales para cada proveedor de servicios en Bookly\"\/><\/figure>\n\n\n\n<h4 class=\"wp-block-heading\">Configuraciones individuales para cada proveedor de servicios<\/h4>\n\n\n\n<p>Cree y administre horarios y precios personalizados para sus empleados.<\/p>\n\n\n\n<figure class=\"wp-block-image\"><img decoding=\"async\" src=\"https:\/\/packdesites.com\/wp-content\/uploads\/2025\/04\/bookly-color-code-services-in-calendar.png\" alt=\"Servicios de codificaci\u00f3n por colores en el calendario de Bookly\" class=\"wp-image-249\" title=\"Servicios de codificaci\u00f3n por colores en el calendario de Bookly\"\/><\/figure>\n\n\n\n<h4 class=\"wp-block-heading\">Servicios de codificaci\u00f3n por colores en el calendario<\/h4>\n\n\n\n<p>Realice un seguimiento de las citas en su calendario mediante servicios de codificaci\u00f3n por colores.<\/p>\n\n\n\n<figure class=\"wp-block-image\"><img decoding=\"async\" src=\"https:\/\/packdesites.com\/wp-content\/uploads\/2025\/04\/bookly-edit-record-template-displayed-in-calendar.png\" alt=\"Editar la plantilla de registro que se muestra en su calendario Bookly\" class=\"wp-image-250\" title=\"Editar la plantilla de registro que se muestra en el calendario de Bookly\"\/><\/figure>\n\n\n\n<h4 class=\"wp-block-heading\">Editar la plantilla de registro que se muestra en el calendario<\/h4>\n\n\n\n<p>Configura la representaci\u00f3n visual de tus citas en Bookly Calendario seg\u00fan tus preferencias.<\/p>\n\n\n\n<figure class=\"wp-block-image\"><img decoding=\"async\" src=\"https:\/\/packdesites.com\/wp-content\/uploads\/2025\/04\/bookly-manage-your-customer-base-effortlessly.png\" alt=\"Gestiona tu base de clientes sin esfuerzo en Bookly\" class=\"wp-image-251\" title=\"Gestiona tu base de clientes sin esfuerzo en Bookly\"\/><\/figure>\n\n\n\n<h4 class=\"wp-block-heading\">Gestione su base de clientes sin esfuerzo<\/h4>\n\n\n\n<p>Agregue una cantidad ilimitada de hu\u00e9spedes a una lista ordenable y buscable, completa con historial de reservas completo, estad\u00edsticas de pago y notas internas.<\/p>\n\n\n\n<figure class=\"wp-block-image\"><img decoding=\"async\" src=\"https:\/\/packdesites.com\/wp-content\/uploads\/2025\/04\/bookly-unlimited-number-of-services-grouped-into-categories.png\" alt=\"N\u00famero ilimitado de servicios agrupados en categor\u00edas en Bookly\" class=\"wp-image-252\" title=\"N\u00famero ilimitado de servicios agrupados en categor\u00edas en Bookly\"\/><\/figure>\n\n\n\n<h4 class=\"wp-block-heading\">N\u00famero ilimitado de servicios agrupados en categor\u00edas<\/h4>\n\n\n\n<p>Ordene y organice un n\u00famero ilimitado de servicios en diferentes tipos, lo que permite una f\u00e1cil navegaci\u00f3n y una gesti\u00f3n eficiente.<\/p>\n\n\n\n<figure class=\"wp-block-image\"><img decoding=\"async\" src=\"https:\/\/packdesites.com\/wp-content\/uploads\/2025\/04\/bookly-send-automatic-email-and-sms-notifications.png\" alt=\"Env\u00eda notificaciones autom\u00e1ticas por correo electr\u00f3nico y SMS en Bookly\" class=\"wp-image-254\" title=\"Env\u00eda notificaciones autom\u00e1ticas por correo electr\u00f3nico y SMS en Bookly\"\/><\/figure>\n\n\n\n<h4 class=\"wp-block-heading\">Env\u00eda notificaciones autom\u00e1ticas por correo electr\u00f3nico y SMS en Bookly<\/h4>\n\n\n\n<p>Configure y env\u00ede una variedad de notificaciones personalizadas por correo electr\u00f3nico y SMS directamente desde el backend de Bookly a sus clientes y empleados.<\/p>\n\n\n\n<figure class=\"wp-block-image\"><img decoding=\"async\" src=\"https:\/\/packdesites.com\/wp-content\/uploads\/2025\/04\/bookly-individual-settings-for-each-service.png\" alt=\"Configuraciones individuales para cada servicio en Bookly\" class=\"wp-image-255\" title=\"Configuraciones individuales para cada servicio en Bookly\"\/><\/figure>\n\n\n\n<h4 class=\"wp-block-heading\">Configuraciones individuales para cada servicio<\/h4>\n\n\n\n<p>La funcionalidad avanzada de gesti\u00f3n de servicios le permite crear configuraciones personalizadas para cada servicio proporcionado por su empresa.<\/p>\n\n\n\n<figure class=\"wp-block-image\"><img decoding=\"async\" src=\"https:\/\/packdesites.com\/wp-content\/uploads\/2025\/04\/bookly-multi-language-support.png\" alt=\"Soporte multiling\u00fce en Bookly\" class=\"wp-image-256\" title=\"Compatibilidad con varios idiomas en Bookly\"\/><\/figure>\n\n\n\n<h4 class=\"wp-block-heading\">Soporte multiling\u00fce (PT-BR)<\/h4>\n\n\n\n<p>Traduce todo Bookly usando la integraci\u00f3n WPML, para que tus clientes puedan reservar en su idioma nativo.<\/p>\n\n\n\n<figure class=\"wp-block-image\"><img decoding=\"async\" src=\"https:\/\/packdesites.com\/wp-content\/uploads\/2025\/04\/bookly-customize-each-notification-template.png\" alt=\"Personaliza cada plantilla de notificaci\u00f3n en Bookly\" class=\"wp-image-257\" title=\"Personaliza cada plantilla de notificaci\u00f3n en Bookly\"\/><\/figure>\n\n\n\n<h4 class=\"wp-block-heading\">Personaliza cada plantilla de notificaci\u00f3n<\/h4>\n\n\n\n<p>Cree correos electr\u00f3nicos y mensajes de texto personalizados directamente desde el backend de Bookly.<\/p>\n\n\n\n<figure class=\"wp-block-image\"><img decoding=\"async\" src=\"https:\/\/packdesites.com\/wp-content\/uploads\/2025\/04\/google-calendar-integration-feature.png\" alt=\"Integraci\u00f3n de Google Calendar en Bookly\" class=\"wp-image-260\" title=\"Integraci\u00f3n del calendario de Google en Bookly\"\/><\/figure>\n\n\n\n<h4 class=\"wp-block-heading\">Integraci\u00f3n con Google Calendar<\/h4>\n\n\n\n<p>Sincronice los calendarios de los miembros del equipo con Google Calendar.<\/p>\n\n\n\n<figure class=\"wp-block-image\"><img decoding=\"async\" src=\"https:\/\/packdesites.com\/wp-content\/uploads\/2025\/04\/bookly-woocommerce-integration.png\" alt=\"Integraci\u00f3n de WooCommerce en Bookly\" class=\"wp-image-261\" title=\"Integraci\u00f3n de WooCommerce en Bookly\"\/><\/figure>\n\n\n\n<h4 class=\"wp-block-heading\">Integraci\u00f3n con WooCommerce<\/h4>\n\n\n\n<p>Utilice WooCommerce como parte integral de su complemento Bookly.<\/p>\n\n\n\n<figure class=\"wp-block-image\"><img decoding=\"async\" src=\"https:\/\/packdesites.com\/wp-content\/uploads\/2025\/04\/bookly-built-in-analytics.png\" alt=\"An\u00e1lisis integrado de Bookly\" class=\"wp-image-262\" title=\"An\u00e1lisis integrado en Bookly\"\/><\/figure>\n\n\n\n<h4 class=\"wp-block-heading\">An\u00e1lisis integrado<\/h4>\n\n\n\n<p>Con el panel de control integrado de Bookly, podr\u00e1 acceder y revisar f\u00e1cilmente informes completos sobre diversos aspectos de su negocio.<\/p>\n\n\n\n<figure class=\"wp-block-image\"><img decoding=\"async\" src=\"https:\/\/packdesites.com\/wp-content\/uploads\/2025\/04\/bookly-whatsapp-integration.png\" alt=\"Integraci\u00f3n de WhatsApp en Bookly\" class=\"wp-image-11678\" title=\"Integraci\u00f3n de WhatsApp en Bookly\"\/><\/figure>\n\n\n\n<h4 class=\"wp-block-heading\">Notificaciones de WhatsApp<\/h4>\n\n\n\n<p>Mant\u00e9ngase conectado con sus clientes y empleados enviando mensajes instant\u00e1neos de WhatsApp.<\/p>\n\n\n\n<figure class=\"wp-block-image\"><img decoding=\"async\" src=\"https:\/\/packdesites.com\/wp-content\/uploads\/2025\/04\/bookly-zapier-integration.png\" alt=\"Integraci\u00f3n de Zapier en Bookly\" class=\"wp-image-11604\" title=\"Integraci\u00f3n de Zapier en Bookly\"\/><\/figure>\n\n\n\n<h4 class=\"wp-block-heading\">Integraci\u00f3n con Zapier<\/h4>\n\n\n\n<p>Integre Bookly con sus aplicaciones en la nube favoritas para optimizar los flujos de trabajo y automatizar tareas.<\/p>\n\n\n\n<figure class=\"wp-block-image\"><img decoding=\"async\" src=\"https:\/\/packdesites.com\/wp-content\/uploads\/2025\/04\/bookly-offer-gift-cards.png\" alt=\"Ofrece tarjetas de regalo en Bookly\" class=\"wp-image-11682\" title=\"Ofrece tarjetas de regalo en Bookly\"\/><\/figure>\n\n\n\n<h4 class=\"wp-block-heading\">Ofrecer tarjetas de regalo<\/h4>\n\n\n\n<p>Permitir a los clientes comprar tarjetas de regalo con un dep\u00f3sito predeterminado, que se puede utilizar durante la reserva en l\u00ednea.<\/p>","protected":false},"excerpt":{"rendered":"<p>Apar\u00eancia personaliz\u00e1vel do formul\u00e1rio de reserva Personalize a apar\u00eancia do seu formul\u00e1rio de reserva de acordo com suas prefer\u00eancias personalizadas, personalizando cada etapa. Formul\u00e1rio de reserva compat\u00edvel com dispositivos m\u00f3veis O formul\u00e1rio de reserva \u00e9 perfeitamente responsivo e funciona muito bem em qualquer dispositivo. Design elegante e intuitivo Uma interface amig\u00e1vel do formul\u00e1rio de reserva [&hellip;]<\/p>","protected":false},"featured_media":1930,"comment_status":"open","ping_status":"open","template":"","meta":{"_jf_limit_responses":"","iawp_total_views":122},"product_brand":[],"product_cat":[41],"product_tag":[19],"class_list":{"0":"post-1897","1":"product","2":"type-product","3":"status-publish","4":"has-post-thumbnail","6":"product_cat-plugins","7":"product_tag-vitalicio","9":"first","10":"instock","11":"downloadable","12":"virtual","13":"purchasable","14":"product-type-simple"},"_links":{"self":[{"href":"https:\/\/packdesites.com\/es\/wp-json\/wp\/v2\/product\/1897","targetHints":{"allow":["GET"]}}],"collection":[{"href":"https:\/\/packdesites.com\/es\/wp-json\/wp\/v2\/product"}],"about":[{"href":"https:\/\/packdesites.com\/es\/wp-json\/wp\/v2\/types\/product"}],"replies":[{"embeddable":true,"href":"https:\/\/packdesites.com\/es\/wp-json\/wp\/v2\/comments?post=1897"}],"version-history":[{"count":2,"href":"https:\/\/packdesites.com\/es\/wp-json\/wp\/v2\/product\/1897\/revisions"}],"predecessor-version":[{"id":24621,"href":"https:\/\/packdesites.com\/es\/wp-json\/wp\/v2\/product\/1897\/revisions\/24621"}],"wp:featuredmedia":[{"embeddable":true,"href":"https:\/\/packdesites.com\/es\/wp-json\/wp\/v2\/media\/1930"}],"wp:attachment":[{"href":"https:\/\/packdesites.com\/es\/wp-json\/wp\/v2\/media?parent=1897"}],"wp:term":[{"taxonomy":"product_brand","embeddable":true,"href":"https:\/\/packdesites.com\/es\/wp-json\/wp\/v2\/product_brand?post=1897"},{"taxonomy":"product_cat","embeddable":true,"href":"https:\/\/packdesites.com\/es\/wp-json\/wp\/v2\/product_cat?post=1897"},{"taxonomy":"product_tag","embeddable":true,"href":"https:\/\/packdesites.com\/es\/wp-json\/wp\/v2\/product_tag?post=1897"}],"curies":[{"name":"wp","href":"https:\/\/api.w.org\/{rel}","templated":true}]}}