{"id":1893,"date":"2024-11-14T16:27:41","date_gmt":"2024-11-14T16:27:41","guid":{"rendered":"https:\/\/packdesites.com\/produto\/dominus-kits-de-templates-elementor-para-estudios-de-tatuagem\/"},"modified":"2025-04-03T01:46:40","modified_gmt":"2025-04-03T01:46:40","slug":"kits-de-plantillas-de-dominus-elementor-para-estudios-de-tatuajes","status":"publish","type":"product","link":"https:\/\/packdesites.com\/es\/product\/kits-de-plantillas-de-dominus-elementor-para-estudios-de-tatuajes\/","title":{"rendered":"Dominus \u2013 Kits de plantillas de Elementor para estudios de tatuajes"},"content":{"rendered":"<p>Dominus \u2013 Tattoo Studio Elementor Template Kits es un estudio de tatuajes vintage moderno y un sitio web relacionado con la industria vintage creado con kits de plantillas Elementor, adecuado para otras industrias de estilo peque\u00f1o estudio y taller. El kit ha sido optimizado para su uso con el tema gratuito Hello Elementor, pero funciona con la mayor\u00eda de los temas que usan Elementor.<\/p>\n\n\n\n<p>. Modelos ###:<\/p>\n\n\n\n<ul class=\"wp-block-list\">\n<li>Inicio 1<\/li>\n\n\n\n<li>Inicio 2<\/li>\n\n\n\n<li>Sobre nosotros<\/li>\n\n\n\n<li>Nuestro equipo<\/li>\n\n\n\n<li>Portafolio 1<\/li>\n\n\n\n<li>Portafolio 2<\/li>\n\n\n\n<li>Preguntas frecuentes<\/li>\n\n\n\n<li>Dentro de poco<\/li>\n\n\n\n<li>404 No encontrado<\/li>\n\n\n\n<li>Cont\u00e1ctanos<\/li>\n<\/ul>\n\n\n\n<p>### Caracter\u00edsticas:<\/p>\n\n\n\n<ul class=\"wp-block-list\">\n<li>Dentro de poco<\/li>\n\n\n\n<li>404<\/li>\n\n\n\n<li>10 demostraciones prefabricadas<\/li>\n\n\n\n<li>Dise\u00f1o limpio y vintage<\/li>\n\n\n\n<li>Totalmente personalizable<\/li>\n<\/ul>\n\n\n\n<p>#### Complementos necesarios instalados:<\/p>\n\n\n\n<ul class=\"wp-block-list\">\n<li>Elementor<\/li>\n\n\n\n<li>Adem\u00e1s, este kit requiere Elementor Pro (no incluido) para importar algunas plantillas y activos.<\/li>\n<\/ul>\n\n\n\n<p>#### C\u00d3MO INSTALAR:<\/p>\n\n\n\n<p>Instale y active el complemento \u201cEnvato Elements\u201d desde Complementos &gt; Agregar nuevo en WordPress, luego importe el zip del Kit desde Elementos &gt; Kits instalados haciendo clic en el bot\u00f3n Cargar kit de plantilla. Antes de importar una plantilla, aseg\u00farese de hacer clic en el bot\u00f3n Instalar requisitos para activar los complementos necesarios. Para obtener mejores resultados, no importe m\u00e1s de un modelo a la vez.<\/p>","protected":false},"excerpt":{"rendered":"<p>Dominus &#8211; Tattoo Studio Elementor Template Kits \u00e9 um est\u00fadio de tatuagem vintage moderno e um site relacionado \u00e0 ind\u00fastria vintage, constru\u00eddo em kits Elementor Template, adequados para outras pequenas ind\u00fastrias de estilo de est\u00fadio e oficina. O kit foi otimizado para uso com o tema gratuito Hello Elementor, mas funciona com a maioria dos [&hellip;]<\/p>","protected":false},"featured_media":1894,"comment_status":"open","ping_status":"open","template":"","meta":{"_jf_limit_responses":"","iawp_total_views":50},"product_brand":[],"product_cat":[27,23,24],"product_tag":[19],"class_list":{"0":"post-1893","1":"product","2":"type-product","3":"status-publish","4":"has-post-thumbnail","6":"product_cat-prestadores-de-servicos","7":"product_cat-templates-elementor-e-envato","8":"product_cat-templates-envato","9":"product_tag-vitalicio","11":"first","12":"instock","13":"downloadable","14":"virtual","15":"purchasable","16":"product-type-simple"},"_links":{"self":[{"href":"https:\/\/packdesites.com\/es\/wp-json\/wp\/v2\/product\/1893","targetHints":{"allow":["GET"]}}],"collection":[{"href":"https:\/\/packdesites.com\/es\/wp-json\/wp\/v2\/product"}],"about":[{"href":"https:\/\/packdesites.com\/es\/wp-json\/wp\/v2\/types\/product"}],"replies":[{"embeddable":true,"href":"https:\/\/packdesites.com\/es\/wp-json\/wp\/v2\/comments?post=1893"}],"version-history":[{"count":0,"href":"https:\/\/packdesites.com\/es\/wp-json\/wp\/v2\/product\/1893\/revisions"}],"wp:featuredmedia":[{"embeddable":true,"href":"https:\/\/packdesites.com\/es\/wp-json\/wp\/v2\/media\/1894"}],"wp:attachment":[{"href":"https:\/\/packdesites.com\/es\/wp-json\/wp\/v2\/media?parent=1893"}],"wp:term":[{"taxonomy":"product_brand","embeddable":true,"href":"https:\/\/packdesites.com\/es\/wp-json\/wp\/v2\/product_brand?post=1893"},{"taxonomy":"product_cat","embeddable":true,"href":"https:\/\/packdesites.com\/es\/wp-json\/wp\/v2\/product_cat?post=1893"},{"taxonomy":"product_tag","embeddable":true,"href":"https:\/\/packdesites.com\/es\/wp-json\/wp\/v2\/product_tag?post=1893"}],"curies":[{"name":"wp","href":"https:\/\/api.w.org\/{rel}","templated":true}]}}