{"id":1889,"date":"2024-11-12T19:15:18","date_gmt":"2024-11-12T19:15:18","guid":{"rendered":"https:\/\/packdesites.com\/produto\/dapper-kit-de-modelos-elementor-para-barbearia-e-estudio-de-cabeleireiro\/"},"modified":"2025-06-12T19:23:19","modified_gmt":"2025-06-12T22:23:19","slug":"kit-de-plantillas-elegantes-de-elementor-para-peluquerias-y-estudios-de-belleza","status":"publish","type":"product","link":"https:\/\/packdesites.com\/es\/product\/kit-de-plantillas-elegantes-de-elementor-para-peluquerias-y-estudios-de-belleza\/","title":{"rendered":"Dapper \u2013 Kit de plantillas de Elementor para peluquer\u00eda y estudio de belleza"},"content":{"rendered":"<p>Dapper es un kit de plantillas de Elementor especialmente dise\u00f1ado para sitios web de barber\u00edas. Este kit incluye una selecci\u00f3n ideal de plantillas para cualquier negocio o servicio relacionado con barber\u00edas, ecolog\u00eda, peinados, cuidado capilar, cortes de pelo, pomadas o cualquier otra industria. Este kit tiene un dise\u00f1o moderno y \u00fanico con un dise\u00f1o 100% totalmente responsivo, f\u00e1cil de instalar y, por supuesto, muy f\u00e1cil de personalizar, ya que con Elementor no necesitas escribir ni una sola l\u00ednea de c\u00f3digo. Ahorra tiempo.<\/p>\n\n\n\n<p>Este kit de plantillas contiene contenido de p\u00e1gina para crear p\u00e1ginas de Elementor. Este kit est\u00e1 optimizado para su uso con el tema gratuito \u201cHello Elementor\u201d.<\/p>\n\n\n\n<p><strong>Caracter\u00edsticas:<\/strong><\/p>\n\n\n\n<ul class=\"wp-block-list\">\n<li>Compatible con WordPress \u2013 Elementor<\/li>\n\n\n\n<li>Uso de complementos gratuitos (no se requiere Elementor Pro)<\/li>\n\n\n\n<li>Personalizaci\u00f3n real sin c\u00f3digo con arrastrar y soltar<\/li>\n\n\n\n<li>100% totalmente responsivo y compatible con dispositivos m\u00f3viles<\/li>\n\n\n\n<li>Dise\u00f1o moderno y profesional.<\/li>\n\n\n\n<li>M\u00e1s de 14 plantillas predise\u00f1adas listas para usar<\/li>\n\n\n\n<li>Personaliza fuentes y colores en un solo lugar (Estilo de kit de temas global)<\/li>\n<\/ul>\n\n\n\n<p><strong>Modelos Zip:<\/strong><\/p>\n\n\n\n<ul class=\"wp-block-list\">\n<li>P\u00e1gina de inicio<\/li>\n\n\n\n<li>Sobre nosotros<\/li>\n\n\n\n<li>Nuestro equipo<\/li>\n\n\n\n<li>Servicios<\/li>\n\n\n\n<li>Detalle del servicio<\/li>\n\n\n\n<li>Servicios<\/li>\n\n\n\n<li>Nuestro trabajo<\/li>\n\n\n\n<li>Precios<\/li>\n\n\n\n<li>Galer\u00eda<\/li>\n\n\n\n<li>PREGUNTAS FRECUENTES<\/li>\n\n\n\n<li>Blog<\/li>\n\n\n\n<li>P\u00e1gina 404<\/li>\n\n\n\n<li>Ponte en contacto con nosotros<\/li>\n\n\n\n<li>encabezamiento<\/li>\n\n\n\n<li>Z\u00f3calo<\/li>\n<\/ul>\n\n\n\n<p><strong>Complementos necesarios:<\/strong><\/p>\n\n\n\n<ul class=\"wp-block-list\">\n<li>Elementor<\/li>\n\n\n\n<li>Forma tem\u00e1tica de Roma<\/li>\n\n\n\n<li>Kit con tem\u00e1tica de Roma<\/li>\n<\/ul>\n\n\n\n<p><strong>C\u00f3mo utilizar los kits de plantillas:<\/strong>\u00a0Este no es un tema de WordPress. Los kits de plantillas contienen \u00fanicamente datos de dise\u00f1o de Elementor y se instalan mediante el plugin de WordPress de Envato Elements o directamente a trav\u00e9s de Elementor.<\/p>\n\n\n\n<p>Los kits de plantillas de Elementor utilizan el complemento Envato Elements para su instalaci\u00f3n.<\/p>\n\n\n\n<p>Gu\u00eda detallada:<\/p>\n\n\n\n<ul class=\"wp-block-list\">\n<li><a href=\"https:\/\/help.elements.envato.com\/hc\/en-us\/articles\/36032349441945-How-to-Install-Elementor-Template-Kits-With-the-Envato-Elements-Plugin-in-WordPress-for-Envato-Elements-Subscribers\" target=\"_blank\" rel=\"noopener\">https:\/\/help.elements.envato.com\/hc\/en-us\/articles\/36032349441945-How-to-Install-Elementor-Template-Kits-With-the-Envato-Elements-Plugin-in-WordPress-for-Envato-Elements-Subscribers<\/a><\/li>\n<\/ul>\n\n\n\n<p>Para obtener m\u00e1s ayuda, vaya a Elementor &gt; Obtener ayuda en el men\u00fa de WordPress.<\/p>\n\n\n\n<p><strong>Configurar el encabezado y pie de p\u00e1gina global en RomeThemeKit<\/strong><\/p>\n\n\n\n<ul class=\"wp-block-list\">\n<li>Importe los bloques de encabezado y pie de p\u00e1gina desde Template-Kit.<\/li>\n\n\n\n<li>Vaya a \u201cRomeThemeKit\u201d &gt; Creador de temas &gt; y haga clic en Agregar nuevo.<\/li>\n\n\n\n<li>En las opciones \u201cGenerales\u201d, dale un t\u00edtulo al encabezado, elige la opci\u00f3n Tipo y activa la opci\u00f3n Habilitar.<\/li>\n\n\n\n<li>En las opciones de \u201cCondici\u00f3n\u201d, seleccione Todo el sitio y haga clic en Guardar cambios.<\/li>\n\n\n\n<li>En la tabla de creaci\u00f3n de temas, elija su encabezado personalizado y haga clic en \u201cEditar con Elementor\u201d.<\/li>\n\n\n\n<li>En la pantalla de Elementor, haga clic en el \u00edcono de la carpeta gris para acceder a la pesta\u00f1a &quot;Mis plantillas&quot;, luego seleccione el bloque de encabezado para importar con el clic en Insertar.<\/li>\n\n\n\n<li>Luego puedes personalizar el encabezado configurando el widget como quieras o simplemente dejarlo por defecto.<\/li>\n\n\n\n<li>Repetir para el pie de p\u00e1gina<\/li>\n<\/ul>\n\n\n\n<p><strong>Configurar formularios en RomeThemeForm:<\/strong><\/p>\n\n\n\n<ul class=\"wp-block-list\">\n<li>Importar bloques de formulario desde Template-Kit.<\/li>\n\n\n\n<li>Vaya a \u201cRomeThemeForm\u201d &gt; Formularios &gt; y haga clic en Agregar nuevo.<\/li>\n\n\n\n<li>Ingrese un \u201cNombre del formulario\u201d y haga clic en \u201cGuardar y editar\u201d<\/li>\n\n\n\n<li>En la pantalla RomeThemeForm, haga clic en el \u00edcono de la carpeta gris para acceder a la pesta\u00f1a \u201cMis plantillas\u201d y elija el bloque Formularios con Haga clic en Insertar y haga clic en Guardar y Salir.<\/li>\n\n\n\n<li>Luego abra y edite su plantilla (por ejemplo, P\u00e1gina de contacto), haga clic en el widget RomeThemeForm en la plantilla y seleccione el formulario que desee o cree para mostrarlo en la plantilla.<\/li>\n<\/ul>\n\n\n\n<p><\/p>\n\n\n\n<p><\/p>","protected":false},"excerpt":{"rendered":"<p>Dapper es un kit de plantillas de Elementor especialmente dise\u00f1ado para sitios web de barber\u00edas. Este kit incluye una selecci\u00f3n ideal de plantillas para cualquier negocio o servicio relacionado con la barber\u00eda, la ecolog\u00eda, los peinados, el cuidado del cabello, los cortes de pelo, las pomadas o cualquier otro sector. Este kit tiene un dise\u00f1o moderno y \u00fanico [\u2026]<\/p>","protected":false},"featured_media":1890,"comment_status":"open","ping_status":"open","template":"","meta":{"_jf_limit_responses":"","iawp_total_views":107},"product_brand":[],"product_cat":[23,27,29,24],"product_tag":[19],"class_list":{"0":"post-1889","1":"product","2":"type-product","3":"status-publish","4":"has-post-thumbnail","6":"product_cat-templates-elementor-e-envato","7":"product_cat-prestadores-de-servicos","8":"product_cat-saude-e-bem-estar","9":"product_cat-templates-envato","10":"product_tag-vitalicio","12":"first","13":"instock","14":"downloadable","15":"virtual","16":"purchasable","17":"product-type-simple"},"_links":{"self":[{"href":"https:\/\/packdesites.com\/es\/wp-json\/wp\/v2\/product\/1889","targetHints":{"allow":["GET"]}}],"collection":[{"href":"https:\/\/packdesites.com\/es\/wp-json\/wp\/v2\/product"}],"about":[{"href":"https:\/\/packdesites.com\/es\/wp-json\/wp\/v2\/types\/product"}],"replies":[{"embeddable":true,"href":"https:\/\/packdesites.com\/es\/wp-json\/wp\/v2\/comments?post=1889"}],"version-history":[{"count":1,"href":"https:\/\/packdesites.com\/es\/wp-json\/wp\/v2\/product\/1889\/revisions"}],"predecessor-version":[{"id":22474,"href":"https:\/\/packdesites.com\/es\/wp-json\/wp\/v2\/product\/1889\/revisions\/22474"}],"wp:featuredmedia":[{"embeddable":true,"href":"https:\/\/packdesites.com\/es\/wp-json\/wp\/v2\/media\/1890"}],"wp:attachment":[{"href":"https:\/\/packdesites.com\/es\/wp-json\/wp\/v2\/media?parent=1889"}],"wp:term":[{"taxonomy":"product_brand","embeddable":true,"href":"https:\/\/packdesites.com\/es\/wp-json\/wp\/v2\/product_brand?post=1889"},{"taxonomy":"product_cat","embeddable":true,"href":"https:\/\/packdesites.com\/es\/wp-json\/wp\/v2\/product_cat?post=1889"},{"taxonomy":"product_tag","embeddable":true,"href":"https:\/\/packdesites.com\/es\/wp-json\/wp\/v2\/product_tag?post=1889"}],"curies":[{"name":"wp","href":"https:\/\/api.w.org\/{rel}","templated":true}]}}