{"id":1885,"date":"2024-11-05T19:58:05","date_gmt":"2024-11-05T19:58:05","guid":{"rendered":"https:\/\/packdesites.com\/produto\/houzez-tema-de-imobiliaria-com-busca-filtros-e-recursos-avancados\/"},"modified":"2026-04-13T14:38:49","modified_gmt":"2026-04-13T17:38:49","slug":"tema-inmobiliario-de-houzez-con-filtros-de-busqueda-y-funciones-avanzadas","status":"publish","type":"product","link":"https:\/\/packdesites.com\/es\/product\/tema-inmobiliario-de-houzez-con-filtros-de-busqueda-y-funciones-avanzadas\/","title":{"rendered":"Houzez v4.3.2 \u2013 Tema inmobiliario con b\u00fasqueda, filtros y funciones avanzadas."},"content":{"rendered":"<h2 class=\"wp-block-heading\" id=\"item-description__one-click-demo-import\"><strong>Importaci\u00f3n de demostraci\u00f3n con un solo clic<\/strong><\/h2>\n\n\n\n<p>Simplemente elija uno de nuestros sitios de demostraci\u00f3n bellamente dise\u00f1ados y reemplace su contenido.<\/p>\n\n\n\n<ul class=\"wp-block-list\">\n<li>F\u00e1cil de empezar<\/li>\n\n\n\n<li>Sitios web predise\u00f1ados<\/li>\n\n\n\n<li>Altamente personalizable<\/li>\n\n\n\n<li>Constructores de p\u00e1ginas<\/li>\n\n\n\n<li>Constructor de p\u00e1ginas Elementor<\/li>\n\n\n\n<li>WP Bakery Visual Composer<\/li>\n<\/ul>\n\n\n\n<h2 class=\"wp-block-heading\" id=\"item-description__30-drag-and-drop-elementor-widgets-for-real-estate\"><strong>M\u00e1s de 30 widgets de arrastrar y soltar de Elementor para el sector inmobiliario<\/strong><\/h2>\n\n\n\n<p>Houzez tiene una biblioteca de elementos inmobiliarios personalizados de arrastrar y soltar que utilizan Elementor. Estos widgets te ayudar\u00e1n a crear un sitio web listo para mostrar a tus clientes en cuesti\u00f3n de minutos.<\/p>\n\n\n\n<ul class=\"wp-block-list\">\n<li>Widget de Elementor para el generador de b\u00fasquedas<\/li>\n\n\n\n<li>Formulario de consulta<\/li>\n\n\n\n<li>Formulario de contacto<\/li>\n\n\n\n<li>Constructor de cuadr\u00edcula<\/li>\n\n\n\n<li>Listados Ordenar por<\/li>\n\n\n\n<li>Gu\u00edas de listados<\/li>\n\n\n\n<li>Iconos<\/li>\n\n\n\n<li>T\u00edtulo de la secci\u00f3n<\/li>\n\n\n\n<li>Tarjeta de propiedad v1<\/li>\n\n\n\n<li>Tarjeta de propiedad v2<\/li>\n\n\n\n<li>Tarjeta de propiedad v3<\/li>\n\n\n\n<li>Tarjeta de propiedad v4<\/li>\n\n\n\n<li>Tarjeta de propiedad v5<\/li>\n\n\n\n<li>Tarjeta de propiedad v6<\/li>\n\n\n\n<li>Carrusel de propiedades v1<\/li>\n\n\n\n<li>Carrusel de propiedades v2<\/li>\n\n\n\n<li>Carrusel de propiedades v3<\/li>\n\n\n\n<li>Carrusel de propiedades v4<\/li>\n\n\n\n<li>Carrusel de propiedades v5<\/li>\n\n\n\n<li>Propiedad por ID<\/li>\n\n\n\n<li>Propiedad por identificaciones<\/li>\n\n\n\n<li>Rejillas Houzez<\/li>\n\n\n\n<li>Red de agentes<\/li>\n\n\n\n<li>Agente Carrusel<\/li>\n\n\n\n<li>Cuadr\u00edcula de testimonios v1<\/li>\n\n\n\n<li>Cuadr\u00edcula de testimonios v2<\/li>\n\n\n\n<li>Carrusel de testimonios v1<\/li>\n\n\n\n<li>Carrusel de testimonios v2<\/li>\n\n\n\n<li>Lista de precios<\/li>\n\n\n\n<li>Equipo<\/li>\n\n\n\n<li>Fogonadura<\/li>\n\n\n\n<li>Carrusel de publicaciones del blog<\/li>\n\n\n\n<li>Cuadr\u00edcula de publicaciones del blog<\/li>\n<\/ul>\n\n\n\n<h2 class=\"wp-block-heading\" id=\"item-description__real-estate-search-builder\"><strong>Constructor de b\u00fasqueda de propiedades<\/strong><\/h2>\n\n\n\n<p>Es el sue\u00f1o de un dise\u00f1ador web hecho realidad. Search Builder es un widget inteligente de Elementor que te permite crear paneles de b\u00fasqueda de bienes ra\u00edces personalizados. Esto significa que puede configurar sistemas de b\u00fasqueda de bienes ra\u00edces hermosos y de aspecto profesional con solo unos pocos clics.<\/p>\n\n\n\n<ul class=\"wp-block-list\">\n<li>Basado en Elementor<\/li>\n\n\n\n<li>Ver pesta\u00f1as de b\u00fasqueda<\/li>\n\n\n\n<li>Colocaci\u00f3n de b\u00fasqueda gratuita<\/li>\n\n\n\n<li>Totalmente responsivo<\/li>\n\n\n\n<li>Campos personalizados<\/li>\n\n\n\n<li>Opciones de estilo<\/li>\n<\/ul>\n\n\n\n<h2 class=\"wp-block-heading\" id=\"item-description__advanced-search\"><strong>B\u00fasqueda avanzada<\/strong><\/h2>\n\n\n\n<p>Houzez tiene la herramienta de b\u00fasqueda de bienes ra\u00edces m\u00e1s poderosa del mercado, y con caracter\u00edsticas como la funcionalidad de b\u00fasqueda avanzada y filtros incre\u00edbles, no tendr\u00e1s que preocuparte por nada.<\/p>\n\n\n\n<ul class=\"wp-block-list\">\n<li>Compositor de investigaci\u00f3n<\/li>\n\n\n\n<li>B\u00fasqueda por radio<\/li>\n\n\n\n<li>Geolocalizaci\u00f3n<\/li>\n\n\n\n<li>Filtros avanzados<\/li>\n\n\n\n<li>M\u00faltiples opciones de selecci\u00f3n<\/li>\n\n\n\n<li>M\u00faltiples opciones de selecci\u00f3n<\/li>\n\n\n\n<li>Campos personalizados<\/li>\n\n\n\n<li>B\u00fasqueda fija<\/li>\n\n\n\n<li>B\u00fasquedas guardadas<\/li>\n\n\n\n<li>Control de posicionamiento de b\u00fasqueda<\/li>\n\n\n\n<li>Alertas por correo electr\u00f3nico<\/li>\n\n\n\n<li>Colores personalizables<\/li>\n\n\n\n<li>Criterios de b\u00fasqueda<\/li>\n\n\n\n<li>Control deslizante de precios<\/li>\n\n\n\n<li>B\u00fasqueda de Ajax<\/li>\n<\/ul>\n\n\n\n<h2 class=\"wp-block-heading\" id=\"item-description__search-result-page\"><strong>P\u00e1gina de resultados de b\u00fasqueda<\/strong><\/h2>\n\n\n\n<p>Muestra una atractiva p\u00e1gina de resultados de b\u00fasqueda de propiedades con una variedad de opciones de dise\u00f1o.<\/p>\n\n\n\n<ul class=\"wp-block-list\">\n<li>Opciones de p\u00e1gina<\/li>\n\n\n\n<li>P\u00e1gina de resultados de anuncios<\/li>\n\n\n\n<li>P\u00e1gina de resultados del Half Map<\/li>\n\n\n\n<li>B\u00fasqueda guardada<\/li>\n\n\n\n<li>Alertas por correo electr\u00f3nico<\/li>\n\n\n\n<li>Plantillas de listado<\/li>\n<\/ul>\n\n\n\n<h2 class=\"wp-block-heading\" id=\"item-description__real-estate-property-detail-page\"><strong>P\u00e1gina de detalles de la propiedad inmobiliaria<\/strong><\/h2>\n\n\n\n<p>La p\u00e1gina de detalles de propiedades inmobiliarias es la p\u00e1gina de bienes ra\u00edces m\u00e1s flexible que puede encontrar. Puede mostrar propiedades espec\u00edficas y personalizarlas como desee, permitiendo que los compradores potenciales sepan todo sobre las caracter\u00edsticas de cada edificio.<\/p>\n\n\n\n<ul class=\"wp-block-list\">\n<li>Plantillas personalizables<\/li>\n\n\n\n<li>Generador de campos personalizados<\/li>\n\n\n\n<li>Gerente de Dise\u00f1o de Propiedades<\/li>\n\n\n\n<li>Formularios de captura personalizados<\/li>\n\n\n\n<li>Informaci\u00f3n de contacto del agente<\/li>\n\n\n\n<li>Programe una visita a la propiedad<\/li>\n\n\n\n<li>Casa de cambio de divisas<\/li>\n\n\n\n<li>Calculadora de hipotecas<\/li>\n\n\n\n<li>Eficiencia energ\u00e9tica de la propiedad<\/li>\n\n\n\n<li>Puntuaci\u00f3n de caminata<\/li>\n\n\n\n<li>Ubicaciones cercanas de Yelp<\/li>\n\n\n\n<li>Calificaciones y rese\u00f1as<\/li>\n\n\n\n<li>Optimizado para dispositivos m\u00f3viles<\/li>\n\n\n\n<li>Propiedades de impresi\u00f3n<\/li>\n\n\n\n<li>Caja de luz Houzez<\/li>\n\n\n\n<li>Galer\u00eda de im\u00e1genes<\/li>\n\n\n\n<li>V\u00eddeo de la propiedad<\/li>\n\n\n\n<li>Control deslizante de im\u00e1genes<\/li>\n\n\n\n<li>Propiedades similares<\/li>\n\n\n\n<li>Estad\u00edsticas de propiedad<\/li>\n\n\n\n<li>Compartir en redes sociales<\/li>\n\n\n\n<li>Men\u00fa de propiedades fijas<\/li>\n\n\n\n<li>Barra lateral fija<\/li>\n\n\n\n<li>Etiquetas de propiedad<\/li>\n\n\n\n<li>Slug de propiedad personalizada<\/li>\n\n\n\n<li>Caducidad de la propiedad<\/li>\n\n\n\n<li>Prefijo de identificaci\u00f3n de propiedad<\/li>\n\n\n\n<li>Descripci\u00f3n y precio de la propiedad<\/li>\n\n\n\n<li>Informaci\u00f3n del contacto<\/li>\n\n\n\n<li>Mapa y ubicaci\u00f3n de la propiedad<\/li>\n\n\n\n<li>Clases energ\u00e9ticas de la UE<\/li>\n\n\n\n<li>Programar visitas a la propiedad<\/li>\n\n\n\n<li>Galer\u00eda de propiedades y medios<\/li>\n\n\n\n<li>Rese\u00f1as y opiniones<\/li>\n\n\n\n<li>Generador de campos personalizados<\/li>\n\n\n\n<li>Recorrido virtual de 360 grados<\/li>\n\n\n\n<li>Planos de propiedades<\/li>\n\n\n\n<li>Subpropiedades<\/li>\n\n\n\n<li>Detalles de la propiedad<\/li>\n\n\n\n<li>Caracter\u00edsticas de la propiedad<\/li>\n\n\n\n<li>Embargos de propiedad<\/li>\n\n\n\n<li>Notas privadas<\/li>\n\n\n\n<li>Optimizado para dispositivos m\u00f3viles<\/li>\n<\/ul>\n\n\n\n<h2 class=\"wp-block-heading\" id=\"item-description__listing-meta-composer\"><strong>Listado de Meta Composer<\/strong><\/h2>\n\n\n\n<p>Listing Meta Composer es una soluci\u00f3n que le permite crear hermosas p\u00e1ginas de listados de bienes ra\u00edces para sus departamentos, casas o terrenos con facilidad.<\/p>\n\n\n\n<ul class=\"wp-block-list\">\n<li>Basado en arrastrar y soltar<\/li>\n\n\n\n<li>Campos personalizados<\/li>\n\n\n\n<li>Opciones de listado<\/li>\n\n\n\n<li>Iconos personalizados<\/li>\n<\/ul>\n\n\n\n<h2 class=\"wp-block-heading\" id=\"item-description__listing-page-templates\"><strong>Plantillas de p\u00e1gina de listado<\/strong><\/h2>\n\n\n\n<p>Elija entre 13 plantillas inmobiliarias diferentes para su p\u00e1gina de listado con una variedad de dise\u00f1os para combinar con cualquier estilo. Estas plantillas le permitir\u00e1n mostrar su propiedad de la mejor manera posible, dise\u00f1adas profesionalmente y optimizadas para verlas en tel\u00e9fonos y tabletas.<\/p>\n\n\n\n<ul class=\"wp-block-list\">\n<li>Vista de lista de medio mapa \u2013 B\u00fasqueda de navegaci\u00f3n<\/li>\n\n\n\n<li>Vista de cuadr\u00edcula de medio mapa: navegaci\u00f3n y b\u00fasqueda<\/li>\n\n\n\n<li>Vista de lista de medio mapa<\/li>\n\n\n\n<li>Vista de cuadr\u00edcula de medio mapa<\/li>\n\n\n\n<li>Listado v.1 \u2013 Lista<\/li>\n\n\n\n<li>Listado v.1 \u2013 Cuadr\u00edcula<\/li>\n\n\n\n<li>Listado v.2 \u2013 Lista<\/li>\n\n\n\n<li>Listado v.2 \u2013 Cuadr\u00edcula<\/li>\n\n\n\n<li>Listado v.3<\/li>\n\n\n\n<li>Listado v.4<\/li>\n\n\n\n<li>Listado v.5<\/li>\n\n\n\n<li>Listado v.6<\/li>\n\n\n\n<li>Listado de paralaje<\/li>\n\n\n\n<li>Amplia gama de modelos<\/li>\n\n\n\n<li>Vista r\u00e1pida de anuncios<\/li>\n\n\n\n<li>Iconos personalizados<\/li>\n\n\n\n<li>Potentes filtros de p\u00e1gina<\/li>\n\n\n\n<li>Administrar propiedades destacadas<\/li>\n\n\n\n<li>Administrar el orden de las p\u00e1ginas<\/li>\n\n\n\n<li>Comparar propiedades<\/li>\n<\/ul>\n\n\n\n<h2 class=\"wp-block-heading\" id=\"item-description__navigation\"><strong>Navegaci\u00f3n<\/strong><\/h2>\n\n\n\n<p>En el mundo inmobiliario, todo gira en torno a la experiencia del usuario. Ya sea que busque una barra de navegaci\u00f3n o un mapa interactivo, nunca dejar\u00e1 de ofrecerles a sus clientes una interfaz de usuario agradable.<\/p>\n\n\n\n<ul class=\"wp-block-list\">\n<li>Compatible con Elementor Pro<\/li>\n\n\n\n<li>Men\u00fa lateral m\u00f3vil<\/li>\n\n\n\n<li>Navegaci\u00f3n transparente<\/li>\n\n\n\n<li>Navegaci\u00f3n fija<\/li>\n\n\n\n<li>Opciones de color<\/li>\n\n\n\n<li>Opciones de fuente<\/li>\n\n\n\n<li>Mega Men\u00fa<\/li>\n\n\n\n<li>Iconos sociales<\/li>\n\n\n\n<li>Crear opciones de listado<\/li>\n\n\n\n<li>Optimizado para dispositivos m\u00f3viles<\/li>\n<\/ul>\n\n\n\n<h2 class=\"wp-block-heading\" id=\"item-description__customizable-header\"><strong>Encabezado personalizable<\/strong><\/h2>\n\n\n\n<p>Cree un hermoso encabezado que funcione para su negocio con nuestro paquete de dise\u00f1o de bienes ra\u00edces detallado y f\u00e1cil de usar.<\/p>\n\n\n\n<ul class=\"wp-block-list\">\n<li>Encabezado con Google Maps<\/li>\n\n\n\n<li>Encabezado de paralaje<\/li>\n\n\n\n<li>Encabezado con v\u00eddeo<\/li>\n\n\n\n<li>Encabezado con Slider Revolution<\/li>\n\n\n\n<li>Encabezado con control deslizante personalizado<\/li>\n\n\n\n<li>Encabezado de Elementor<\/li>\n<\/ul>\n\n\n\n<h2 class=\"wp-block-heading\" id=\"item-description__customizable-footer\"><strong>Pie de p\u00e1gina personalizable<\/strong><\/h2>\n\n\n\n<p>Houzez le permite crear un pie de p\u00e1gina para su sitio web de bienes ra\u00edces con una amplia gama de caracter\u00edsticas y opciones. Esto puede ser todo tipo de cosas, como enlaces a sus cuentas de redes sociales, estilo de pie de p\u00e1gina o incluso el tipo de contenido del pie de p\u00e1gina.<\/p>\n\n\n\n<ul class=\"wp-block-list\">\n<li>Compatible con Elementor Pro<\/li>\n\n\n\n<li>Opciones personalizables<\/li>\n\n\n\n<li>Opciones de color<\/li>\n\n\n\n<li>Varios modelos<\/li>\n\n\n\n<li>Iconos sociales<\/li>\n\n\n\n<li>Widgets listos para usar<\/li>\n<\/ul>\n\n\n\n<h2 class=\"wp-block-heading\" id=\"item-description__page-builders\"><strong>Constructores de p\u00e1ginas<\/strong><\/h2>\n\n\n\n<p>Cree su propio sitio web de bienes ra\u00edces utilizando Houzez como su creador de p\u00e1ginas de bienes ra\u00edces. No se requieren habilidades de codificaci\u00f3n o dise\u00f1o, solo unos pocos clics generar\u00e1n su sitio web perfecto en el camino.<\/p>\n\n\n\n<ul class=\"wp-block-list\">\n<li>Basado en arrastrar y soltar<\/li>\n\n\n\n<li>Constructor de p\u00e1ginas Elementor<\/li>\n\n\n\n<li>WP Bakery Visual Composer<\/li>\n<\/ul>\n\n\n\n<h2 class=\"wp-block-heading\" id=\"item-description__styling-options\"><strong>Opciones de estilo<\/strong><\/h2>\n\n\n\n<p>Houzez es una empresa de software inmobiliario que le brinda las herramientas para crear e interactuar con sus clientes. Ofrece todas las funcionalidades que necesitas para gestionar tu negocio, para que puedas combinar tu identidad de marca como nunca antes.<\/p>\n\n\n\n<ul class=\"wp-block-list\">\n<li>Colores globales<\/li>\n\n\n\n<li>Colores de navegaci\u00f3n<\/li>\n\n\n\n<li>Colores del men\u00fa<\/li>\n\n\n\n<li>Colores del pie de p\u00e1gina<\/li>\n\n\n\n<li>Buscar colores<\/li>\n\n\n\n<li>Logotipos personalizados<\/li>\n<\/ul>\n\n\n\n<h2 class=\"wp-block-heading\" id=\"item-description__typography-options\"><strong>Opciones de tipograf\u00eda<\/strong><\/h2>\n\n\n\n<p>\u00bfSu marca requiere que las fuentes de su sitio web sean de una determinada manera? \u00a1Houzez tiene todo lo que necesitas para hacerlo realidad!<\/p>\n\n\n\n<ul class=\"wp-block-list\">\n<li>Opciones globales<\/li>\n\n\n\n<li>Opciones de t\u00edtulo<\/li>\n\n\n\n<li>Opciones de men\u00fa<\/li>\n<\/ul>\n\n\n\n<h2 class=\"wp-block-heading\" id=\"item-description__lead-generation-system\"><strong>Sistema de generaci\u00f3n de leads<\/strong><\/h2>\n\n\n\n<p>Houzez es una plataforma de personalizaci\u00f3n de formularios de captura de clientes potenciales. Con Houzez, puedes crear y personalizar hermosos formularios para ayudar a convertir a los visitantes de tu sitio web en clientes potenciales. Con\u00e9ctese con Houzez CRM y su bandeja de entrada de correo electr\u00f3nico y comience a atender sus necesidades inmobiliarias hoy mismo.<\/p>\n\n\n\n<ul class=\"wp-block-list\">\n<li>Formularios de generaci\u00f3n de clientes potenciales<\/li>\n\n\n\n<li>Widget de formulario de contacto<\/li>\n\n\n\n<li>Widget de formulario de consulta<\/li>\n\n\n\n<li>Formularios para agentes inmobiliarios<\/li>\n\n\n\n<li>Formularios de la p\u00e1gina de propiedades inmobiliarias<\/li>\n\n\n\n<li>Formularios de captura de la barra lateral<\/li>\n<\/ul>\n\n\n\n<h2 class=\"wp-block-heading\" id=\"item-description__customer-relationship-management-crm\"><strong>Gesti\u00f3n de relaciones con el cliente (CRM)<\/strong><\/h2>\n\n\n\n<p>Cree una lista confiable de todos sus clientes potenciales y clientes con el CRM integrado de Houzez para profesionales inmobiliarios.<\/p>\n\n\n\n<ul class=\"wp-block-list\">\n<li>Gesti\u00f3n de clientes potenciales<\/li>\n\n\n\n<li>Gesti\u00f3n de consultas<\/li>\n\n\n\n<li>Administrar negocios<\/li>\n\n\n\n<li>Rendimiento de la pista<\/li>\n\n\n\n<li>Datos de propiedad exclusiva de Insight<\/li>\n\n\n\n<li>Sigue las actividades<\/li>\n<\/ul>\n\n\n\n<h2 class=\"wp-block-heading\" id=\"item-description__real-estate-agents-and-agencies\"><strong>Agentes y agencias inmobiliarias<\/strong><\/h2>\n\n\n\n<p>Inspire confianza en sus visitantes mostrando p\u00e1ginas de perfiles de agentes y agencias inmobiliarias bien dise\u00f1adas.<\/p>\n\n\n\n<ul class=\"wp-block-list\">\n<li>Perfil del agente y la agencia<\/li>\n\n\n\n<li>Rese\u00f1as y opiniones<\/li>\n\n\n\n<li>Datos del gr\u00e1fico de perfil<\/li>\n\n\n\n<li>Gesti\u00f3n de agentes<\/li>\n\n\n\n<li>P\u00e1ginas de listados de agentes y agencias<\/li>\n\n\n\n<li>Informaci\u00f3n del contacto<\/li>\n<\/ul>\n\n\n\n<h2 class=\"wp-block-heading\" id=\"item-description__front-end-dashboard-features\"><strong>Funciones del panel frontal<\/strong><\/h2>\n\n\n\n<p>Houzez le permite administrar un mercado inmobiliario, coordinar agentes y aceptar presentaciones de propiedades.<\/p>\n\n\n\n<ul class=\"wp-block-list\">\n<li>Administraci\u00f3n de propiedades<\/li>\n\n\n\n<li>Seg\u00fan el<\/li>\n\n\n\n<li>Datos de propiedad exclusiva de Insight<\/li>\n\n\n\n<li>Env\u00edos de front-end<\/li>\n\n\n\n<li>Propiedades destacadas<\/li>\n\n\n\n<li>Propiedades favoritas<\/li>\n\n\n\n<li>B\u00fasquedas guardadas<\/li>\n\n\n\n<li>Perfiles de usuario<\/li>\n\n\n\n<li>Alertas por correo electr\u00f3nico<\/li>\n\n\n\n<li>Facturas<\/li>\n\n\n\n<li>Sistema de membres\u00eda<\/li>\n\n\n\n<li>Gesti\u00f3n de agentes<\/li>\n<\/ul>\n\n\n\n<h2 class=\"wp-block-heading\" id=\"item-description__insight-property-data\"><strong>Datos de propiedad exclusiva de Insight<\/strong><\/h2>\n\n\n\n<p>Obtenga informaci\u00f3n detallada sobre el tr\u00e1fico de su sitio web de bienes ra\u00edces y vea c\u00f3mo funcionan sus listados.<\/p>\n\n\n\n<ul class=\"wp-block-list\">\n<li>Gr\u00e1ficos<\/li>\n\n\n\n<li>Tr\u00e1fico<\/li>\n\n\n\n<li>Visitantes<\/li>\n\n\n\n<li>Ubicaciones<\/li>\n\n\n\n<li>Dispositivos<\/li>\n\n\n\n<li>Referencias<\/li>\n<\/ul>\n\n\n\n<h2 class=\"wp-block-heading\" id=\"item-description__custom-fields-builder\"><strong>Generador de campos personalizados<\/strong><\/h2>\n\n\n\n<p>Puedes configurar tu sitio web inmobiliario para que tenga las caracter\u00edsticas que necesitas, como campos personalizados para cada propiedad. Tambi\u00e9n puede personalizar el panel de b\u00fasqueda para mostrar la informaci\u00f3n adicional que desea que vean los usuarios.<\/p>\n\n\n\n<ul class=\"wp-block-list\">\n<li>No se necesita c\u00f3digo<\/li>\n\n\n\n<li>Campos personalizados ilimitados<\/li>\n\n\n\n<li>Conectado a la investigaci\u00f3n<\/li>\n<\/ul>\n\n\n\n<h2 class=\"wp-block-heading\" id=\"item-description__user-management\"><strong>Gesti\u00f3n de usuarios<\/strong><\/h2>\n\n\n\n<p>Houzez le permite restringir el acceso a ciertas funciones mediante la creaci\u00f3n de tipos de usuarios y la asignaci\u00f3n de roles.<\/p>\n\n\n\n<ul class=\"wp-block-list\">\n<li>Recursos para el usuario<\/li>\n\n\n\n<li>Opciones de usuario<\/li>\n\n\n\n<li>Funciones personalizadas<\/li>\n<\/ul>\n\n\n\n<h2 class=\"wp-block-heading\" id=\"item-description__membership-system\"><strong>Sistema de membres\u00eda<\/strong><\/h2>\n\n\n\n<p>Houzez viene con un sofisticado sistema de membres\u00eda que puede ayudarle a monetizar su sitio web de bienes ra\u00edces r\u00e1pidamente.<\/p>\n\n\n\n<ul class=\"wp-block-list\">\n<li>Suscripci\u00f3n pagada o gratuita<\/li>\n\n\n\n<li>Pasarelas de pago<\/li>\n\n\n\n<li>Sistema integrado de monetizaci\u00f3n<\/li>\n\n\n\n<li>Inicio de sesi\u00f3n en redes sociales<\/li>\n\n\n\n<li>Alertas por correo electr\u00f3nico<\/li>\n\n\n\n<li>Facturas<\/li>\n<\/ul>\n\n\n\n<h2 class=\"wp-block-heading\" id=\"item-description__receive-payments-with-paypal-stripe-bank-transfer-and-woocommerce\"><strong>Recibe pagos con PayPal, Stripe, transferencia bancaria y Woocommerce<\/strong><\/h2>\n\n\n\n<p>Houzez facilita el cobro de pagos, sin importar d\u00f3nde vivan sus clientes<\/p>\n\n\n\n<ul class=\"wp-block-list\">\n<li>Sistema integrado de monetizaci\u00f3n<\/li>\n\n\n\n<li>Pasarelas de pago<\/li>\n\n\n\n<li>Pagos recurrentes<\/li>\n<\/ul>\n\n\n\n<h2 class=\"wp-block-heading\" id=\"item-description__real-estate-one-page-website\"><strong>Sitio web inmobiliario de una p\u00e1gina<\/strong><\/h2>\n\n\n\n<p>Houzez te permite crear visualmente sitios web inmobiliarios de una sola p\u00e1gina con una sencilla interfaz de arrastrar y soltar.<\/p>\n\n\n\n<ul class=\"wp-block-list\">\n<li>Constructor de p\u00e1ginas de arrastrar y soltar<\/li>\n\n\n\n<li>Dise\u00f1os de p\u00e1gina ilimitados<\/li>\n\n\n\n<li>Opciones de navegaci\u00f3n<\/li>\n<\/ul>\n\n\n\n<h2 class=\"wp-block-heading\" id=\"item-description__splash-page\"><strong>P\u00e1gina de inicio<\/strong><\/h2>\n\n\n\n<p>Las p\u00e1ginas de presentaci\u00f3n pueden no ser una forma atractiva de captar clientes potenciales para su propiedad, pero crean una primera impresi\u00f3n cautivadora que hace que quieran completar el formulario.<\/p>\n\n\n\n<ul class=\"wp-block-list\">\n<li>Dise\u00f1os de p\u00e1gina<\/li>\n\n\n\n<li>Opciones de estilo<\/li>\n\n\n\n<li>Opciones de navegaci\u00f3n<\/li>\n\n\n\n<li>Imagen de fondo<\/li>\n\n\n\n<li>V\u00eddeo de fondo<\/li>\n\n\n\n<li>Control deslizante de fondo<\/li>\n<\/ul>\n\n\n\n<h2 class=\"wp-block-heading\" id=\"item-description__blog\"><strong>Blog<\/strong><\/h2>\n\n\n\n<p>Houzez lo gu\u00eda a trav\u00e9s del proceso de redacci\u00f3n de contenido atractivo para su sitio web de bienes ra\u00edces.<\/p>\n\n\n\n<ul class=\"wp-block-list\">\n<li>Opciones del blog<\/li>\n\n\n\n<li>Disposici\u00f3n de mamposter\u00eda<\/li>\n\n\n\n<li>Disposici\u00f3n est\u00e1ndar<\/li>\n<\/ul>\n\n\n\n<h2 class=\"wp-block-heading\" id=\"item-description__integrated-with-google-maps-openstreetmap-and-mapbox\"><strong>Integrado con Google Maps, OpenStreetMap y Mapbox<\/strong><\/h2>\n\n\n\n<p>Houzez es un sitio web de bienes ra\u00edces que viene con API integradas, lo que facilita la visualizaci\u00f3n del mapa que mejor se adapta a sus visitantes.<\/p>\n\n\n\n<ul class=\"wp-block-list\">\n<li>Mapas personalizados<\/li>\n\n\n\n<li>Mapas de Google<\/li>\n\n\n\n<li>Mapa de OpenStreet<\/li>\n\n\n\n<li>Caja de mapa<\/li>\n\n\n\n<li>Geolocalizaci\u00f3n<\/li>\n\n\n\n<li>Ara\u00f1a superpuesta<\/li>\n\n\n\n<li>Puntos de inter\u00e9s<\/li>\n\n\n\n<li>Pines del mapa<\/li>\n\n\n\n<li>Ventana de informaci\u00f3n del mapa<\/li>\n<\/ul>\n\n\n\n<h2 class=\"wp-block-heading\" id=\"item-description__multi-language\"><strong>Pluriling\u00fce<\/strong><\/h2>\n\n\n\n<p>Haga que su sitio web inmobiliario llegue a todo el mundo: el soporte multiling\u00fce de Houzez lo hace posible.<\/p>\n\n\n\n<ul class=\"wp-block-list\">\n<li>Compatible con WPML<\/li>\n\n\n\n<li>Compatible con Loco Translate<\/li>\n\n\n\n<li>Listo para RTL<\/li>\n\n\n\n<li>Traducciones personalizables<\/li>\n\n\n\n<li>. Po y . Archivos Mo incluidos<\/li>\n<\/ul>\n\n\n\n<h2 class=\"wp-block-heading\" id=\"item-description__multi-currency\"><strong>Multidivisa<\/strong><\/h2>\n\n\n\n<p>Facilite a sus usuarios la estimaci\u00f3n del valor de las propiedades mostrando los precios en su moneda local.<\/p>\n\n\n\n<ul class=\"wp-block-list\">\n<li>Conversiones autom\u00e1ticas<\/li>\n\n\n\n<li>Gesti\u00f3n de divisas<\/li>\n\n\n\n<li>Opciones de frecuencia de tarifas<\/li>\n<\/ul>\n\n\n\n<h2 class=\"wp-block-heading\" id=\"item-description__other\"><strong>Otro<\/strong><\/h2>\n\n\n\n<ul class=\"wp-block-list\">\n<li>Google reCaptcha v3<\/li>\n\n\n\n<li>Listo para el RGPD<\/li>\n<\/ul>\n\n\n\n<p class=\"has-vivid-red-color has-text-color has-link-color wp-elements-8800e13a2985cc29cfef96a3f174cddf\"><strong>Al descargar, extraiga el archivo zip, dentro estar\u00e1 el zip del tema y recursos extras. Te recomiendo ver el <a href=\"https:\/\/favethemes.zendesk.com\/hc\/en-us\/categories\/360002468932-Houzez\" target=\"_blank\" rel=\"noopener\">gu\u00eda oficial<\/a> instalaci\u00f3n.<\/strong><\/p>\n\n\n\n<p>Gu\u00eda oficial de instalaci\u00f3n y configuraci\u00f3n: <a href=\"https:\/\/favethemes.zendesk.com\/hc\/en-us\/categories\/360002468932-Houzez\" target=\"_blank\" rel=\"noopener\">https:\/\/favethemes.zendesk.com\/hc\/en-us\/categories\/360002468932-Houzez<\/a><\/p>","protected":false},"excerpt":{"rendered":"<p>Importaci\u00f3n de demos con un solo clic. Simplemente elige uno de nuestros sitios web de demostraci\u00f3n bien dise\u00f1ados y reemplaza tu contenido. M\u00e1s de 30 widgets de arrastrar y soltar de Elementor para inmobiliarias. Houzez cuenta con una biblioteca de elementos inmobiliarios personalizados de arrastrar y soltar que utilizan Elementor. Estos widgets te ayudar\u00e1n a crear un sitio web listo para usar [\u2026]<\/p>","protected":false},"featured_media":1886,"comment_status":"open","ping_status":"open","template":"","meta":{"_jf_limit_responses":"","iawp_total_views":268},"product_brand":[],"product_cat":[22,30],"product_tag":[19],"class_list":{"0":"post-1885","1":"product","2":"type-product","3":"status-publish","4":"has-post-thumbnail","6":"product_cat-temas-wordpress","7":"product_cat-imobiliario-arquitetura-e-construcao-de-imoveis","8":"product_tag-vitalicio","10":"first","11":"instock","12":"downloadable","13":"virtual","14":"purchasable","15":"product-type-simple"},"_links":{"self":[{"href":"https:\/\/packdesites.com\/es\/wp-json\/wp\/v2\/product\/1885","targetHints":{"allow":["GET"]}}],"collection":[{"href":"https:\/\/packdesites.com\/es\/wp-json\/wp\/v2\/product"}],"about":[{"href":"https:\/\/packdesites.com\/es\/wp-json\/wp\/v2\/types\/product"}],"replies":[{"embeddable":true,"href":"https:\/\/packdesites.com\/es\/wp-json\/wp\/v2\/comments?post=1885"}],"version-history":[{"count":3,"href":"https:\/\/packdesites.com\/es\/wp-json\/wp\/v2\/product\/1885\/revisions"}],"predecessor-version":[{"id":24832,"href":"https:\/\/packdesites.com\/es\/wp-json\/wp\/v2\/product\/1885\/revisions\/24832"}],"wp:featuredmedia":[{"embeddable":true,"href":"https:\/\/packdesites.com\/es\/wp-json\/wp\/v2\/media\/1886"}],"wp:attachment":[{"href":"https:\/\/packdesites.com\/es\/wp-json\/wp\/v2\/media?parent=1885"}],"wp:term":[{"taxonomy":"product_brand","embeddable":true,"href":"https:\/\/packdesites.com\/es\/wp-json\/wp\/v2\/product_brand?post=1885"},{"taxonomy":"product_cat","embeddable":true,"href":"https:\/\/packdesites.com\/es\/wp-json\/wp\/v2\/product_cat?post=1885"},{"taxonomy":"product_tag","embeddable":true,"href":"https:\/\/packdesites.com\/es\/wp-json\/wp\/v2\/product_tag?post=1885"}],"curies":[{"name":"wp","href":"https:\/\/api.w.org\/{rel}","templated":true}]}}