{"id":1883,"date":"2024-11-01T15:57:07","date_gmt":"2024-11-01T15:57:07","guid":{"rendered":"https:\/\/packdesites.com\/produto\/breadmeal-template-kit-de-padaria-e-bolo-elementor\/"},"modified":"2025-04-03T01:19:16","modified_gmt":"2025-04-03T01:19:16","slug":"plantilla-de-harina-de-pan-elementor-kit-de-panaderia-y-reposteria","status":"publish","type":"product","link":"https:\/\/packdesites.com\/es\/product\/plantilla-de-harina-de-pan-elementor-kit-de-panaderia-y-reposteria\/","title":{"rendered":"BreadMeal \u2013 Kit de plantillas de Elementor para panader\u00eda y reposter\u00eda"},"content":{"rendered":"<p>Breadmeal es un hermoso kit de plantillas Elementor para sitios web de panader\u00eda y confiter\u00eda. Este kit de plantillas le ayudar\u00e1 a crear cualquier sitio web de panader\u00eda y confiter\u00eda. Tiene m\u00e1s de 12 plantillas predise\u00f1adas con un dise\u00f1o limpio y un estilo moderno.<\/p>\n\n\n\n<p>Ahorre tiempo para crear sitios web de panader\u00eda y pasteles con este kit de plantillas Elementor. Con Elementor Page Builder, puedes editarlo o personalizarlo f\u00e1cilmente, sin necesidad de codificaci\u00f3n, solo arrastrar y soltar.<\/p>\n\n\n\n<p>Los kits de plantillas de Elementor contienen contenido de p\u00e1gina para el generador de p\u00e1ginas Elementor. Este kit est\u00e1 optimizado para su uso con el tema gratuito Hello Elementor, pero se puede utilizar con la mayor\u00eda de los temas compatibles con Elementor.<\/p>\n\n\n\n<p><strong>Caracter\u00edsticas del dise\u00f1o:<\/strong><\/p>\n\n\n\n<ul class=\"wp-block-list\">\n<li>Dise\u00f1o moderno y profesional.<\/li>\n\n\n\n<li>Creado con Elementor Pro<\/li>\n\n\n\n<li>100% Responsivo y compatible con dispositivos m\u00f3viles<\/li>\n\n\n\n<li>M\u00e1s de 12 plantillas predise\u00f1adas<\/li>\n\n\n\n<li>F\u00e1cil de personalizar<\/li>\n\n\n\n<li>Kit de plantillas creado con Elementor Hello Theme<\/li>\n<\/ul>\n\n\n\n<p><strong>Qu\u00e9 incluye la cremallera:<\/strong><\/p>\n\n\n\n<ul class=\"wp-block-list\">\n<li>P\u00e1gina de inicio<\/li>\n\n\n\n<li>Quienes somos<\/li>\n\n\n\n<li>P\u00e1gina 404<\/li>\n\n\n\n<li>Blog<\/li>\n\n\n\n<li>Publicaci\u00f3n \u00fanica<\/li>\n\n\n\n<li>Cont\u00e1ctanos<\/li>\n\n\n\n<li>Preguntas frecuentes<\/li>\n\n\n\n<li>Galer\u00eda<\/li>\n\n\n\n<li>Men\u00fa<\/li>\n\n\n\n<li>Promoci\u00f3n<\/li>\n\n\n\n<li>Reserva<\/li>\n\n\n\n<li>Equipo<\/li>\n\n\n\n<li>Estilo global<\/li>\n\n\n\n<li>Encabezamiento<\/li>\n\n\n\n<li>Z\u00f3calo<\/li>\n<\/ul>\n\n\n\n<p><strong>Complementos instalados con el kit<\/strong><\/p>\n\n\n\n<ul class=\"wp-block-list\">\n<li>ElementsKit Lite<\/li>\n\n\n\n<li>Iconos de Skyboot personalizados<\/li>\n<\/ul>\n\n\n\n<p>** Se requiere la actualizaci\u00f3n de Elementor Pro para algunas plantillas y funciones (no incluidas) **<\/p>\n\n\n\n<p><strong>C\u00f3mo utilizar los kits de modelos:<\/strong><\/p>\n\n\n\n<ol class=\"wp-block-list\">\n<li>Instale y active el complemento \u201cEnvato Elements\u201d desde Complementos &gt; Agregar nuevas funciones en WordPress<\/li>\n\n\n\n<li>Descargue el archivo del kit y no lo descomprima<\/li>\n\n\n\n<li>Vaya a Elementos &gt; Kits instalados y haga clic en el bot\u00f3n Cargar kit de plantillas. Tambi\u00e9n puede importar autom\u00e1ticamente haciendo clic en Conectar cuenta para vincular su suscripci\u00f3n a Elementos y luego importando en Elementos &gt; Kits de plantillas.<\/li>\n\n\n\n<li>Verifique el banner naranja en la parte superior y haga clic en Requisitos de instalaci\u00f3n para cargar los complementos que utiliza el kit<\/li>\n\n\n\n<li>Primero haga clic en importar estilos de kit globales<\/li>\n\n\n\n<li>Haz clic en Importar una plantilla a la vez. Se almacenan en Elementor, en Plantillas &gt; Plantillas guardadas.<\/li>\n\n\n\n<li>Vaya a P\u00e1ginas, cree una nueva p\u00e1gina y haga clic en Editar con Elementor<\/li>\n\n\n\n<li>Haga clic en el \u00edcono de engranaje en la esquina inferior izquierda del generador para ver la configuraci\u00f3n de la p\u00e1gina y elija Elementor Ancho completo y oculte el t\u00edtulo de la p\u00e1gina.<\/li>\n\n\n\n<li>Haga clic en el icono de la carpeta gris para acceder a la pesta\u00f1a Mis plantillas, luego importe la p\u00e1gina que desea personalizar.<\/li>\n<\/ol>\n\n\n\n<p>Si tienes Elementor Pro, los encabezados y pies de p\u00e1gina se pueden personalizar en el Generador de temas.<\/p>\n\n\n\n<p>Gu\u00eda detallada:<a href=\" https:\/\/help.market.envato.com\/hc\/en-us\/articles\/900000842846-How-to-use-the-Envato-Elements-WordPress-Plugin-v2-0\"> https:\/\/help.market.envato.com\/hc\/en-us\/articles\/900000842846-How-to-use-the-Envato-Elements-WordPress-Plugin-v2-0<\/a><\/p>\n\n\n\n<p><\/p>","protected":false},"excerpt":{"rendered":"<p>Breadmeal es un atractivo kit de plantillas de Elementor para sitios web de panader\u00edas y pasteler\u00edas. Este kit te ayudar\u00e1 a crear cualquier sitio web de panader\u00eda o pasteler\u00eda. Incluye m\u00e1s de 12 plantillas predise\u00f1adas con un dise\u00f1o limpio y un estilo moderno. Ahorra tiempo creando sitios web de panader\u00edas y pasteler\u00edas con este kit de plantillas de Elementor. Con la p\u00e1gina de Elementor [\u2026]<\/p>","protected":false},"featured_media":1884,"comment_status":"open","ping_status":"open","template":"","meta":{"_jf_limit_responses":"","iawp_total_views":47},"product_brand":[],"product_cat":[35,29,23,24],"product_tag":[19],"class_list":{"0":"post-1883","1":"product","2":"type-product","3":"status-publish","4":"has-post-thumbnail","6":"product_cat-academia-e-fitness","7":"product_cat-saude-e-bem-estar","8":"product_cat-templates-elementor-e-envato","9":"product_cat-templates-envato","10":"product_tag-vitalicio","12":"first","13":"instock","14":"downloadable","15":"virtual","16":"purchasable","17":"product-type-simple"},"_links":{"self":[{"href":"https:\/\/packdesites.com\/es\/wp-json\/wp\/v2\/product\/1883","targetHints":{"allow":["GET"]}}],"collection":[{"href":"https:\/\/packdesites.com\/es\/wp-json\/wp\/v2\/product"}],"about":[{"href":"https:\/\/packdesites.com\/es\/wp-json\/wp\/v2\/types\/product"}],"replies":[{"embeddable":true,"href":"https:\/\/packdesites.com\/es\/wp-json\/wp\/v2\/comments?post=1883"}],"version-history":[{"count":0,"href":"https:\/\/packdesites.com\/es\/wp-json\/wp\/v2\/product\/1883\/revisions"}],"wp:featuredmedia":[{"embeddable":true,"href":"https:\/\/packdesites.com\/es\/wp-json\/wp\/v2\/media\/1884"}],"wp:attachment":[{"href":"https:\/\/packdesites.com\/es\/wp-json\/wp\/v2\/media?parent=1883"}],"wp:term":[{"taxonomy":"product_brand","embeddable":true,"href":"https:\/\/packdesites.com\/es\/wp-json\/wp\/v2\/product_brand?post=1883"},{"taxonomy":"product_cat","embeddable":true,"href":"https:\/\/packdesites.com\/es\/wp-json\/wp\/v2\/product_cat?post=1883"},{"taxonomy":"product_tag","embeddable":true,"href":"https:\/\/packdesites.com\/es\/wp-json\/wp\/v2\/product_tag?post=1883"}],"curies":[{"name":"wp","href":"https:\/\/api.w.org\/{rel}","templated":true}]}}