{"id":1881,"date":"2024-11-01T15:54:32","date_gmt":"2024-11-01T15:54:32","guid":{"rendered":"https:\/\/packdesites.com\/produto\/delibake-template-kit-elementor-de-padaria-e-pastelaria\/"},"modified":"2025-04-03T01:19:12","modified_gmt":"2025-04-03T01:19:12","slug":"kit-de-plantillas-elementor-de-panaderia-y-pasteleria-delibake","status":"publish","type":"product","link":"https:\/\/packdesites.com\/es\/product\/kit-de-plantillas-elementor-de-panaderia-y-pasteleria-delibake\/","title":{"rendered":"Delibake \u2013 Kit de plantillas Elementor para panader\u00eda y pasteler\u00eda"},"content":{"rendered":"<p><strong>Delibake \u2013 Kit de plantillas Elementor para panader\u00eda y pasteler\u00eda<\/strong>&nbsp;Creado especialmente para panader\u00edas, confiter\u00edas, cafeter\u00edas y otros negocios similares. Delibake tiene un dise\u00f1o simple, moderno y limpio con dise\u00f1o responsivo 100%, es muy f\u00e1cil de personalizar y puede ser utilizado por cualquier persona sin necesidad de saber codificaci\u00f3n. Este kit de plantillas incluye 12 impresionantes p\u00e1ginas cuidadosamente elaboradas y 15 impresionantes plantillas; puede crear su sitio web de aspecto profesional con solo un clic.<\/p>\n\n\n\n<p><strong>Caracter\u00edsticas<\/strong><\/p>\n\n\n\n<ul class=\"wp-block-list\">\n<li>Uso de Elementor gratuito (no se requiere Elementor Pro)<\/li>\n\n\n\n<li>Dise\u00f1o \u00fanico y limpio<\/li>\n\n\n\n<li>12 p\u00e1ginas listas para usar<\/li>\n\n\n\n<li>15 plantillas listas para usar<\/li>\n\n\n\n<li>Dise\u00f1o totalmente adaptable<\/li>\n\n\n\n<li>Totalmente personalizable<\/li>\n\n\n\n<li>Compatibilidad del navegador: Chrome, Firefox, Safari, Opera<\/li>\n<\/ul>\n\n\n\n<p><strong>Los modelos incluyen<\/strong><\/p>\n\n\n\n<ul class=\"wp-block-list\">\n<li>Estilo de tema global<\/li>\n\n\n\n<li>Hogar<\/li>\n\n\n\n<li>En<\/li>\n\n\n\n<li>Men\u00fa<\/li>\n\n\n\n<li>Cocina<\/li>\n\n\n\n<li>Rese\u00f1as<\/li>\n\n\n\n<li>Servicios<\/li>\n\n\n\n<li>Equipo<\/li>\n\n\n\n<li>Preguntas frecuentes<\/li>\n\n\n\n<li>Blog<\/li>\n\n\n\n<li>Publicaci\u00f3n \u00fanica<\/li>\n\n\n\n<li>Contacto<\/li>\n\n\n\n<li>P\u00e1gina 404<\/li>\n\n\n\n<li>Encabezamiento<\/li>\n\n\n\n<li>Encabezado fuera de la pantalla<\/li>\n\n\n\n<li>Z\u00f3calo<\/li>\n<\/ul>\n\n\n\n<p><strong>Se requiere complemento<\/strong><\/p>\n\n\n\n<ul class=\"wp-block-list\">\n<li>Elementor<\/li>\n\n\n\n<li>ElementsKit Lite<\/li>\n\n\n\n<li>Elementor: encabezado, pie de p\u00e1gina y bloques<\/li>\n\n\n\n<li>WPForms Lite<\/li>\n\n\n\n<li>De ThemeKit a Elementor<\/li>\n<\/ul>\n\n\n\n<p><strong>C\u00f3mo instalar:<\/strong><\/p>\n\n\n\n<ol class=\"wp-block-list\">\n<li>Instalar y activar el complemento \u201cEnvato Elements\u201d en Complementos &gt; Agregar nuevo en WordPress<\/li>\n\n\n\n<li>Descargue el archivo del kit y no lo descomprima<\/li>\n\n\n\n<li>Vaya a Elementos &gt; Kits instalados y haga clic en el bot\u00f3n Cargar kit de plantillas. Tambi\u00e9n puede importar autom\u00e1ticamente haciendo clic en Conectar cuenta para vincular su suscripci\u00f3n a Elementos y luego importando en Elementos &gt; Kits de plantillas.<\/li>\n\n\n\n<li>Verifique el banner naranja en la parte superior y haga clic en Requisitos de instalaci\u00f3n para cargar los complementos que utiliza el kit.<\/li>\n\n\n\n<li>Primero haga clic en importar en Estilos del kit global<\/li>\n\n\n\n<li>Haz clic en Importar una plantilla a la vez. Se almacenan en Elementor, en Plantillas &gt; Plantillas guardadas.<\/li>\n\n\n\n<li>Vaya a P\u00e1ginas y cree una nueva p\u00e1gina y haga clic en Editar con Elementor<\/li>\n\n\n\n<li>Haga clic en el \u00edcono de engranaje en la parte inferior izquierda del generador para ver la configuraci\u00f3n de la p\u00e1gina y elija Elementor Ancho completo y oculte el t\u00edtulo de la p\u00e1gina.<\/li>\n\n\n\n<li>Haga clic en el icono de la carpeta gris para acceder a la pesta\u00f1a Mis plantillas, luego importe la p\u00e1gina que desea personalizar.<\/li>\n<\/ol>\n\n\n\n<p><strong>Configurar encabezado y pie de p\u00e1gina globales en ElementsKit<\/strong><\/p>\n\n\n\n<ol class=\"wp-block-list\">\n<li>Importar la plantilla de encabezado y pie de p\u00e1gina<\/li>\n\n\n\n<li>Ve a ElementsKit &gt; Encabezado &gt; Pie de p\u00e1gina, selecciona Encabezado y haz clic en Agregar nuevo.<\/li>\n\n\n\n<li>As\u00edgnele un t\u00edtulo, deje seleccionado Todo el sitio y cambie la Activaci\u00f3n a Activado.<\/li>\n\n\n\n<li>Haga clic en el t\u00edtulo de la plantilla y haga clic en Editar contenido<\/li>\n\n\n\n<li>Haga clic en el icono de la carpeta gris y seleccione la plantilla de encabezado para importar y actualizar<\/li>\n\n\n\n<li>Repetir para el pie de p\u00e1gina<\/li>\n<\/ol>","protected":false},"excerpt":{"rendered":"<p>Delibake \u2013 Kit de plantillas Elementor para panader\u00eda y pasteler\u00eda, creado especialmente para panader\u00edas, pasteler\u00edas, cafeter\u00edas y otros negocios similares. Delibake tiene un dise\u00f1o simple, moderno y limpio con un dise\u00f1o adaptable 100%. Es muy f\u00e1cil de personalizar y puede ser utilizado por cualquier persona sin necesidad de saber programar. Este kit de plantillas incluye 12 p\u00e1ginas [\u2026]<\/p>","protected":false},"featured_media":1882,"comment_status":"open","ping_status":"open","template":"","meta":{"_jf_limit_responses":"","iawp_total_views":60},"product_brand":[],"product_cat":[35,29,23,24],"product_tag":[19],"class_list":{"0":"post-1881","1":"product","2":"type-product","3":"status-publish","4":"has-post-thumbnail","6":"product_cat-academia-e-fitness","7":"product_cat-saude-e-bem-estar","8":"product_cat-templates-elementor-e-envato","9":"product_cat-templates-envato","10":"product_tag-vitalicio","12":"first","13":"instock","14":"downloadable","15":"virtual","16":"purchasable","17":"product-type-simple"},"_links":{"self":[{"href":"https:\/\/packdesites.com\/es\/wp-json\/wp\/v2\/product\/1881","targetHints":{"allow":["GET"]}}],"collection":[{"href":"https:\/\/packdesites.com\/es\/wp-json\/wp\/v2\/product"}],"about":[{"href":"https:\/\/packdesites.com\/es\/wp-json\/wp\/v2\/types\/product"}],"replies":[{"embeddable":true,"href":"https:\/\/packdesites.com\/es\/wp-json\/wp\/v2\/comments?post=1881"}],"version-history":[{"count":0,"href":"https:\/\/packdesites.com\/es\/wp-json\/wp\/v2\/product\/1881\/revisions"}],"wp:featuredmedia":[{"embeddable":true,"href":"https:\/\/packdesites.com\/es\/wp-json\/wp\/v2\/media\/1882"}],"wp:attachment":[{"href":"https:\/\/packdesites.com\/es\/wp-json\/wp\/v2\/media?parent=1881"}],"wp:term":[{"taxonomy":"product_brand","embeddable":true,"href":"https:\/\/packdesites.com\/es\/wp-json\/wp\/v2\/product_brand?post=1881"},{"taxonomy":"product_cat","embeddable":true,"href":"https:\/\/packdesites.com\/es\/wp-json\/wp\/v2\/product_cat?post=1881"},{"taxonomy":"product_tag","embeddable":true,"href":"https:\/\/packdesites.com\/es\/wp-json\/wp\/v2\/product_tag?post=1881"}],"curies":[{"name":"wp","href":"https:\/\/api.w.org\/{rel}","templated":true}]}}