{"id":1879,"date":"2024-11-01T15:51:39","date_gmt":"2024-11-01T15:51:39","guid":{"rendered":"https:\/\/packdesites.com\/produto\/cake-boutique-template-kit-de-bolos-e-padarias\/"},"modified":"2025-04-03T01:19:09","modified_gmt":"2025-04-03T01:19:09","slug":"kit-de-plantilla-para-pasteleria-y-reposteria-de-cake-boutique","status":"publish","type":"product","link":"https:\/\/packdesites.com\/es\/product\/kit-de-plantilla-para-pasteleria-y-reposteria-de-cake-boutique\/","title":{"rendered":"Cake Boutique \u2013 Kit de plantillas para pasteles y reposter\u00eda"},"content":{"rendered":"<p>Cake Boutique es un kit de plantillas Elementor para crear r\u00e1pida y f\u00e1cilmente sitios web para su negocio utilizando el complemento Elementor Page Builder para WordPress. Est\u00e1 dise\u00f1ado para ayudarle a crear f\u00e1cilmente su sitio web relacionado con pasteles o panader\u00eda. Cake Boutique es 100% responsivo e incluye 12 plantillas listas para usar que son s\u00faper f\u00e1ciles de editar. Este kit est\u00e1 optimizado para su uso con el tema gratuito Hello Elementor, pero se puede utilizar con la mayor\u00eda de los temas compatibles con Elementor.<\/p>\n\n\n\n<p><strong>Caracter\u00edsticas del modelo<\/strong><\/p>\n\n\n\n<ul class=\"wp-block-list\">\n<li>100% Responsivo<\/li>\n\n\n\n<li>Personalizaci\u00f3n real sin c\u00f3digo con un generador visual de arrastrar y soltar<\/li>\n\n\n\n<li>Personalice fuentes y colores en un solo lugar o ajuste elementos individuales<\/li>\n\n\n\n<li>Dise\u00f1o moderno y profesional.<\/li>\n\n\n\n<li>Carga r\u00e1pida<\/li>\n\n\n\n<li>Funciona con la mayor\u00eda de los temas de Elementor.<\/li>\n<\/ul>\n\n\n\n<p>### C\u00f3mo instalar:<\/p>\n\n\n\n<ol class=\"wp-block-list\">\n<li>Instalar y activar el complemento \u201cEnvato Elements\u201d en Complementos &gt; Agregar nuevo en WordPress<\/li>\n\n\n\n<li>No descomprimir<\/li>\n\n\n\n<li>Ve a Elementos &gt; Kits instalados y haz clic en el bot\u00f3n Cargar kit de plantilla.<\/li>\n\n\n\n<li>Antes de importar una plantilla, aseg\u00farese de hacer clic en el bot\u00f3n Instalar requisitos para activar los complementos necesarios.<\/li>\n\n\n\n<li>Para obtener mejores resultados, no importe m\u00e1s de un modelo a la vez.<\/li>\n<\/ol>\n\n\n\n<p>[Guia detalhado](https:\/\/help.market.envato.com\/hc\/en-us\/articles\/900000842846-How-to-use-the-Envato-Elements-WordPress-Plugin-v2-0%22)<\/p>\n\n\n\n<p>Para obtener m\u00e1s ayuda, vaya a Elementor &gt; Obtener ayuda en el men\u00fa de WordPress.<\/p>\n\n\n\n<p>Este kit requiere la actualizaci\u00f3n de Elementor Pro para algunas plantillas y funciones (no incluidas)<\/p>","protected":false},"excerpt":{"rendered":"<p>Cake Boutique es un kit de plantillas de Elementor para crear sitios web para tu negocio de forma r\u00e1pida y sencilla con el plugin Elementor Page Builder para WordPress. Est\u00e1 dise\u00f1ado para ayudarte a crear f\u00e1cilmente tu sitio web de pasteles o pasteler\u00edas. Cake Boutique es 100 % responsivo e incluye 12 plantillas listas para usar que son muy [\u2026]<\/p>","protected":false},"featured_media":1880,"comment_status":"open","ping_status":"open","template":"","meta":{"_jf_limit_responses":"","iawp_total_views":56},"product_brand":[],"product_cat":[35,29,23,24],"product_tag":[19],"class_list":{"0":"post-1879","1":"product","2":"type-product","3":"status-publish","4":"has-post-thumbnail","6":"product_cat-academia-e-fitness","7":"product_cat-saude-e-bem-estar","8":"product_cat-templates-elementor-e-envato","9":"product_cat-templates-envato","10":"product_tag-vitalicio","12":"first","13":"instock","14":"downloadable","15":"virtual","16":"purchasable","17":"product-type-simple"},"_links":{"self":[{"href":"https:\/\/packdesites.com\/es\/wp-json\/wp\/v2\/product\/1879","targetHints":{"allow":["GET"]}}],"collection":[{"href":"https:\/\/packdesites.com\/es\/wp-json\/wp\/v2\/product"}],"about":[{"href":"https:\/\/packdesites.com\/es\/wp-json\/wp\/v2\/types\/product"}],"replies":[{"embeddable":true,"href":"https:\/\/packdesites.com\/es\/wp-json\/wp\/v2\/comments?post=1879"}],"version-history":[{"count":0,"href":"https:\/\/packdesites.com\/es\/wp-json\/wp\/v2\/product\/1879\/revisions"}],"wp:featuredmedia":[{"embeddable":true,"href":"https:\/\/packdesites.com\/es\/wp-json\/wp\/v2\/media\/1880"}],"wp:attachment":[{"href":"https:\/\/packdesites.com\/es\/wp-json\/wp\/v2\/media?parent=1879"}],"wp:term":[{"taxonomy":"product_brand","embeddable":true,"href":"https:\/\/packdesites.com\/es\/wp-json\/wp\/v2\/product_brand?post=1879"},{"taxonomy":"product_cat","embeddable":true,"href":"https:\/\/packdesites.com\/es\/wp-json\/wp\/v2\/product_cat?post=1879"},{"taxonomy":"product_tag","embeddable":true,"href":"https:\/\/packdesites.com\/es\/wp-json\/wp\/v2\/product_tag?post=1879"}],"curies":[{"name":"wp","href":"https:\/\/api.w.org\/{rel}","templated":true}]}}