{"id":1877,"date":"2024-11-01T15:48:51","date_gmt":"2024-11-01T15:48:51","guid":{"rendered":"https:\/\/packdesites.com\/produto\/kope-template-kit-de-cafe-cafeteria-bar-e-padaria\/"},"modified":"2025-04-03T01:19:07","modified_gmt":"2025-04-03T01:19:07","slug":"kit-de-plantillas-kope-para-cafeterias-bares-y-panaderias","status":"publish","type":"product","link":"https:\/\/packdesites.com\/es\/product\/kit-de-plantillas-kope-para-cafeterias-bares-y-panaderias\/","title":{"rendered":"Kope \u2013 Kit de plantillas para cafeter\u00edas, bares y panader\u00edas"},"content":{"rendered":"<p>Kope \u2013 Kit de plantillas Elementor para cafeter\u00edas. Kope cuenta con m\u00e1s de 12 plantillas predise\u00f1adas con un dise\u00f1o limpio y totalmente responsivo, adem\u00e1s de un tema personalizable. Kope se puede usar para crear un sitio web para cafeter\u00edas, baristas, bares, cafeter\u00edas, restaurantes o cualquier otro negocio relacionado.<\/p>\n\n\n\n<p>El Kit Elementor contiene contenido para el constructor de p\u00e1ginas Elementor. Este kit est\u00e1 optimizado para usarse con el tema gratuito Hello Elementor, pero es compatible con la mayor\u00eda de los temas compatibles con Elementor.<\/p>\n\n\n\n<p><strong>Caracter\u00edsticas:<\/strong><\/p>\n\n\n\n<ul class=\"wp-block-list\">\n<li>Compatibilidad del navegador: FireFox, Safari, Chrome, IE9, IE10, IE11<\/li>\n\n\n\n<li>Uso de complementos gratuitos (no se requiere Elementor Pro)<\/li>\n\n\n\n<li>Dise\u00f1o totalmente adaptable, compatible con Retina, gr\u00e1ficos de ultra alta resoluci\u00f3n<\/li>\n\n\n\n<li>Personalizaci\u00f3n real sin c\u00f3digo con un generador visual de arrastrar y soltar<\/li>\n\n\n\n<li>Personalice fuentes y colores en un solo lugar o ajuste elementos individuales<\/li>\n\n\n\n<li>M\u00e1s de 12 plantillas predise\u00f1adas listas para usar<\/li>\n\n\n\n<li>Un dise\u00f1o limpio y moderno que se puede adaptar y utilizar para cualquier dise\u00f1o y maquetaci\u00f3n de sitio web.<\/li>\n<\/ul>\n\n\n\n<p><strong>Modelos Zip:<\/strong><\/p>\n\n\n\n<ul class=\"wp-block-list\">\n<li>Hogar<\/li>\n\n\n\n<li>En<\/li>\n\n\n\n<li>Nuestro barista<\/li>\n\n\n\n<li>Testimonios<\/li>\n\n\n\n<li>Men\u00fa<\/li>\n\n\n\n<li>Producto<\/li>\n\n\n\n<li>Galer\u00eda<\/li>\n\n\n\n<li>Ponte en contacto con nosotros<\/li>\n\n\n\n<li>Blog<\/li>\n\n\n\n<li>404<\/li>\n\n\n\n<li>encabezamiento<\/li>\n\n\n\n<li>Z\u00f3calo<\/li>\n<\/ul>\n\n\n\n<p><strong>Complementos necesarios:<\/strong><\/p>\n\n\n\n<ul class=\"wp-block-list\">\n<li>Elementor<\/li>\n\n\n\n<li>Kit de elementos<\/li>\n\n\n\n<li>Metform<\/li>\n<\/ul>\n\n\n\n<p><strong>C\u00f3mo utilizar los kits de plantillas:<\/strong><\/p>\n\n\n\n<ul class=\"wp-block-list\">\n<li>Instalar y activar el complemento \u201cEnvato Elements\u201d en Complementos &gt; Agregar nuevo en WordPress<\/li>\n\n\n\n<li>Descargue el archivo del kit y no lo descomprima<\/li>\n\n\n\n<li>Vaya a Elements &gt; Kits instalados y haga clic en el bot\u00f3n &quot;Subir kit de plantillas&quot;. Tambi\u00e9n puede importar autom\u00e1ticamente haciendo clic en &quot;Conectar cuenta&quot; para vincular su suscripci\u00f3n a Elements e importar en Elements &gt; Kits de plantillas.<\/li>\n\n\n\n<li>Verifique el banner naranja en la parte superior y haga clic en Requisitos de instalaci\u00f3n para cargar los complementos utilizados por el kit<\/li>\n\n\n\n<li>Primer clic en importar en Estilos del Kit Global<\/li>\n\n\n\n<li>Haz clic en Importar una plantilla a la vez. Se almacenan en Elementor, en Plantillas &gt; Plantillas guardadas.<\/li>\n\n\n\n<li>Vaya a P\u00e1ginas, cree una nueva p\u00e1gina y haga clic en Editar con Elementor<\/li>\n\n\n\n<li>Haga clic en el \u00edcono de engranaje en la esquina inferior izquierda del generador para ver la configuraci\u00f3n de la p\u00e1gina y elija Elementor Ancho completo y oculte el t\u00edtulo de la p\u00e1gina.<\/li>\n\n\n\n<li>Haga clic en el icono de la carpeta gris para acceder a la pesta\u00f1a Mis plantillas, luego importe la p\u00e1gina que desea personalizar.<\/li>\n<\/ul>\n\n\n\n<p>Si tienes Elementor Pro, los encabezados y pies de p\u00e1gina se pueden personalizar en el Generador de temas.<\/p>\n\n\n\n<p>Gu\u00eda detallada: <a href=\"https:\/\/help.market.envato.com\/hc\/en-us\/articles\/900000842846-How-to-use-the-Envato-Elements-WordPress-Plugin-v2-0\" target=\"_blank\" rel=\"noopener\">https:\/\/help.market.envato.com\/hc\/en-us\/articles\/900000842846-How-to-use-the-Envato-Elements-WordPress-Plugin-v2-0<\/a><\/p>","protected":false},"excerpt":{"rendered":"<p>Kope &#8211; Template Kit Elementor para cafeteria. O Kope tem mais de 12 modelos pr\u00e9-constru\u00eddos com design totalmente responsivo e limpo e tema personaliz\u00e1vel. O Kope pode ser usado para criar um site para cafeteria, barista, bar, caf\u00e9, restaurante ou qualquer outro neg\u00f3cio relacionado. O Kit Elementor cont\u00e9m conte\u00fado de p\u00e1gina para o construtor de [&hellip;]<\/p>","protected":false},"featured_media":1878,"comment_status":"open","ping_status":"open","template":"","meta":{"_jf_limit_responses":"","iawp_total_views":88},"product_brand":[],"product_cat":[35,29,23,24],"product_tag":[19],"class_list":{"0":"post-1877","1":"product","2":"type-product","3":"status-publish","4":"has-post-thumbnail","6":"product_cat-academia-e-fitness","7":"product_cat-saude-e-bem-estar","8":"product_cat-templates-elementor-e-envato","9":"product_cat-templates-envato","10":"product_tag-vitalicio","12":"first","13":"instock","14":"downloadable","15":"virtual","16":"purchasable","17":"product-type-simple"},"_links":{"self":[{"href":"https:\/\/packdesites.com\/es\/wp-json\/wp\/v2\/product\/1877","targetHints":{"allow":["GET"]}}],"collection":[{"href":"https:\/\/packdesites.com\/es\/wp-json\/wp\/v2\/product"}],"about":[{"href":"https:\/\/packdesites.com\/es\/wp-json\/wp\/v2\/types\/product"}],"replies":[{"embeddable":true,"href":"https:\/\/packdesites.com\/es\/wp-json\/wp\/v2\/comments?post=1877"}],"version-history":[{"count":0,"href":"https:\/\/packdesites.com\/es\/wp-json\/wp\/v2\/product\/1877\/revisions"}],"wp:featuredmedia":[{"embeddable":true,"href":"https:\/\/packdesites.com\/es\/wp-json\/wp\/v2\/media\/1878"}],"wp:attachment":[{"href":"https:\/\/packdesites.com\/es\/wp-json\/wp\/v2\/media?parent=1877"}],"wp:term":[{"taxonomy":"product_brand","embeddable":true,"href":"https:\/\/packdesites.com\/es\/wp-json\/wp\/v2\/product_brand?post=1877"},{"taxonomy":"product_cat","embeddable":true,"href":"https:\/\/packdesites.com\/es\/wp-json\/wp\/v2\/product_cat?post=1877"},{"taxonomy":"product_tag","embeddable":true,"href":"https:\/\/packdesites.com\/es\/wp-json\/wp\/v2\/product_tag?post=1877"}],"curies":[{"name":"wp","href":"https:\/\/api.w.org\/{rel}","templated":true}]}}