{"id":1869,"date":"2024-10-31T19:44:24","date_gmt":"2024-10-31T19:44:24","guid":{"rendered":"https:\/\/packdesites.com\/produto\/juristic-template-para-advogados-advogados-e-escritorios-de-advocacia\/"},"modified":"2025-04-03T01:18:51","modified_gmt":"2025-04-03T01:18:51","slug":"plantilla-juridica-para-abogados-y-despachos-de-abogados","status":"publish","type":"product","link":"https:\/\/packdesites.com\/es\/product\/plantilla-juridica-para-abogados-y-despachos-de-abogados\/","title":{"rendered":"Jur\u00edstico \u2014 Plantilla para abogados, procuradores y bufetes de abogados"},"content":{"rendered":"<p><strong>Jur\u00eddico<\/strong>&nbsp;Es un kit de plantillas Elementor para sitios web de abogados, procuradores y bufetes de abogados. Creado con Elementor Page Builder, puedes editarlo o personalizarlo f\u00e1cilmente, sin necesidad de codificaci\u00f3n, solo arrastra y suelta<\/p>\n\n\n\n<p><strong>Caracter\u00edsticas del modelo:<\/strong><\/p>\n\n\n\n<ul class=\"wp-block-list\">\n<li>Kit de plantillas de sitios web de ancho completo<\/li>\n\n\n\n<li>Dise\u00f1o moderno 100% responsivo y compatible con dispositivos m\u00f3viles<\/li>\n\n\n\n<li>Creado con contenedores Flexbox de Elementor<\/li>\n\n\n\n<li>F\u00e1cil de personalizar<\/li>\n\n\n\n<li>Apoyo para la recaudaci\u00f3n de fondos<\/li>\n<\/ul>\n\n\n\n<p><strong>Qu\u00e9 incluye:<\/strong><\/p>\n\n\n\n<ul class=\"wp-block-list\">\n<li>Estilo global<\/li>\n\n\n\n<li>Estilo de hogar 1<\/li>\n\n\n\n<li>Estilo de hogar 2<\/li>\n\n\n\n<li>Estilo de hogar 3<\/li>\n\n\n\n<li>En<\/li>\n\n\n\n<li>Cont\u00e1ctanos<\/li>\n\n\n\n<li>Pr\u00e1ctica<\/li>\n\n\n\n<li>Pr\u00e1ctica individual<\/li>\n\n\n\n<li>Estudio de caso<\/li>\n\n\n\n<li>Estudios de casos individuales<\/li>\n\n\n\n<li>Abogado<\/li>\n\n\n\n<li>abogado soltero<\/li>\n\n\n\n<li>Precios<\/li>\n\n\n\n<li>PREGUNTAS FRECUENTES<\/li>\n\n\n\n<li>Blog<\/li>\n\n\n\n<li>Blog \u00fanico<\/li>\n\n\n\n<li>encabezamiento<\/li>\n\n\n\n<li>Z\u00f3calo<\/li>\n\n\n\n<li>Error 404<\/li>\n<\/ul>\n\n\n\n<p><strong>Complementos instalados con el kit<\/strong><\/p>\n\n\n\n<ul class=\"wp-block-list\">\n<li>Elementor<\/li>\n\n\n\n<li>Kit de elementos Elementor<\/li>\n\n\n\n<li>MetForm Lite<\/li>\n<\/ul>\n\n\n\n<p><strong>C\u00f3mo utilizar los kits de plantillas:<\/strong>&nbsp;Este no es un tema de WordPress. Los kits de plantillas contienen solo los datos de dise\u00f1o de Elementor y se instalan mediante el complemento envato Elements para WordPress o directamente a trav\u00e9s de Elementor.<\/p>\n\n\n\n<p>Los kits de plantillas de Elementor utilizan el complemento Envato Elements para su instalaci\u00f3n.<\/p>\n\n\n\n<p>Gu\u00eda detallada:<\/p>\n\n\n\n<ul class=\"wp-block-list\">\n<li><a href=\"https:\/\/help.elements.envato.com\/hc\/en-us\/articles\/36032349441945-How-to-Install-Elementor-Template-Kits-With-the-Envato-Elements-Plugin-in-WordPress-for-Envato-Elements-Subscribers\" target=\"_blank\" rel=\"noopener\">https:\/\/help.elements.envato.com\/hc\/en-us\/articles\/36032349441945-How-to-Install-Elementor-Template-Kits-With-the-Envato-Elements-Plugin-in-WordPress-for-Envato-Elements-Subscribers<\/a><\/li>\n<\/ul>","protected":false},"excerpt":{"rendered":"<p>Juristic&nbsp;\u00e9 um kit de modelos Elementor para advogado, advogado e site de escrit\u00f3rio de advocacia. Criado com o Elementor Page Builder, voc\u00ea pode facilmente edit\u00e1-lo ou personaliz\u00e1-lo, sem necessidade de codifica\u00e7\u00e3o, basta arrastar e soltar Caracter\u00edsticas do Modelo: O que est\u00e1 inclu\u00eddo: Plugins instalados com o kit Como usar os Template Kits:&nbsp;Este n\u00e3o \u00e9 um [&hellip;]<\/p>","protected":false},"featured_media":1870,"comment_status":"open","ping_status":"open","template":"","meta":{"_jf_limit_responses":"","iawp_total_views":251},"product_brand":[],"product_cat":[37,23,24],"product_tag":[19],"class_list":{"0":"post-1869","1":"product","2":"type-product","3":"status-publish","4":"has-post-thumbnail","6":"product_cat-advogado","7":"product_cat-templates-elementor-e-envato","8":"product_cat-templates-envato","9":"product_tag-vitalicio","11":"first","12":"instock","13":"downloadable","14":"virtual","15":"purchasable","16":"product-type-simple"},"_links":{"self":[{"href":"https:\/\/packdesites.com\/es\/wp-json\/wp\/v2\/product\/1869","targetHints":{"allow":["GET"]}}],"collection":[{"href":"https:\/\/packdesites.com\/es\/wp-json\/wp\/v2\/product"}],"about":[{"href":"https:\/\/packdesites.com\/es\/wp-json\/wp\/v2\/types\/product"}],"replies":[{"embeddable":true,"href":"https:\/\/packdesites.com\/es\/wp-json\/wp\/v2\/comments?post=1869"}],"version-history":[{"count":0,"href":"https:\/\/packdesites.com\/es\/wp-json\/wp\/v2\/product\/1869\/revisions"}],"wp:featuredmedia":[{"embeddable":true,"href":"https:\/\/packdesites.com\/es\/wp-json\/wp\/v2\/media\/1870"}],"wp:attachment":[{"href":"https:\/\/packdesites.com\/es\/wp-json\/wp\/v2\/media?parent=1869"}],"wp:term":[{"taxonomy":"product_brand","embeddable":true,"href":"https:\/\/packdesites.com\/es\/wp-json\/wp\/v2\/product_brand?post=1869"},{"taxonomy":"product_cat","embeddable":true,"href":"https:\/\/packdesites.com\/es\/wp-json\/wp\/v2\/product_cat?post=1869"},{"taxonomy":"product_tag","embeddable":true,"href":"https:\/\/packdesites.com\/es\/wp-json\/wp\/v2\/product_tag?post=1869"}],"curies":[{"name":"wp","href":"https:\/\/api.w.org\/{rel}","templated":true}]}}