{"id":1861,"date":"2024-09-27T20:38:25","date_gmt":"2024-09-27T20:38:25","guid":{"rendered":"https:\/\/packdesites.com\/produto\/aquaclean-template-elementor-para-servicos-de-lavagem-e-limpeza-de-carros-e-lava-jato\/"},"modified":"2025-04-03T01:18:42","modified_gmt":"2025-04-03T01:18:42","slug":"plantilla-aquaclean-elementor-para-servicios-de-lavado-y-limpieza-de-vehiculos","status":"publish","type":"product","link":"https:\/\/packdesites.com\/es\/product\/plantilla-aquaclean-elementor-para-servicios-de-lavado-y-limpieza-de-vehiculos\/","title":{"rendered":"AquaClean: plantilla Elementor para servicios de lavado y limpieza de veh\u00edculos"},"content":{"rendered":"<p>AquaClean es un kit de plantillas Elementor Pro para sitios web de servicios de limpieza y lavado de autom\u00f3viles. Tiene 12 plantillas predise\u00f1adas con un dise\u00f1o moderno y un estilo limpio. Este kit de plantillas est\u00e1 listo para usar para empresas y servicios relacionados con el lavado y limpieza de autom\u00f3viles.<\/p>\n\n\n\n<p>Ahorre tiempo para crear un sitio web de servicios de limpieza y lavado de autom\u00f3viles con este kit de plantillas Elementor. Con Elementor Page Builder, puedes editarlo o personalizarlo f\u00e1cilmente, sin necesidad de codificaci\u00f3n, solo arrastra y suelta.<\/p>\n\n\n\n<p>Los kits de plantillas de Elementor contienen contenido de p\u00e1gina para el generador de p\u00e1ginas de Elementor. Este kit ha sido optimizado para su uso con el tema gratuito Hello Elementor, pero se puede utilizar con la mayor\u00eda de los temas compatibles con Elementor.<\/p>\n\n\n\n<p><strong>Caracter\u00edsticas del dise\u00f1o:<\/strong><\/p>\n\n\n\n<ul class=\"wp-block-list\">\n<li>Dise\u00f1o moderno y profesional.<\/li>\n\n\n\n<li>Creado con Elementor Pro<\/li>\n\n\n\n<li>100% Responsivo y compatible con dispositivos m\u00f3viles<\/li>\n\n\n\n<li>M\u00e1s de 12 plantillas predise\u00f1adas<\/li>\n\n\n\n<li>F\u00e1cil de personalizar<\/li>\n\n\n\n<li>Kit de plantillas creado con el tema Hello Elementor<\/li>\n<\/ul>\n\n\n\n<p><strong>\u00bfQu\u00e9 incluye el CEP?<\/strong><\/p>\n\n\n\n<ul class=\"wp-block-list\">\n<li>P\u00e1gina de inicio<\/li>\n\n\n\n<li>Sobre nosotros<\/li>\n\n\n\n<li>Error 404<\/li>\n\n\n\n<li>Blog de archivo<\/li>\n\n\n\n<li>Publicaci\u00f3n \u00fanica<\/li>\n\n\n\n<li>P\u00e1gina de reservas<\/li>\n\n\n\n<li>Cont\u00e1ctanos<\/li>\n\n\n\n<li>Preguntas frecuentes<\/li>\n\n\n\n<li>Plan de precios<\/li>\n\n\n\n<li>Servicios<\/li>\n\n\n\n<li>Servicio \u00fanico<\/li>\n\n\n\n<li>Equipo<\/li>\n\n\n\n<li>Estilo global<\/li>\n\n\n\n<li>encabezamiento<\/li>\n\n\n\n<li>Z\u00f3calo<\/li>\n<\/ul>\n\n\n\n<p><strong>C\u00f3mo utilizar los kits de plantillas:<\/strong>&nbsp;Este no es un tema de WordPress. Los kits de plantillas contienen solo los datos de dise\u00f1o de Elementor y se instalan mediante el complemento Envato Elements para WordPress o directamente a trav\u00e9s de Elementor.<\/p>\n\n\n\n<p>.<\/p>\n\n\n\n<ol class=\"wp-block-list\">\n<li>Descarga el archivo del kit de Envato y no lo descomprimas. Si usas Safari, quiz\u00e1s debas desactivar la opci\u00f3n &quot;Abrir archivos seguros despu\u00e9s de la descarga&quot; en las preferencias de tu navegador. 2. Ve a Configuraci\u00f3n &gt; Enlaces permanentes y aseg\u00farate de que el nombre de la publicaci\u00f3n est\u00e9 seleccionado.<\/li>\n\n\n\n<li>Ve a Apariencia &gt; Temas &gt; A\u00f1adir nuevo y aseg\u00farate de que Hello Elementor est\u00e9 instalado y activado. Se te pedir\u00e1 que instales Elementor si a\u00fan no lo has hecho. 4. Ve a Plugins y aseg\u00farate de que Elementor y Envato Elements est\u00e9n instalados y tengan la \u00faltima versi\u00f3n. Si tu kit requiere Elementor Pro, ya deber\u00eda estar instalado y conectado a tu cuenta. 5. Ve a Elementos &gt; Kits instalados y haz clic en Subir archivo zip del kit de plantilla (o haz clic en tu kit para previsualizarlo).<\/li>\n\n\n\n<li>Verifique el banner naranja en la parte superior y haga clic en Requisitos de instalaci\u00f3n para cargar los complementos utilizados por el kit. <a href=\"https:\/\/envato.d.pr\/ughD8Q\" target=\"_blank\" rel=\"noopener\">https:\/\/envato.d.pr\/ughD8Q<\/a><\/li>\n\n\n\n<li>Primer clic en Importar en Estilos del Kit Global. Esto configurar\u00e1 los ajustes del sitio.<\/li>\n\n\n\n<li>Haz clic en &quot;Importar&quot; en una plantilla a la vez, en el orden mostrado. Se almacenan en Elementor, en Plantillas &gt; Plantillas guardadas, y se pueden reutilizar desde all\u00ed.<\/li>\n<\/ol>\n\n\n\n<p><strong>Creaci\u00f3n de p\u00e1ginas<\/strong><\/p>\n\n\n\n<ol class=\"wp-block-list\">\n<li>Vaya a P\u00e1ginas y cree una nueva p\u00e1gina y haga clic en Editar con Elementor<\/li>\n\n\n\n<li>Haga clic en el \u00edcono de engranaje en la esquina inferior izquierda del generador para ver la configuraci\u00f3n de la p\u00e1gina y elija Elementor Ancho completo y oculte el t\u00edtulo de la p\u00e1gina.<\/li>\n\n\n\n<li>Haga clic en el icono de la carpeta gris para acceder a la pesta\u00f1a Mis plantillas y luego importe la p\u00e1gina que desea personalizar.<\/li>\n\n\n\n<li>La p\u00e1gina de inicio se configura en Configuraci\u00f3n &gt; Lectura seleccionando P\u00e1gina de inicio est\u00e1tica.<\/li>\n<\/ol>\n\n\n\n<p>Si tiene Elementor Pro, los encabezados y pies de p\u00e1gina se personalizan en Plantillas &gt; Generador de temas.<\/p>\n\n\n\n<p>Gu\u00eda detallada: <a href=\"https:\/\/help.market.envato.com\/hc\/en-us\/articles\/900000842846-How-to-use-the-Envato-Elements-WordPress-Plugin-v2-0\" target=\"_blank\" rel=\"noopener\">https:\/\/help.market.envato.com\/hc\/en-us\/articles\/900000842846-How-to-use-the-Envato-Elements-WordPress-Plugin-v2-0<\/a><\/p>","protected":false},"excerpt":{"rendered":"<p>AquaClean es un kit de plantillas Elementor Pro para sitios web de servicios de lavado y limpieza de autos. Incluye 12 plantillas predise\u00f1adas con un dise\u00f1o moderno y un estilo limpio. Este kit est\u00e1 listo para usar en negocios y servicios relacionados con el lavado y la limpieza de autos. Ahorra tiempo creando un [\u2026]<\/p>","protected":false},"featured_media":1862,"comment_status":"open","ping_status":"open","template":"","meta":{"_jf_limit_responses":"","iawp_total_views":126},"product_brand":[],"product_cat":[27,23,24,31],"product_tag":[19],"class_list":{"0":"post-1861","1":"product","2":"type-product","3":"status-publish","4":"has-post-thumbnail","6":"product_cat-prestadores-de-servicos","7":"product_cat-templates-elementor-e-envato","8":"product_cat-templates-envato","9":"product_cat-veiculos","10":"product_tag-vitalicio","12":"first","13":"instock","14":"downloadable","15":"virtual","16":"purchasable","17":"product-type-simple"},"_links":{"self":[{"href":"https:\/\/packdesites.com\/es\/wp-json\/wp\/v2\/product\/1861","targetHints":{"allow":["GET"]}}],"collection":[{"href":"https:\/\/packdesites.com\/es\/wp-json\/wp\/v2\/product"}],"about":[{"href":"https:\/\/packdesites.com\/es\/wp-json\/wp\/v2\/types\/product"}],"replies":[{"embeddable":true,"href":"https:\/\/packdesites.com\/es\/wp-json\/wp\/v2\/comments?post=1861"}],"version-history":[{"count":0,"href":"https:\/\/packdesites.com\/es\/wp-json\/wp\/v2\/product\/1861\/revisions"}],"wp:featuredmedia":[{"embeddable":true,"href":"https:\/\/packdesites.com\/es\/wp-json\/wp\/v2\/media\/1862"}],"wp:attachment":[{"href":"https:\/\/packdesites.com\/es\/wp-json\/wp\/v2\/media?parent=1861"}],"wp:term":[{"taxonomy":"product_brand","embeddable":true,"href":"https:\/\/packdesites.com\/es\/wp-json\/wp\/v2\/product_brand?post=1861"},{"taxonomy":"product_cat","embeddable":true,"href":"https:\/\/packdesites.com\/es\/wp-json\/wp\/v2\/product_cat?post=1861"},{"taxonomy":"product_tag","embeddable":true,"href":"https:\/\/packdesites.com\/es\/wp-json\/wp\/v2\/product_tag?post=1861"}],"curies":[{"name":"wp","href":"https:\/\/api.w.org\/{rel}","templated":true}]}}