{"id":1859,"date":"2024-09-27T20:34:39","date_gmt":"2024-09-27T20:34:39","guid":{"rendered":"https:\/\/packdesites.com\/produto\/otowashcar-template-para-lava-jato-e-lavagem-de-carros\/"},"modified":"2025-04-03T01:18:38","modified_gmt":"2025-04-03T01:18:38","slug":"plantilla-otowashcar-para-lavado-de-autos-y-lavado-de-vehiculos","status":"publish","type":"product","link":"https:\/\/packdesites.com\/es\/product\/plantilla-otowashcar-para-lavado-de-autos-y-lavado-de-vehiculos\/","title":{"rendered":"Otowashcar \u2013 Lavado de coches y plantilla de lavado de coches"},"content":{"rendered":"<p>Otowashcar es un kit de plantillas Elementor para lavado de autos, detallado de autos y servicios automotrices. Otowashcar utiliza elementos gratuitos, as\u00ed que no te preocupes por probar este. Otowashcar utiliza elementos gratuitos, as\u00ed que no te preocupes por probar este. Este no es un tema de WordPress. Los kits de plantillas contienen contenido de p\u00e1gina para el generador de p\u00e1ginas Elementor. Este kit ha sido optimizado para su uso con el tema gratuito Hello Elementor, pero se puede utilizar con la mayor\u00eda de los temas compatibles con Elementor.<\/p>\n\n\n\n<p>.<\/p>\n\n\n\n<p><strong>Caracter\u00edsticas<\/strong><\/p>\n\n\n\n<ul class=\"wp-block-list\">\n<li>Personalizaci\u00f3n real sin c\u00f3digo con un generador visual de arrastrar y soltar<\/li>\n\n\n\n<li>Personalice fuentes y colores en un solo lugar o ajuste elementos individuales<\/li>\n\n\n\n<li>Dise\u00f1o moderno y profesional.<\/li>\n\n\n\n<li>Carga r\u00e1pida<\/li>\n\n\n\n<li>Funciona con la mayor\u00eda de los temas de Elementor.<\/li>\n<\/ul>\n\n\n\n<p><strong>Dependencias del complemento:<\/strong><\/p>\n\n\n\n<ul class=\"wp-block-list\">\n<li>Elementor<\/li>\n\n\n\n<li>ElementsKit Lite<\/li>\n\n\n\n<li>Metform<\/li>\n\n\n\n<li>Generador de encabezados y pies de p\u00e1gina<\/li>\n<\/ul>\n\n\n\n<p><strong>Modelos<\/strong><\/p>\n\n\n\n<ol class=\"wp-block-list\">\n<li>Comenzar<\/li>\n\n\n\n<li>Sobre nosotros<\/li>\n\n\n\n<li>Equipo<\/li>\n\n\n\n<li>Servicios<\/li>\n\n\n\n<li>Servicios individuales<\/li>\n\n\n\n<li>Precios<\/li>\n\n\n\n<li>Preguntas frecuentes<\/li>\n\n\n\n<li>Blog<\/li>\n\n\n\n<li>404<\/li>\n\n\n\n<li>Cont\u00e1ctanos<\/li>\n<\/ol>\n\n\n\n<p><strong>Fuente utilizada<\/strong><\/p>\n\n\n\n<ul class=\"wp-block-list\">\n<li>Archivo Negro<\/li>\n\n\n\n<li>Roboto<\/li>\n<\/ul>\n\n\n\n<p>** C\u00f3mo utilizar los kits de plantillas: ** Este no es un tema de WordPress. Los kits de plantillas contienen solo los datos de dise\u00f1o de Elementor y se instalan mediante el complemento envato Elements para WordPress o directamente a trav\u00e9s de Elementor.<\/p>\n\n\n\n<p>.<\/p>\n\n\n\n<ol class=\"wp-block-list\">\n<li>Descarga el archivo de tu kit de Envato y no lo descomprimas. Si usas Safari, quiz\u00e1s debas desactivar la opci\u00f3n &quot;Abrir archivos seguros despu\u00e9s de la descarga&quot; en las preferencias de tu navegador. 2. Ve a Configuraci\u00f3n &gt; Enlaces permanentes y aseg\u00farate de que el nombre de la publicaci\u00f3n est\u00e9 seleccionado.<\/li>\n\n\n\n<li>Ve a Apariencia &gt; Temas &gt; A\u00f1adir nuevo y aseg\u00farate de que Hello Elementor est\u00e9 instalado y activado. Se te pedir\u00e1 que instales Elementor si a\u00fan no lo has hecho. 4. Ve a Plugins y aseg\u00farate de que Elementor y Envato Elements est\u00e9n instalados y tengan la \u00faltima versi\u00f3n. Si tu kit requiere Elementor Pro, ya deber\u00eda estar instalado y conectado a tu cuenta. 5. Ve a Elementos &gt; Kits instalados y haz clic en Subir archivo zip del kit de plantilla (o haz clic en el kit para previsualizarlo).<\/li>\n\n\n\n<li>Verifique el banner naranja en la parte superior y haga clic en Requisitos de instalaci\u00f3n para cargar los complementos utilizados por el kit. <a href=\"https:\/\/envato.d.pr\/ughD8Q\" target=\"_blank\" rel=\"noopener\">https:\/\/envato.d.pr\/ughD8Q<\/a><\/li>\n\n\n\n<li>Primer clic en Importar en Estilos del Kit Global. Esto configurar\u00e1 los ajustes del sitio.<\/li>\n\n\n\n<li>Haz clic en &quot;Importar&quot; en una plantilla a la vez, en el orden indicado. Se almacenan en Elementor, en Plantillas &gt; Plantillas guardadas, y se pueden reutilizar desde all\u00ed.<\/li>\n<\/ol>\n\n\n\n<p><strong>Creaci\u00f3n de p\u00e1ginas<\/strong><\/p>\n\n\n\n<ol class=\"wp-block-list\">\n<li>Vaya a P\u00e1ginas, cree una nueva p\u00e1gina y haga clic en Editar con Elementor<\/li>\n\n\n\n<li>Haga clic en el \u00edcono de engranaje en la esquina inferior izquierda del generador para ver la configuraci\u00f3n de la p\u00e1gina y elija Elementor Ancho completo y oculte el t\u00edtulo de la p\u00e1gina.<\/li>\n\n\n\n<li>Haga clic en el icono de la carpeta gris para acceder a la pesta\u00f1a Mis plantillas y luego importe la p\u00e1gina que desea personalizar.<\/li>\n\n\n\n<li>La p\u00e1gina principal se configura en Configuraci\u00f3n &gt; Lectura, seleccionando P\u00e1gina principal est\u00e1tica.<\/li>\n<\/ol>\n\n\n\n<p>Si tiene Elementor Pro, los encabezados y pies de p\u00e1gina se personalizan en Plantillas &gt; Generador de temas.<\/p>\n\n\n\n<p>Gu\u00eda detallada: <a href=\"https:\/\/help.market.envato.com\/hc\/en-us\/articles\/900000842846-How-to-use-the-Envato-Elements-WordPress-Plugin-v2-0\" target=\"_blank\" rel=\"noopener\">https:\/\/help.market.envato.com\/hc\/en-us\/articles\/900000842846-How-to-use-the-Envato-Elements-WordPress-Plugin-v2-0<\/a><\/p>\n\n\n\n<p>Para obtener m\u00e1s ayuda, vaya a Elementor &gt; Obtener ayuda en el men\u00fa de WordPress.<\/p>\n\n\n\n<p><strong>C\u00f3mo importar metaformas<\/strong>&nbsp;Si tiene Elementor Pro, omita la instalaci\u00f3n de Metform y los bloques de formulario<\/p>\n\n\n\n<p>.<\/p>\n\n\n\n<ol class=\"wp-block-list\">\n<li>Importar los modelos de metabloques<\/li>\n\n\n\n<li>Importa la plantilla de p\u00e1gina donde aparece el formulario y haz clic derecho para activar el Navegador<\/li>\n\n\n\n<li>Localice y seleccione el widget Metform y haga clic en Editar formulario. Seleccione Nuevo y luego Editar formulario. Aparecer\u00e1 el constructor.<\/li>\n\n\n\n<li>Haga clic en el icono de carpeta gris \u201cAgregar plantilla\u201d.<\/li>\n\n\n\n<li>Haga clic en la pesta\u00f1a \u201cMis plantillas\u201d.<\/li>\n\n\n\n<li>Seleccione la plantilla Metform importada y haga clic en \u201cInsertar\u201d (haga clic en No para ver la configuraci\u00f3n de la p\u00e1gina).<\/li>\n\n\n\n<li>Una vez cargada la plantilla, realice las personalizaciones deseadas y haga clic en \u201cActualizar y cerrar\u201d. El formulario aparecer\u00e1 en la plantilla.<\/li>\n\n\n\n<li>Haga clic en Actualizar<\/li>\n<\/ol>\n\n\n\n<p><strong>Configurar el encabezado y pie de p\u00e1gina globales en el complemento Encabezado, pie de p\u00e1gina y bloques<\/strong>&nbsp;Si tienes Elementor Pro, los encabezados y pies de p\u00e1gina se pueden personalizar<\/p>\n\n\n\n<p>en el constructor de temas.<\/p>\n\n\n\n<ol class=\"wp-block-list\">\n<li>Importar la plantilla de encabezado y pie de p\u00e1gina<\/li>\n\n\n\n<li>Vaya a Apariencia &gt; Encabezado &gt; Pie de p\u00e1gina y haga clic en el bot\u00f3n Agregar nuevo<\/li>\n\n\n\n<li>As\u00edgnele un t\u00edtulo y seleccione Encabezado, Mostrar en todo el sitio y haga clic en Publicar.<\/li>\n\n\n\n<li>Haga clic en Editar con Elementor<\/li>\n\n\n\n<li>Haga clic en el icono de la carpeta gris para acceder a la pesta\u00f1a Mis plantillas y seleccionar la plantilla de encabezado que desea importar y actualizar.<\/li>\n\n\n\n<li>Repetir para el pie de p\u00e1gina<\/li>\n<\/ol>","protected":false},"excerpt":{"rendered":"<p>Otowashcar es un kit de plantillas de Elementor para lavados de autos, detallado de veh\u00edculos y servicios automotrices. Otowashcar usa elementos gratuitos, as\u00ed que no dudes en probarlo. No es un tema de WordPress. Los kits de plantillas contienen contenido de p\u00e1gina para [\u2026]<\/p>","protected":false},"featured_media":1860,"comment_status":"open","ping_status":"open","template":"","meta":{"_jf_limit_responses":"","iawp_total_views":178},"product_brand":[],"product_cat":[27,23,24,31],"product_tag":[19],"class_list":{"0":"post-1859","1":"product","2":"type-product","3":"status-publish","4":"has-post-thumbnail","6":"product_cat-prestadores-de-servicos","7":"product_cat-templates-elementor-e-envato","8":"product_cat-templates-envato","9":"product_cat-veiculos","10":"product_tag-vitalicio","12":"first","13":"instock","14":"downloadable","15":"virtual","16":"purchasable","17":"product-type-simple"},"_links":{"self":[{"href":"https:\/\/packdesites.com\/es\/wp-json\/wp\/v2\/product\/1859","targetHints":{"allow":["GET"]}}],"collection":[{"href":"https:\/\/packdesites.com\/es\/wp-json\/wp\/v2\/product"}],"about":[{"href":"https:\/\/packdesites.com\/es\/wp-json\/wp\/v2\/types\/product"}],"replies":[{"embeddable":true,"href":"https:\/\/packdesites.com\/es\/wp-json\/wp\/v2\/comments?post=1859"}],"version-history":[{"count":0,"href":"https:\/\/packdesites.com\/es\/wp-json\/wp\/v2\/product\/1859\/revisions"}],"wp:featuredmedia":[{"embeddable":true,"href":"https:\/\/packdesites.com\/es\/wp-json\/wp\/v2\/media\/1860"}],"wp:attachment":[{"href":"https:\/\/packdesites.com\/es\/wp-json\/wp\/v2\/media?parent=1859"}],"wp:term":[{"taxonomy":"product_brand","embeddable":true,"href":"https:\/\/packdesites.com\/es\/wp-json\/wp\/v2\/product_brand?post=1859"},{"taxonomy":"product_cat","embeddable":true,"href":"https:\/\/packdesites.com\/es\/wp-json\/wp\/v2\/product_cat?post=1859"},{"taxonomy":"product_tag","embeddable":true,"href":"https:\/\/packdesites.com\/es\/wp-json\/wp\/v2\/product_tag?post=1859"}],"curies":[{"name":"wp","href":"https:\/\/api.w.org\/{rel}","templated":true}]}}