{"id":1819,"date":"2024-09-18T22:09:59","date_gmt":"2024-09-18T22:09:59","guid":{"rendered":"https:\/\/packdesites.com\/produto\/advanced-custom-fields-acf-pro\/"},"modified":"2026-01-23T10:28:52","modified_gmt":"2026-01-23T13:28:52","slug":"campos-personalizados-avanzados-acf-pro","status":"publish","type":"product","link":"https:\/\/packdesites.com\/es\/product\/campos-personalizados-avanzados-acf-pro\/","title":{"rendered":"Campos personalizados avanzados ACF Pro v6.7.0.2"},"content":{"rendered":"<p class=\"has-vivid-red-color has-text-color has-link-color wp-elements-d25f83bc583d1c37479bf3f9bed3a0b3\">Licencia: <strong>packdesites.com<\/strong><\/p>\n\n\n\n<h3 class=\"wp-block-heading\">\u00a1Potencia tu sitio web con una funcionalidad potente!<\/h3>\n\n\n\n<p>ACF PRO consta de campos y prop\u00f3sitos adicionales de acuerdo con sitios web m\u00e1s mejorados, junto con bloques repetibles, dise\u00f1os de creaci\u00f3n de p\u00e1ginas, galer\u00edas intuitivas, p\u00e1ginas de configuraci\u00f3n personalizadas y campos reutilizables.<\/p>\n\n\n\n<p>Utilice el complemento Campos personalizados avanzados para supervisar completamente las pantallas de rendimiento de WordPress y los datos de campos personalizados.<\/p>\n\n\n\n<p><strong>A\u00f1adir campos de demanda.<\/strong>&nbsp;\u00a1Nuestro generador de campos le permite agregar campos de manera r\u00e1pida y sencilla a sus pantallas de cumplimiento de WP, incluso con solo hacer clic en los botones convenientes!<\/p>\n\n\n\n<p><strong>A\u00f1adelos en cualquier lugar.<\/strong>&nbsp;\u00a1Los campos se ejecutan y se agregan por completo en WP junto con publicaciones, usuarios, t\u00e9rminos de taxonom\u00eda, medios, comentarios o p\u00e1ginas con opciones muy personalizadas!<\/p>\n\n\n\n<p><strong>Mu\u00e9strales en todas partes.<\/strong>&nbsp;Cargue y muestre sus valores de campo personalizados en el archivo de plantilla de tema de alguien para su consideraci\u00f3n, incluidas nuestras funciones ininterrumpidas y amigables para desarrolladores para la resoluci\u00f3n de problemas.<\/p>\n\n\n\n<p><strong>ACCESO ANTICIPADO VERSI\u00d3N 5<\/strong><\/p>\n\n\n\n<p>Est\u00e1 previsto que el modelo 5 de Campos personalizados avanzados se lance a mediados de 2018. \u00a1Este reemplazo principal presenta campos modernos, \u00e1reas instant\u00e1neas y nuevas funciones!<\/p>\n\n\n\n<p>Para ayudar a garantizar la actualizaci\u00f3n m\u00e1s fluida posible, mantenemos una funci\u00f3n simple de suscripci\u00f3n de acceso anticipado en l\u00ednea con Permitir reemplazo ahora.<\/p>\n\n\n\n<p><strong>CARACTER\u00cdSTICAS<\/strong><\/p>\n\n\n\n<ul class=\"wp-block-list\">\n<li>Sencillo e intuitivo<\/li>\n\n\n\n<li>Funciones potentes<\/li>\n\n\n\n<li>M\u00e1s de 30 tipos de campos<\/li>\n\n\n\n<li>Amplia documentaci\u00f3n<\/li>\n\n\n\n<li>Millones de usuarios<\/li>\n<\/ul>\n\n\n\n<p class=\"has-vivid-red-color has-text-color has-link-color wp-elements-cde465e5a854c65106a75bbd2947034a\">Si el complemento solicita una licencia, escriba: <strong>packdesites.com.br<\/strong><\/p>\n\n\n\n<p><\/p>","protected":false},"excerpt":{"rendered":"<p>Licencia: packdesites.com \u00a1Mejora tu sitio web con potentes funciones! ACF PRO incluye campos y prop\u00f3sitos adicionales para optimizar sitios web, adem\u00e1s de bloques repetibles, dise\u00f1os de creaci\u00f3n de p\u00e1ginas, galer\u00edas intuitivas, p\u00e1ginas de configuraci\u00f3n personalizadas y campos reutilizables. Usa el plugin Campos Personalizados Avanzados para una monitorizaci\u00f3n completa [\u2026]<\/p>","protected":false},"featured_media":1820,"comment_status":"open","ping_status":"open","template":"","meta":{"_jf_limit_responses":"","iawp_total_views":126},"product_brand":[],"product_cat":[41],"product_tag":[19],"class_list":{"0":"post-1819","1":"product","2":"type-product","3":"status-publish","4":"has-post-thumbnail","6":"product_cat-plugins","7":"product_tag-vitalicio","9":"first","10":"instock","11":"downloadable","12":"virtual","13":"purchasable","14":"product-type-simple"},"_links":{"self":[{"href":"https:\/\/packdesites.com\/es\/wp-json\/wp\/v2\/product\/1819","targetHints":{"allow":["GET"]}}],"collection":[{"href":"https:\/\/packdesites.com\/es\/wp-json\/wp\/v2\/product"}],"about":[{"href":"https:\/\/packdesites.com\/es\/wp-json\/wp\/v2\/types\/product"}],"replies":[{"embeddable":true,"href":"https:\/\/packdesites.com\/es\/wp-json\/wp\/v2\/comments?post=1819"}],"version-history":[{"count":6,"href":"https:\/\/packdesites.com\/es\/wp-json\/wp\/v2\/product\/1819\/revisions"}],"predecessor-version":[{"id":24561,"href":"https:\/\/packdesites.com\/es\/wp-json\/wp\/v2\/product\/1819\/revisions\/24561"}],"wp:featuredmedia":[{"embeddable":true,"href":"https:\/\/packdesites.com\/es\/wp-json\/wp\/v2\/media\/1820"}],"wp:attachment":[{"href":"https:\/\/packdesites.com\/es\/wp-json\/wp\/v2\/media?parent=1819"}],"wp:term":[{"taxonomy":"product_brand","embeddable":true,"href":"https:\/\/packdesites.com\/es\/wp-json\/wp\/v2\/product_brand?post=1819"},{"taxonomy":"product_cat","embeddable":true,"href":"https:\/\/packdesites.com\/es\/wp-json\/wp\/v2\/product_cat?post=1819"},{"taxonomy":"product_tag","embeddable":true,"href":"https:\/\/packdesites.com\/es\/wp-json\/wp\/v2\/product_tag?post=1819"}],"curies":[{"name":"wp","href":"https:\/\/api.w.org\/{rel}","templated":true}]}}