{"id":1814,"date":"2024-08-09T17:05:20","date_gmt":"2024-08-09T17:05:20","guid":{"rendered":"https:\/\/packdesites.com\/produto\/kamalu-kit-de-modelos-elementor-pro-para-aluguel-de-equipamentos-de-caminhada-e-acampamento\/"},"modified":"2025-04-25T02:08:13","modified_gmt":"2025-04-25T05:08:13","slug":"kit-de-plantillas-kamalu-elementor-pro-para-alquiler-de-equipos-de-senderismo-y-acampada","status":"publish","type":"product","link":"https:\/\/packdesites.com\/es\/product\/kit-de-plantillas-kamalu-elementor-pro-para-alquiler-de-equipos-de-senderismo-y-acampada\/","title":{"rendered":"Kamalu: kit de plantilla Elementor Pro para alquiler de equipos de senderismo y acampada"},"content":{"rendered":"<p>Kamalu \u2013 El kit de plantillas Elementor Pro para alquiler de equipos de senderismo y acampada es totalmente adaptable para computadoras de escritorio, tabletas y dispositivos m\u00f3viles. Pulido con una interesante combinaci\u00f3n de colores. Muy adecuado para usted que desea realizar servicios de aluminio y vidrio en sitios para uso personal o comercial. Esta plantilla tiene un dise\u00f1o moderno, un dise\u00f1o limpio y es f\u00e1cil de personalizar, f\u00e1cil de cambiar de color y m\u00e1s.<\/p>\n\n\n\n<p>.<\/p>\n\n\n\n<p><strong>Caracter\u00edsticas<\/strong><\/p>\n\n\n\n<ul class=\"wp-block-list\">\n<li>Sensible<\/li>\n\n\n\n<li>F\u00e1cil personalizaci\u00f3n<\/li>\n\n\n\n<li>No se requieren conocimientos de codificaci\u00f3n<\/li>\n\n\n\n<li>Versi\u00f3n pro de Elementor<\/li>\n\n\n\n<li>Dise\u00f1o limpio<\/li>\n\n\n\n<li>Dise\u00f1o moderno<\/li>\n\n\n\n<li>Soporte gratuito<\/li>\n\n\n\n<li>y otros<\/li>\n<\/ul>\n\n\n\n<p><strong>Modelos<\/strong><\/p>\n\n\n\n<ul class=\"wp-block-list\">\n<li>Estilo global<\/li>\n\n\n\n<li>P\u00e1gina de inicio<\/li>\n\n\n\n<li>Equipo<\/li>\n\n\n\n<li>Detalles del equipo<\/li>\n\n\n\n<li>Blog<\/li>\n\n\n\n<li>Blog \u00fanico<\/li>\n\n\n\n<li>Resultados de la b\u00fasqueda<\/li>\n\n\n\n<li>En<\/li>\n\n\n\n<li>Ponte en contacto con nosotros<\/li>\n\n\n\n<li>encabezamiento<\/li>\n\n\n\n<li>Z\u00f3calo<\/li>\n\n\n\n<li>404<\/li>\n<\/ul>\n\n\n\n<p><strong>Complementos necesarios instalados con el kit<\/strong><\/p>\n\n\n\n<ul class=\"wp-block-list\">\n<li>Elementor<\/li>\n\n\n\n<li>Iconos personalizados de Skyboot para Elementor<\/li>\n<\/ul>\n\n\n\n<p><strong>Se requiere la actualizaci\u00f3n de Elementor Pro para algunas plantillas y funciones (no incluidas)<\/strong><\/p>\n\n\n\n<p><strong>C\u00f3mo utilizar los kits de plantillas:<\/strong><\/p>\n\n\n\n<ol class=\"wp-block-list\">\n<li>Instalar y activar el complemento \u201cEnvato Elements\u201d en Complementos &gt; Agregar nuevo en WordPress<\/li>\n\n\n\n<li>Descargue el archivo del kit y no lo descomprima<\/li>\n\n\n\n<li>Vaya a Elementos &gt; Kits instalados y haga clic en el bot\u00f3n Cargar kit de plantillas. Tambi\u00e9n puede importar autom\u00e1ticamente haciendo clic en Conectar cuenta para vincular su suscripci\u00f3n a Elementos y luego importando en Elementos &gt; Kits de plantillas.<\/li>\n\n\n\n<li>Verifique el banner naranja en la parte superior y haga clic en Requisitos de instalaci\u00f3n para cargar los complementos utilizados por el kit.<\/li>\n\n\n\n<li>Primer clic en importar en Estilos del Kit Global<\/li>\n\n\n\n<li>Haz clic en &quot;Importar&quot; en una plantilla a la vez. Se almacenan en Elementor, en Plantillas &gt; Plantillas guardadas. 7. Ve a P\u00e1ginas, crea una p\u00e1gina nueva y haz clic en &quot;Editar con Elementor&quot;.<\/li>\n\n\n\n<li>Haga clic en el \u00edcono de engranaje en la esquina inferior izquierda del generador para ver la configuraci\u00f3n de la p\u00e1gina y elija Elementor Ancho completo y oculte el t\u00edtulo de la p\u00e1gina.<\/li>\n\n\n\n<li>Haga clic en el icono de la carpeta gris para acceder a la pesta\u00f1a Mis plantillas y luego importe la p\u00e1gina que desea personalizar.<\/li>\n<\/ol>\n\n\n\n<p>Si tienes Elementor Pro, los encabezados y pies de p\u00e1gina se pueden personalizar en el Generador de temas.<\/p>\n\n\n\n<p>Gu\u00eda detallada: <a href=\"https:\/\/help.market.envato.com\/hc\/en-us\/articles\/900000842846-How-to-use-the-Envato-Elements-WordPress-Plugin-v2-0\" target=\"_blank\" rel=\"noopener\">https:\/\/help.market.envato.com\/hc\/en-us\/articles\/900000842846-How-to-use-the-Envato-Elements-WordPress-Plugin-v2-0<\/a><\/p>","protected":false},"excerpt":{"rendered":"<p>Kamalu \u2013 Alquiler de equipo de senderismo y camping. El kit de plantillas Elementor Pro es totalmente adaptable para ordenadores, tabletas y dispositivos m\u00f3viles. Elegante con una interesante combinaci\u00f3n de colores. Ideal para quienes desean crear servicios de aluminio y vidrio en sitios web para uso personal o empresarial. Esta plantilla de dise\u00f1o moderno, clara y f\u00e1cil de usar [\u2026]<\/p>","protected":false},"featured_media":1815,"comment_status":"open","ping_status":"closed","template":"","meta":{"_jf_limit_responses":"","iawp_total_views":120},"product_brand":[],"product_cat":[36,27,23,24,38],"product_tag":[19],"class_list":{"0":"post-1814","1":"product","2":"type-product","3":"status-publish","4":"has-post-thumbnail","6":"product_cat-consultoria-de-negocios","7":"product_cat-prestadores-de-servicos","8":"product_cat-templates-elementor-e-envato","9":"product_cat-templates-envato","10":"product_cat-turismo-e-viagens","11":"product_tag-vitalicio","13":"first","14":"instock","15":"downloadable","16":"virtual","17":"purchasable","18":"product-type-simple"},"_links":{"self":[{"href":"https:\/\/packdesites.com\/es\/wp-json\/wp\/v2\/product\/1814","targetHints":{"allow":["GET"]}}],"collection":[{"href":"https:\/\/packdesites.com\/es\/wp-json\/wp\/v2\/product"}],"about":[{"href":"https:\/\/packdesites.com\/es\/wp-json\/wp\/v2\/types\/product"}],"replies":[{"embeddable":true,"href":"https:\/\/packdesites.com\/es\/wp-json\/wp\/v2\/comments?post=1814"}],"version-history":[{"count":0,"href":"https:\/\/packdesites.com\/es\/wp-json\/wp\/v2\/product\/1814\/revisions"}],"wp:featuredmedia":[{"embeddable":true,"href":"https:\/\/packdesites.com\/es\/wp-json\/wp\/v2\/media\/1815"}],"wp:attachment":[{"href":"https:\/\/packdesites.com\/es\/wp-json\/wp\/v2\/media?parent=1814"}],"wp:term":[{"taxonomy":"product_brand","embeddable":true,"href":"https:\/\/packdesites.com\/es\/wp-json\/wp\/v2\/product_brand?post=1814"},{"taxonomy":"product_cat","embeddable":true,"href":"https:\/\/packdesites.com\/es\/wp-json\/wp\/v2\/product_cat?post=1814"},{"taxonomy":"product_tag","embeddable":true,"href":"https:\/\/packdesites.com\/es\/wp-json\/wp\/v2\/product_tag?post=1814"}],"curies":[{"name":"wp","href":"https:\/\/api.w.org\/{rel}","templated":true}]}}