{"id":1804,"date":"2024-08-01T19:11:08","date_gmt":"2024-08-01T19:11:08","guid":{"rendered":"https:\/\/packdesites.com\/produto\/woodmart-tema-woocommerce-multiuso\/"},"modified":"2026-02-28T12:58:14","modified_gmt":"2026-02-28T15:58:14","slug":"tema-multiproposito-de-woocommerce-para-woodmart","status":"publish","type":"product","link":"https:\/\/packdesites.com\/es\/product\/tema-multiproposito-de-woocommerce-para-woodmart\/","title":{"rendered":"WoodMart v8.4.0 \u2013 Tema multiprop\u00f3sito para WooCommerce"},"content":{"rendered":"<h2 class=\"wp-block-heading\" id=\"item-description__business-marketplace-retail\">Negocios, Mercado, Venta Minorista<\/h2>\n\n\n\n<p>\u201cSi lo construyes, vendr\u00e1n\u201d<\/p>\n\n\n\n<p>&#039;WoodMart&#039; es un&nbsp;<strong>tema premium de WordPress<\/strong>&nbsp;Dise\u00f1ado desde cero para la construcci\u00f3n de&nbsp;<strong>tiendas online WooCommerce supremas<\/strong>&nbsp;de cualquier tipo. Enfocado en&nbsp;<strong>experiencia del usuario<\/strong>&nbsp;En primer lugar, WoodMart utiliza un&nbsp;<strong>potente tecnolog\u00eda AJAX<\/strong>&nbsp;para ofrecer a los usuarios una&nbsp;<strong>Tecnolog\u00eda en l\u00ednea muy r\u00e1pida y una interfaz de compra perfecta.<\/strong>&nbsp;sin necesidad de actualizar constantemente las p\u00e1ginas.<\/p>\n\n\n\n<p>Construir cualquier tipo de&nbsp;<strong>tienda en l\u00ednea<\/strong>&nbsp;que puedas imaginar y&nbsp;<strong>Comience a ganar este flujo de ingresos pasivos<\/strong>&nbsp;\u00bfQu\u00e9 has estado pensando con &#039;WoodMart&#039;?&nbsp;<strong>WordPress<\/strong>&nbsp;y nunca mires atr\u00e1s.<\/p>\n\n\n\n<h2 class=\"wp-block-heading\" id=\"item-description__theme-settings-panel\">Soluci\u00f3n de comercio electr\u00f3nico todo en uno<\/h2>\n\n\n\n<p><strong>Tema WooCommerce de WoodMart<\/strong>&nbsp;No requiere toneladas de complementos para ejecutar su tienda en l\u00ednea. Las caracter\u00edsticas m\u00e1s importantes vienen listas para usar y no es necesario comprar nada adicional.&nbsp;<strong>Lista de deseos, Comparaci\u00f3n, Muestras de productos<\/strong>Los filtros AJAX, el control deslizante incorporado y otras caracter\u00edsticas le evitar\u00e1n instalar al menos entre 10 y 20 complementos innecesarios. Utilice nuestro&nbsp;<strong>Asistente de configuraci\u00f3n<\/strong>&nbsp;Lanza r\u00e1pidamente tu tienda online en s\u00f3lo unos clics.<\/p>\n\n\n\n<h2 class=\"wp-block-heading\" id=\"item-description__theme-settings-panel\">Panel de configuraci\u00f3n del tema<\/h2>\n\n\n\n<p>Con un potente&nbsp;<strong>panel de configuraci\u00f3n del tema<\/strong>&nbsp;que te permite cambiar una multitud de&nbsp;<strong>Configuraci\u00f3n del tema con un clic<\/strong>, t\u00fa&nbsp;<strong>No se necesita experiencia en codificaci\u00f3n<\/strong>. No necesita varios complementos para alimentarlo&nbsp;<strong>WoodMart es inteligente, \u00e1gil y r\u00e1pido<\/strong>, para que usted pueda continuar con su negocio. El panel de configuraci\u00f3n del tema proporciona una interfaz gr\u00e1fica para realizar cambios simples de manera r\u00e1pida y sencilla.<\/p>\n\n\n\n<h2 class=\"wp-block-heading\" id=\"item-description__fully-customizable\">Totalmente personalizable<\/h2>\n\n\n\n<p>Todo ha sido ajustado y desarrollado para responder a vuestras peticiones.&nbsp;<strong>personalizaci\u00f3n<\/strong>&nbsp;con un m\u00ednimo de complicaciones, por lo que lo que le queda es un sitio web altamente personalizable que puede adaptarse a sus necesidades.&nbsp;<strong>solicitudes de cambio<\/strong>&nbsp;F\u00e1cil y r\u00e1pidamente.<\/p>\n\n\n\n<p>Cambia tu&nbsp;<strong>fuentes, actualiza tu paleta de colores<\/strong>&nbsp;para cumplir con sus pautas&nbsp;<strong>marca<\/strong>, actualice sus muestras para mostrar m\u00faltiples variaciones de&nbsp;<strong>productos<\/strong>&nbsp;\u2013 todo es accesible desde la familiaridad del panel intuitivo&nbsp;<strong>WordPress<\/strong>.<\/p>\n\n\n\n<h2 class=\"wp-block-heading\" id=\"item-description__seo-optimization\">Optimizado para Google Page Speed<\/h2>\n\n\n\n<p><strong>El rendimiento<\/strong>&nbsp;del sitio web es uno de los principales factores para la&nbsp;<strong>Clasificaciones de Google<\/strong>&nbsp;A partir de 2021. Con el tema WoodMart para WordPress, ya no tendr\u00e1s que luchar con sitios web lentos. Dedicamos cientos de horas a acelerar e implementar las mejores pr\u00e1cticas t\u00e9cnicas en el campo.&nbsp;<strong>optimizaci\u00f3n de la velocidad<\/strong>&nbsp;y el rendimiento. Timber Market tiene un mecanismo \u00fanico para cargar archivos CSS y JS solo en las p\u00e1ginas donde se necesitan. Y reducir\u00e1 el tama\u00f1o general de la p\u00e1gina de 2 a 3 veces en comparaci\u00f3n con otros temas de WordPress.<\/p>\n\n\n\n<h2 class=\"wp-block-heading\" id=\"item-description__responsive-design\">Dise\u00f1o responsivo<\/h2>\n\n\n\n<p>Por supuesto, WoodMart presenta una&nbsp;<strong>dise\u00f1o totalmente responsivo<\/strong>&nbsp;qu\u00e9&nbsp;<strong>si se manipula<\/strong>&nbsp;lo mejor posible para adaptarse al dispositivo en el que se est\u00e1 visualizando. Esto significa que puedes continuar con la mejor parte, como&nbsp;<strong>lista de art\u00edculos en venta<\/strong>,&nbsp;<strong>crear una tienda asesina<\/strong>&nbsp;y dejar los aspectos t\u00e9cnicos a los desarrolladores.<\/p>\n\n\n\n<p>Le garantizamos que su sitio web&nbsp;<strong>Se mostrar\u00e1 sin problemas en todos<\/strong>&nbsp;tipos de dispositivos que puedas imaginar sin ning\u00fan esfuerzo extra por tu parte \u2013&nbsp;<strong>port\u00e1tiles, PC, tel\u00e9fonos inteligentes y tabletas<\/strong>&nbsp;\u2013 han sido cuidadosamente pensados e incluidos en este dise\u00f1o de tema de sitio web inteligente.<\/p>\n\n\n\n<h2 class=\"wp-block-heading\" id=\"item-description__retina-ready\">Listo para retina<\/h2>\n\n\n\n<p>Tambi\u00e9n nos aseguramos de que su&nbsp;<strong>nuevo sitio web<\/strong>&nbsp;se mostrar\u00e1 con el&nbsp;<strong>la mayor densidad de p\u00edxeles posible<\/strong>&nbsp;seg\u00fan el dispositivo del usuario. Si es un&nbsp;<strong>dispositivo preparado para retina<\/strong>, esta pantalla se iluminar\u00e1 con colores que son simplemente&nbsp;<strong>de otro mundo<\/strong>.<\/p>\n\n\n\n<p>Saca el m\u00e1ximo partido a tu fotograf\u00eda con este&nbsp;<strong>Tema listo para retina para WordPress<\/strong>No te arrepentir\u00e1s.<\/p>\n\n\n\n<h2 class=\"wp-block-heading\" id=\"item-description__seo-optimization\">Optimizaci\u00f3n SEO<\/h2>\n\n\n\n<p><strong>SEO es como la palabra de moda m\u00e1s popular<\/strong>&nbsp;de la d\u00e9cada, pero para decirlo de forma sencilla, significa que su sitio web debe estar codificado de cierta manera para que&nbsp;<strong>motores de b\u00fasqueda como Google y Bing<\/strong>&nbsp;Pueden encontrar las cosas que necesitan, as\u00ed que&nbsp;<strong>clasifica tu p\u00e1gina correctamente<\/strong>.<\/p>\n\n\n\n<p>Esto significa&nbsp;<strong>c\u00f3digo limpio<\/strong>, bien dise\u00f1ado y compatible con casi todos los complementos de SEO populares que le brindan m\u00e1s control sobre el uso de&nbsp;<strong>metadatos correctos<\/strong>&nbsp;en el lugar correcto y libre de hinchaz\u00f3n.<\/p>\n\n\n\n<h2 class=\"wp-block-heading\" id=\"item-description__powerful-ajax\">Potente AJAX<\/h2>\n\n\n\n<p><strong>AJAX<\/strong>&nbsp;o&nbsp;<strong>Javascript y XML as\u00edncronos<\/strong>, es un grupo de t\u00e9cnicas utilizadas en el desarrollo web que permite que una p\u00e1gina web se comunique con un servidor sin recargar la p\u00e1gina. Esto se aprecia mejor cuando se investigan productos. Sabes que no tienes uno&nbsp;<strong>Sitio web con tecnolog\u00eda AJAX<\/strong>&nbsp;Cuando cambia cada categor\u00eda o se actualiza la muestra del producto, la p\u00e1gina entera parpadea y se vuelve a cargar.<\/p>\n\n\n\n<p>No con WoodMart. Utilizando la mejor tecnolog\u00eda disponible, hemos superado este problema con galer\u00edas de productos de cualquier tipo, con pilas de tipos posibles y tipos que simplemente se actualizan a medida que usted los selecciona. Proporciona a sus clientes el tipo de experiencia que esperar\u00eda en un&nbsp;<strong>El mercado en l\u00ednea l\u00edder en la actualidad<\/strong>. Cumpla sus expectativas con&nbsp;<strong>WoodMart para WordPress<\/strong>&nbsp;- simple.<\/p>\n\n\n\n<h2 class=\"wp-block-heading\" id=\"item-description__over-35-demo-layouts\">M\u00e1s de 70 sitios de demostraci\u00f3n. 370 secciones prefabricadas<\/h2>\n\n\n\n<p>Uno&nbsp;<strong>gran sitio<\/strong>&nbsp;Deber\u00edamos tener un buen suministro de dise\u00f1os de demostraci\u00f3n para comenzar y lo reconocimos desde el principio y salimos fuertes desde el principio con m\u00e1s de&nbsp;<strong>70 dise\u00f1os impresionantes<\/strong>&nbsp;para que usted elija. Puede utilizar nuestro tema para cualquier tipo de tienda, incluida&nbsp;<strong>muebles<\/strong>,&nbsp;<strong>moda<\/strong>, ropa,&nbsp;<strong>electr\u00f3nica<\/strong>, relojes, gafas, deporte, zapatos,&nbsp;<strong>joyas<\/strong>, cosm\u00e9ticos y muchos otros. Nuestro tema tambi\u00e9n es adecuado para sitios web.&nbsp;<strong>corporativo<\/strong>&nbsp;y&nbsp;<strong>de revistas<\/strong>&nbsp;y puedes usarlo sin WooCommerce.<\/p>\n\n\n\n<p>Con nuestra amplia&nbsp;<strong>biblioteca de plantillas para Elementor<\/strong>&nbsp;y con WPBakery, puedes crear prototipos de tus p\u00e1ginas r\u00e1pidamente. Tome secciones de diferentes demostraciones y p\u00e1ginas y comb\u00ednelas en p\u00e1ginas nuevas, creativas y atractivas. No pierdas el tiempo configurando todo desde cero. Simplemente importa algunas secciones y escribe tus textos. Podr\u00e1s encontrar secciones para cualquier necesidad y en muchos estilos diferentes.<\/p>\n\n\n\n<h2 class=\"wp-block-heading\" id=\"item-description__advanced-variable-products\">Productos variables avanzados<\/h2>\n\n\n\n<p>Poder&nbsp;<strong>Aplicar m\u00faltiples variables de producto y muestras a los productos.<\/strong>&nbsp;En tu tienda es imprescindible. WoodMart est\u00e1 optimizado permiti\u00e9ndole tener una&nbsp;<strong>Listado pero muestra muchos colores<\/strong>&nbsp;para o un&nbsp;<strong>Un producto determinado que tiene varios tama\u00f1os, tipos, estilos y prop\u00f3sitos.<\/strong>.<\/p>\n\n\n\n<p>Esto le da mucho a tu tienda&nbsp;<strong>m\u00e1s profundidad<\/strong>, pudiendo cada producto tener&nbsp;<strong>varios atributos y variaciones<\/strong>, y tan pronto como se agregan a su carrito aparecen, sin recargar la p\u00e1gina, sin necesidad de actualizar. Una vez que lo pruebes, no habr\u00e1 vuelta atr\u00e1s.<\/p>\n\n\n\n<h2 class=\"wp-block-heading\" id=\"item-description__drag-amp-drop-header-builder\">\u00a1Constructor de encabezados con arrastrar y soltar!<\/h2>\n\n\n\n<p>Una gran experiencia de usuario a menudo comienza con un dise\u00f1o de encabezado sorprendente y, por m\u00e1s tonto que esto pueda parecer para algunos, a menudo se pasa por alto. Con la pr\u00f3xima iteraci\u00f3n de WoodMart, hemos lanzado un poderoso generador de encabezados &quot;Arrastrar y soltar&quot; que le brinda control total sobre el dise\u00f1o de sus encabezados. Arrastre bloques a su lugar, etiqu\u00e9telos, actualice las im\u00e1genes de fondo, los colores, los bordes, el relleno, lo que sea. Todo con una interfaz gr\u00e1fica de usuario sencilla que cualquiera puede usar para crear algo verdaderamente \u00fanico.<\/p>\n\n\n\n<h3 class=\"wp-block-heading\" id=\"item-description__unlimited-possibilities-with-woodmart\">\u00a1Posibilidades ilimitadas con WoodMart!<\/h3>","protected":false},"excerpt":{"rendered":"<p>Neg\u00f3cios, Marketplace, Varejo &#8220;Se voc\u00ea construir, eles vir\u00e3o&#8221; &#8216;WoodMart&#8217; \u00e9 um&nbsp;tema WordPress premium&nbsp;projetado desde o in\u00edcio para a constru\u00e7\u00e3o de&nbsp;lojas online WooCommerce supremas&nbsp;de qualquer tipo. Focado na&nbsp;experi\u00eancia do usu\u00e1rio&nbsp;em primeiro lugar O WoodMart usa uma&nbsp;poderosa tecnologia AJAX&nbsp;para oferecer aos usu\u00e1rios uma&nbsp;tecnologia on-line muito r\u00e1pida e perfeita interface de compras&nbsp;sem a necessidade de atualizar constantemente as [&hellip;]<\/p>","protected":false},"featured_media":1805,"comment_status":"open","ping_status":"closed","template":"","meta":{"_jf_limit_responses":"","iawp_total_views":248},"product_brand":[],"product_cat":[22],"product_tag":[19],"class_list":{"0":"post-1804","1":"product","2":"type-product","3":"status-publish","4":"has-post-thumbnail","6":"product_cat-temas-wordpress","7":"product_tag-vitalicio","9":"first","10":"instock","11":"downloadable","12":"virtual","13":"purchasable","14":"product-type-simple"},"_links":{"self":[{"href":"https:\/\/packdesites.com\/es\/wp-json\/wp\/v2\/product\/1804","targetHints":{"allow":["GET"]}}],"collection":[{"href":"https:\/\/packdesites.com\/es\/wp-json\/wp\/v2\/product"}],"about":[{"href":"https:\/\/packdesites.com\/es\/wp-json\/wp\/v2\/types\/product"}],"replies":[{"embeddable":true,"href":"https:\/\/packdesites.com\/es\/wp-json\/wp\/v2\/comments?post=1804"}],"version-history":[{"count":9,"href":"https:\/\/packdesites.com\/es\/wp-json\/wp\/v2\/product\/1804\/revisions"}],"predecessor-version":[{"id":24710,"href":"https:\/\/packdesites.com\/es\/wp-json\/wp\/v2\/product\/1804\/revisions\/24710"}],"wp:featuredmedia":[{"embeddable":true,"href":"https:\/\/packdesites.com\/es\/wp-json\/wp\/v2\/media\/1805"}],"wp:attachment":[{"href":"https:\/\/packdesites.com\/es\/wp-json\/wp\/v2\/media?parent=1804"}],"wp:term":[{"taxonomy":"product_brand","embeddable":true,"href":"https:\/\/packdesites.com\/es\/wp-json\/wp\/v2\/product_brand?post=1804"},{"taxonomy":"product_cat","embeddable":true,"href":"https:\/\/packdesites.com\/es\/wp-json\/wp\/v2\/product_cat?post=1804"},{"taxonomy":"product_tag","embeddable":true,"href":"https:\/\/packdesites.com\/es\/wp-json\/wp\/v2\/product_tag?post=1804"}],"curies":[{"name":"wp","href":"https:\/\/api.w.org\/{rel}","templated":true}]}}