{"id":1802,"date":"2024-08-01T19:05:28","date_gmt":"2024-08-01T19:05:28","guid":{"rendered":"https:\/\/packdesites.com\/produto\/digitax-temas-de-agencia-de-seo-e-marketing-digital\/"},"modified":"2025-10-08T15:37:14","modified_gmt":"2025-10-08T18:37:14","slug":"agencia-de-seo-digitax-y-temas-de-marketing-digital","status":"publish","type":"product","link":"https:\/\/packdesites.com\/es\/product\/agencia-de-seo-digitax-y-temas-de-marketing-digital\/","title":{"rendered":"Digitax v1.2.1 \u2013 Temas para agencias de SEO y marketing digital"},"content":{"rendered":"<p>Digitax: tema de WordPress para agencias de SEO y marketing digital. Est\u00e1 bien dise\u00f1ado para empresas de SEO y marketing digital. Puede crear f\u00e1cilmente p\u00e1ginas, encabezados y pies de p\u00e1gina con Elementor Page Builder. El tema optimiza el c\u00f3digo, biblioteca javascript, css. No necesitas saber c\u00f3digo para usar el tema.<\/p>\n\n\n\n<ul class=\"wp-block-list\">\n<li><strong>Optimizar el c\u00f3digo para que sea muy r\u00e1pido<\/strong><\/li>\n\n\n\n<li><strong>3 casas predefinidas<\/strong><\/li>\n\n\n\n<li><strong>Dise\u00f1o de encabezado ilimitado (creador de encabezados con Elementor)<\/strong><\/li>\n\n\n\n<li>A\u00f1ade cualquier elemento, texto, bloque, logotipo\u2026 en el encabezado<\/li>\n\n\n\n<li>Dise\u00f1o de encabezado ilimitado en iPad y dispositivos m\u00f3viles<\/li>\n\n\n\n<li><strong>Dise\u00f1o de pie de p\u00e1gina ilimitado (creador de pie de p\u00e1gina con Elementor)<\/strong><\/li>\n\n\n\n<li>A\u00f1ade cualquier elemento, texto, bloque, logotipo\u2026 en el pie de p\u00e1gina.<\/li>\n\n\n\n<li>Dise\u00f1o de pie de p\u00e1gina ilimitado en iPad y dispositivos m\u00f3viles<\/li>\n\n\n\n<li><strong>Contenido de demostraci\u00f3n con un solo clic<\/strong><\/li>\n\n\n\n<li>No necesita complementos adicionales<\/li>\n\n\n\n<li>Personalizar en vivo<\/li>\n\n\n\n<li>Cambie f\u00e1cilmente la tipograf\u00eda en Personalizar<\/li>\n\n\n\n<li>Color ilimitado<\/li>\n\n\n\n<li>Administrar tipo de publicaci\u00f3n de portafolio (Permitir cambios de slug)<\/li>\n\n\n\n<li>Administrar tipo de publicaci\u00f3n de estudio de caso (permitir cambios de slug)<\/li>\n\n\n\n<li>Dise\u00f1o amplio y en forma de caja<\/li>\n\n\n\n<li>Blog con barra lateral izquierda\/derecha\/sin barra lateral<\/li>\n\n\n\n<li>Formulario de contacto 7<\/li>\n\n\n\n<li>MailChimp<\/li>\n\n\n\n<li>M\u00e1s de 675 iconos de fuentes incluidos (Font Awesome, Font Stylish, iconos de Themify, iconos planos)<\/li>\n\n\n\n<li>Fuentes de Google<\/li>\n\n\n\n<li>Optimizado para SEO<\/li>\n\n\n\n<li>Compatible con navegadores<\/li>\n\n\n\n<li>Rendimiento de velocidad<\/li>\n\n\n\n<li>Sistema de cuadr\u00edcula de 1170 px<\/li>\n\n\n\n<li>Soporte 24\/7<\/li>\n\n\n\n<li>Documentaci\u00f3n paso a paso<\/li>\n<\/ul>\n\n\n\n<p class=\"has-vivid-red-color has-text-color has-link-color wp-elements-bc38261c4bcfca8ee617a9a7d94e2d31\"><strong>\u00a1Extraiga el archivo zip al descargar!<\/strong><\/p>","protected":false},"excerpt":{"rendered":"<p>Digitax \u2014 Tema de WordPress para agencias de SEO y marketing digital. Est\u00e1 bien dise\u00f1ado para empresas de SEO y marketing digital. Crea f\u00e1cilmente p\u00e1ginas, encabezados y pies de p\u00e1gina con el constructor de p\u00e1ginas Elementor. El tema optimiza el c\u00f3digo, la biblioteca JavaScript y el CSS. No necesitas saber c\u00f3digo para usarlo. \u00a1Descomprime el archivo zip al descargarlo!<\/p>","protected":false},"featured_media":1803,"comment_status":"open","ping_status":"open","template":"","meta":{"_jf_limit_responses":"","iawp_total_views":39},"product_brand":[],"product_cat":[22],"product_tag":[19],"class_list":{"0":"post-1802","1":"product","2":"type-product","3":"status-publish","4":"has-post-thumbnail","6":"product_cat-temas-wordpress","7":"product_tag-vitalicio","9":"first","10":"instock","11":"downloadable","12":"virtual","13":"purchasable","14":"product-type-simple"},"_links":{"self":[{"href":"https:\/\/packdesites.com\/es\/wp-json\/wp\/v2\/product\/1802","targetHints":{"allow":["GET"]}}],"collection":[{"href":"https:\/\/packdesites.com\/es\/wp-json\/wp\/v2\/product"}],"about":[{"href":"https:\/\/packdesites.com\/es\/wp-json\/wp\/v2\/types\/product"}],"replies":[{"embeddable":true,"href":"https:\/\/packdesites.com\/es\/wp-json\/wp\/v2\/comments?post=1802"}],"version-history":[{"count":1,"href":"https:\/\/packdesites.com\/es\/wp-json\/wp\/v2\/product\/1802\/revisions"}],"predecessor-version":[{"id":23961,"href":"https:\/\/packdesites.com\/es\/wp-json\/wp\/v2\/product\/1802\/revisions\/23961"}],"wp:featuredmedia":[{"embeddable":true,"href":"https:\/\/packdesites.com\/es\/wp-json\/wp\/v2\/media\/1803"}],"wp:attachment":[{"href":"https:\/\/packdesites.com\/es\/wp-json\/wp\/v2\/media?parent=1802"}],"wp:term":[{"taxonomy":"product_brand","embeddable":true,"href":"https:\/\/packdesites.com\/es\/wp-json\/wp\/v2\/product_brand?post=1802"},{"taxonomy":"product_cat","embeddable":true,"href":"https:\/\/packdesites.com\/es\/wp-json\/wp\/v2\/product_cat?post=1802"},{"taxonomy":"product_tag","embeddable":true,"href":"https:\/\/packdesites.com\/es\/wp-json\/wp\/v2\/product_tag?post=1802"}],"curies":[{"name":"wp","href":"https:\/\/api.w.org\/{rel}","templated":true}]}}