{"id":180,"date":"2024-05-30T20:55:57","date_gmt":"2024-05-30T20:55:57","guid":{"rendered":"https:\/\/packdesites.com\/produto\/gostore-atualizado-elementor-woocommerce\/"},"modified":"2026-02-09T17:11:38","modified_gmt":"2026-02-09T20:11:38","slug":"gostore-actualizo-elementor-woocommerce","status":"publish","type":"product","link":"https:\/\/packdesites.com\/es\/product\/gostore-actualizo-elementor-woocommerce\/","title":{"rendered":"GoStore v1.6.8: tema de comercio electr\u00f3nico creado con Elementor y WooCommerce"},"content":{"rendered":"<p><strong>GoStore<\/strong>&nbsp;GoStore es un tema WooCommerce de WordPress dise\u00f1ado para tiendas online. GoStore incluye una variedad de dise\u00f1os predise\u00f1ados para la p\u00e1gina de inicio y las p\u00e1ginas de producto para ofrecerte las mejores opciones de personalizaci\u00f3n. GoStore es ideal para sitios web de comercio electr\u00f3nico de moda, electr\u00f3nica, productos org\u00e1nicos, zapatillas, zapatos, gafas, accesorios, alimentaci\u00f3n, muebles\u2026 o cualquier otra cosa que desees.<\/p>\n\n\n\n<h2 class=\"wp-block-heading\" id=\"item-description__all-features\">Todas las funciones<\/h2>\n\n\n\n<ul class=\"wp-block-list\">\n<li>M\u00e1s de 8 p\u00e1ginas de inicio exclusivas<\/li>\n\n\n\n<li>100% Totalmente responsivo<\/li>\n\n\n\n<li>Mega men\u00fa integrado<\/li>\n\n\n\n<li>Revoluci\u00f3n del control deslizante (salva a $85)<\/li>\n\n\n\n<li>Soporte para Elementor<\/li>\n\n\n\n<li>Soporte de dise\u00f1o en caja<\/li>\n\n\n\n<li>Compatible con WooCommerce<\/li>\n\n\n\n<li>Vista r\u00e1pida del producto<\/li>\n\n\n\n<li>2+ estilos de enfoque del producto<\/li>\n\n\n\n<li>M\u00e1s de 4 dise\u00f1os y estilos de filtros de tienda<\/li>\n\n\n\n<li>M\u00e1s de 5 dise\u00f1os\/estilos de detalles de producto<\/li>\n\n\n\n<li>Filtrar producto por color<\/li>\n\n\n\n<li>Muestras de color para productos variables<\/li>\n\n\n\n<li>Modo cat\u00e1logo listo<\/li>\n\n\n\n<li>Compatible con Dokan<\/li>\n\n\n\n<li>Cargar m\u00e1s en la tienda\/Desplazamiento infinito\/Paginaci\u00f3n Ajax<\/li>\n\n\n\n<li>WooCommerce compatible con varios idiomas y m\u00faltiples divisas<\/li>\n\n\n\n<li>Potente panel de opciones de tema con Redux Framework<\/li>\n\n\n\n<li>Barras laterales ilimitadas<\/li>\n\n\n\n<li>Multi-widget<\/li>\n\n\n\n<li>Opciones de encabezado avanzadas<\/li>\n\n\n\n<li>Encabezado adhesivo<\/li>\n\n\n\n<li>Traducci\u00f3n lista<\/li>\n\n\n\n<li>Compatible con WPML<\/li>\n\n\n\n<li>Formatos de publicaci\u00f3n: Est\u00e1ndar, Galer\u00eda, Cita, V\u00eddeo, Audio<\/li>\n\n\n\n<li>Blog de la masoner\u00eda<\/li>\n\n\n\n<li>Colores ilimitados<\/li>\n\n\n\n<li>Integraci\u00f3n de fuentes sorprendente<\/li>\n\n\n\n<li>Lista de deseos, Comparar soporte<\/li>\n\n\n\n<li>Soporte para compras frecuentes en YITH WooCommerce<\/li>\n\n\n\n<li>Comentarios de fotos para soporte de WooCommerce<\/li>\n\n\n\n<li>Integraci\u00f3n de cartera<\/li>\n\n\n\n<li>Testimonio, Funcionalidad, Integraci\u00f3n de miembros del equipo<\/li>\n\n\n\n<li>Integraci\u00f3n de p\u00e1ginas de Instagram y Facebook<\/li>\n\n\n\n<li>Integraci\u00f3n de suscripciones con Mailchimp<\/li>\n\n\n\n<li>Integraci\u00f3n del control deslizante de logotipos<\/li>\n\n\n\n<li>M\u00e1s de 896 fuentes de Google<\/li>\n\n\n\n<li>M\u00e1s de 17 elementos personalizados para Elementor<\/li>\n\n\n\n<li>Listo para RTL<\/li>\n\n\n\n<li>Desplazamiento suave<\/li>\n\n\n\n<li>B\u00fasqueda de Ajax<\/li>\n\n\n\n<li>Carrito de compras Ajax<\/li>\n\n\n\n<li>Ajax A\u00f1adir al carrito en un solo producto \/ Vista r\u00e1pida<\/li>\n\n\n\n<li>Importaci\u00f3n de demostraci\u00f3n f\u00e1cil con un solo clic<\/li>\n\n\n\n<li>Formulario de contacto gratuito y genial 7<\/li>\n\n\n\n<li>Actualizaci\u00f3n gratuita<\/li>\n\n\n\n<li>Documentaci\u00f3n detallada<\/li>\n<\/ul>\n\n\n\n<p class=\"has-white-color has-black-background-color has-text-color has-background has-link-color has-medium-font-size wp-elements-a8e1b428f64d0c4aeaea8a13454b65d0\">Al descargar, descomprima\/extraiga el archivo ZIP y dentro estar\u00e1 el archivo del tema y el tema hijo.<\/p>","protected":false},"excerpt":{"rendered":"<p>GoStore es un tema de WooCommerce para WordPress dise\u00f1ado para tiendas online. GoStore incluye una gran variedad de dise\u00f1os predise\u00f1ados para la p\u00e1gina de inicio y las p\u00e1ginas de producto para ofrecerte la mejor selecci\u00f3n de personalizaci\u00f3n. GoStore es ideal para sitios web de comercio electr\u00f3nico de moda, electr\u00f3nica, productos org\u00e1nicos, zapatillas, zapatos, gafas, accesorios, supermercados, muebles\u2026 o cualquier otro [\u2026]<\/p>","protected":false},"featured_media":183,"comment_status":"closed","ping_status":"open","template":"","meta":{"_jf_limit_responses":"","iawp_total_views":53},"product_brand":[],"product_cat":[22],"product_tag":[19],"class_list":{"0":"post-180","1":"product","2":"type-product","3":"status-publish","4":"has-post-thumbnail","6":"product_cat-temas-wordpress","7":"product_tag-vitalicio","9":"first","10":"instock","11":"downloadable","12":"virtual","13":"purchasable","14":"product-type-simple"},"_links":{"self":[{"href":"https:\/\/packdesites.com\/es\/wp-json\/wp\/v2\/product\/180","targetHints":{"allow":["GET"]}}],"collection":[{"href":"https:\/\/packdesites.com\/es\/wp-json\/wp\/v2\/product"}],"about":[{"href":"https:\/\/packdesites.com\/es\/wp-json\/wp\/v2\/types\/product"}],"replies":[{"embeddable":true,"href":"https:\/\/packdesites.com\/es\/wp-json\/wp\/v2\/comments?post=180"}],"version-history":[{"count":2,"href":"https:\/\/packdesites.com\/es\/wp-json\/wp\/v2\/product\/180\/revisions"}],"predecessor-version":[{"id":24620,"href":"https:\/\/packdesites.com\/es\/wp-json\/wp\/v2\/product\/180\/revisions\/24620"}],"wp:featuredmedia":[{"embeddable":true,"href":"https:\/\/packdesites.com\/es\/wp-json\/wp\/v2\/media\/183"}],"wp:attachment":[{"href":"https:\/\/packdesites.com\/es\/wp-json\/wp\/v2\/media?parent=180"}],"wp:term":[{"taxonomy":"product_brand","embeddable":true,"href":"https:\/\/packdesites.com\/es\/wp-json\/wp\/v2\/product_brand?post=180"},{"taxonomy":"product_cat","embeddable":true,"href":"https:\/\/packdesites.com\/es\/wp-json\/wp\/v2\/product_cat?post=180"},{"taxonomy":"product_tag","embeddable":true,"href":"https:\/\/packdesites.com\/es\/wp-json\/wp\/v2\/product_tag?post=180"}],"curies":[{"name":"wp","href":"https:\/\/api.w.org\/{rel}","templated":true}]}}