{"id":1793,"date":"2024-07-08T21:48:40","date_gmt":"2024-07-08T21:48:40","guid":{"rendered":"https:\/\/packdesites.com\/produto\/cartflows-pro-v2-0-6-crie-checkouts-e-funis-de-vendas\/"},"modified":"2025-07-01T16:49:03","modified_gmt":"2025-07-01T19:49:03","slug":"cartflows-pro-v2-0-6-crea-cajas-y-embudos-de-venta","status":"publish","type":"product","link":"https:\/\/packdesites.com\/es\/product\/cartflows-pro-v2-0-6-crea-cajas-y-embudos-de-venta\/","title":{"rendered":"CartFlows Pro v2.1.7: Crea cajas y embudos de venta"},"content":{"rendered":"<figure class=\"wp-block-image size-large is-resized\"><img decoding=\"async\" class=\"wp-image-5876\" style=\"width: 840px; height: auto;\" src=\"https:\/\/packdesites.com\/wp-content\/uploads\/2025\/04\/image-1024x545-1.png\" alt=\"\" title=\"\"><\/figure>\n\n\n\n<h6 class=\"wp-block-heading\"><br \/>LISTO PARA IMPORTAR<\/h6>\n\n\n\n<h2 class=\"wp-block-heading\">Modelos que convierten<\/h2>\n\n\n\n<p>CartFlows incluye una amplia biblioteca de plantillas optimizadas para la conversi\u00f3n que est\u00e1n listas para usar.<\/p>\n\n\n\n<ul class=\"wp-block-list\">\n<li>Modelos predise\u00f1ados<\/li>\n\n\n\n<li>Importaci\u00f3n con un solo clic<\/li>\n\n\n\n<li>Creado para creadores de p\u00e1ginas populares<\/li>\n\n\n\n<li>Plantillas optimizadas para la conversi\u00f3n<\/li>\n\n\n\n<li>Personalizar sin c\u00f3digo<\/li>\n<\/ul>\n\n\n\n<div class=\"wp-block-buttons is-layout-flex wp-block-buttons-is-layout-flex\">\n<div class=\"wp-block-button\"><a class=\"wp-block-button__link has-white-color has-luminous-vivid-orange-background-color has-text-color has-background has-link-color wp-element-button\" href=\"https:\/\/cartflows.com\/templates\/\" target=\"_blank\" rel=\"noreferrer noopener\">VER TODOS LOS MODELOS<\/a><\/div>\n<\/div>\n\n\n\n<figure class=\"wp-block-image size-full\"><img decoding=\"async\" class=\"wp-image-5877\" src=\"https:\/\/packdesites.com\/wp-content\/uploads\/2025\/04\/image-1-1.png\" alt=\"\" title=\"\"><\/figure>\n\n\n\n<figure class=\"wp-block-image size-large\"><img decoding=\"async\" class=\"wp-image-5878\" src=\"https:\/\/packdesites.com\/wp-content\/uploads\/2025\/04\/image-2-1024x230-1.png\" alt=\"\" title=\"\"><\/figure>\n\n\n\n<h2 class=\"wp-block-heading\">El mejor constructor de embudos de ventas para cada industria<\/h2>\n\n\n\n<p>\u00a1Construya embudos de ventas y generaci\u00f3n de clientes potenciales de alta conversi\u00f3n para cualquier uso y cualquier industria!<\/p>\n\n\n\n<h5 class=\"wp-block-heading\">Comercio electr\u00f3nico<\/h5>\n\n\n\n<p>Utilice ventas adicionales, incrementos de pedidos y ofertas previas al pago para incrementar las ventas de sus productos f\u00edsicos.<\/p>\n\n\n\n<h5 class=\"wp-block-heading\">Creadores de cursos en l\u00ednea<\/h5>\n\n\n\n<p>Atraiga a los estudiantes con nuestra gama de plantillas dise\u00f1adas profesionalmente y venda m\u00e1s cursos en l\u00ednea.<\/p>\n\n\n\n<h5 class=\"wp-block-heading\">Agencias<\/h5>\n\n\n\n<p>Ya sea para un cliente o para usted mismo, obtenga un flujo de clientes con nuestros embudos de generaci\u00f3n de leads.<\/p>\n\n\n\n<h5 class=\"wp-block-heading\">Consultante<\/h5>\n\n\n\n<p>Supere a su competencia generando clientes potenciales y convirti\u00e9ndolos en clientes utilizando un poderoso generador de embudos de ventas dise\u00f1ado para funcionar.<\/p>\n\n\n\n<h5 class=\"wp-block-heading\">Organizadores de eventos<\/h5>\n\n\n\n<p>Facilite la compra de entradas para eventos con una experiencia de pago fluida y dise\u00f1ada para generar conversiones.<\/p>\n\n\n\n<h5 class=\"wp-block-heading\">Cualquier usuario de WooCommerce<\/h5>\n\n\n\n<p>CartFlows es imprescindible para cualquier tienda WooCommerce si aumentar los ingresos es su prioridad.<\/p>\n\n\n\n<h2 class=\"wp-block-heading\">CartFlows funciona con los productos que te encantan<\/h2>\n\n\n\n<p>CartFlows funciona perfectamente con tus aplicaciones favoritas.<\/p>\n\n\n\n<figure class=\"wp-block-image\"><img decoding=\"async\" class=\"wp-image-36812\" src=\"https:\/\/packdesites.com\/wp-content\/uploads\/2025\/04\/cartflows-integrations-7-1024x1024.png\" alt=\"\" title=\"\"><\/figure>","protected":false},"excerpt":{"rendered":"<p>LISTO PARA IMPORTAR. Plantillas que convierten. CartFlows incluye una extensa biblioteca de plantillas optimizadas para la conversi\u00f3n, listas para usar. El mejor creador de embudos de ventas para cada industria. \u00a1Crea embudos de generaci\u00f3n de leads y ventas de alta conversi\u00f3n para cualquier uso e industria! Comercio electr\u00f3nico: Aprovecha las ventas adicionales, aumenta las ventas y mucho m\u00e1s.<\/p>","protected":false},"featured_media":1798,"comment_status":"open","ping_status":"open","template":"","meta":{"_jf_limit_responses":"","iawp_total_views":145},"product_brand":[],"product_cat":[41],"product_tag":[91,49,19],"class_list":{"0":"post-1793","1":"product","2":"type-product","3":"status-publish","4":"has-post-thumbnail","6":"product_cat-plugins","7":"product_tag-business","8":"product_tag-starter","9":"product_tag-vitalicio","11":"first","12":"instock","13":"downloadable","14":"virtual","15":"purchasable","16":"product-type-simple"},"_links":{"self":[{"href":"https:\/\/packdesites.com\/es\/wp-json\/wp\/v2\/product\/1793","targetHints":{"allow":["GET"]}}],"collection":[{"href":"https:\/\/packdesites.com\/es\/wp-json\/wp\/v2\/product"}],"about":[{"href":"https:\/\/packdesites.com\/es\/wp-json\/wp\/v2\/types\/product"}],"replies":[{"embeddable":true,"href":"https:\/\/packdesites.com\/es\/wp-json\/wp\/v2\/comments?post=1793"}],"version-history":[{"count":2,"href":"https:\/\/packdesites.com\/es\/wp-json\/wp\/v2\/product\/1793\/revisions"}],"predecessor-version":[{"id":22727,"href":"https:\/\/packdesites.com\/es\/wp-json\/wp\/v2\/product\/1793\/revisions\/22727"}],"wp:featuredmedia":[{"embeddable":true,"href":"https:\/\/packdesites.com\/es\/wp-json\/wp\/v2\/media\/1798"}],"wp:attachment":[{"href":"https:\/\/packdesites.com\/es\/wp-json\/wp\/v2\/media?parent=1793"}],"wp:term":[{"taxonomy":"product_brand","embeddable":true,"href":"https:\/\/packdesites.com\/es\/wp-json\/wp\/v2\/product_brand?post=1793"},{"taxonomy":"product_cat","embeddable":true,"href":"https:\/\/packdesites.com\/es\/wp-json\/wp\/v2\/product_cat?post=1793"},{"taxonomy":"product_tag","embeddable":true,"href":"https:\/\/packdesites.com\/es\/wp-json\/wp\/v2\/product_tag?post=1793"}],"curies":[{"name":"wp","href":"https:\/\/api.w.org\/{rel}","templated":true}]}}