{"id":1772,"date":"2024-06-12T16:47:09","date_gmt":"2024-06-12T16:47:09","guid":{"rendered":"https:\/\/packdesites.com\/produto\/enigma-template-de-portfolio-designer-e-webdesigner\/"},"modified":"2025-04-03T01:17:12","modified_gmt":"2025-04-03T01:17:12","slug":"plantilla-de-portafolio-enigma-para-disenadores-y-disenadores-web","status":"publish","type":"product","link":"https:\/\/packdesites.com\/es\/product\/plantilla-de-portafolio-enigma-para-disenadores-y-disenadores-web\/","title":{"rendered":"Enigma \u2013 Plantilla de portafolio de dise\u00f1ador y dise\u00f1ador web"},"content":{"rendered":"<p><strong>El enigma<\/strong>\u00a0\u00e9 um kit de modelos Elementor responsivo e projetado profissionalmente para criativos que procuram um portf\u00f3lio moderno e impactante.<\/p>\n<p>Este kit foi otimizado para uso com o tema gratuito Hello Elementor, mas pode ser usado com a maioria dos temas que suportam Elementor. Este n\u00e3o \u00e9 um tema WordPress. Os Kits de Modelo cont\u00eam conte\u00fado de p\u00e1gina para o construtor de p\u00e1ginas do Elementor.<\/p>\n<p><strong>Caracter\u00edsticas:<\/strong><\/p>\n<ul>\n<li>Dise\u00f1o moderno y limpio<\/li>\n<li>M\u00e1s de 10 plantillas listas para usar<\/li>\n<li>Dise\u00f1o totalmente adaptable<\/li>\n<li>Listo para retina<\/li>\n<li>Totalmente personalizable<\/li>\n<li>Compatibilidad del navegador: Chrome, Firefox, Safari, Opera<\/li>\n<\/ul>\n<p><strong>Los modelos incluyen:<\/strong><\/p>\n<ul>\n<li>Hogar<\/li>\n<li>Carpeta<\/li>\n<li>Monedero \u00fanico<\/li>\n<li>En<\/li>\n<li>Servicios<\/li>\n<li>Preguntas frecuentes<\/li>\n<li>Precios<\/li>\n<li>Dentro de poco<\/li>\n<li>Error 404<\/li>\n<li>Noticias<\/li>\n<li>Publicaci\u00f3n \u00fanica<\/li>\n<li>Contacto<\/li>\n<li>Metform \u2013 Informaci\u00f3n de contacto<\/li>\n<li>Encabezamiento<\/li>\n<li>Z\u00f3calo<\/li>\n<li>Estilo de tema global<\/li>\n<\/ul>\n<p><strong>Complemento necesario (incluido):<\/strong><\/p>\n<ul>\n<li>Elementor<\/li>\n<li>Complementos esenciales para Elementor<\/li>\n<li>Creador de encabezados y pies de p\u00e1gina de Elementor<\/li>\n<li>ElementsKit Lite<\/li>\n<li>MetForm<\/li>\n<\/ul>\n<p><strong>C\u00f3mo utilizar los kits de modelos:<\/strong><\/p>\n<ol>\n<li>Instale y active el complemento \u201cEnvato Elements\u201d desde Complementos &gt; Agregar nuevo en WordPress<\/li>\n<li>Descargue el archivo del kit y no lo descomprima<\/li>\n<li>Vaya a Elements &gt; Kits instalados y haga clic en el bot\u00f3n &quot;Subir kit de plantillas&quot;. Tambi\u00e9n puede importar autom\u00e1ticamente haciendo clic en &quot;Conectar cuenta&quot; para vincular su suscripci\u00f3n a Elements y luego importando en Elements &gt; Kits de plantillas.<\/li>\n<li>Verifique el banner naranja en la parte superior y haga clic en Instalar requisitos para cargar los complementos que utiliza el kit<\/li>\n<li>Haga clic en importar primero en Estilos del kit global<\/li>\n<li>Haz clic en &quot;Importar&quot; en una plantilla a la vez. Se almacenan en Elementor, en Plantillas &gt; Plantillas guardadas.<\/li>\n<li>Vaya a P\u00e1ginas y cree una nueva p\u00e1gina y haga clic en Editar con Elementor<\/li>\n<li>Haga clic en el \u00edcono de engranaje en la esquina inferior izquierda del generador para mostrar la configuraci\u00f3n de la p\u00e1gina y elija Elementor Ancho completo y oculte el t\u00edtulo de la p\u00e1gina.<\/li>\n<li>Haga clic en el \u00edcono de la carpeta gris para acceder a la pesta\u00f1a Mis plantillas, luego importe la p\u00e1gina que desea personalizar.<\/li>\n<\/ol>\n<p>Si tienes Elementor Pro, los encabezados y pies de p\u00e1gina se pueden personalizar en el Generador de temas.<\/p>\n<p>Gu\u00eda detallada: https:\/\/help.market.envato.com\/hc\/es-es\/articles\/900000842846-C\u00f3mo-usar-el-Plugin-Envato-Elements-WordPress-v2-0<\/p>\n<p>Para obtener m\u00e1s ayuda, vaya a Elementor &gt; Obtener ayuda en el men\u00fa de WordPress.<\/p>\n<p><strong>C\u00f3mo importar Metforms<\/strong><\/p>\n<ol>\n<li>Importar plantillas de bloques de Metform<\/li>\n<li>Importe la plantilla de p\u00e1gina donde aparece el formulario y haga clic derecho para habilitar el Navegador<\/li>\n<li>Localice y seleccione el widget Metform y haga clic en Editar formulario. Seleccione Nuevo y luego Editar formulario. Aparecer\u00e1 el constructor.<\/li>\n<li>Haga clic en el icono de la carpeta gris \u201cAgregar plantilla\u201d.<\/li>\n<li>Haga clic en la pesta\u00f1a &quot;Mis plantillas&quot;.<\/li>\n<li>Seleccione la plantilla Metform importada y haga clic en \u201cInsertar\u201d (haga clic en No para la configuraci\u00f3n de la p\u00e1gina).<\/li>\n<li>Una vez cargada la plantilla, realice las personalizaciones deseadas y haga clic en &quot;Actualizar y cerrar&quot;. El formulario aparecer\u00e1 en la plantilla.<\/li>\n<li>Haga clic en Actualizar<\/li>\n<\/ol>\n<p><strong><em>Configurar encabezado y pie de p\u00e1gina globales en el complemento Bloques de encabezado y pie de p\u00e1gina<\/em><\/strong><\/p>\n<ol>\n<li>Importar la plantilla de encabezado y pie de p\u00e1gina<\/li>\n<li>Vaya a Apariencia &gt; Encabezado y pie de p\u00e1gina y haga clic en el bot\u00f3n Agregar nuevo<\/li>\n<li>As\u00edgnele un t\u00edtulo y seleccione Encabezado, Mostrar en todo el sitio y haga clic en Publicar.<\/li>\n<li>Haga clic en Editar con Elementor<\/li>\n<li>Haga clic en el \u00edcono de la carpeta gris para acceder a la pesta\u00f1a Mis plantillas y seleccionar la plantilla de encabezado que desea importar y actualizar.<\/li>\n<li>Repetir para el pie de p\u00e1gina<\/li>\n<\/ol>","protected":false},"excerpt":{"rendered":"<p>O Enigma\u00a0\u00e9 um kit de modelos Elementor responsivo e projetado profissionalmente para criativos que procuram um portf\u00f3lio moderno e impactante. Este kit foi otimizado para uso com o tema gratuito Hello Elementor, mas pode ser usado com a maioria dos temas que suportam Elementor. Este n\u00e3o \u00e9 um tema WordPress. Os Kits de Modelo cont\u00eam [&hellip;]<\/p>","protected":false},"featured_media":1773,"comment_status":"open","ping_status":"open","template":"","meta":{"_jf_limit_responses":"","iawp_total_views":225},"product_brand":[],"product_cat":[32,23,24],"product_tag":[19],"class_list":{"0":"post-1772","1":"product","2":"type-product","3":"status-publish","4":"has-post-thumbnail","6":"product_cat-agencia-de-marketing","7":"product_cat-templates-elementor-e-envato","8":"product_cat-templates-envato","9":"product_tag-vitalicio","11":"first","12":"instock","13":"downloadable","14":"virtual","15":"purchasable","16":"product-type-simple"},"_links":{"self":[{"href":"https:\/\/packdesites.com\/es\/wp-json\/wp\/v2\/product\/1772","targetHints":{"allow":["GET"]}}],"collection":[{"href":"https:\/\/packdesites.com\/es\/wp-json\/wp\/v2\/product"}],"about":[{"href":"https:\/\/packdesites.com\/es\/wp-json\/wp\/v2\/types\/product"}],"replies":[{"embeddable":true,"href":"https:\/\/packdesites.com\/es\/wp-json\/wp\/v2\/comments?post=1772"}],"version-history":[{"count":0,"href":"https:\/\/packdesites.com\/es\/wp-json\/wp\/v2\/product\/1772\/revisions"}],"wp:featuredmedia":[{"embeddable":true,"href":"https:\/\/packdesites.com\/es\/wp-json\/wp\/v2\/media\/1773"}],"wp:attachment":[{"href":"https:\/\/packdesites.com\/es\/wp-json\/wp\/v2\/media?parent=1772"}],"wp:term":[{"taxonomy":"product_brand","embeddable":true,"href":"https:\/\/packdesites.com\/es\/wp-json\/wp\/v2\/product_brand?post=1772"},{"taxonomy":"product_cat","embeddable":true,"href":"https:\/\/packdesites.com\/es\/wp-json\/wp\/v2\/product_cat?post=1772"},{"taxonomy":"product_tag","embeddable":true,"href":"https:\/\/packdesites.com\/es\/wp-json\/wp\/v2\/product_tag?post=1772"}],"curies":[{"name":"wp","href":"https:\/\/api.w.org\/{rel}","templated":true}]}}