{"id":1737,"date":"2024-06-06T14:17:21","date_gmt":"2024-06-06T14:17:21","guid":{"rendered":"https:\/\/packdesites.com\/produto\/petmania-loja-de-animais-de-estimacao-cuidados-com-animais-de-estimacao-woocommerce-ecommerce\/"},"modified":"2025-04-03T01:16:23","modified_gmt":"2025-04-03T01:16:23","slug":"petmania-tienda-de-mascotas-cuidado-de-mascotas-woocommerce-comercio-electronico","status":"publish","type":"product","link":"https:\/\/packdesites.com\/es\/product\/petmania-tienda-de-mascotas-cuidado-de-mascotas-woocommerce-comercio-electronico\/","title":{"rendered":"PetMania v7.7 \u2013 Tienda de mascotas, cuidado de mascotas, comercio electr\u00f3nico WooCommerce"},"content":{"rendered":"<p>PetMania es un tema de comercio electr\u00f3nico encantador y moderno para WordPress, creado teniendo en mente las necesidades de las empresas de mascotas, sus clientes peludos y sus due\u00f1os de mascotas cari\u00f1osos. Tiene todas las caracter\u00edsticas necesarias para cl\u00ednicas de cuidado de mascotas, tiendas de mascotas, hoteles y complejos tur\u00edsticos para mascotas, alojamiento de mascotas, guarder\u00edas o cuidado de perros y cachorros, salones de mascotas y negocios de peluquer\u00eda. Adem\u00e1s de la compatibilidad total con WooCommerce, tienes a tu disposici\u00f3n un impresionante conjunto de p\u00e1ginas de tienda y dise\u00f1os de productos.<\/p>\n<p>.<\/p>\n<p>Poner\u00a0<strong>Temas de VamTam (https:\/\/vamtam.com\/themes\/<\/strong>)<\/p>\n<p>Compatibilidad total con Elementor + Elementor Pro<\/p>\n<p>Se requiere Elementor Pro para importar contenido de demostraci\u00f3n y configurar el tema.<\/p>\n<p><strong>Caracter\u00edsticas<\/strong><\/p>\n<ul>\n<li>Compatible con WordPress 6.5<\/li>\n<li>No es necesario que usted o sus clientes se familiaricen con un nuevo Panel de opciones de tema, widgets o complementos. Solo necesitas WordPress + Elementor + Elementor Pro + WooCommerce. - $290 im\u00e1genes premium de Getty Images incluidas en el paquete de forma gratuita<\/li>\n<li>Todas las im\u00e1genes que se muestran en el sitio de demostraci\u00f3n vienen con el contenido de demostraci\u00f3n y se pueden usar en su pr\u00f3ximo proyecto sin la necesidad de comprar licencias adicionales.<\/li>\n<li>El c\u00f3digo del tema solo extiende los widgets Elementor y Elementor Pro y agrega estilos y animaciones geniales. Esto a\u00f1ade una capa de estabilidad y seguridad a largo plazo.<\/li>\n<li>M\u00e1s de 60.000 clientes utilizan los temas de VamTam<\/li>\n<li>Opciones para deshabilitar el c\u00f3digo del tema widget por widget<\/li>\n<li>Panel de estilos globales de Elementor Pro utilizado como panel de temas<\/li>\n<li>Elementor Pro te brinda control total sobre el dise\u00f1o de dispositivos m\u00f3viles y tabletas + Puntos de interrupci\u00f3n personalizados<\/li>\n<li>Gu\u00eda de configuraci\u00f3n completa<\/li>\n<li>23 tutoriales en v\u00eddeo HD para principiantes<\/li>\n<li>M\u00e1s de 100 art\u00edculos de ayuda escritos por nosotros<\/li>\n<li>Compatibilidad con RTL<\/li>\n<li>Traducci\u00f3n (archivos po&amp;mo) Listo<\/li>\n<li>Plugin WPML probado<\/li>\n<li>Encabezado y pie de p\u00e1gina: creado con Elementor Pro<\/li>\n<li>Mega Men\u00fas \u2013 creado con Elementor Pro<\/li>\n<li>Ventanas emergentes: creadas con Elementor Pro<\/li>\n<li>Formularios \u2013 creados con Elementor Pro<\/li>\n<li>Dise\u00f1os de contenido din\u00e1mico: creados con productos Elementor Pro, publicaciones de blog, blog, archivos de productos, p\u00e1ginas 404, p\u00e1gina de modo de mantenimiento. P\u00e1gina de modo Pr\u00f3ximamente y resultados de b\u00fasqueda.<\/li>\n<li>Elementor Pro WooCommerce Builder: crea tus productos, archivos de productos, p\u00e1gina de mi cuenta, carrito, pago y carrito lateral.<\/li>\n<li>Ampliaci\u00f3n inteligente del complemento WooCommerce con lista de deseos, b\u00fasqueda Ajax y tarjetas de regalo.<\/li>\n<\/ul>\n<p><b>Tema infantil <\/b> (https:\/\/vamtam.com\/temas-infantiles\/)<\/p>\n\n\n<p class=\"has-white-color has-black-background-color has-text-color has-background has-link-color wp-elements-61b50c9e05a42815ef62fba3934f226a\">Al descargar, simplemente cargue el tema en <strong>Apariencia &gt; Temas<\/strong> y subir el zip (no es necesario descomprimirlo). Para que la importaci\u00f3n de demostraci\u00f3n funcione, debe instalar y activar Elementor Pro y cambiar la estructura del enlace a \u201c<strong>Nombre del puesto<\/strong>&#8221; (<strong>Configuraci\u00f3n &gt; Enlaces permanentes<\/strong>).<br><br>Si ocurre un error al activar un complemento, simplemente vaya a los complementos instalados y act\u00edvelos all\u00ed y luego regrese a la Configuraci\u00f3n de importaci\u00f3n de demostraci\u00f3n de tema.<\/p>\n\n\n\n<p><\/p>","protected":false},"excerpt":{"rendered":"<p>PetMania es un tema de comercio electr\u00f3nico moderno y atractivo para WordPress, dise\u00f1ado pensando en las necesidades de las empresas que operan en este segmento, sus clientes peludos y los due\u00f1os de mascotas. Cuenta con todas las funciones necesarias para cl\u00ednicas, tiendas, hoteles y resorts para mascotas [\u2026]<\/p>","protected":false},"featured_media":1738,"comment_status":"open","ping_status":"open","template":"","meta":{"_jf_limit_responses":"","iawp_total_views":38},"product_brand":[],"product_cat":[22],"product_tag":[19],"class_list":{"0":"post-1737","1":"product","2":"type-product","3":"status-publish","4":"has-post-thumbnail","6":"product_cat-temas-wordpress","7":"product_tag-vitalicio","9":"first","10":"instock","11":"downloadable","12":"virtual","13":"purchasable","14":"product-type-simple"},"_links":{"self":[{"href":"https:\/\/packdesites.com\/es\/wp-json\/wp\/v2\/product\/1737","targetHints":{"allow":["GET"]}}],"collection":[{"href":"https:\/\/packdesites.com\/es\/wp-json\/wp\/v2\/product"}],"about":[{"href":"https:\/\/packdesites.com\/es\/wp-json\/wp\/v2\/types\/product"}],"replies":[{"embeddable":true,"href":"https:\/\/packdesites.com\/es\/wp-json\/wp\/v2\/comments?post=1737"}],"version-history":[{"count":0,"href":"https:\/\/packdesites.com\/es\/wp-json\/wp\/v2\/product\/1737\/revisions"}],"wp:featuredmedia":[{"embeddable":true,"href":"https:\/\/packdesites.com\/es\/wp-json\/wp\/v2\/media\/1738"}],"wp:attachment":[{"href":"https:\/\/packdesites.com\/es\/wp-json\/wp\/v2\/media?parent=1737"}],"wp:term":[{"taxonomy":"product_brand","embeddable":true,"href":"https:\/\/packdesites.com\/es\/wp-json\/wp\/v2\/product_brand?post=1737"},{"taxonomy":"product_cat","embeddable":true,"href":"https:\/\/packdesites.com\/es\/wp-json\/wp\/v2\/product_cat?post=1737"},{"taxonomy":"product_tag","embeddable":true,"href":"https:\/\/packdesites.com\/es\/wp-json\/wp\/v2\/product_tag?post=1737"}],"curies":[{"name":"wp","href":"https:\/\/api.w.org\/{rel}","templated":true}]}}