{"id":1727,"date":"2024-04-07T05:56:54","date_gmt":"2024-04-07T05:56:54","guid":{"rendered":"https:\/\/packdesites.com\/produto\/pagina-de-vendas-para-imobiliaria-3\/"},"modified":"2025-08-11T12:22:06","modified_gmt":"2025-08-11T15:22:06","slug":"pagina-3-de-ventas-de-bienes-raices","status":"publish","type":"product","link":"https:\/\/packdesites.com\/es\/product\/pagina-3-de-ventas-de-bienes-raices\/","title":{"rendered":"P\u00e1gina de ventas de bienes ra\u00edces"},"content":{"rendered":"<p><strong><mark style=\"background-color:rgba(0, 0, 0, 0)\" class=\"has-inline-color has-vivid-red-color\">ATENCI\u00d3N: Esta p\u00e1gina de destino tiene una instalaci\u00f3n ligeramente diferente, siga las instrucciones a continuaci\u00f3n<\/mark><\/strong>.<\/p>\n\n\n\n<p>Instale los siguientes complementos:<\/p>\n\n\n\n<ul class=\"wp-block-list\">\n<li><a href=\"https:\/\/membros.packdesites.com.br\/plugins-wordpress\/elementor-pro-atualizado\/\">Elementor Pro<\/a><\/li>\n\n\n\n<li>Elementos ilimitados (es gratis, puedes <a href=\"https:\/\/wordpress.org\/plugins\/unlimited-elements-for-elementor\/\" target=\"_blank\" rel=\"noopener\">Descargar aqu\u00ed<\/a>)<\/li>\n<\/ul>\n\n\n\n<p>Luego activa el contenedor de cuadr\u00edcula de Elementor Pro, solo ve a Elementor &gt; Configuraci\u00f3n &gt; Caracter\u00edsticas &gt; Contenedor de cuadr\u00edcula &gt; Activar<\/p>\n\n\n\n<p>Despu\u00e9s de ese acceso <strong>Modelos<\/strong> en el panel y ah\u00ed en la parte superior tendr\u00e1s la opci\u00f3n <strong>Importar plantilla con im\u00e1genes<\/strong> Una vez hecho esto, simplemente env\u00eda el zip tal como lo descargaste y haz clic en enviar.<\/p>\n\n\n\n<p>&#8212;&#8212;&#8212;&#8212;&#8212;&#8212;&#8212;&#8212;&#8212;-<\/p>\n\n\n\n<p>Plantilla de p\u00e1gina de ventas exclusiva creada con Elementor Pro para empresas inmobiliarias: la soluci\u00f3n perfecta para profesionales que trabajan en la venta de apartamentos y casas, aumentando la credibilidad con sus clientes.<\/p>\n\n\n\n<p>Destaca en el competitivo mercado inmobiliario con nuestra p\u00e1gina de ventas, meticulosamente dise\u00f1ada y desarrollada con Elementor Pro, una herramienta l\u00edder por su dise\u00f1o intuitivo y funcionalidad avanzada. Esta plantilla \u00fanica est\u00e1 especialmente dise\u00f1ada para satisfacer las necesidades espec\u00edficas de los negocios inmobiliarios, ofreciendo una presentaci\u00f3n elegante y profesional de las propiedades.<\/p>","protected":false},"excerpt":{"rendered":"<p>ATENCI\u00d3N: Esta p\u00e1gina de destino tiene una instalaci\u00f3n ligeramente diferente; siga las instrucciones a continuaci\u00f3n. Instale los siguientes plugins: Luego, active el contenedor de cuadr\u00edcula de Elementor Pro. Vaya a Elementor &gt; Configuraci\u00f3n &gt; Recursos &gt; Contenedor de cuadr\u00edcula &gt; Activar. Despu\u00e9s, acceda a Plantillas en el panel y, en la parte superior, encontrar\u00e1 la opci\u00f3n Importar plantilla [\u2026]<\/p>","protected":false},"featured_media":1728,"comment_status":"closed","ping_status":"open","template":"","meta":{"_jf_limit_responses":"","iawp_total_views":266},"product_brand":[],"product_cat":[23,42,43],"product_tag":[46,19],"class_list":{"0":"post-1727","1":"product","2":"type-product","3":"status-publish","4":"has-post-thumbnail","6":"product_cat-templates-elementor-e-envato","7":"product_cat-landing-page","8":"product_cat-pagina-de-vendas","9":"product_tag-unlimited-elements","10":"product_tag-vitalicio","12":"first","13":"instock","14":"downloadable","15":"virtual","16":"purchasable","17":"product-type-simple"},"_links":{"self":[{"href":"https:\/\/packdesites.com\/es\/wp-json\/wp\/v2\/product\/1727","targetHints":{"allow":["GET"]}}],"collection":[{"href":"https:\/\/packdesites.com\/es\/wp-json\/wp\/v2\/product"}],"about":[{"href":"https:\/\/packdesites.com\/es\/wp-json\/wp\/v2\/types\/product"}],"replies":[{"embeddable":true,"href":"https:\/\/packdesites.com\/es\/wp-json\/wp\/v2\/comments?post=1727"}],"version-history":[{"count":1,"href":"https:\/\/packdesites.com\/es\/wp-json\/wp\/v2\/product\/1727\/revisions"}],"predecessor-version":[{"id":23293,"href":"https:\/\/packdesites.com\/es\/wp-json\/wp\/v2\/product\/1727\/revisions\/23293"}],"wp:featuredmedia":[{"embeddable":true,"href":"https:\/\/packdesites.com\/es\/wp-json\/wp\/v2\/media\/1728"}],"wp:attachment":[{"href":"https:\/\/packdesites.com\/es\/wp-json\/wp\/v2\/media?parent=1727"}],"wp:term":[{"taxonomy":"product_brand","embeddable":true,"href":"https:\/\/packdesites.com\/es\/wp-json\/wp\/v2\/product_brand?post=1727"},{"taxonomy":"product_cat","embeddable":true,"href":"https:\/\/packdesites.com\/es\/wp-json\/wp\/v2\/product_cat?post=1727"},{"taxonomy":"product_tag","embeddable":true,"href":"https:\/\/packdesites.com\/es\/wp-json\/wp\/v2\/product_tag?post=1727"}],"curies":[{"name":"wp","href":"https:\/\/api.w.org\/{rel}","templated":true}]}}