{"id":1725,"date":"2024-05-31T15:59:20","date_gmt":"2024-05-31T15:59:20","guid":{"rendered":"https:\/\/packdesites.com\/produto\/pagina-de-vendas-fitness\/"},"modified":"2025-04-19T22:05:33","modified_gmt":"2025-04-20T01:05:33","slug":"pagina-de-ventas-de-fitness","status":"publish","type":"product","link":"https:\/\/packdesites.com\/es\/product\/pagina-de-ventas-de-fitness\/","title":{"rendered":"P\u00e1gina de ventas de fitness"},"content":{"rendered":"<h2 class=\"wp-block-heading\">\u00bfTiene problemas? Mira el v\u00eddeo a continuaci\u00f3n<\/h2>\n\n\n\n<figure class=\"wp-block-embed is-type-video is-provider-youtube wp-block-embed-youtube wp-embed-aspect-4-3 wp-has-aspect-ratio\"><div class=\"wp-block-embed__wrapper\">\n<iframe title=\"Plantillas JSON y ZIP de Elementor - Site Pack\" width=\"800\" height=\"450\" src=\"https:\/\/www.youtube.com\/embed\/0OpI8uz0RBw?feature=oembed\" frameborder=\"0\" allow=\"accelerometer; autoplay; clipboard-write; encrypted-media; gyroscope; picture-in-picture; web-share\" referrerpolicy=\"strict-origin-when-cross-origin\" allowfullscreen><\/iframe>\n<\/div><\/figure>\n\n\n\n<p>Aqu\u00ed le ofrecemos una oportunidad \u00fanica para lograr un cambio positivo, con resultados duraderos. Nuestra p\u00e1gina de ventas ha sido elaborada meticulosamente para brindar una experiencia atractiva e inspiradora que lo ayudar\u00e1 a atraer clientes dedicados a un estilo de vida m\u00e1s saludable.<\/p>\n\n\n\n<p><strong>Con esta p\u00e1gina de ventas podr\u00e1s:<\/strong><\/p>\n\n\n\n<p><strong>Presentar la propuesta del Curso de P\u00e9rdida de Peso Saludable:<\/strong> Descubre c\u00f3mo nuestro curso ofrece el enfoque perfecto para lograr tus objetivos de p\u00e9rdida de peso de forma saludable y sostenible. Destacamos los beneficios \u00fanicos y el conocimiento experto de nuestro instructor que lo guiar\u00e1 en este viaje transformador.<\/p>\n\n\n\n<p><strong>Resalte los beneficios de una p\u00e9rdida de peso saludable:<\/strong> \u00a1Con nuestro programa obtendr\u00e1s beneficios tangibles e intangibles para una vida plena! Disfrute de una p\u00e9rdida de peso sostenible, una mejor salud general, m\u00e1s energ\u00eda, una confianza renovada y un cambio positivo en sus h\u00e1bitos alimentarios y de ejercicio.<\/p>\n\n\n\n<p><strong>Ofrecer una muestra del contenido:<\/strong> \u00a1Descubre algunos de nuestros contenidos exclusivos! Al proporcionar una muestra gratuita, como una gu\u00eda, un video o una receta, obtendr\u00e1 una muestra de las herramientas y el conocimiento a los que puede acceder para ayudarlo a tener \u00e9xito en este viaje.<\/p>\n\n\n\n<p><strong>Llamada a la acci\u00f3n para registrarse:<\/strong> \u00a1No pierdas m\u00e1s tiempo! Reg\u00edstrate ahora para recibir toda la informaci\u00f3n que necesitas sobre nuestro Curso de P\u00e9rdida de Peso Saludable. Nuestro cautivador llamado a la acci\u00f3n lo alentar\u00e1 a completar el formulario y embarcarse en este incre\u00edble viaje hacia una vida m\u00e1s saludable.<\/p>\n\n\n\n<p>Aprovecha esta oportunidad \u00fanica para mejorar tu salud y lograr la p\u00e9rdida de peso saludable que te mereces. Personaliza la p\u00e1gina de ventas con la identidad visual de tu marca y disfruta de todos los recursos disponibles para crear una experiencia atractiva y cautivadora. \u00a1Tu transformaci\u00f3n comienza aqu\u00ed!<\/p>\n\n\n\n<p class=\"has-white-color has-black-background-color has-text-color has-background has-link-color wp-elements-775b402050c663430b7b800f9241f2a3\">La importaci\u00f3n de esta plantilla debe realizarse con el complemento <a href=\"https:\/\/wordpress.org\/plugins\/unlimited-elements-for-elementor\/\" target=\"_blank\" rel=\"noreferrer noopener\">Elementos ilimitados para Elementor<\/a>. Mira el video tutorial <a href=\"https:\/\/membros.packdesites.com.br\/solucao-template-sem-imagens-ou-vazio\/\">haciendo clic aqu\u00ed<\/a>.<\/p>","protected":false},"excerpt":{"rendered":"<p>\u00bfTienes problemas? Mira el video a continuaci\u00f3n. Te ofrecemos una oportunidad \u00fanica para lograr un cambio positivo con resultados duraderos. Nuestra p\u00e1gina de ventas ha sido dise\u00f1ada meticulosamente para brindar una experiencia atractiva e inspiradora que te ayudar\u00e1 a atraer clientes comprometidos con una vida m\u00e1s saludable. Con esta p\u00e1gina de ventas, podr\u00e1s: Presentar [\u2026]<\/p>","protected":false},"featured_media":1726,"comment_status":"closed","ping_status":"open","template":"","meta":{"_jf_limit_responses":"","iawp_total_views":310},"product_brand":[],"product_cat":[42,43,23],"product_tag":[46,19],"class_list":{"0":"post-1725","1":"product","2":"type-product","3":"status-publish","4":"has-post-thumbnail","6":"product_cat-landing-page","7":"product_cat-pagina-de-vendas","8":"product_cat-templates-elementor-e-envato","9":"product_tag-unlimited-elements","10":"product_tag-vitalicio","12":"first","13":"instock","14":"downloadable","15":"virtual","16":"purchasable","17":"product-type-simple"},"_links":{"self":[{"href":"https:\/\/packdesites.com\/es\/wp-json\/wp\/v2\/product\/1725","targetHints":{"allow":["GET"]}}],"collection":[{"href":"https:\/\/packdesites.com\/es\/wp-json\/wp\/v2\/product"}],"about":[{"href":"https:\/\/packdesites.com\/es\/wp-json\/wp\/v2\/types\/product"}],"replies":[{"embeddable":true,"href":"https:\/\/packdesites.com\/es\/wp-json\/wp\/v2\/comments?post=1725"}],"version-history":[{"count":0,"href":"https:\/\/packdesites.com\/es\/wp-json\/wp\/v2\/product\/1725\/revisions"}],"wp:featuredmedia":[{"embeddable":true,"href":"https:\/\/packdesites.com\/es\/wp-json\/wp\/v2\/media\/1726"}],"wp:attachment":[{"href":"https:\/\/packdesites.com\/es\/wp-json\/wp\/v2\/media?parent=1725"}],"wp:term":[{"taxonomy":"product_brand","embeddable":true,"href":"https:\/\/packdesites.com\/es\/wp-json\/wp\/v2\/product_brand?post=1725"},{"taxonomy":"product_cat","embeddable":true,"href":"https:\/\/packdesites.com\/es\/wp-json\/wp\/v2\/product_cat?post=1725"},{"taxonomy":"product_tag","embeddable":true,"href":"https:\/\/packdesites.com\/es\/wp-json\/wp\/v2\/product_tag?post=1725"}],"curies":[{"name":"wp","href":"https:\/\/api.w.org\/{rel}","templated":true}]}}