{"id":1696,"date":"2023-07-09T01:29:14","date_gmt":"2023-07-09T01:29:14","guid":{"rendered":"https:\/\/packdesites.com\/produto\/pagina-de-vendas-marketing-digital\/"},"modified":"2025-04-03T01:15:31","modified_gmt":"2025-04-03T01:15:31","slug":"pagina-de-ventas-de-marketing-digital","status":"publish","type":"product","link":"https:\/\/packdesites.com\/es\/product\/pagina-de-ventas-de-marketing-digital\/","title":{"rendered":"P\u00e1gina de ventas de marketing digital"},"content":{"rendered":"<p>Aqu\u00ed encontrar\u00e1s una plantilla de p\u00e1gina altamente adaptable, dise\u00f1ada espec\u00edficamente para WordPress con el plugin Elementor. Con esta p\u00e1gina, tendr\u00e1s control total sobre la personalizaci\u00f3n, desde colores hasta texto e im\u00e1genes, para reflejar la identidad y las necesidades \u00fanicas de tu negocio de marketing digital.<\/p>\n\n\n\n<p>Esta plantilla es perfecta para emprendedores que desean vender productos o servicios relacionados con el marketing digital. Ya sea un curso en l\u00ednea, consultor\u00eda estrat\u00e9gica o un paquete completo de servicios de marketing, nuestra p\u00e1gina est\u00e1 dise\u00f1ada para destacar los beneficios de su producto y convencer a sus clientes potenciales de que pueden alcanzar el \u00e9xito con sus estrategias digitales.<\/p>\n\n\n\n<p>Con un dise\u00f1o profesional y una estructura intuitiva, la p\u00e1gina se ha optimizado para aumentar las conversiones. Cada elemento se ha ubicado cuidadosamente para incentivar la acci\u00f3n del usuario, ya sea comprar un curso, programar una consulta o solicitar una propuesta personalizada.<\/p>\n\n\n\n<p>Editar esta p\u00e1gina es sencillo y no requiere conocimientos t\u00e9cnicos avanzados. Con WordPress y Elementor, puedes personalizar f\u00e1cilmente el contenido, a\u00f1adir secciones, destacar testimonios de clientes satisfechos y adaptar el texto para destacar los aspectos diferenciadores de tu negocio de marketing digital.<\/p>\n\n\n\n<p>Aprovecha esta oportunidad para crear una presencia online potente para tu negocio de marketing digital. Con esta plantilla editable, tendr\u00e1s una p\u00e1gina de ventas personalizada, atractiva y persuasiva que convertir\u00e1 a tus visitantes en clientes satisfechos. Destaca las ventajas \u00fanicas de tu producto o servicio, muestra tu experiencia con casos pr\u00e1cticos y muestra a tus clientes potenciales c\u00f3mo pueden alcanzar el \u00e9xito con sus estrategias de marketing digital.<\/p>\n\n\n\n<p>\u00a1No pierdas tiempo, empieza a crear tu p\u00e1gina de ventas de marketing digital ahora mismo! Personal\u00edzala seg\u00fan tus necesidades y aprovecha todas las funciones disponibles para construir una s\u00f3lida base de clientes satisfechos.<\/p>","protected":false},"excerpt":{"rendered":"<p>Aqui voc\u00ea encontrar\u00e1 um modelo de p\u00e1gina altamente responsivo, especialmente desenvolvido para o WordPress com o plugin Elementor. Com essa p\u00e1gina, voc\u00ea ter\u00e1 total controle sobre a personaliza\u00e7\u00e3o &#8211; desde as cores at\u00e9 o texto e as imagens &#8211; para refletir a identidade e as necessidades exclusivas do seu neg\u00f3cio de marketing digital. Este modelo [&hellip;]<\/p>","protected":false},"featured_media":1697,"comment_status":"closed","ping_status":"open","template":"","meta":{"_jf_limit_responses":"","iawp_total_views":62},"product_brand":[],"product_cat":[42,43,23],"product_tag":[47,19],"class_list":{"0":"post-1696","1":"product","2":"type-product","3":"status-publish","4":"has-post-thumbnail","6":"product_cat-landing-page","7":"product_cat-pagina-de-vendas","8":"product_cat-templates-elementor-e-envato","9":"product_tag-json","10":"product_tag-vitalicio","12":"first","13":"instock","14":"downloadable","15":"virtual","16":"purchasable","17":"product-type-simple"},"_links":{"self":[{"href":"https:\/\/packdesites.com\/es\/wp-json\/wp\/v2\/product\/1696","targetHints":{"allow":["GET"]}}],"collection":[{"href":"https:\/\/packdesites.com\/es\/wp-json\/wp\/v2\/product"}],"about":[{"href":"https:\/\/packdesites.com\/es\/wp-json\/wp\/v2\/types\/product"}],"replies":[{"embeddable":true,"href":"https:\/\/packdesites.com\/es\/wp-json\/wp\/v2\/comments?post=1696"}],"version-history":[{"count":0,"href":"https:\/\/packdesites.com\/es\/wp-json\/wp\/v2\/product\/1696\/revisions"}],"wp:featuredmedia":[{"embeddable":true,"href":"https:\/\/packdesites.com\/es\/wp-json\/wp\/v2\/media\/1697"}],"wp:attachment":[{"href":"https:\/\/packdesites.com\/es\/wp-json\/wp\/v2\/media?parent=1696"}],"wp:term":[{"taxonomy":"product_brand","embeddable":true,"href":"https:\/\/packdesites.com\/es\/wp-json\/wp\/v2\/product_brand?post=1696"},{"taxonomy":"product_cat","embeddable":true,"href":"https:\/\/packdesites.com\/es\/wp-json\/wp\/v2\/product_cat?post=1696"},{"taxonomy":"product_tag","embeddable":true,"href":"https:\/\/packdesites.com\/es\/wp-json\/wp\/v2\/product_tag?post=1696"}],"curies":[{"name":"wp","href":"https:\/\/api.w.org\/{rel}","templated":true}]}}