{"id":1692,"date":"2023-07-09T01:27:17","date_gmt":"2023-07-09T01:27:17","guid":{"rendered":"https:\/\/packdesites.com\/produto\/pagina-de-captura-para-receitas\/"},"modified":"2025-04-03T01:15:28","modified_gmt":"2025-04-03T01:15:28","slug":"pagina-de-captura-para-recetas","status":"publish","type":"product","link":"https:\/\/packdesites.com\/es\/product\/pagina-de-captura-para-recetas\/","title":{"rendered":"P\u00e1gina de captura para recetas"},"content":{"rendered":"<p>Esta es una p\u00e1gina responsiva de 100%, especialmente dise\u00f1ada para editarse f\u00e1cilmente en WordPress con el plugin Elementor. Gracias a esta flexibilidad, puedes personalizar f\u00e1cilmente los colores, el texto, las im\u00e1genes y adaptar todo el contenido a las necesidades de tu negocio.<\/p>\n\n\n\n<p>Este modelo es perfecto para emprendedores que quieran vender un producto relacionado con<strong> Recetas para bajar de peso.<\/strong> Puede aprovechar el dise\u00f1o profesional y la estructura intuitiva para resaltar los beneficios de su producto, mostrar im\u00e1genes de recetas apetitosas y convencer a sus clientes potenciales de que pueden lograr sus objetivos de p\u00e9rdida de peso con sus deliciosas comidas.<\/p>\n\n\n\n<p>Adem\u00e1s, la p\u00e1gina est\u00e1 optimizada para conversiones, lo que garantiza que cada elemento est\u00e9 estrat\u00e9gicamente ubicado para incentivar la acci\u00f3n del usuario. Ya sea comprar un ebook con recetas para bajar de peso, suscribirse a un programa de alimentaci\u00f3n saludable o cualquier otro producto relacionado, esta plantilla le ayudar\u00e1 a promocionar su negocio de forma atractiva y profesional.<\/p>\n\n\n\n<p>No te preocupes por la complejidad t\u00e9cnica. Con WordPress y Elementor, tendr\u00e1s control total sobre la apariencia y el contenido de la p\u00e1gina, incluso sin conocimientos de programaci\u00f3n. Es f\u00e1cil realizar cambios, a\u00f1adir nuevas secciones, integrar botones de compra y adaptar el texto a tus estrategias de marketing.<\/p>\n\n\n\n<p>Aprovecha esta oportunidad para crear una presencia online atractiva y persuasiva para tu negocio de recetas para bajar de peso. Con esta plantilla editable, tendr\u00e1s una p\u00e1gina personalizada que destaca, atrae clientes potenciales y aumenta tus posibilidades de \u00e9xito en el mercado de productos saludables.<\/p>","protected":false},"excerpt":{"rendered":"<p>Esta es una p\u00e1gina responsiva de 100%, especialmente dise\u00f1ada para editarse f\u00e1cilmente en WordPress con el plugin Elementor. Gracias a esta flexibilidad, puedes personalizar f\u00e1cilmente colores, texto, im\u00e1genes y adaptar todo el contenido a las necesidades de tu negocio. Esta plantilla es perfecta para emprendedores que desean vender un producto relacionado con [\u2026]<\/p>","protected":false},"featured_media":1693,"comment_status":"closed","ping_status":"open","template":"","meta":{"_jf_limit_responses":"","iawp_total_views":57},"product_brand":[],"product_cat":[42,45,23],"product_tag":[19],"class_list":{"0":"post-1692","1":"product","2":"type-product","3":"status-publish","4":"has-post-thumbnail","6":"product_cat-landing-page","7":"product_cat-pagina-de-captura","8":"product_cat-templates-elementor-e-envato","9":"product_tag-vitalicio","11":"first","12":"instock","13":"downloadable","14":"virtual","15":"purchasable","16":"product-type-simple"},"_links":{"self":[{"href":"https:\/\/packdesites.com\/es\/wp-json\/wp\/v2\/product\/1692","targetHints":{"allow":["GET"]}}],"collection":[{"href":"https:\/\/packdesites.com\/es\/wp-json\/wp\/v2\/product"}],"about":[{"href":"https:\/\/packdesites.com\/es\/wp-json\/wp\/v2\/types\/product"}],"replies":[{"embeddable":true,"href":"https:\/\/packdesites.com\/es\/wp-json\/wp\/v2\/comments?post=1692"}],"version-history":[{"count":0,"href":"https:\/\/packdesites.com\/es\/wp-json\/wp\/v2\/product\/1692\/revisions"}],"wp:featuredmedia":[{"embeddable":true,"href":"https:\/\/packdesites.com\/es\/wp-json\/wp\/v2\/media\/1693"}],"wp:attachment":[{"href":"https:\/\/packdesites.com\/es\/wp-json\/wp\/v2\/media?parent=1692"}],"wp:term":[{"taxonomy":"product_brand","embeddable":true,"href":"https:\/\/packdesites.com\/es\/wp-json\/wp\/v2\/product_brand?post=1692"},{"taxonomy":"product_cat","embeddable":true,"href":"https:\/\/packdesites.com\/es\/wp-json\/wp\/v2\/product_cat?post=1692"},{"taxonomy":"product_tag","embeddable":true,"href":"https:\/\/packdesites.com\/es\/wp-json\/wp\/v2\/product_tag?post=1692"}],"curies":[{"name":"wp","href":"https:\/\/api.w.org\/{rel}","templated":true}]}}