{"id":1654,"date":"2022-07-19T00:03:57","date_gmt":"2022-07-19T00:03:57","guid":{"rendered":"https:\/\/packdesites.com\/produto\/pagina-de-vendas-para-agencia-2\/"},"modified":"2025-04-03T01:14:57","modified_gmt":"2025-04-03T01:14:57","slug":"pagina-de-ventas-para-la-agencia-2","status":"publish","type":"product","link":"https:\/\/packdesites.com\/es\/product\/pagina-de-ventas-para-la-agencia-2\/","title":{"rendered":"P\u00e1gina de ventas de la agencia"},"content":{"rendered":"<p>La p\u00e1gina de ventas ideal para agencias de marketing digital. Modifica im\u00e1genes, textos, t\u00edtulos y m\u00e1s. Crea una p\u00e1gina responsiva y m\u00e1s atractiva para tus clientes.<\/p>\n\n\n\n<p>Esta p\u00e1gina de ventas no viene con im\u00e1genes incluidas, necesita agregar sus propias im\u00e1genes u obtenerlas del enlace de vista previa.<\/p>","protected":false},"excerpt":{"rendered":"<p>P\u00e1gina de Vendas ideal para ag\u00eancias de marketing digital. Altere imagens, textos, t\u00edtulos e muito mais. Tenha uma p\u00e1gina responsiva e mais atrativa para seus clientes. Esta p\u00e1gina de vendas n\u00e3o vai com as imagens inclusas, voc\u00ea precisa adicionar suas imagens ou pegar do link de preview.<\/p>","protected":false},"featured_media":1655,"comment_status":"closed","ping_status":"open","template":"","meta":{"_jf_limit_responses":"","iawp_total_views":22},"product_brand":[],"product_cat":[42,43,23],"product_tag":[19],"class_list":{"0":"post-1654","1":"product","2":"type-product","3":"status-publish","4":"has-post-thumbnail","6":"product_cat-landing-page","7":"product_cat-pagina-de-vendas","8":"product_cat-templates-elementor-e-envato","9":"product_tag-vitalicio","11":"first","12":"instock","13":"downloadable","14":"virtual","15":"purchasable","16":"product-type-simple"},"_links":{"self":[{"href":"https:\/\/packdesites.com\/es\/wp-json\/wp\/v2\/product\/1654","targetHints":{"allow":["GET"]}}],"collection":[{"href":"https:\/\/packdesites.com\/es\/wp-json\/wp\/v2\/product"}],"about":[{"href":"https:\/\/packdesites.com\/es\/wp-json\/wp\/v2\/types\/product"}],"replies":[{"embeddable":true,"href":"https:\/\/packdesites.com\/es\/wp-json\/wp\/v2\/comments?post=1654"}],"version-history":[{"count":0,"href":"https:\/\/packdesites.com\/es\/wp-json\/wp\/v2\/product\/1654\/revisions"}],"wp:featuredmedia":[{"embeddable":true,"href":"https:\/\/packdesites.com\/es\/wp-json\/wp\/v2\/media\/1655"}],"wp:attachment":[{"href":"https:\/\/packdesites.com\/es\/wp-json\/wp\/v2\/media?parent=1654"}],"wp:term":[{"taxonomy":"product_brand","embeddable":true,"href":"https:\/\/packdesites.com\/es\/wp-json\/wp\/v2\/product_brand?post=1654"},{"taxonomy":"product_cat","embeddable":true,"href":"https:\/\/packdesites.com\/es\/wp-json\/wp\/v2\/product_cat?post=1654"},{"taxonomy":"product_tag","embeddable":true,"href":"https:\/\/packdesites.com\/es\/wp-json\/wp\/v2\/product_tag?post=1654"}],"curies":[{"name":"wp","href":"https:\/\/api.w.org\/{rel}","templated":true}]}}