{"id":1648,"date":"2022-07-19T00:03:57","date_gmt":"2022-07-19T00:03:57","guid":{"rendered":"https:\/\/packdesites.com\/produto\/pagina-de-vendas-para-loja-de-moda-feminina\/"},"modified":"2025-08-25T13:06:45","modified_gmt":"2025-08-25T16:06:45","slug":"pagina-de-ventas-para-tienda-de-moda-femenina","status":"publish","type":"product","link":"https:\/\/packdesites.com\/es\/product\/pagina-de-ventas-para-tienda-de-moda-femenina\/","title":{"rendered":"P\u00e1gina de ventas para tienda de moda femenina"},"content":{"rendered":"<p>P\u00e1gina de ventas para una tienda de moda femenina. Puedes personalizarla a tu gusto, cambiando im\u00e1genes, texto, t\u00edtulos y todo lo que quieras. <\/p>\n\n\n\n<p><strong>Esta p\u00e1gina de ventas no viene con im\u00e1genes incluidas, necesita agregar sus propias im\u00e1genes u obtenerlas del enlace de vista previa.<\/strong><\/p>\n\n\n\n<p><\/p>","protected":false},"excerpt":{"rendered":"<p>P\u00e1gina de Vendas para loja de moda feminina. Voc\u00ea pode adapatar de acordo como desejar, altere imagens, textos, t\u00edtulos e o que voc\u00ea desejar. Esta p\u00e1gina de vendas n\u00e3o vai com as imagens inclusas, voc\u00ea precisa adicionar suas imagens ou pegar do link de preview.<\/p>","protected":false},"featured_media":1649,"comment_status":"closed","ping_status":"open","template":"","meta":{"_jf_limit_responses":"","iawp_total_views":15},"product_brand":[],"product_cat":[23,42,43],"product_tag":[47,19],"class_list":{"0":"post-1648","1":"product","2":"type-product","3":"status-publish","4":"has-post-thumbnail","6":"product_cat-templates-elementor-e-envato","7":"product_cat-landing-page","8":"product_cat-pagina-de-vendas","9":"product_tag-json","10":"product_tag-vitalicio","12":"first","13":"instock","14":"downloadable","15":"virtual","16":"purchasable","17":"product-type-simple"},"_links":{"self":[{"href":"https:\/\/packdesites.com\/es\/wp-json\/wp\/v2\/product\/1648","targetHints":{"allow":["GET"]}}],"collection":[{"href":"https:\/\/packdesites.com\/es\/wp-json\/wp\/v2\/product"}],"about":[{"href":"https:\/\/packdesites.com\/es\/wp-json\/wp\/v2\/types\/product"}],"replies":[{"embeddable":true,"href":"https:\/\/packdesites.com\/es\/wp-json\/wp\/v2\/comments?post=1648"}],"version-history":[{"count":1,"href":"https:\/\/packdesites.com\/es\/wp-json\/wp\/v2\/product\/1648\/revisions"}],"predecessor-version":[{"id":23449,"href":"https:\/\/packdesites.com\/es\/wp-json\/wp\/v2\/product\/1648\/revisions\/23449"}],"wp:featuredmedia":[{"embeddable":true,"href":"https:\/\/packdesites.com\/es\/wp-json\/wp\/v2\/media\/1649"}],"wp:attachment":[{"href":"https:\/\/packdesites.com\/es\/wp-json\/wp\/v2\/media?parent=1648"}],"wp:term":[{"taxonomy":"product_brand","embeddable":true,"href":"https:\/\/packdesites.com\/es\/wp-json\/wp\/v2\/product_brand?post=1648"},{"taxonomy":"product_cat","embeddable":true,"href":"https:\/\/packdesites.com\/es\/wp-json\/wp\/v2\/product_cat?post=1648"},{"taxonomy":"product_tag","embeddable":true,"href":"https:\/\/packdesites.com\/es\/wp-json\/wp\/v2\/product_tag?post=1648"}],"curies":[{"name":"wp","href":"https:\/\/api.w.org\/{rel}","templated":true}]}}