{"id":1624,"date":"2022-07-19T00:03:58","date_gmt":"2022-07-19T00:03:58","guid":{"rendered":"https:\/\/packdesites.com\/produto\/pagina-de-vendas-para-curso-de-fotografia\/"},"modified":"2025-04-03T01:14:30","modified_gmt":"2025-04-03T01:14:30","slug":"pagina-de-ventas-para-curso-de-fotografia","status":"publish","type":"product","link":"https:\/\/packdesites.com\/es\/product\/pagina-de-ventas-para-curso-de-fotografia\/","title":{"rendered":"P\u00e1gina de venta de cursos de fotograf\u00eda"},"content":{"rendered":"<p>Esta es la p\u00e1gina de ventas perfecta para un curso de fotograf\u00eda. Puedes adaptarla a tu negocio modificando im\u00e1genes, texto, t\u00edtulos y todo lo que quieras.<\/p>\n\n\n\n<p>Esta p\u00e1gina de ventas no viene con im\u00e1genes incluidas, necesita agregar sus propias im\u00e1genes u obtenerlas del enlace de vista previa.<\/p>","protected":false},"excerpt":{"rendered":"<p>Esta p\u00e1gina de ventas es ideal para cursos de fotograf\u00eda. Puedes adaptarla a tu negocio, modificando im\u00e1genes, texto, t\u00edtulos y cualquier otro elemento que desees. No incluye im\u00e1genes; debes a\u00f1adir las tuyas o usar el enlace de vista previa.<\/p>","protected":false},"featured_media":1625,"comment_status":"closed","ping_status":"open","template":"","meta":{"_jf_limit_responses":"","iawp_total_views":17},"product_brand":[],"product_cat":[42,43,23],"product_tag":[19],"class_list":{"0":"post-1624","1":"product","2":"type-product","3":"status-publish","4":"has-post-thumbnail","6":"product_cat-landing-page","7":"product_cat-pagina-de-vendas","8":"product_cat-templates-elementor-e-envato","9":"product_tag-vitalicio","11":"first","12":"instock","13":"downloadable","14":"virtual","15":"purchasable","16":"product-type-simple"},"_links":{"self":[{"href":"https:\/\/packdesites.com\/es\/wp-json\/wp\/v2\/product\/1624","targetHints":{"allow":["GET"]}}],"collection":[{"href":"https:\/\/packdesites.com\/es\/wp-json\/wp\/v2\/product"}],"about":[{"href":"https:\/\/packdesites.com\/es\/wp-json\/wp\/v2\/types\/product"}],"replies":[{"embeddable":true,"href":"https:\/\/packdesites.com\/es\/wp-json\/wp\/v2\/comments?post=1624"}],"version-history":[{"count":0,"href":"https:\/\/packdesites.com\/es\/wp-json\/wp\/v2\/product\/1624\/revisions"}],"wp:featuredmedia":[{"embeddable":true,"href":"https:\/\/packdesites.com\/es\/wp-json\/wp\/v2\/media\/1625"}],"wp:attachment":[{"href":"https:\/\/packdesites.com\/es\/wp-json\/wp\/v2\/media?parent=1624"}],"wp:term":[{"taxonomy":"product_brand","embeddable":true,"href":"https:\/\/packdesites.com\/es\/wp-json\/wp\/v2\/product_brand?post=1624"},{"taxonomy":"product_cat","embeddable":true,"href":"https:\/\/packdesites.com\/es\/wp-json\/wp\/v2\/product_cat?post=1624"},{"taxonomy":"product_tag","embeddable":true,"href":"https:\/\/packdesites.com\/es\/wp-json\/wp\/v2\/product_tag?post=1624"}],"curies":[{"name":"wp","href":"https:\/\/api.w.org\/{rel}","templated":true}]}}