{"id":1616,"date":"2024-05-28T00:43:51","date_gmt":"2024-05-28T00:43:51","guid":{"rendered":"https:\/\/packdesites.com\/produto\/pagina-de-venda-para-proutos-de-beleza\/"},"modified":"2025-04-19T22:05:35","modified_gmt":"2025-04-20T01:05:35","slug":"pagina-de-ventas-de-productos-de-belleza","status":"publish","type":"product","link":"https:\/\/packdesites.com\/es\/product\/pagina-de-ventas-de-productos-de-belleza\/","title":{"rendered":"P\u00e1gina de ventas de productos de belleza"},"content":{"rendered":"<p>P\u00e1gina de ventas ideal para productos de belleza, maquillaje, cuidado de la piel y m\u00e1s. Podr\u00e1s editar textos, cambiar im\u00e1genes y t\u00edtulos. De una manera sencilla y f\u00e1cil. <\/p>\n\n\n\n<p>Esta p\u00e1gina de ventas no viene con im\u00e1genes incluidas, necesita agregar sus propias im\u00e1genes u obtenerlas del enlace de vista previa.<\/p>","protected":false},"excerpt":{"rendered":"<p>P\u00e1gina de vendas ideal para produtos de beleza, maquiagem, limpeza de pele e muito mais. Voc\u00ea pode editar textos, alterar imagens e t\u00edtulos. De modo, simples e f\u00e1cil. Esta p\u00e1gina de vendas n\u00e3o vai com as imagens inclusas, voc\u00ea precisa adicionar suas imagens ou pegar do link de preview.<\/p>","protected":false},"featured_media":1617,"comment_status":"closed","ping_status":"open","template":"","meta":{"_jf_limit_responses":"","iawp_total_views":117},"product_brand":[],"product_cat":[42,43,23],"product_tag":[46,19],"class_list":{"0":"post-1616","1":"product","2":"type-product","3":"status-publish","4":"has-post-thumbnail","6":"product_cat-landing-page","7":"product_cat-pagina-de-vendas","8":"product_cat-templates-elementor-e-envato","9":"product_tag-unlimited-elements","10":"product_tag-vitalicio","12":"first","13":"instock","14":"downloadable","15":"virtual","16":"purchasable","17":"product-type-simple"},"_links":{"self":[{"href":"https:\/\/packdesites.com\/es\/wp-json\/wp\/v2\/product\/1616","targetHints":{"allow":["GET"]}}],"collection":[{"href":"https:\/\/packdesites.com\/es\/wp-json\/wp\/v2\/product"}],"about":[{"href":"https:\/\/packdesites.com\/es\/wp-json\/wp\/v2\/types\/product"}],"replies":[{"embeddable":true,"href":"https:\/\/packdesites.com\/es\/wp-json\/wp\/v2\/comments?post=1616"}],"version-history":[{"count":0,"href":"https:\/\/packdesites.com\/es\/wp-json\/wp\/v2\/product\/1616\/revisions"}],"wp:featuredmedia":[{"embeddable":true,"href":"https:\/\/packdesites.com\/es\/wp-json\/wp\/v2\/media\/1617"}],"wp:attachment":[{"href":"https:\/\/packdesites.com\/es\/wp-json\/wp\/v2\/media?parent=1616"}],"wp:term":[{"taxonomy":"product_brand","embeddable":true,"href":"https:\/\/packdesites.com\/es\/wp-json\/wp\/v2\/product_brand?post=1616"},{"taxonomy":"product_cat","embeddable":true,"href":"https:\/\/packdesites.com\/es\/wp-json\/wp\/v2\/product_cat?post=1616"},{"taxonomy":"product_tag","embeddable":true,"href":"https:\/\/packdesites.com\/es\/wp-json\/wp\/v2\/product_tag?post=1616"}],"curies":[{"name":"wp","href":"https:\/\/api.w.org\/{rel}","templated":true}]}}