{"id":1604,"date":"2022-07-19T00:01:43","date_gmt":"2022-07-19T00:01:43","guid":{"rendered":"https:\/\/packdesites.com\/produto\/pagina-em-breve-para-shows\/"},"modified":"2025-04-03T01:14:15","modified_gmt":"2025-04-03T01:14:15","slug":"proximamente-pagina-para-espectaculos","status":"publish","type":"product","link":"https:\/\/packdesites.com\/es\/product\/proximamente-pagina-para-espectaculos\/","title":{"rendered":"Pr\u00f3ximamente p\u00e1gina de espect\u00e1culos"},"content":{"rendered":"<p>P\u00e1gina &quot;Pr\u00f3ximamente&quot;, ideal para bandas, conciertos, presentaciones art\u00edsticas y m\u00e1s. \u00a1Puedes cambiar im\u00e1genes, texto, t\u00edtulos y m\u00e1s!<\/p>\n\n\n\n<p>Esta p\u00e1gina de ventas no viene con im\u00e1genes incluidas, necesita agregar sus propias im\u00e1genes u obtenerlas del enlace de vista previa.<\/p>","protected":false},"excerpt":{"rendered":"<p>P\u00e1gina em Breve, ideal para bandas, shows, aprensenta\u00e7\u00f5es art\u00edsticas e muitos mais. Voc\u00ea pode alterar imagens, textos, t\u00edtulos e muito mais! Esta p\u00e1gina de vendas n\u00e3o vai com as imagens inclusas, voc\u00ea precisa adicionar suas imagens ou pegar do link de preview.<\/p>","protected":false},"featured_media":1605,"comment_status":"closed","ping_status":"open","template":"","meta":{"_jf_limit_responses":"","iawp_total_views":10},"product_brand":[],"product_cat":[42,23],"product_tag":[19],"class_list":{"0":"post-1604","1":"product","2":"type-product","3":"status-publish","4":"has-post-thumbnail","6":"product_cat-landing-page","7":"product_cat-templates-elementor-e-envato","8":"product_tag-vitalicio","10":"first","11":"instock","12":"downloadable","13":"virtual","14":"purchasable","15":"product-type-simple"},"_links":{"self":[{"href":"https:\/\/packdesites.com\/es\/wp-json\/wp\/v2\/product\/1604","targetHints":{"allow":["GET"]}}],"collection":[{"href":"https:\/\/packdesites.com\/es\/wp-json\/wp\/v2\/product"}],"about":[{"href":"https:\/\/packdesites.com\/es\/wp-json\/wp\/v2\/types\/product"}],"replies":[{"embeddable":true,"href":"https:\/\/packdesites.com\/es\/wp-json\/wp\/v2\/comments?post=1604"}],"version-history":[{"count":0,"href":"https:\/\/packdesites.com\/es\/wp-json\/wp\/v2\/product\/1604\/revisions"}],"wp:featuredmedia":[{"embeddable":true,"href":"https:\/\/packdesites.com\/es\/wp-json\/wp\/v2\/media\/1605"}],"wp:attachment":[{"href":"https:\/\/packdesites.com\/es\/wp-json\/wp\/v2\/media?parent=1604"}],"wp:term":[{"taxonomy":"product_brand","embeddable":true,"href":"https:\/\/packdesites.com\/es\/wp-json\/wp\/v2\/product_brand?post=1604"},{"taxonomy":"product_cat","embeddable":true,"href":"https:\/\/packdesites.com\/es\/wp-json\/wp\/v2\/product_cat?post=1604"},{"taxonomy":"product_tag","embeddable":true,"href":"https:\/\/packdesites.com\/es\/wp-json\/wp\/v2\/product_tag?post=1604"}],"curies":[{"name":"wp","href":"https:\/\/api.w.org\/{rel}","templated":true}]}}