{"id":1540,"date":"2024-05-28T16:35:31","date_gmt":"2024-05-28T16:35:31","guid":{"rendered":"https:\/\/packdesites.com\/produto\/wordpress-automatic-plugin-atualizado\/"},"modified":"2026-04-02T19:31:50","modified_gmt":"2026-04-02T22:31:50","slug":"plugin-automatico-de-wordpress-actualizado","status":"publish","type":"product","link":"https:\/\/packdesites.com\/es\/product\/plugin-automatico-de-wordpress-actualizado\/","title":{"rendered":"Plugin WordPress Automatic v3.132.0: Creaci\u00f3n autom\u00e1tica de entradas y acciones automatizadas en tu sitio WordPress."},"content":{"rendered":"<p><strong>Publicar contenido autom\u00e1ticamente desde los feeds.<\/strong>\u00a0El complemento puede verificar regularmente sus feeds especificados y publicar cada nuevo elemento del feed como una nueva publicaci\u00f3n.<\/p>\n\n\n\n<p><strong>Obtenga contenido completo de los feeds de resumen.<\/strong>\u00a0Wordpress puede convertir autom\u00e1ticamente feeds truncados en publicaciones de contenido completo con una alta tasa de \u00e9xito.<\/p>\n\n\n\n<p><strong>Extraer partes espec\u00edficas de publicaciones de los feeds originales.<\/strong>\u00a0Wordpress puede extraer autom\u00e1ticamente dos partes espec\u00edficas de la publicaci\u00f3n original por id\/clase CSS, XPath o REGEX y concatenarlas para publicarlas en su Wordpress.<\/p>\n\n\n\n<p><strong>Buscar y reemplazar.<\/strong>\u00a0El complemento puede buscar contenido extra\u00eddo de cualquier texto\/\u00e1rea y reemplazarlo con el texto especificado.<\/p>\n\n\n\n<p><strong>Publicaciones meteorol\u00f3gicas originales.<\/strong>\u00a0Wordpress autom\u00e1ticamente puede configurar la publicaci\u00f3n creada en Wordpress al mismo tiempo que se cre\u00f3 la publicaci\u00f3n en el feed.<\/p>\n\n\n\n<p><strong>Extraer categor\u00edas.<\/strong>\u00a0El complemento puede establecer las categor\u00edas de publicaciones creadas en las mismas categor\u00edas que las publicaciones originales.<\/p>\n\n\n\n<p><strong>Extraer etiquetas originales.<\/strong>\u00a0Wordpress puede extraer autom\u00e1ticamente etiquetas de la publicaci\u00f3n original usando id\/clase CSS y establecerlas como etiquetas en la publicaci\u00f3n creada.<\/p>\n\n\n\n<p><strong>Extracto del autor original.<\/strong>\u00a0Wordpress puede extraer autom\u00e1ticamente el nombre del autor de la publicaci\u00f3n original y asignarlo en la publicaci\u00f3n creada como autor si existe o lo crear\u00e1 si no existe.<\/p>\n\n\n\n<p><strong>Omitir publicaciones sin contenido.<\/strong>\u00a0El complemento puede verificar el contenido extra\u00eddo y omitir publicaciones si no tienen contenido.<\/p>\n\n\n\n<p><strong>Omitir publicaciones que no est\u00e9n en ingl\u00e9s.<\/strong>\u00a0Wordpress tiene autom\u00e1ticamente la opci\u00f3n de establecer el estado de la publicaci\u00f3n como pendiente si sospecha que no est\u00e1 escrita en ingl\u00e9s.<\/p>\n\n\n\n<p><strong>Omitir publicaciones sin im\u00e1genes.<\/strong>\u00a0El complemento tiene la opci\u00f3n de verificar el contenido extra\u00eddo y omitirlo si no contiene im\u00e1genes.<\/p>\n\n\n\n<p><strong>Publicar primero los elementos m\u00e1s antiguos.<\/strong>\u00a0Wordpress autom\u00e1ticamente tiene la opci\u00f3n de publicar primero los elementos m\u00e1s antiguos. De manera predeterminada, publica primero los elementos m\u00e1s nuevos.<\/p>\n\n\n\n<p><strong>Decodificar entidades html.<\/strong>\u00a0El sistema automatizado de WordPress tiene la opci\u00f3n de decodificar las entidades HTML a partir del contenido\/t\u00edtulo extra\u00eddo.<\/p>\n\n\n\n<p><strong>Convierta la codificaci\u00f3n antes de publicar.<\/strong>\u00a0El complemento tiene la opci\u00f3n de convertir la codificaci\u00f3n del contenido extra\u00eddo de cualquier codificaci\u00f3n espec\u00edfica a UTF-8 para que sea compatible con WordPress.<\/p>\n\n\n\n<p><strong>Ignorar t\u00edtulo duplicado<\/strong>\u00a0El complemento puede verificar si no hay ninguna publicaci\u00f3n publicada previamente con el mismo t\u00edtulo.<\/p>\n\n\n\n<p><strong>Imagen destacada de la etiqueta og:image de Facebook.<\/strong>\u00a0El complemento puede extraer la imagen utilizada en Facebook como miniatura para establecerla como imagen destacada.<\/p>","protected":false},"excerpt":{"rendered":"<p>Publica contenido autom\u00e1ticamente desde feeds. Este plugin puede revisar peri\u00f3dicamente los feeds que especifiques y publicar cada nuevo elemento como una nueva entrada. Recupera el contenido completo de los feeds resumidos. WordPress Auto puede convertir feeds truncados en entradas con contenido completo con una alta tasa de \u00e9xito. Extrae partes espec\u00edficas de las entradas de los feeds originales. WordPress Auto puede [\u2026]<\/p>","protected":false},"featured_media":1541,"comment_status":"closed","ping_status":"open","template":"","meta":{"_jf_limit_responses":"","iawp_total_views":160},"product_brand":[],"product_cat":[41],"product_tag":[19],"class_list":{"0":"post-1540","1":"product","2":"type-product","3":"status-publish","4":"has-post-thumbnail","6":"product_cat-plugins","7":"product_tag-vitalicio","9":"first","10":"instock","11":"downloadable","12":"virtual","13":"purchasable","14":"product-type-simple"},"_links":{"self":[{"href":"https:\/\/packdesites.com\/es\/wp-json\/wp\/v2\/product\/1540","targetHints":{"allow":["GET"]}}],"collection":[{"href":"https:\/\/packdesites.com\/es\/wp-json\/wp\/v2\/product"}],"about":[{"href":"https:\/\/packdesites.com\/es\/wp-json\/wp\/v2\/types\/product"}],"replies":[{"embeddable":true,"href":"https:\/\/packdesites.com\/es\/wp-json\/wp\/v2\/comments?post=1540"}],"version-history":[{"count":13,"href":"https:\/\/packdesites.com\/es\/wp-json\/wp\/v2\/product\/1540\/revisions"}],"predecessor-version":[{"id":24814,"href":"https:\/\/packdesites.com\/es\/wp-json\/wp\/v2\/product\/1540\/revisions\/24814"}],"wp:featuredmedia":[{"embeddable":true,"href":"https:\/\/packdesites.com\/es\/wp-json\/wp\/v2\/media\/1541"}],"wp:attachment":[{"href":"https:\/\/packdesites.com\/es\/wp-json\/wp\/v2\/media?parent=1540"}],"wp:term":[{"taxonomy":"product_brand","embeddable":true,"href":"https:\/\/packdesites.com\/es\/wp-json\/wp\/v2\/product_brand?post=1540"},{"taxonomy":"product_cat","embeddable":true,"href":"https:\/\/packdesites.com\/es\/wp-json\/wp\/v2\/product_cat?post=1540"},{"taxonomy":"product_tag","embeddable":true,"href":"https:\/\/packdesites.com\/es\/wp-json\/wp\/v2\/product_tag?post=1540"}],"curies":[{"name":"wp","href":"https:\/\/api.w.org\/{rel}","templated":true}]}}