{"id":1492,"date":"2024-04-10T22:02:05","date_gmt":"2024-04-10T22:02:05","guid":{"rendered":"https:\/\/packdesites.com\/produto\/jet-appointments-booking-agendamentos-e-reservas-crocoblock\/"},"modified":"2026-04-02T19:25:25","modified_gmt":"2026-04-02T22:25:25","slug":"reserva-de-citas-en-jet-en-crocoblock","status":"publish","type":"product","link":"https:\/\/packdesites.com\/es\/product\/reserva-de-citas-en-jet-en-crocoblock\/","title":{"rendered":"JetAppointments Booking v2.4.0 \u2013 Citas y reservas \u2013 Crocoblock"},"content":{"rendered":"<p>JetAppointment. Plugin de citas y reservas para Elementor. La mejor soluci\u00f3n para reservar cualquier tipo de servicio por horas. Reservar una cita nunca fue tan f\u00e1cil.<\/p>\n\n\n\n<p>Automatiza las soluciones de pago con WooCommerce Con esta opci\u00f3n podr\u00e1s obtener todos los sistemas de pago disponibles en los m\u00f3dulos de WooCommerce, ya sea PayPal o contra reembolso.<\/p>\n\n\n\n<h2 class=\"wp-block-heading\">Cree sitios web de programaci\u00f3n y ofrezca servicio por horas.<\/h2>\n\n\n\n<figure class=\"wp-block-image\"><img decoding=\"async\" src=\"https:\/\/packdesites.com\/wp-content\/uploads\/2025\/04\/jetappointment-tab.png\" alt=\"Cree sitios web de programaci\u00f3n y ofrezca servicios por horas.\" title=\"\"><\/figure>\n\n\n\n<p>Spa y belleza<\/p>\n\n\n\n<p><img fetchpriority=\"high\" decoding=\"async\" width=\"660\" height=\"564\" alt=\"Sitio web de reserva de servicios de belleza\" src=\"https:\/\/packdesites.com\/wp-content\/uploads\/2025\/04\/jetappointment-tab-spa.png\" srcset=\"https:\/\/packdesites.com\/wp-content\/uploads\/2025\/04\/jetappointment-tab-spa-2x.png 2x\" title=\"\"><\/p>\n\n\n\n<p>Peluquer\u00eda<\/p>\n\n\n\n<p><img decoding=\"async\" width=\"660\" height=\"564\" alt=\"sitio web de programaci\u00f3n de barber\u00edas\" src=\"https:\/\/packdesites.com\/wp-content\/uploads\/2025\/04\/jetappointment-tab-barbershop.png\" srcset=\"https:\/\/packdesites.com\/wp-content\/uploads\/2025\/04\/jetappointment-tab-barbershop-2x.png 2x\" title=\"\"><\/p>\n\n\n\n<p>Deportes\/Gimnasios<\/p>\n\n\n\n<p><img decoding=\"async\" width=\"660\" height=\"564\" alt=\"sitio web para programar citas en el gimnasio\" src=\"https:\/\/packdesites.com\/wp-content\/uploads\/2025\/04\/jetappointment-tab-sport.png\" srcset=\"https:\/\/packdesites.com\/wp-content\/uploads\/2025\/04\/jetappointment-tab-sport-2x.png 2x\" title=\"\"><\/p>\n\n\n\n<p>Salud y Odontolog\u00eda<\/p>\n\n\n\n<p><img loading=\"lazy\" decoding=\"async\" width=\"660\" height=\"564\" alt=\"Programaci\u00f3n de citas m\u00e9dicas\" src=\"https:\/\/packdesites.com\/wp-content\/uploads\/2025\/04\/jetappointment-tab-health.png\" srcset=\"https:\/\/packdesites.com\/wp-content\/uploads\/2025\/04\/jetappointment-tab-health-2x.png 2x\" title=\"\"><\/p>\n\n\n\n<p>Estaciones de servicio<\/p>\n\n\n\n<p><img loading=\"lazy\" decoding=\"async\" width=\"660\" height=\"564\" alt=\"Sitio web de reserva de servicios y reparaciones\" src=\"https:\/\/packdesites.com\/wp-content\/uploads\/2025\/04\/jetappointment-tab-services.png\" srcset=\"https:\/\/packdesites.com\/wp-content\/uploads\/2025\/04\/jetappointment-tab-services-2x.png 2x\" title=\"\"><\/p>\n\n\n\n<p>Servicios de fotograf\u00eda<\/p>\n\n\n\n<p><img loading=\"lazy\" decoding=\"async\" width=\"660\" height=\"564\" alt=\"Programaci\u00f3n de servicios de fotograf\u00eda y v\u00eddeo\" src=\"https:\/\/packdesites.com\/wp-content\/uploads\/2025\/04\/jetappointment-tab-photo.png\" srcset=\"https:\/\/packdesites.com\/wp-content\/uploads\/2025\/04\/jetappointment-tab-photo-2x.png 2x\" title=\"\"><\/p>\n\n\n\n<p>Consultor\u00eda legal<\/p>\n\n\n\n<p><img loading=\"lazy\" decoding=\"async\" width=\"660\" height=\"564\" alt=\"Sitio web de programaci\u00f3n de asesoramiento legal\" src=\"https:\/\/packdesites.com\/wp-content\/uploads\/2025\/04\/jetappointment-tab-law.png\" srcset=\"https:\/\/packdesites.com\/wp-content\/uploads\/2025\/04\/jetappointment-tab-law-2x.png 2x\" title=\"\"><\/p>\n\n\n\n<p>Alquiler de coches por horas<\/p>\n\n\n\n<h2 class=\"wp-block-heading\">Cree un sitio web funcional de programaci\u00f3n de citas<\/h2>\n\n\n\n<figure class=\"wp-block-image\"><img decoding=\"async\" src=\"https:\/\/packdesites.com\/wp-content\/uploads\/2025\/04\/jetappointment-cpt.jpg\" alt=\"servicios disponibles en el formulario\" title=\"\"><\/figure>\n\n\n\n<h3 class=\"wp-block-heading\">Para agregar&nbsp;<strong>servicios<\/strong>&nbsp;y establecer sus t\u00e9rminos de prestaci\u00f3n<\/h3>\n\n\n\n<p><a href=\"https:\/\/crocoblock.com\/knowledge-base\/articles\/jetappointment-full-overview-and-wizard-setup\/\" target=\"_blank\" rel=\"noreferrer noopener\">CPT<\/a><\/p>\n\n\n\n<figure class=\"wp-block-image\"><img decoding=\"async\" src=\"https:\/\/packdesites.com\/wp-content\/uploads\/2025\/04\/jetappointment-listing-grid.jpg\" alt=\"proveedores de servicios en forma de\" title=\"\"><\/figure>\n\n\n\n<h3 class=\"wp-block-heading\">Mostrar&nbsp;<strong>proveedores de servicios<\/strong>&nbsp;y vincularlos a&nbsp;<strong>servicios<\/strong><\/h3>\n\n\n\n<p><a href=\"https:\/\/crocoblock.com\/knowledge-base\/articles\/jetappointment-how-to-display-appointments-with-the-listing-grid-widget\/\" target=\"_blank\" rel=\"noreferrer noopener\">Cuadr\u00edcula de listado<\/a><\/p>\n\n\n\n<figure class=\"wp-block-image\"><img decoding=\"async\" src=\"https:\/\/packdesites.com\/wp-content\/uploads\/2025\/04\/jetappointment-booking-form.jpg\" alt=\"Calendario de disponibilidad\" title=\"\"><\/figure>\n\n\n\n<h3 class=\"wp-block-heading\">Configurar la reserva de&nbsp;<strong>servicio<\/strong>&nbsp;a trav\u00e9s del calendario de disponibilidad<\/h3>\n\n\n\n<p><a href=\"https:\/\/crocoblock.com\/knowledge-base\/articles\/jetappointment-how-to-set-booking-forms-for-a-sample-providers-single-and-services-single-pages\/\" target=\"_blank\" rel=\"noreferrer noopener\">Formulario de reserva<\/a><\/p>\n\n\n\n<figure class=\"wp-block-image\"><img decoding=\"async\" src=\"https:\/\/packdesites.com\/wp-content\/uploads\/2025\/04\/jetappointment-jetformbuilder.jpg\" alt=\"Formulario de programaci\u00f3n de citas\" title=\"\"><\/figure>\n\n\n\n<h3 class=\"wp-block-heading\">Crear una&nbsp;<strong>formulario de reserva<\/strong>&nbsp;Ajuste de las acciones posteriores al env\u00edo<\/h3>\n\n\n\n<p><a href=\"https:\/\/crocoblock.com\/knowledge-base\/articles\/jetappointment-how-to-set-booking-forms-for-a-sample-providers-single-and-services-single-pages\/#title5\" target=\"_blank\" rel=\"noreferrer noopener\">Env\u00edo de publicaciones frontend<\/a><\/p>\n\n\n\n<figure class=\"wp-block-image\"><img decoding=\"async\" src=\"https:\/\/packdesites.com\/wp-content\/uploads\/2025\/04\/jetappointment-woocommerce.jpg\" alt=\"C\u00e1lculo de precios y m\u00e9todos de pago\" title=\"\"><\/figure>\n\n\n\n<h3 class=\"wp-block-heading\">Para agregar&nbsp;<strong>opciones de pago<\/strong>&nbsp;a la pasarela de pago<\/h3>\n\n\n\n<p><a href=\"https:\/\/crocoblock.com\/knowledge-base\/articles\/jetappointment-how-to-enable-woocommerce-integration\/\" target=\"_blank\" rel=\"noreferrer noopener\">Integraci\u00f3n con WooCommerce<\/a><\/p>\n\n\n\n<figure class=\"wp-block-image\"><img decoding=\"async\" src=\"https:\/\/packdesites.com\/wp-content\/uploads\/2025\/04\/jetappointment-webhooks.jpg\" alt=\"Servicios de calendario de terceros\" title=\"\"><\/figure>\n\n\n\n<h3 class=\"wp-block-heading\">Activar el&nbsp;<strong>recordatorios de citas<\/strong>&nbsp;instant\u00e1neamente<\/h3>\n\n\n\n<p><a href=\"https:\/\/crocoblock.com\/knowledge-base\/articles\/jetappointment-how-to-add-appointments-to-google-calendar-and-gmail\/\" target=\"_blank\" rel=\"noreferrer noopener\">Webhooks<\/a><\/p>\n\n\n\n<h2 class=\"wp-block-heading\">Explorar las opciones y configuraciones de JetAppointment<\/h2>\n\n\n\n<figure class=\"wp-block-image\"><img decoding=\"async\" src=\"https:\/\/packdesites.com\/wp-content\/uploads\/2025\/04\/jetappointment-explore-01.png\" alt=\"Horario del proveedor y precios del servicio\" title=\"\"><\/figure>\n\n\n\n<h3 class=\"wp-block-heading\">Completar la configuraci\u00f3n general de la cita<\/h3>\n\n\n\n<p>Agregue los detalles vitales de la cita que ning\u00fan formulario puede prescindir: d\u00edas h\u00e1biles, horas de trabajo, d\u00edas libres y servicios prestados.<\/p>\n\n\n\n<p>Agregar&nbsp;<strong>vacaciones<\/strong>&nbsp;y&nbsp;<strong>d\u00edas de descanso<\/strong>&nbsp;a la programaci\u00f3n<\/p>\n\n\n\n<p><strong>Ajustar el horario de<\/strong>&nbsp;Todos los servicios en un solo lugar<\/p>\n\n\n\n<p>Para utilizar&nbsp;<strong>etiquetas de calendario<\/strong>&nbsp;personalizado para d\u00edas de la semana y meses<\/p>\n\n\n\n<p>Configurar&nbsp;<strong>la duraci\u00f3n del servicio individual<\/strong>,&nbsp;<strong>precio<\/strong>, etc.<\/p>\n\n\n\n<figure class=\"wp-block-image size-full\"><img decoding=\"async\" src=\"https:\/\/packdesites.com\/wp-content\/uploads\/2025\/04\/image.png\" alt=\"\" class=\"wp-image-7613\" title=\"\"><\/figure>\n\n\n\n<h3 class=\"wp-block-heading\">Ajustar otras configuraciones de JetAppointment<\/h3>\n\n\n\n<p>Detalle el compromiso indicando los servicios, la capacidad m\u00e1xima para determinados servicios y la informaci\u00f3n de pago.<\/p>\n\n\n\n<p>Organizar el&nbsp;<strong>tiempo de amortiguaci\u00f3n<\/strong>&nbsp;sesiones de servicio antes\/despu\u00e9s<\/p>\n\n\n\n<p><strong>Fijar el precio<\/strong>&nbsp;por un intervalo de tiempo, hora e incluso minuto<\/p>\n\n\n\n<p>Encuentra todos los&nbsp;<strong>informaci\u00f3n de pago<\/strong>&nbsp;en las columnas de configuraci\u00f3n especial<\/p>\n\n\n\n<p>Definir el&nbsp;<strong>capacidad m\u00e1xima<\/strong>&nbsp;para cualquier servicio<\/p>\n\n\n\n<figure class=\"wp-block-image size-full\"><img decoding=\"async\" src=\"https:\/\/packdesites.com\/wp-content\/uploads\/2025\/04\/image-1.png\" alt=\"\" class=\"wp-image-7614\" title=\"\"><\/figure>\n\n\n\n<h3 class=\"wp-block-heading\">Programe una llamada de Zoom y utilice los enlaces de confirmaci\u00f3n<\/h3>\n\n\n\n<p>Los usuarios eligen un horario libre y el motor de programaci\u00f3n programar\u00e1 una videollamada de Zoom y comunicar\u00e1 todos los detalles a los participantes por correo electr\u00f3nico.<\/p>\n\n\n\n<p>Agregar y configurar el punto final&nbsp;<strong>desde la API de Zoom<\/strong><\/p>\n\n\n\n<p>Adjuntar&nbsp;<strong>Datos de reuniones de Zoom&nbsp;<\/strong>al compromiso<\/p>\n\n\n\n<p>Enviar un&nbsp;<strong>URL de confirmaci\u00f3n&nbsp;<\/strong>al proveedor de servicios de correo electr\u00f3nico<\/p>\n\n\n\n<p>Administrar reuniones programadas de Zoom en&nbsp;<strong>panel<\/strong><\/p>\n\n\n\n<p>Crea el&nbsp;<strong>enlaces de confirmaci\u00f3n\/cancelaci\u00f3n<\/strong>&nbsp;programaci\u00f3n<\/p>\n\n\n\n<h2 class=\"wp-block-heading\">Personalizar escenarios<br>Usuario para una programaci\u00f3n de citas fluida<\/h2>\n\n\n\n<figure class=\"wp-block-image\"><img decoding=\"async\" src=\"https:\/\/packdesites.com\/wp-content\/uploads\/2025\/04\/workflow-event-triggers-and-actions-to-run.png\" alt=\"Desencadenantes de eventos del flujo de trabajo y acciones a realizar\" title=\"\"><\/figure>\n\n\n\n<h3 class=\"wp-block-heading\">Crear flujos de trabajo para cada etapa del ciclo de vida del compromiso<\/h3>\n\n\n\n<p>Configure diferentes flujos de trabajo de programaci\u00f3n para enviar correos electr\u00f3nicos de confirmaci\u00f3n, notificaciones de pr\u00f3ximos eventos, solicitudes de confirmaci\u00f3n\/cancelaci\u00f3n a proveedores de servicios y m\u00e1s.<\/p>\n\n\n\n<p><strong>Desencadenar la acci\u00f3n&nbsp;<\/strong>Al crear\/cambiar el estado de la cita<\/p>\n\n\n\n<p>Definir acciones de flujo de trabajo&nbsp;<strong>ser ejecutado&nbsp;<\/strong>inmediatamente\/cuando est\u00e9 programado<\/p>\n\n\n\n<p>Configurar&nbsp;<strong>uno o varios flujos de trabajo&nbsp;<\/strong>por el mismo compromiso<\/p>\n\n\n\n<p>Combinar acciones existentes&nbsp;<strong>en un conjunto&nbsp;<\/strong>para personalizar la experiencia del usuario<\/p>\n\n\n\n<p>Crear una&nbsp;<strong>flujo de trabajo&nbsp;<\/strong>Exclusivo para cubrir una rutina de compromiso espec\u00edfica<\/p>\n\n\n\n<h2 class=\"wp-block-heading\">Permitir programar citas desde diferentes p\u00e1ginas web<\/h2>\n\n\n\n<figure class=\"wp-block-image\"><img decoding=\"async\" src=\"https:\/\/packdesites.com\/wp-content\/uploads\/2025\/04\/jetappointment-booking-01.jpg\" alt=\"Formulario de programaci\u00f3n de citas en la p\u00e1gina de servicios\" title=\"\"><\/figure>\n\n\n\n<h3 class=\"wp-block-heading\">P\u00e1gina de servicio \u00fanico<\/h3>\n\n\n\n<figure class=\"wp-block-image\"><img decoding=\"async\" src=\"https:\/\/packdesites.com\/wp-content\/uploads\/2025\/04\/jetappointment-booking-02.jpg\" alt=\"Formulario de programaci\u00f3n de citas en la p\u00e1gina del proveedor\" title=\"\"><\/figure>\n\n\n\n<h3 class=\"wp-block-heading\">P\u00e1gina de proveedor \u00fanico<\/h3>\n\n\n\n<figure class=\"wp-block-image\"><img decoding=\"async\" src=\"https:\/\/packdesites.com\/wp-content\/uploads\/2025\/04\/jetappointment-booking-03.jpg\" alt=\"Formulario de programaci\u00f3n de citas en ventana emergente\" title=\"\"><\/figure>\n\n\n\n<h3 class=\"wp-block-heading\">Formulario en una ventana emergente<\/h3>\n\n\n\n<h2 class=\"wp-block-heading\">Tipos de programaci\u00f3n de citas<\/h2>\n\n\n\n<h3 class=\"wp-block-heading\">Selector de tiempo<\/h3>\n\n\n\n<p>Permita que los clientes programen citas cuando lo deseen y establezcan sus propias horas de inicio y finalizaci\u00f3n.<\/p>\n\n\n\n<figure class=\"wp-block-image\"><img decoding=\"async\" src=\"https:\/\/packdesites.com\/wp-content\/uploads\/2025\/04\/jetappointment-time-picker.jpg\" alt=\"Horas de inicio y finalizaci\u00f3n en el selector de hora\" title=\"\"><\/figure>\n\n\n\n<h3 class=\"wp-block-heading\">Intervalo de tiempo fijo<\/h3>\n\n\n\n<p>Establecer una franja horaria espec\u00edfica que permita al cliente reservar un servicio con una duraci\u00f3n y precio fijos.<\/p>\n\n\n\n<figure class=\"wp-block-image\"><img decoding=\"async\" src=\"https:\/\/packdesites.com\/wp-content\/uploads\/2025\/04\/jetappointment-fixed-time.jpg\" alt=\"Programe en el formulario de reserva de servicios\" title=\"\"><\/figure>\n\n\n\n<h3 class=\"wp-block-heading\">Compromisos recurrentes<\/h3>\n\n\n\n<p>Cree una programaci\u00f3n de citas semiautomatizada. Los usuarios pueden repetir las citas programadas cada d\u00eda, semana, mes o a\u00f1o.<\/p>\n\n\n\n<figure class=\"wp-block-image size-full\"><img decoding=\"async\" src=\"https:\/\/packdesites.com\/wp-content\/uploads\/2025\/04\/image-2.png\" alt=\"\" class=\"wp-image-7615\" title=\"\"><\/figure>\n\n\n\n<h2 class=\"wp-block-heading\">Crear y configurar formularios de reserva de citas<\/h2>\n\n\n\n<figure class=\"wp-block-image\"><img decoding=\"async\" src=\"https:\/\/packdesites.com\/wp-content\/uploads\/2025\/04\/jetappointment-booking-05.png\" alt=\"Formulario de programaci\u00f3n de citas de varios pasos\" title=\"\"><\/figure>\n\n\n\n<h3 class=\"wp-block-heading\">Ampliar la funcionalidad del formulario<\/h3>\n\n\n\n<p>Combina la potencia de JetAppointment con el plugin JetEngine. Est\u00e1 repleto de opciones esenciales y numerosas opciones de estilo. Implementa cualquiera de los dos para crear un sistema de programaci\u00f3n de citas de alto rendimiento en WordPress.<\/p>\n\n\n\n<p>Mostrar citas como una&nbsp;<strong>lista autoexplicativa<\/strong><\/p>\n\n\n\n<p>Mezcla y combina el&nbsp;<strong>tipos de campo<\/strong>&nbsp;Para que cada reserva sea informativa<\/p>\n\n\n\n<p>Usar&nbsp;<strong>notificaciones inteligentes<\/strong>&nbsp;Para garantizar que los servicios se reserven sin problemas<\/p>\n\n\n\n<p>Permitir que los clientes reserven servicios directamente desde&nbsp;<strong>p\u00e1gina de un solo proveedor<\/strong><\/p>\n\n\n\n<p>Crear y aplicar&nbsp;<strong>modelos<\/strong>&nbsp;personalizado para campos de Proveedor\/Servicio<\/p>\n\n\n\n<p>Para utilizar&nbsp;<strong>separadores de p\u00e1gina<\/strong>&nbsp;para crear un formulario de varios pasos<\/p>\n\n\n\n<h2 class=\"wp-block-heading\">Gestionar citas a trav\u00e9s de Clean Dashboard<\/h2>\n\n\n\n<figure class=\"wp-block-image\"><img decoding=\"async\" src=\"https:\/\/packdesites.com\/wp-content\/uploads\/2025\/04\/jetappointment-manage-01.png\" alt=\"Vistas de lista, calendario y cronolog\u00eda del panel de citas\" title=\"\"><\/figure>\n\n\n\n<h3 class=\"wp-block-heading\">Agregar y editar citas<\/h3>\n\n\n\n<p>Vea lo esencial de cada cita programada, agregue nuevas, edite sus detalles y elim\u00ednelas si es necesario.<\/p>\n\n\n\n<h3 class=\"wp-block-heading\">Filtrado y b\u00fasqueda de citas<\/h3>\n\n\n\n<p>Filtra las solicitudes por servicio, proveedor y estado. Tambi\u00e9n puedes buscar citas por fecha y metacampos.<\/p>\n\n\n\n<h3 class=\"wp-block-heading\">Diferentes dise\u00f1os de programaci\u00f3n<\/h3>\n\n\n\n<p>Visualiza tu agenda como quieras: elige entre las vistas Lista, Calendario y Cronolog\u00eda de JetAppointment.<\/p>\n\n\n\n<h2 class=\"wp-block-heading\">No m\u00e1s rutina de instalaci\u00f3n<\/h2>\n\n\n\n<p>Disfruta de un asistente guiado. Hemos organizado los pasos sencillos para ti: personaliza servicios y proveedores, a\u00f1ade nuevos campos al formulario (comentarios, n\u00fameros de tel\u00e9fono, etc.), configura el horario de tu empresa y obt\u00e9n los dise\u00f1os predise\u00f1ados.<\/p>\n\n\n\n<figure class=\"wp-block-image\"><img decoding=\"async\" src=\"https:\/\/packdesites.com\/wp-content\/uploads\/2025\/04\/jetappointment-instal-01.svg\" alt=\"Tipos de publicaciones personalizados para servicios y proveedores\" title=\"\"><\/figure>\n\n\n\n<h3 class=\"wp-block-heading\">Elija servicios y proveedores de CPT<\/h3>\n\n\n\n<figure class=\"wp-block-image\"><img decoding=\"async\" src=\"https:\/\/packdesites.com\/wp-content\/uploads\/2025\/04\/jetappointment-instal-02.svg\" alt=\"Columnas de la base de datos de citas\" title=\"\"><\/figure>\n\n\n\n<h3 class=\"wp-block-heading\">Definir columnas de base de datos obligatorias y personalizadas<\/h3>\n\n\n\n<figure class=\"wp-block-image\"><img decoding=\"async\" src=\"https:\/\/packdesites.com\/wp-content\/uploads\/2025\/04\/jetappointment-instal-03.svg\" alt=\"Configuraci\u00f3n del horario de los d\u00edas laborables\" title=\"\"><\/figure>\n\n\n\n<h3 class=\"wp-block-heading\">Indicar horario laboral y d\u00edas libres<\/h3>\n\n\n\n<figure class=\"wp-block-image\"><img decoding=\"async\" src=\"https:\/\/packdesites.com\/wp-content\/uploads\/2025\/04\/jetappointment-instal-04.svg\" alt=\"Cambiar formularios de reserva\" title=\"\"><\/figure>\n\n\n\n<h3 class=\"wp-block-heading\">Configurar ajustes adicionales<\/h3>\n\n\n\n<figure class=\"wp-block-image\"><img decoding=\"async\" src=\"https:\/\/packdesites.com\/wp-content\/uploads\/2025\/04\/jetappointment-instal-05.svg\" alt=\"Configuraci\u00f3n completada\" title=\"\"><\/figure>\n\n\n\n<h3 class=\"wp-block-heading\">Configuraci\u00f3n completa y configuraci\u00f3n abierta<\/h3>\n\n\n\n<h2 class=\"wp-block-heading\">Integrar aplicaciones externas para automatizar procesos<\/h2>\n\n\n\n<p>Desbloquee todos los sistemas de pago disponibles en los m\u00f3dulos WooCommerce junto con servicios de correo electr\u00f3nico de terceros como Zapier e Integromat, Google Calendar y m\u00e1s.<\/p>\n\n\n\n<figure class=\"wp-block-image\"><img decoding=\"async\" src=\"https:\/\/packdesites.com\/wp-content\/uploads\/2025\/04\/logo-woocommerce.svg\" alt=\"Logotipo de WooCommerce\" title=\"\"><\/figure>\n\n\n\n<figure class=\"wp-block-image\"><img decoding=\"async\" src=\"https:\/\/packdesites.com\/wp-content\/uploads\/2025\/04\/logo-integromat.svg\" alt=\"Logotipo de Integromat\" title=\"\"><\/figure>\n\n\n\n<figure class=\"wp-block-image\"><img decoding=\"async\" src=\"https:\/\/packdesites.com\/wp-content\/uploads\/2025\/04\/logo-paypal.svg\" alt=\"Logotipo de PayPal\" title=\"\"><\/figure>\n\n\n\n<figure class=\"wp-block-image\"><img decoding=\"async\" src=\"https:\/\/packdesites.com\/wp-content\/uploads\/2025\/04\/logo-zapier.svg\" alt=\"Logotipo de Zapier\" title=\"\"><\/figure>\n\n\n\n<figure class=\"wp-block-image\"><img decoding=\"async\" src=\"https:\/\/packdesites.com\/wp-content\/uploads\/2025\/04\/logo-mailchimp.svg\" alt=\"Logotipo de Mailchimp\" title=\"\"><\/figure>\n\n\n\n<figure class=\"wp-block-image\"><img decoding=\"async\" src=\"https:\/\/packdesites.com\/wp-content\/uploads\/2025\/04\/logo-calendar.png\" alt=\"Calendario del logotipo de Google\" title=\"\"><\/figure>\n\n\n\n<figure class=\"wp-block-image\"><img decoding=\"async\" src=\"https:\/\/packdesites.com\/wp-content\/uploads\/2025\/04\/logo-active-campaign.svg\" alt=\"Campa\u00f1a de logotipo activa\" title=\"\"><\/figure>\n\n\n\n<figure class=\"wp-block-image\"><img decoding=\"async\" src=\"https:\/\/packdesites.com\/wp-content\/uploads\/2025\/04\/logo-get-response.svg\" alt=\"Logotipo Obtener respuesta\" title=\"\"><\/figure>","protected":false},"excerpt":{"rendered":"<p>JetAppointment. Plugin de citas y reservas para Elementor. La mejor soluci\u00f3n para reservar cualquier tipo de servicio por horas. Reservar una cita nunca ha sido tan f\u00e1cil. Automatiza los pagos con WooCommerce. Con esta opci\u00f3n, puedes acceder a todos los sistemas de pago disponibles en los m\u00f3dulos de WooCommerce, ya sea PayPal o [\u2026]<\/p>","protected":false},"featured_media":1539,"comment_status":"closed","ping_status":"open","template":"","meta":{"_jf_limit_responses":"","iawp_total_views":62},"product_brand":[],"product_cat":[41],"product_tag":[19],"class_list":{"0":"post-1492","1":"product","2":"type-product","3":"status-publish","4":"has-post-thumbnail","6":"product_cat-plugins","7":"product_tag-vitalicio","9":"first","10":"instock","11":"downloadable","12":"virtual","13":"purchasable","14":"product-type-simple"},"_links":{"self":[{"href":"https:\/\/packdesites.com\/es\/wp-json\/wp\/v2\/product\/1492","targetHints":{"allow":["GET"]}}],"collection":[{"href":"https:\/\/packdesites.com\/es\/wp-json\/wp\/v2\/product"}],"about":[{"href":"https:\/\/packdesites.com\/es\/wp-json\/wp\/v2\/types\/product"}],"replies":[{"embeddable":true,"href":"https:\/\/packdesites.com\/es\/wp-json\/wp\/v2\/comments?post=1492"}],"version-history":[{"count":4,"href":"https:\/\/packdesites.com\/es\/wp-json\/wp\/v2\/product\/1492\/revisions"}],"predecessor-version":[{"id":24812,"href":"https:\/\/packdesites.com\/es\/wp-json\/wp\/v2\/product\/1492\/revisions\/24812"}],"wp:featuredmedia":[{"embeddable":true,"href":"https:\/\/packdesites.com\/es\/wp-json\/wp\/v2\/media\/1539"}],"wp:attachment":[{"href":"https:\/\/packdesites.com\/es\/wp-json\/wp\/v2\/media?parent=1492"}],"wp:term":[{"taxonomy":"product_brand","embeddable":true,"href":"https:\/\/packdesites.com\/es\/wp-json\/wp\/v2\/product_brand?post=1492"},{"taxonomy":"product_cat","embeddable":true,"href":"https:\/\/packdesites.com\/es\/wp-json\/wp\/v2\/product_cat?post=1492"},{"taxonomy":"product_tag","embeddable":true,"href":"https:\/\/packdesites.com\/es\/wp-json\/wp\/v2\/product_tag?post=1492"}],"curies":[{"name":"wp","href":"https:\/\/api.w.org\/{rel}","templated":true}]}}