{"id":1464,"date":"2024-04-10T22:23:27","date_gmt":"2024-04-10T22:23:27","guid":{"rendered":"https:\/\/packdesites.com\/produto\/jetwoobuilder-crocoblock\/"},"modified":"2026-03-13T13:07:10","modified_gmt":"2026-03-13T16:07:10","slug":"bloque-de-cocodrilo-jetwoobuilder","status":"publish","type":"product","link":"https:\/\/packdesites.com\/es\/product\/bloque-de-cocodrilo-jetwoobuilder\/","title":{"rendered":"JetWooBuilder v2.3.1 \u2013 Crocoblock"},"content":{"rendered":"<h2 class=\"wp-block-heading\">Crear una plantilla de p\u00e1gina de producto \u00fanico<\/h2>\n\n\n\n<p>Cree una plantilla de p\u00e1gina \u00fanica de Elementor s\u00f3lida que se adapte bien a cualquier producto.<\/p>\n\n\n\n<h3 class=\"wp-block-heading\">Ajustar visualmente una sola p\u00e1gina de producto<\/h3>\n\n\n\n<ul class=\"wp-block-list\">\n<li>4 Dise\u00f1o de galer\u00eda de productos con JetProductGallery<\/li>\n\n\n\n<li>Tipo de plantilla de producto \u00fanico de ancho completo<\/li>\n\n\n\n<li>Navegaci\u00f3n de dise\u00f1o vertical de im\u00e1genes de productos<\/li>\n<\/ul>\n\n\n\n<p>Permita que los compradores califiquen, comparen y marquen como favoritos productos integrando JetReviews y JetCompareWishlist.<\/p>","protected":false},"excerpt":{"rendered":"<p>Crea una plantilla de p\u00e1gina de producto \u00fanica. Crea una plantilla de p\u00e1gina \u00fanica de Elementor robusta que se adapte a cualquier producto. Personaliza visualmente una p\u00e1gina de producto \u00fanica. Permite a los compradores calificar, comparar y marcar productos como favoritos integrando JetReviews y JetCompareWishlist.<\/p>","protected":false},"featured_media":1465,"comment_status":"closed","ping_status":"open","template":"","meta":{"_jf_limit_responses":"","iawp_total_views":61},"product_brand":[],"product_cat":[41],"product_tag":[19],"class_list":{"0":"post-1464","1":"product","2":"type-product","3":"status-publish","4":"has-post-thumbnail","6":"product_cat-plugins","7":"product_tag-vitalicio","9":"first","10":"instock","11":"downloadable","12":"virtual","13":"purchasable","14":"product-type-simple"},"_links":{"self":[{"href":"https:\/\/packdesites.com\/es\/wp-json\/wp\/v2\/product\/1464","targetHints":{"allow":["GET"]}}],"collection":[{"href":"https:\/\/packdesites.com\/es\/wp-json\/wp\/v2\/product"}],"about":[{"href":"https:\/\/packdesites.com\/es\/wp-json\/wp\/v2\/types\/product"}],"replies":[{"embeddable":true,"href":"https:\/\/packdesites.com\/es\/wp-json\/wp\/v2\/comments?post=1464"}],"version-history":[{"count":3,"href":"https:\/\/packdesites.com\/es\/wp-json\/wp\/v2\/product\/1464\/revisions"}],"predecessor-version":[{"id":24756,"href":"https:\/\/packdesites.com\/es\/wp-json\/wp\/v2\/product\/1464\/revisions\/24756"}],"wp:featuredmedia":[{"embeddable":true,"href":"https:\/\/packdesites.com\/es\/wp-json\/wp\/v2\/media\/1465"}],"wp:attachment":[{"href":"https:\/\/packdesites.com\/es\/wp-json\/wp\/v2\/media?parent=1464"}],"wp:term":[{"taxonomy":"product_brand","embeddable":true,"href":"https:\/\/packdesites.com\/es\/wp-json\/wp\/v2\/product_brand?post=1464"},{"taxonomy":"product_cat","embeddable":true,"href":"https:\/\/packdesites.com\/es\/wp-json\/wp\/v2\/product_cat?post=1464"},{"taxonomy":"product_tag","embeddable":true,"href":"https:\/\/packdesites.com\/es\/wp-json\/wp\/v2\/product_tag?post=1464"}],"curies":[{"name":"wp","href":"https:\/\/api.w.org\/{rel}","templated":true}]}}