{"id":1458,"date":"2024-03-07T14:13:48","date_gmt":"2024-03-07T14:13:48","guid":{"rendered":"https:\/\/packdesites.com\/produto\/jettricks-crocoblock\/"},"modified":"2025-08-07T11:51:08","modified_gmt":"2025-08-07T14:51:08","slug":"jettricks-crocoblock","status":"publish","type":"product","link":"https:\/\/packdesites.com\/es\/product\/jettricks-crocoblock\/","title":{"rendered":"JetTricks v1.5.6 \u2013 Crocoblock"},"content":{"rendered":"<h2 class=\"wp-block-heading\">Juega con diferentes efectos<br>Para enfatizar tu contenido con JetTricks<\/h2>\n\n\n\n<p><a href=\"https:\/\/crocoblock.com\/widgets\/hotspots\/\" target=\"_blank\" rel=\"noopener\">Puntos calientes<\/a><\/p>\n\n\n\n<p>Establezca elegantes marcadores de puntos de acceso animados para los elementos.<\/p>\n\n\n\n<figure class=\"wp-block-image\"><img decoding=\"async\" src=\"https:\/\/packdesites.com\/wp-content\/uploads\/2025\/04\/jettricks-hotspots-img.webp\" alt=\"Puntos de acceso de JetTricks\" title=\"\"><\/figure>\n\n\n\n<p><a href=\"https:\/\/crocoblock.com\/widgets\/view-more\/\" target=\"_blank\" rel=\"noopener\">Leer m\u00e1s<\/a><\/p>\n\n\n\n<p>Haga que un simple \u201cVer m\u00e1s\u201d sea elegante y llamativo.<\/p>\n\n\n\n<figure class=\"wp-block-image\"><img decoding=\"async\" src=\"https:\/\/packdesites.com\/wp-content\/uploads\/2025\/04\/jettricks-read-more-img.webp\" alt=\"Jettricks Leer m\u00e1s\" title=\"\"><\/figure>\n\n\n\n<p><a href=\"https:\/\/crocoblock.com\/widgets\/satellite\/\" target=\"_blank\" rel=\"noopener\">Sat\u00e9lite<\/a><\/p>\n\n\n\n<p>A\u00f1ade texto o una imagen antes o despu\u00e9s de cualquier elemento.<\/p>\n\n\n\n<figure class=\"wp-block-image\"><img decoding=\"async\" src=\"https:\/\/packdesites.com\/wp-content\/uploads\/2025\/04\/jettricks-satellite-img.webp\" alt=\"Jettricks de sat\u00e9lite\" title=\"\"><\/figure>\n\n\n\n<p><a href=\"https:\/\/crocoblock.com\/widgets\/scroll-parallax-effect\/\" target=\"_blank\" rel=\"noopener\">Paralaje<\/a><\/p>\n\n\n\n<p>Mejora cualquier elemento de la p\u00e1gina web con efecto de paralaje.<\/p>\n\n\n\n<figure class=\"wp-block-image\"><img decoding=\"async\" src=\"https:\/\/packdesites.com\/wp-content\/uploads\/2025\/04\/jettricks-parallax-img.webp\" alt=\"Paralaje de Jettricks\" title=\"\"><\/figure>\n\n\n\n<p><\/p>","protected":false},"excerpt":{"rendered":"<p>Experimenta con diferentes efectos para resaltar tu contenido con JetTricks. Puntos de acceso: Establece elegantes marcadores de puntos de acceso animados para los elementos. Leer m\u00e1s: Crea un simple &quot;Ver m\u00e1s&quot; con un aspecto elegante y vibrante. Sat\u00e9lite: Agrega texto o una imagen antes o despu\u00e9s de cualquier elemento. Paralaje: Mejora cualquier elemento de la p\u00e1gina web [\u2026]<\/p>","protected":false},"featured_media":1463,"comment_status":"closed","ping_status":"open","template":"","meta":{"_jf_limit_responses":"","iawp_total_views":35},"product_brand":[],"product_cat":[41],"product_tag":[19],"class_list":{"0":"post-1458","1":"product","2":"type-product","3":"status-publish","4":"has-post-thumbnail","6":"product_cat-plugins","7":"product_tag-vitalicio","9":"first","10":"instock","11":"downloadable","12":"virtual","13":"purchasable","14":"product-type-simple"},"_links":{"self":[{"href":"https:\/\/packdesites.com\/es\/wp-json\/wp\/v2\/product\/1458","targetHints":{"allow":["GET"]}}],"collection":[{"href":"https:\/\/packdesites.com\/es\/wp-json\/wp\/v2\/product"}],"about":[{"href":"https:\/\/packdesites.com\/es\/wp-json\/wp\/v2\/types\/product"}],"replies":[{"embeddable":true,"href":"https:\/\/packdesites.com\/es\/wp-json\/wp\/v2\/comments?post=1458"}],"version-history":[{"count":5,"href":"https:\/\/packdesites.com\/es\/wp-json\/wp\/v2\/product\/1458\/revisions"}],"predecessor-version":[{"id":23205,"href":"https:\/\/packdesites.com\/es\/wp-json\/wp\/v2\/product\/1458\/revisions\/23205"}],"wp:featuredmedia":[{"embeddable":true,"href":"https:\/\/packdesites.com\/es\/wp-json\/wp\/v2\/media\/1463"}],"wp:attachment":[{"href":"https:\/\/packdesites.com\/es\/wp-json\/wp\/v2\/media?parent=1458"}],"wp:term":[{"taxonomy":"product_brand","embeddable":true,"href":"https:\/\/packdesites.com\/es\/wp-json\/wp\/v2\/product_brand?post=1458"},{"taxonomy":"product_cat","embeddable":true,"href":"https:\/\/packdesites.com\/es\/wp-json\/wp\/v2\/product_cat?post=1458"},{"taxonomy":"product_tag","embeddable":true,"href":"https:\/\/packdesites.com\/es\/wp-json\/wp\/v2\/product_tag?post=1458"}],"curies":[{"name":"wp","href":"https:\/\/api.w.org\/{rel}","templated":true}]}}