{"id":1435,"date":"2024-05-09T21:46:51","date_gmt":"2024-05-09T21:46:51","guid":{"rendered":"https:\/\/packdesites.com\/produto\/jetsearch-pesquisa-avancada-crocoblock\/"},"modified":"2026-03-13T12:54:55","modified_gmt":"2026-03-13T15:54:55","slug":"busqueda-avanzada-de-jetsearch-crocoblock","status":"publish","type":"product","link":"https:\/\/packdesites.com\/es\/product\/busqueda-avanzada-de-jetsearch-crocoblock\/","title":{"rendered":"JetSearch v3.5.16.1 \u2013 B\u00fasqueda avanzada \u2013 Crocoblock"},"content":{"rendered":"<h2 class=\"wp-block-heading\">Experimente el verdadero poder de la funcionalidad de b\u00fasqueda<\/h2>\n\n\n\n<p>Descubra c\u00f3mo el complemento JetSearch para Elementor puede ayudarle a mejorar su sitio web con la b\u00fasqueda.<\/p>\n\n\n\n<figure class=\"wp-block-image\"><img decoding=\"async\" src=\"https:\/\/packdesites.com\/wp-content\/uploads\/2025\/04\/box-image-1.svg\" alt=\"\" title=\"\"><\/figure>\n\n\n\n<h3 class=\"wp-block-heading\">El widget de b\u00fasqueda r\u00e1pida basado en AJAX para Elementor<\/h3>\n\n\n\n<p>Agregue el bloque de b\u00fasqueda ultrarr\u00e1pido a cualquier p\u00e1gina creada con Elementor para tener control total de c\u00f3mo se ven sus resultados de b\u00fasqueda.<\/p>\n\n\n\n<figure class=\"wp-block-image\"><img decoding=\"async\" src=\"https:\/\/packdesites.com\/wp-content\/uploads\/2025\/04\/box-image-2.svg\" alt=\"\" title=\"\"><\/figure>\n\n\n\n<h3 class=\"wp-block-heading\">Men\u00fa desplegable de resultados de b\u00fasqueda totalmente personalizable<\/h3>\n\n\n\n<p>Administre la paginaci\u00f3n, las miniaturas y el contenido que se muestra en los resultados de b\u00fasqueda para ofrecer la mejor experiencia de usuario.<\/p>\n\n\n\n<figure class=\"wp-block-image\"><img decoding=\"async\" src=\"https:\/\/packdesites.com\/wp-content\/uploads\/2025\/04\/box-image-3.svg\" alt=\"\" title=\"\"><\/figure>\n\n\n\n<h3 class=\"wp-block-heading\">Resultados de b\u00fasqueda mostrados por relevancia<\/h3>\n\n\n\n<p>Organice los resultados de la b\u00fasqueda en el orden requerido para que los resultados m\u00e1s relevantes siempre se muestren primero.<\/p>\n\n\n\n<figure class=\"wp-block-image\"><img decoding=\"async\" src=\"https:\/\/packdesites.com\/wp-content\/uploads\/2025\/04\/box-image-4.svg\" alt=\"\" title=\"\"><\/figure>\n\n\n\n<h3 class=\"wp-block-heading\">Buscar dentro de categor\u00edas espec\u00edficas o tipos de publicaciones<\/h3>\n\n\n\n<p>Agregue bloques de b\u00fasqueda con la capacidad de mostrar solo resultados de b\u00fasqueda de una categor\u00eda o tipo de publicaci\u00f3n espec\u00edfico.<\/p>","protected":false},"excerpt":{"rendered":"<p>Experimenta el verdadero poder de la funci\u00f3n de b\u00fasqueda. Descubre c\u00f3mo el plugin JetSearch para Elementor puede ayudarte a optimizar tu sitio web con las b\u00fasquedas. El veloz widget de b\u00fasqueda basado en AJAX para Elementor. Agrega el rapid\u00edsimo bloque de b\u00fasqueda a cualquier p\u00e1gina creada con Elementor para controlar por completo la apariencia de tus resultados de b\u00fasqueda.<\/p>","protected":false},"featured_media":1440,"comment_status":"closed","ping_status":"open","template":"","meta":{"_jf_limit_responses":"","iawp_total_views":144},"product_brand":[],"product_cat":[41],"product_tag":[19],"class_list":{"0":"post-1435","1":"product","2":"type-product","3":"status-publish","4":"has-post-thumbnail","6":"product_cat-plugins","7":"product_tag-vitalicio","9":"first","10":"instock","11":"downloadable","12":"virtual","13":"purchasable","14":"product-type-simple"},"_links":{"self":[{"href":"https:\/\/packdesites.com\/es\/wp-json\/wp\/v2\/product\/1435","targetHints":{"allow":["GET"]}}],"collection":[{"href":"https:\/\/packdesites.com\/es\/wp-json\/wp\/v2\/product"}],"about":[{"href":"https:\/\/packdesites.com\/es\/wp-json\/wp\/v2\/types\/product"}],"replies":[{"embeddable":true,"href":"https:\/\/packdesites.com\/es\/wp-json\/wp\/v2\/comments?post=1435"}],"version-history":[{"count":5,"href":"https:\/\/packdesites.com\/es\/wp-json\/wp\/v2\/product\/1435\/revisions"}],"predecessor-version":[{"id":24744,"href":"https:\/\/packdesites.com\/es\/wp-json\/wp\/v2\/product\/1435\/revisions\/24744"}],"wp:featuredmedia":[{"embeddable":true,"href":"https:\/\/packdesites.com\/es\/wp-json\/wp\/v2\/media\/1440"}],"wp:attachment":[{"href":"https:\/\/packdesites.com\/es\/wp-json\/wp\/v2\/media?parent=1435"}],"wp:term":[{"taxonomy":"product_brand","embeddable":true,"href":"https:\/\/packdesites.com\/es\/wp-json\/wp\/v2\/product_brand?post=1435"},{"taxonomy":"product_cat","embeddable":true,"href":"https:\/\/packdesites.com\/es\/wp-json\/wp\/v2\/product_cat?post=1435"},{"taxonomy":"product_tag","embeddable":true,"href":"https:\/\/packdesites.com\/es\/wp-json\/wp\/v2\/product_tag?post=1435"}],"curies":[{"name":"wp","href":"https:\/\/api.w.org\/{rel}","templated":true}]}}