{"id":1408,"date":"2024-04-10T22:12:45","date_gmt":"2024-04-10T22:12:45","guid":{"rendered":"https:\/\/packdesites.com\/produto\/jetmenu-v2-4-0-mega-menu-crocoblock\/"},"modified":"2025-10-03T12:59:43","modified_gmt":"2025-10-03T15:59:43","slug":"jetmenu-v2-4-0-mega-menu-crocoblock","status":"publish","type":"product","link":"https:\/\/packdesites.com\/es\/product\/jetmenu-v2-4-0-mega-menu-crocoblock\/","title":{"rendered":"JetMenu v2.4.15 Mega Men\u00fa \u2013 Crocoblock"},"content":{"rendered":"<figure class=\"wp-block-image size-large\"><img decoding=\"async\" src=\"https:\/\/packdesites.com\/wp-content\/uploads\/2025\/04\/image-3-1024x887-1.png\" alt=\"\" class=\"wp-image-8121\" title=\"\"><\/figure>\n\n\n\n<h3 class=\"wp-block-heading\">V\u00edveres<\/h3>\n\n\n\n<p>Llama la atenci\u00f3n sobre las mejores ofertas de tu tienda. Enriquezca su mega men\u00fa de WordPress con categor\u00edas de productos, art\u00edculos con descuento, atractivos banners de oferta, etc.<\/p>\n\n\n\n<figure class=\"wp-block-image size-full\"><img decoding=\"async\" src=\"https:\/\/packdesites.com\/wp-content\/uploads\/2025\/04\/image-4.png\" alt=\"\" class=\"wp-image-8122\" title=\"\"><\/figure>\n\n\n\n<h4 class=\"wp-block-heading\">A\u00f1adir elementos interactivos<\/h4>\n\n\n\n<p>Organice el contenido de su sitio web agregando im\u00e1genes, \u00edconos, mapas o cualquier otro widget de Elementor a su navegaci\u00f3n.<\/p>\n\n\n\n<h4 class=\"wp-block-heading\">\u00daselo con su tema existente<\/h4>\n\n\n\n<p>Reemplace el mega men\u00fa de WP actual o genere men\u00fas personalizados con un widget o bloque.<\/p>\n\n\n\n<h4 class=\"wp-block-heading\">Edici\u00f3n f\u00e1cil de arrastrar y soltar<\/h4>\n\n\n\n<p>Cree dise\u00f1os de mega men\u00fa visualmente utilizando la conocida barra lateral de Elementor y el panel de WordPress.<\/p>\n\n\n\n<h3 class=\"wp-block-heading\">Men\u00fa horizontal<\/h3>\n\n\n\n<p>Coloque los elementos del men\u00fa principal uno al lado del otro y muestre los subelementos en una lista desplegable horizontal.<\/p>\n\n\n\n<figure class=\"wp-block-image\"><img decoding=\"async\" src=\"https:\/\/packdesites.com\/wp-content\/uploads\/2025\/04\/jetmenu-horizontal-menu.png\" alt=\"dise\u00f1o del men\u00fa de navegaci\u00f3n horizontal\" title=\"\"><\/figure>\n\n\n\n<h3 class=\"wp-block-heading\">Men\u00fa vertical<\/h3>\n\n\n\n<p>Muestra los elementos del men\u00fa de nivel superior como una barra lateral vertical y coloca los subelementos en una diapositiva.<\/p>\n\n\n\n<figure class=\"wp-block-image\"><img decoding=\"async\" src=\"https:\/\/packdesites.com\/wp-content\/uploads\/2025\/04\/jetmenu-vertical-menu.png\" alt=\"Dise\u00f1o de mega men\u00fa vertical\" title=\"\"><\/figure>\n\n\n\n<h3 class=\"wp-block-heading\">Men\u00fa de hamburguesas<\/h3>\n\n\n\n<p>Coloque toda la estructura de su men\u00fa en un panel de hamburguesa compacto y elija un \u00edcono personalizado para los estados de apertura\/cierre.<\/p>\n\n\n\n<figure class=\"wp-block-image size-full\"><img decoding=\"async\" src=\"https:\/\/packdesites.com\/wp-content\/uploads\/2025\/04\/image-5.png\" alt=\"\" class=\"wp-image-8123\" title=\"\"><\/figure>","protected":false},"excerpt":{"rendered":"<p>Tiendas: Destaca las mejores ofertas de tu tienda. Mejora tu megamen\u00fa de WordPress con categor\u00edas de productos, art\u00edculos con descuento, banners de ofertas llamativos y mucho m\u00e1s. A\u00f1ade elementos interactivos: Organiza el contenido de tu sitio web a\u00f1adiendo im\u00e1genes, iconos, mapas o cualquier otro widget de Elementor a tu navegaci\u00f3n. \u00dasalo con [\u2026]<\/p>","protected":false},"featured_media":1414,"comment_status":"closed","ping_status":"open","template":"","meta":{"_jf_limit_responses":"","iawp_total_views":62},"product_brand":[],"product_cat":[41],"product_tag":[19],"class_list":{"0":"post-1408","1":"product","2":"type-product","3":"status-publish","4":"has-post-thumbnail","6":"product_cat-plugins","7":"product_tag-vitalicio","9":"first","10":"instock","11":"downloadable","12":"virtual","13":"purchasable","14":"product-type-simple"},"_links":{"self":[{"href":"https:\/\/packdesites.com\/es\/wp-json\/wp\/v2\/product\/1408","targetHints":{"allow":["GET"]}}],"collection":[{"href":"https:\/\/packdesites.com\/es\/wp-json\/wp\/v2\/product"}],"about":[{"href":"https:\/\/packdesites.com\/es\/wp-json\/wp\/v2\/types\/product"}],"replies":[{"embeddable":true,"href":"https:\/\/packdesites.com\/es\/wp-json\/wp\/v2\/comments?post=1408"}],"version-history":[{"count":2,"href":"https:\/\/packdesites.com\/es\/wp-json\/wp\/v2\/product\/1408\/revisions"}],"predecessor-version":[{"id":23903,"href":"https:\/\/packdesites.com\/es\/wp-json\/wp\/v2\/product\/1408\/revisions\/23903"}],"wp:featuredmedia":[{"embeddable":true,"href":"https:\/\/packdesites.com\/es\/wp-json\/wp\/v2\/media\/1414"}],"wp:attachment":[{"href":"https:\/\/packdesites.com\/es\/wp-json\/wp\/v2\/media?parent=1408"}],"wp:term":[{"taxonomy":"product_brand","embeddable":true,"href":"https:\/\/packdesites.com\/es\/wp-json\/wp\/v2\/product_brand?post=1408"},{"taxonomy":"product_cat","embeddable":true,"href":"https:\/\/packdesites.com\/es\/wp-json\/wp\/v2\/product_cat?post=1408"},{"taxonomy":"product_tag","embeddable":true,"href":"https:\/\/packdesites.com\/es\/wp-json\/wp\/v2\/product_tag?post=1408"}],"curies":[{"name":"wp","href":"https:\/\/api.w.org\/{rel}","templated":true}]}}