{"id":1379,"date":"2024-05-28T16:21:48","date_gmt":"2024-05-28T16:21:48","guid":{"rendered":"https:\/\/packdesites.com\/produto\/jetelements-crocoblock\/"},"modified":"2026-03-13T13:04:11","modified_gmt":"2026-03-13T16:04:11","slug":"bloque-de-cocodrilo-de-jetelements","status":"publish","type":"product","link":"https:\/\/packdesites.com\/es\/product\/bloque-de-cocodrilo-de-jetelements\/","title":{"rendered":"JetElements v2.8.1.1 \u2013 Crocoblock"},"content":{"rendered":"<h2 class=\"wp-block-heading\">Mostrar publicaciones, im\u00e1genes y v\u00eddeos<\/h2>\n\n\n\n<p><a href=\"https:\/\/crocoblock.com\/widgets\/portfolio\/\" target=\"_blank\" rel=\"noopener\"><\/a><\/p>\n\n\n\n<figure class=\"wp-block-image\"><a href=\"https:\/\/crocoblock.com\/widgets\/portfolio\/\" target=\"_blank\" rel=\"noopener\"><img decoding=\"async\" src=\"https:\/\/packdesites.com\/wp-content\/uploads\/2025\/04\/JetElements_postsvideo-1-min.png\" alt=\"Galer\u00eda de portafolios de Elementor\" title=\"\"><\/a><\/figure>\n\n\n\n<p><a href=\"https:\/\/crocoblock.com\/widgets\/portfolio\/\" target=\"_blank\" rel=\"noopener\">Galer\u00eda de portafolios<\/a><\/p>\n\n\n\n<p><a href=\"https:\/\/crocoblock.com\/widgets\/advanced-carousel\/\" target=\"_blank\" rel=\"noopener\"><\/a><\/p>\n\n\n\n<figure class=\"wp-block-image\"><a href=\"https:\/\/crocoblock.com\/widgets\/advanced-carousel\/\" target=\"_blank\" rel=\"noopener\"><img decoding=\"async\" src=\"https:\/\/packdesites.com\/wp-content\/uploads\/2025\/04\/JetElements_postsvideo-2-min.png\" alt=\"carrusel avanzado de Elementor\" title=\"\"><\/a><\/figure>\n\n\n\n<p><a href=\"https:\/\/crocoblock.com\/widgets\/advanced-carousel\/\" target=\"_blank\" rel=\"noopener\">Carrusel avanzado<\/a><\/p>\n\n\n\n<p><a href=\"https:\/\/crocoblock.com\/widgets\/posts\/\" target=\"_blank\" rel=\"noopener\"><\/a><\/p>\n\n\n\n<figure class=\"wp-block-image\"><a href=\"https:\/\/crocoblock.com\/widgets\/posts\/\" target=\"_blank\" rel=\"noopener\"><img decoding=\"async\" src=\"https:\/\/packdesites.com\/wp-content\/uploads\/2025\/04\/JetElements_postsvideo-3-min.png\" alt=\"posgrado\" title=\"\"><\/a><\/figure>\n\n\n\n<p><a href=\"https:\/\/crocoblock.com\/widgets\/posts\/\" target=\"_blank\" rel=\"noopener\">Grado de posgrado<\/a><\/p>\n\n\n\n<p><a href=\"https:\/\/crocoblock.com\/widgets\/banner\/\" target=\"_blank\" rel=\"noopener\"><\/a><\/p>\n\n\n\n<figure class=\"wp-block-image\"><a href=\"https:\/\/crocoblock.com\/widgets\/banner\/\" target=\"_blank\" rel=\"noopener\"><img decoding=\"async\" src=\"https:\/\/packdesites.com\/wp-content\/uploads\/2025\/04\/JetElements_postsvideo-4-min.png\" alt=\"dise\u00f1o de la imagen del banner\" title=\"\"><\/a><\/figure>\n\n\n\n<p><a href=\"https:\/\/crocoblock.com\/widgets\/banner\/\" target=\"_blank\" rel=\"noopener\">Dise\u00f1o de la imagen del banner<\/a><\/p>\n\n\n\n<p><a href=\"https:\/\/crocoblock.com\/widgets\/services\/\" target=\"_blank\" rel=\"noopener\"><\/a><\/p>\n\n\n\n<figure class=\"wp-block-image\"><a href=\"https:\/\/crocoblock.com\/widgets\/services\/\" target=\"_blank\" rel=\"noopener\"><img decoding=\"async\" src=\"https:\/\/packdesites.com\/wp-content\/uploads\/2025\/04\/JetElements_postsvideo-5-min.png\" alt=\"Secci\u00f3n de servicios de Elementor\" title=\"\"><\/a><\/figure>\n\n\n\n<p><a href=\"https:\/\/crocoblock.com\/widgets\/services\/\" target=\"_blank\" rel=\"noopener\">Servicios<\/a><\/p>\n\n\n\n<p><a href=\"https:\/\/crocoblock.com\/widgets\/brands\/\" target=\"_blank\" rel=\"noopener\"><\/a><\/p>\n\n\n\n<figure class=\"wp-block-image\"><a href=\"https:\/\/crocoblock.com\/widgets\/brands\/\" target=\"_blank\" rel=\"noopener\"><img decoding=\"async\" src=\"https:\/\/packdesites.com\/wp-content\/uploads\/2025\/04\/JetElements_postsvideo-6-min.png\" alt=\"escaparate de logotipos\" title=\"\"><\/a><\/figure>\n\n\n\n<p><a href=\"https:\/\/crocoblock.com\/widgets\/brands\/\" target=\"_blank\" rel=\"noopener\">Presentaci\u00f3n del logotipo<\/a><\/p>\n\n\n\n<h3 class=\"wp-block-heading\">Olv\u00eddate del contenido est\u00e1tico. Usa widgets interactivos.<\/h3>\n\n\n\n<p>\u00bfQuieres aumentar la interacci\u00f3n en tu p\u00e1gina web? Usa las tarjetas, im\u00e1genes y otros widgets interactivos de Elementor para que tus componentes de contenido sean m\u00e1s f\u00e1ciles de navegar y hacer clic.<\/p>\n\n\n\n<ul class=\"wp-block-list\">\n<li><a href=\"https:\/\/crocoblock.com\/widgets\/section-parallax\/\" target=\"_blank\" rel=\"noopener\">Secci\u00f3n de paralaje<\/a><\/li>\n\n\n\n<li><a href=\"https:\/\/crocoblock.com\/widgets\/scroll-navigation\/#Scroll_Section_1\" target=\"_blank\" rel=\"noopener\">Desplazamiento vertical<\/a><\/li>\n\n\n\n<li><a href=\"https:\/\/crocoblock.com\/widgets\/headline\/\" target=\"_blank\" rel=\"noopener\">Titulares creativos<\/a><\/li>\n\n\n\n<li><a href=\"https:\/\/crocoblock.com\/widgets\/animated-box\/\" target=\"_blank\" rel=\"noopener\">Caja interactiva Flip<\/a><\/li>\n\n\n\n<li><a href=\"https:\/\/crocoblock.com\/widgets\/image-comparison\/\" target=\"_blank\" rel=\"noopener\">Control deslizante de comparaci\u00f3n<\/a><\/li>\n<\/ul>\n\n\n\n<figure class=\"wp-block-image\"><img decoding=\"async\" src=\"https:\/\/packdesites.com\/wp-content\/uploads\/2025\/04\/JetElements-img1-min.png\" alt=\"Olv\u00eddese del contenido est\u00e1tico.\" title=\"\"><\/figure>\n\n\n\n<figure class=\"wp-block-image\"><img decoding=\"async\" src=\"https:\/\/packdesites.com\/wp-content\/uploads\/2025\/04\/JetElements-img2-min.png\" alt=\"Incrustar contenido de terceros\" title=\"\"><\/figure>\n\n\n\n<h3 class=\"wp-block-heading\">Incorporar<br>contenido de terceros<\/h3>\n\n\n\n<p>Conecte secciones de contenido agregadas por JetElements a aplicaciones y complementos externos para generar multimedia y administrar datos de terceros.<\/p>\n\n\n\n<figure class=\"wp-block-image\"><a href=\"https:\/\/crocoblock.com\/widgets\/video-player\/\" target=\"_blank\" rel=\"noopener\"><img decoding=\"async\" src=\"https:\/\/packdesites.com\/wp-content\/uploads\/2025\/04\/jetelements-social-1.svg\" alt=\"YouTube\" title=\"\"><\/a><\/figure>\n\n\n\n<figure class=\"wp-block-image\"><a href=\"https:\/\/crocoblock.com\/widgets\/video-player\/\" target=\"_blank\" rel=\"noopener\"><img decoding=\"async\" src=\"https:\/\/packdesites.com\/wp-content\/uploads\/2025\/04\/jetelements-social-2.svg\" alt=\"Vimeo\" title=\"\"><\/a><\/figure>\n\n\n\n<figure class=\"wp-block-image\"><a href=\"https:\/\/crocoblock.com\/widgets\/audio-player\/\" target=\"_blank\" rel=\"noopener\"><img decoding=\"async\" src=\"https:\/\/packdesites.com\/wp-content\/uploads\/2025\/04\/jetelements-social-3.svg\" alt=\"Reproductor de audio\" title=\"\"><\/a><\/figure>\n\n\n\n<figure class=\"wp-block-image\"><a href=\"https:\/\/crocoblock.com\/widgets\/weather\/\" target=\"_blank\" rel=\"noopener\"><img decoding=\"async\" src=\"https:\/\/packdesites.com\/wp-content\/uploads\/2025\/04\/jetelements-social-4.svg\" alt=\"Tiempo\" title=\"\"><\/a><\/figure>\n\n\n\n<figure class=\"wp-block-image\"><a href=\"https:\/\/crocoblock.com\/widgets\/advanced-map\/\" target=\"_blank\" rel=\"noopener\"><img decoding=\"async\" src=\"https:\/\/packdesites.com\/wp-content\/uploads\/2025\/04\/jetelements-social-5.svg\" alt=\"Mapas de Google\" title=\"\"><\/a><\/figure>\n\n\n\n<figure class=\"wp-block-image\"><a href=\"https:\/\/crocoblock.com\/widgets\/instagram\/\" target=\"_blank\" rel=\"noopener\"><img decoding=\"async\" src=\"https:\/\/packdesites.com\/wp-content\/uploads\/2025\/04\/jetelements-social-6.svg\" alt=\"Linkedin\" title=\"\"><\/a><\/figure>\n\n\n\n<figure class=\"wp-block-image\"><a href=\"https:\/\/crocoblock.com\/widgets\/lottie-files\/\" target=\"_blank\" rel=\"noopener\"><img decoding=\"async\" src=\"https:\/\/packdesites.com\/wp-content\/uploads\/2025\/04\/jetelements-social-7.svg\" alt=\"Lottie\" title=\"\"><\/a><\/figure>\n\n\n\n<h2 class=\"wp-block-heading\">Mostrar datos num\u00e9ricos complejos<\/h2>\n\n\n\n<h3 class=\"wp-block-heading\"><a href=\"https:\/\/crocoblock.com\/widgets\/pie-chart\/\" target=\"_blank\" rel=\"noopener\">Gr\u00e1fico circular y gr\u00e1fico de barras<\/a><\/h3>\n\n\n\n<p>Muestre valores num\u00e9ricos mediante proporciones utilizando un gr\u00e1fico circular o ilustre la comparaci\u00f3n de datos importantes utilizando gr\u00e1ficos de barras.<\/p>\n\n\n\n<figure class=\"wp-block-image\"><img decoding=\"async\" src=\"https:\/\/packdesites.com\/wp-content\/uploads\/2025\/04\/after-form-submission.png\" alt=\"gr\u00e1fico circular de Elementor \" title=\"\"><\/figure>\n\n\n\n<h3 class=\"wp-block-heading\"><a href=\"https:\/\/crocoblock.com\/widgets\/table\/\" target=\"_blank\" rel=\"noopener\">Tablas responsivas<\/a><\/h3>\n\n\n\n<p>Coloque cualquier contenido en las celdas,<br>Filas y columnas de la tabla para agregar la agenda\/lista a las p\u00e1ginas creadas con Elementor.<\/p>\n\n\n\n<figure class=\"wp-block-image\"><img decoding=\"async\" src=\"https:\/\/packdesites.com\/wp-content\/uploads\/2025\/04\/jetelementsShowcase-2-min.png\" alt=\"widget de tabla adaptable de Elementor \" title=\"\"><\/figure>\n\n\n\n<h3 class=\"wp-block-heading\"><a href=\"https:\/\/crocoblock.com\/widgets\/horizontal-timeline\/\" target=\"_blank\" rel=\"noopener\">L\u00ednea de tiempo vertical y horizontal<\/a><\/h3>\n\n\n\n<p>Agregar l\u00edneas<br>l\u00edneas de tiempo verticales\/horizontales a la p\u00e1gina y mostrar eventos, proyectos y hoja de ruta cronol\u00f3gicamente.<\/p>\n\n\n\n<figure class=\"wp-block-image\"><img decoding=\"async\" src=\"https:\/\/packdesites.com\/wp-content\/uploads\/2025\/04\/jetelementsShowcase-3-min.png\" alt=\"l\u00ednea de tiempo vertical de elementor \" title=\"\"><\/figure>\n\n\n\n<h3 class=\"wp-block-heading\"><a href=\"https:\/\/crocoblock.com\/widgets\/progress-bar\/\" target=\"_blank\" rel=\"noopener\">Barra de progreso y progreso circular<\/a><\/h3>\n\n\n\n<p>Indique el progreso utilizando una animaci\u00f3n de barra de progreso b\u00e1sica o utilice una animaci\u00f3n de movimiento circular para mostrar el progreso.<\/p>\n\n\n\n<figure class=\"wp-block-image\"><img decoding=\"async\" src=\"https:\/\/packdesites.com\/wp-content\/uploads\/2025\/04\/jetelementsShowcase-4-min.png\" alt=\"barra de progreso del elemento \" title=\"\"><\/figure>\n\n\n\n<h2 class=\"wp-block-heading\">Agregar insignias de WooCommerce<\/h2>\n\n\n\n<h5 class=\"wp-block-heading\">VISTO RECIENTEMENTE<\/h5>\n\n\n\n<p><img decoding=\"async\" src=\"https:\/\/packdesites.com\/wp-content\/uploads\/2025\/04\/JetElements-badges1-min.png\" alt=\"VISTO RECIENTEMENTE\" srcset=\"https:\/\/packdesites.com\/wp-content\/uploads\/2025\/04\/JetElements-badges1-retina-min.png 2x\" title=\"\"><\/p>\n\n\n\n<h5 class=\"wp-block-heading\">LOS M\u00c1S VENDIDOS<\/h5>\n\n\n\n<p><img decoding=\"async\" src=\"https:\/\/packdesites.com\/wp-content\/uploads\/2025\/04\/JetElements-badges2-min.png\" alt=\"VISTO RECIENTEMENTE\" srcset=\"https:\/\/packdesites.com\/wp-content\/uploads\/2025\/04\/JetElements-badges2-retina-min.png 2x\" title=\"\"><\/p>\n\n\n\n<h5 class=\"wp-block-heading\">VENTA<\/h5>\n\n\n\n<p><img decoding=\"async\" src=\"https:\/\/packdesites.com\/wp-content\/uploads\/2025\/04\/JetElements-badges3-min.png\" alt=\"VISTO RECIENTEMENTE\" srcset=\"https:\/\/packdesites.com\/wp-content\/uploads\/2025\/04\/JetElements-badges3-retina-min.png 2x\" title=\"\"><\/p>\n\n\n\n<h5 class=\"wp-block-heading\">M\u00c1S VOTADOS<\/h5>\n\n\n\n<p><img decoding=\"async\" src=\"https:\/\/packdesites.com\/wp-content\/uploads\/2025\/04\/JetElements-badges4-min.png\" alt=\"VISTO RECIENTEMENTE\" srcset=\"https:\/\/packdesites.com\/wp-content\/uploads\/2025\/04\/JetElements-badges4-retina-min.png 2x\" title=\"\"><\/p>","protected":false},"excerpt":{"rendered":"<p>Publicaciones, im\u00e1genes y videos, portafolio, galer\u00eda, carrusel avanzado, cuadr\u00edcula de publicaciones, banner, dise\u00f1o de imagen, servicios, presentaci\u00f3n de logotipos. Olv\u00eddate del contenido est\u00e1tico. Usa widgets interactivos. \u00bfQuieres aumentar la interacci\u00f3n en tu p\u00e1gina web? Usa las tarjetas, im\u00e1genes y otros widgets interactivos de Elementor para que los componentes de contenido sean m\u00e1s f\u00e1ciles de hacer clic y desplazar. Incrusta contenido [\u2026]<\/p>","protected":false},"featured_media":1407,"comment_status":"closed","ping_status":"open","template":"","meta":{"_jf_limit_responses":"","iawp_total_views":276},"product_brand":[],"product_cat":[41],"product_tag":[19],"class_list":{"0":"post-1379","1":"product","2":"type-product","3":"status-publish","4":"has-post-thumbnail","6":"product_cat-plugins","7":"product_tag-vitalicio","9":"first","10":"instock","11":"downloadable","12":"virtual","13":"purchasable","14":"product-type-simple"},"_links":{"self":[{"href":"https:\/\/packdesites.com\/es\/wp-json\/wp\/v2\/product\/1379","targetHints":{"allow":["GET"]}}],"collection":[{"href":"https:\/\/packdesites.com\/es\/wp-json\/wp\/v2\/product"}],"about":[{"href":"https:\/\/packdesites.com\/es\/wp-json\/wp\/v2\/types\/product"}],"replies":[{"embeddable":true,"href":"https:\/\/packdesites.com\/es\/wp-json\/wp\/v2\/comments?post=1379"}],"version-history":[{"count":15,"href":"https:\/\/packdesites.com\/es\/wp-json\/wp\/v2\/product\/1379\/revisions"}],"predecessor-version":[{"id":24752,"href":"https:\/\/packdesites.com\/es\/wp-json\/wp\/v2\/product\/1379\/revisions\/24752"}],"wp:featuredmedia":[{"embeddable":true,"href":"https:\/\/packdesites.com\/es\/wp-json\/wp\/v2\/media\/1407"}],"wp:attachment":[{"href":"https:\/\/packdesites.com\/es\/wp-json\/wp\/v2\/media?parent=1379"}],"wp:term":[{"taxonomy":"product_brand","embeddable":true,"href":"https:\/\/packdesites.com\/es\/wp-json\/wp\/v2\/product_brand?post=1379"},{"taxonomy":"product_cat","embeddable":true,"href":"https:\/\/packdesites.com\/es\/wp-json\/wp\/v2\/product_cat?post=1379"},{"taxonomy":"product_tag","embeddable":true,"href":"https:\/\/packdesites.com\/es\/wp-json\/wp\/v2\/product_tag?post=1379"}],"curies":[{"name":"wp","href":"https:\/\/api.w.org\/{rel}","templated":true}]}}