{"id":1377,"date":"2024-04-10T22:07:51","date_gmt":"2024-04-10T22:07:51","guid":{"rendered":"https:\/\/packdesites.com\/produto\/jetcomparewishlist-crocoblock\/"},"modified":"2025-07-11T11:39:44","modified_gmt":"2025-07-11T14:39:44","slug":"jetcomparewislist-crocoblock","status":"publish","type":"product","link":"https:\/\/packdesites.com\/es\/product\/jetcomparewislist-crocoblock\/","title":{"rendered":"JetCompareWishlist v1.5.10 \u2013 Crocoblock"},"content":{"rendered":"<h2 class=\"wp-block-heading\">Te encantar\u00e1 JetCompare&amp;Wishlist para Elementor<\/h2>\n\n\n\n<h3 class=\"wp-block-heading\">Comparar productos mediante cualquier dato<\/h3>\n\n\n\n<p>Define los par\u00e1metros con los que quieres comparar productos<\/p>\n\n\n\n<h3 class=\"wp-block-heading\">Muestra listas de deseos bien organizadas<\/h3>\n\n\n\n<p>Dise\u00f1e la estructura y la apariencia de su lista de deseos de productos para que se adapte a su prop\u00f3sito<\/p>\n\n\n\n<h3 class=\"wp-block-heading\">A\u00f1adir botones de Comparar y Lista de deseos<\/h3>\n\n\n\n<p>Con los botones Comparar y Lista de deseos, los visitantes agregar\u00e1n f\u00e1cilmente un producto a una lista de deseos.<\/p>\n\n\n\n<h3 class=\"wp-block-heading\">Mostrar recuento de comparaci\u00f3n y lista de deseos<\/h3>\n\n\n\n<p>Indique a los clientes cu\u00e1ntas veces se ha agregado un producto a una lista<\/p>","protected":false},"excerpt":{"rendered":"<p>Te encantar\u00e1 JetCompare&amp;Wishlist para Elementor Compara productos con cualquier dato Define los par\u00e1metros con los que quieres comparar productos Muestra listas de deseos bien organizadas Dise\u00f1a la estructura y la apariencia de la lista de deseos del producto seg\u00fan tu prop\u00f3sito Agrega botones de comparaci\u00f3n y lista de deseos Con los botones de comparaci\u00f3n [\u2026]<\/p>","protected":false},"featured_media":1378,"comment_status":"closed","ping_status":"open","template":"","meta":{"_jf_limit_responses":"","iawp_total_views":26},"product_brand":[],"product_cat":[41],"product_tag":[19],"class_list":{"0":"post-1377","1":"product","2":"type-product","3":"status-publish","4":"has-post-thumbnail","6":"product_cat-plugins","7":"product_tag-vitalicio","9":"first","10":"instock","11":"downloadable","12":"virtual","13":"purchasable","14":"product-type-simple"},"_links":{"self":[{"href":"https:\/\/packdesites.com\/es\/wp-json\/wp\/v2\/product\/1377","targetHints":{"allow":["GET"]}}],"collection":[{"href":"https:\/\/packdesites.com\/es\/wp-json\/wp\/v2\/product"}],"about":[{"href":"https:\/\/packdesites.com\/es\/wp-json\/wp\/v2\/types\/product"}],"replies":[{"embeddable":true,"href":"https:\/\/packdesites.com\/es\/wp-json\/wp\/v2\/comments?post=1377"}],"version-history":[{"count":1,"href":"https:\/\/packdesites.com\/es\/wp-json\/wp\/v2\/product\/1377\/revisions"}],"predecessor-version":[{"id":22862,"href":"https:\/\/packdesites.com\/es\/wp-json\/wp\/v2\/product\/1377\/revisions\/22862"}],"wp:featuredmedia":[{"embeddable":true,"href":"https:\/\/packdesites.com\/es\/wp-json\/wp\/v2\/media\/1378"}],"wp:attachment":[{"href":"https:\/\/packdesites.com\/es\/wp-json\/wp\/v2\/media?parent=1377"}],"wp:term":[{"taxonomy":"product_brand","embeddable":true,"href":"https:\/\/packdesites.com\/es\/wp-json\/wp\/v2\/product_brand?post=1377"},{"taxonomy":"product_cat","embeddable":true,"href":"https:\/\/packdesites.com\/es\/wp-json\/wp\/v2\/product_cat?post=1377"},{"taxonomy":"product_tag","embeddable":true,"href":"https:\/\/packdesites.com\/es\/wp-json\/wp\/v2\/product_tag?post=1377"}],"curies":[{"name":"wp","href":"https:\/\/api.w.org\/{rel}","templated":true}]}}